{"id":97533,"date":"2023-09-21T18:58:32","date_gmt":"2023-09-21T16:58:32","guid":{"rendered":"https:\/\/www.orentees.com\/?post_type=product&#038;p=97533"},"modified":"2025-01-13T22:42:24","modified_gmt":"2025-01-13T21:42:24","slug":"location-veste-de-snow-homme-quiksilver-sycamore","status":"publish","type":"product","link":"https:\/\/www.orentees.com\/de\/product\/location-veste-de-snow-homme-quiksilver-sycamore\/","title":{"rendered":"QUIKSILVER SYCAMORE HERREN-SCHNEEJACKE VERLEIH"},"content":{"rendered":"","protected":false},"excerpt":{"rendered":"<p style=\"text-align: left; font-size: 18px;\"><strong>Pr\u00e4sentation<\/strong><\/p>\n<p>Die technische Jacke <strong>QUIKSILVER<\/strong> Sycamore Men&#039;s besticht durch ihre mehrfarbige Optik aus Braun, Schwarz und Orange: ein mutiger und modischer Mix. Ausgestattet mit der 10K DryFlight\u00ae-Technologie f\u00fcr perfekte Wasserdichtigkeit und der WarmFlight\u00ae x2 Eco-Technologie f\u00fcr wohlige W\u00e4rme sorgt diese Jacke f\u00fcr optimalen Komfort am Berg. Ein Highlight: Sie besteht gr\u00f6\u00dftenteils aus recycelten Materialien und ist damit eine stylische und umweltbewusste Wahl f\u00fcr den Verleih. Die Isolierung aus recycelten PET-Flaschen sorgt f\u00fcr leichte W\u00e4rme, w\u00e4hrend der moderne Schnitt perfekt am K\u00f6rper anliegt und f\u00fcr einen trendigen Look sorgt.<\/p>\n<hr \/>","protected":false},"featured_media":134471,"template":"","meta":{"_acf_changed":false},"product_brand":[],"product_cat":[4479,3055,1925],"product_tag":[],"class_list":{"0":"post-97533","1":"product","2":"type-product","3":"status-publish","4":"has-post-thumbnail","6":"product_cat-location-vetement-snow","7":"product_cat-location-vetement-de-ski","8":"product_cat-homme","9":"pa_caution-en-eur-797","10":"pa_couleur-veste-marron","11":"pa_couleur-veste-noir","12":"pa_couleur-veste-orange","13":"pa_coupe-veste-large","14":"pa_genre-homme","15":"pa_impermeabilite-10000-mm","16":"pa_marque-quiksilver","17":"pa_respirabilite-10000-gr-m2","18":"pa_taille-xs","19":"pa_taille-s","20":"pa_taille-m","21":"pa_taille-l","22":"pa_taille-xl","23":"pa_type-produit-veste-de-ski","25":"first","26":"instock","27":"sale","28":"virtual","29":"taxable","30":"purchasable","31":"product-type-bundle"},"bundled_by":[],"bundle_stock_status":"instock","bundle_stock_quantity":21,"bundle_virtual":false,"bundle_layout":"default","bundle_add_to_cart_form_location":"default","bundle_editable_in_cart":false,"bundle_sold_individually_context":"product","bundle_item_grouping":"parent","bundle_min_size":"","bundle_max_size":"","bundled_items":[{"bundled_item_id":21857,"product_id":97519,"menu_order":0,"quantity_min":1,"quantity_max":1,"quantity_default":1,"priced_individually":true,"shipped_individually":false,"override_title":true,"title":"Jacke","override_description":true,"description":"Gr\u00f6\u00dfe ausw\u00e4hlen:","optional":false,"hide_thumbnail":false,"discount":"40","override_variations":false,"allowed_variations":[],"override_default_variation_attributes":false,"default_variation_attributes":[],"single_product_visibility":"visible","cart_visibility":"visible","order_visibility":"visible","single_product_price_visibility":"hidden","cart_price_visibility":"hidden","order_price_visibility":"hidden","stock_status":"in_stock"},{"bundled_item_id":21859,"product_id":33226,"menu_order":1,"quantity_min":1,"quantity_max":1,"quantity_default":1,"priced_individually":true,"shipped_individually":false,"override_title":true,"title":"Seconde couche Polaire \/ Fleece - MILLET -","override_description":false,"description":"16 \u20ac \/ location","optional":true,"hide_thumbnail":false,"discount":"","override_variations":false,"allowed_variations":[],"override_default_variation_attributes":false,"default_variation_attributes":[],"single_product_visibility":"visible","cart_visibility":"visible","order_visibility":"visible","single_product_price_visibility":"hidden","cart_price_visibility":"hidden","order_price_visibility":"hidden","stock_status":"in_stock"},{"bundled_item_id":21861,"product_id":32868,"menu_order":2,"quantity_min":1,"quantity_max":1,"quantity_default":1,"priced_individually":true,"shipped_individually":false,"override_title":true,"title":"Masque Ski \/ Goggles -JULBO -","override_description":false,"description":"16 \u20ac \/ location","optional":true,"hide_thumbnail":false,"discount":"","override_variations":false,"allowed_variations":[],"override_default_variation_attributes":false,"default_variation_attributes":[],"single_product_visibility":"visible","cart_visibility":"visible","order_visibility":"visible","single_product_price_visibility":"hidden","cart_price_visibility":"hidden","order_price_visibility":"hidden","stock_status":"in_stock"},{"bundled_item_id":21863,"product_id":30102,"menu_order":3,"quantity_min":1,"quantity_max":1,"quantity_default":1,"priced_individually":true,"shipped_individually":false,"override_title":true,"title":"Gants \/ Gloves - RACER -","override_description":false,"description":"16 \u20ac \/ location","optional":true,"hide_thumbnail":false,"discount":"","override_variations":false,"allowed_variations":[],"override_default_variation_attributes":false,"default_variation_attributes":[],"single_product_visibility":"visible","cart_visibility":"visible","order_visibility":"visible","single_product_price_visibility":"hidden","cart_price_visibility":"hidden","order_price_visibility":"hidden","stock_status":"in_stock"},{"bundled_item_id":21865,"product_id":33243,"menu_order":4,"quantity_min":1,"quantity_max":2,"quantity_default":1,"priced_individually":true,"shipped_individually":false,"override_title":true,"title":"T-Shirt ML Active Wam - ODLO -","override_description":false,"description":"16 \u20ac \/ location","optional":true,"hide_thumbnail":false,"discount":"","override_variations":false,"allowed_variations":[],"override_default_variation_attributes":false,"default_variation_attributes":[],"single_product_visibility":"visible","cart_visibility":"visible","order_visibility":"visible","single_product_price_visibility":"hidden","cart_price_visibility":"hidden","order_price_visibility":"hidden","stock_status":"in_stock"},{"bundled_item_id":21867,"product_id":33325,"menu_order":5,"quantity_min":1,"quantity_max":3,"quantity_default":1,"priced_individually":true,"shipped_individually":false,"override_title":true,"title":"Skisocken - MONNET -","override_description":false,"description":"6 \u20ac \/ Miete","optional":true,"hide_thumbnail":false,"discount":"","override_variations":false,"allowed_variations":[],"override_default_variation_attributes":false,"default_variation_attributes":[],"single_product_visibility":"visible","cart_visibility":"visible","order_visibility":"visible","single_product_price_visibility":"hidden","cart_price_visibility":"hidden","order_price_visibility":"hidden","stock_status":"in_stock"},{"bundled_item_id":21869,"product_id":29962,"menu_order":6,"quantity_min":1,"quantity_max":1,"quantity_default":1,"priced_individually":true,"shipped_individually":false,"override_title":true,"title":"Apr\u00e8s-Ski \/ Snow boots - SOREL -","override_description":false,"description":"36 \u20ac \/ location","optional":true,"hide_thumbnail":false,"discount":"","override_variations":false,"allowed_variations":[],"override_default_variation_attributes":false,"default_variation_attributes":[],"single_product_visibility":"visible","cart_visibility":"visible","order_visibility":"visible","single_product_price_visibility":"hidden","cart_price_visibility":"hidden","order_price_visibility":"hidden","stock_status":"in_stock"},{"bundled_item_id":21871,"product_id":31106,"menu_order":7,"quantity_min":1,"quantity_max":1,"quantity_default":1,"priced_individually":true,"shipped_individually":true,"override_title":false,"title":"ASSURANCE ANNULATION (+5 \u20ac)","override_description":false,"description":"","optional":true,"hide_thumbnail":true,"discount":"","override_variations":false,"allowed_variations":[],"override_default_variation_attributes":false,"default_variation_attributes":[],"single_product_visibility":"visible","cart_visibility":"visible","order_visibility":"visible","single_product_price_visibility":"hidden","cart_price_visibility":"hidden","order_price_visibility":"hidden","stock_status":"in_stock"},{"bundled_item_id":21873,"product_id":31104,"menu_order":8,"quantity_min":1,"quantity_max":1,"quantity_default":1,"priced_individually":true,"shipped_individually":true,"override_title":false,"title":"ASSURANCE TRANQUILIT\u00c9 (+5 \u20ac)","override_description":false,"description":"","optional":true,"hide_thumbnail":true,"discount":"","override_variations":false,"allowed_variations":[],"override_default_variation_attributes":false,"default_variation_attributes":[],"single_product_visibility":"visible","cart_visibility":"visible","order_visibility":"visible","single_product_price_visibility":"hidden","cart_price_visibility":"hidden","order_price_visibility":"hidden","stock_status":"in_stock"}],"bundle_sell_ids":[],"_links":{"self":[{"href":"https:\/\/www.orentees.com\/de\/wp-json\/wp\/v2\/product\/97533","targetHints":{"allow":["GET"]}}],"collection":[{"href":"https:\/\/www.orentees.com\/de\/wp-json\/wp\/v2\/product"}],"about":[{"href":"https:\/\/www.orentees.com\/de\/wp-json\/wp\/v2\/types\/product"}],"version-history":[{"count":6,"href":"https:\/\/www.orentees.com\/de\/wp-json\/wp\/v2\/product\/97533\/revisions"}],"predecessor-version":[{"id":145357,"href":"https:\/\/www.orentees.com\/de\/wp-json\/wp\/v2\/product\/97533\/revisions\/145357"}],"wp:featuredmedia":[{"embeddable":true,"href":"https:\/\/www.orentees.com\/de\/wp-json\/wp\/v2\/media\/134471"}],"wp:attachment":[{"href":"https:\/\/www.orentees.com\/de\/wp-json\/wp\/v2\/media?parent=97533"}],"wp:term":[{"taxonomy":"product_brand","embeddable":true,"href":"https:\/\/www.orentees.com\/de\/wp-json\/wp\/v2\/product_brand?post=97533"},{"taxonomy":"product_cat","embeddable":true,"href":"https:\/\/www.orentees.com\/de\/wp-json\/wp\/v2\/product_cat?post=97533"},{"taxonomy":"product_tag","embeddable":true,"href":"https:\/\/www.orentees.com\/de\/wp-json\/wp\/v2\/product_tag?post=97533"}],"curies":[{"name":"wp","href":"https:\/\/api.w.org\/{rel}","templated":true}]}}