{"id":97687,"date":"2023-09-22T17:39:52","date_gmt":"2023-09-22T15:39:52","guid":{"rendered":"https:\/\/www.orentees.com\/?post_type=product&#038;p=97687"},"modified":"2025-05-16T19:21:16","modified_gmt":"2025-05-16T17:21:16","slug":"location-combinaison-enfant-lego-wear-jori-bordeaux","status":"publish","type":"product","link":"https:\/\/www.orentees.com\/de\/product\/location-combinaison-enfant-lego-wear-jori-bordeaux\/","title":{"rendered":"LEGO WEAR JORI KINDER-OVERALLS VERLEIH IN BORDEAUX"},"content":{"rendered":"","protected":false},"excerpt":{"rendered":"<p style=\"text-align: left; font-size: 18px;\"><strong>Pr\u00e4sentation:<\/strong><\/p>\n<p>Entdecken Sie den LEGO WEAR SCHNEEANZUG in Burgunderrot, speziell f\u00fcr Ihre kleinen Abenteurer! Er ist nicht nur stylisch, sondern auch hochfunktional. Mit einer Wassers\u00e4ule von 10.000 mm h\u00e4lt dieser Anzug Kinder garantiert trocken, selbst bei den abenteuerlichsten Schneeabenteuern. Er besteht aus robustem, verschlei\u00dffestem und dennoch atmungsaktivem Material. F\u00fcr den Komfort der Kleinen sorgt eine abnehmbare Kapuze, eine kuschelige Isolierung und reflektierende Details f\u00fcr zus\u00e4tzliche Sicherheit. Der Unisex-Anzug ist perfekt f\u00fcr Kinder bis 4 Jahre.<\/p>\n<hr \/>\n<p> &nbsp;<\/p>\n<h3 style=\"font-size: 23px; font-weight: 600;\">Vorteile<\/h3>\n<table style=\"text-align: center; vertical-align: middle; border-color: #c8d4d0;\" border=\"1\">\n<tbody>\n<tr>\n<th>Hitze<\/th>\n<th>Undurchl\u00e4ssigkeit<\/th>\n<th>Atmungsaktivit\u00e4t<\/th>\n<th>\u00d6ko-Hinweis<\/th>\n<\/tr>\n<tr style=\"font-size: 1.1em; color: #f59f40;\">\n<td>\u25cf\u25cf\u25cf\u25cb\u25cb<\/td>\n<td>\u25cf\u25cf\u25cf\u25cb\u25cb<\/td>\n<td>\u25cf\u25cf\u25cf\u25cb\u25cb<\/td>\n<td>\u25cf\u25cf\u25cf\u25cb\u25cb<\/td>\n<\/tr>\n<\/tbody>\n<\/table>\n<p>&nbsp;<\/p>","protected":false},"featured_media":134541,"template":"","meta":{"_acf_changed":false},"product_brand":[],"product_cat":[3055,3107,3059,3057],"product_tag":[],"class_list":{"0":"post-97687","1":"product","2":"type-product","3":"status-publish","4":"has-post-thumbnail","6":"product_cat-location-vetement-de-ski","7":"product_cat-fille","8":"product_cat-garcon","9":"product_cat-enfant","10":"pa_couleur-pantalon-bordeaux","11":"pa_couleur-veste-bordeaux","12":"pa_coupe-pantalon-regular","13":"pa_coupe-veste-regular","14":"pa_genre-enfant","15":"pa_genre-fille","16":"pa_genre-garcon","17":"pa_impermeabilite-10000-mm","18":"pa_marque-legowear","19":"pa_respirabilite-6000-gr-m2","20":"pa_taille-2-ans","21":"pa_taille-4-ans","22":"pa_type-produit-tenue-complete","24":"first","25":"instock","26":"virtual","27":"taxable","28":"purchasable","29":"product-type-bundle"},"bundled_by":[],"bundle_stock_status":"instock","bundle_stock_quantity":8,"bundle_virtual":false,"bundle_layout":"default","bundle_add_to_cart_form_location":"default","bundle_editable_in_cart":false,"bundle_sold_individually_context":"product","bundle_item_grouping":"parent","bundle_min_size":"","bundle_max_size":"","bundled_items":[{"bundled_item_id":22035,"product_id":97681,"menu_order":0,"quantity_min":1,"quantity_max":1,"quantity_default":1,"priced_individually":true,"shipped_individually":false,"override_title":true,"title":"Combinaison de ski","override_description":true,"description":"Gr\u00f6\u00dfe:","optional":false,"hide_thumbnail":false,"discount":"","override_variations":false,"allowed_variations":[],"override_default_variation_attributes":false,"default_variation_attributes":[],"single_product_visibility":"visible","cart_visibility":"visible","order_visibility":"visible","single_product_price_visibility":"hidden","cart_price_visibility":"hidden","order_price_visibility":"hidden","stock_status":"in_stock"},{"bundled_item_id":22037,"product_id":33360,"menu_order":1,"quantity_min":1,"quantity_max":1,"quantity_default":1,"priced_individually":true,"shipped_individually":false,"override_title":true,"title":"Seconde couche Polaire \/ Fleece - ODLO-","override_description":false,"description":"11 \u20ac \/ Miete","optional":true,"hide_thumbnail":false,"discount":"","override_variations":false,"allowed_variations":[],"override_default_variation_attributes":false,"default_variation_attributes":[],"single_product_visibility":"visible","cart_visibility":"visible","order_visibility":"visible","single_product_price_visibility":"hidden","cart_price_visibility":"hidden","order_price_visibility":"hidden","stock_status":"in_stock"},{"bundled_item_id":22039,"product_id":33045,"menu_order":2,"quantity_min":1,"quantity_max":1,"quantity_default":1,"priced_individually":true,"shipped_individually":false,"override_title":true,"title":"Masque de ski Enfant","override_description":false,"description":"11 \u20ac \/ Miete","optional":true,"hide_thumbnail":false,"discount":"","override_variations":false,"allowed_variations":[],"override_default_variation_attributes":false,"default_variation_attributes":[],"single_product_visibility":"visible","cart_visibility":"visible","order_visibility":"visible","single_product_price_visibility":"hidden","cart_price_visibility":"hidden","order_price_visibility":"hidden","stock_status":"in_stock"},{"bundled_item_id":22041,"product_id":30096,"menu_order":3,"quantity_min":1,"quantity_max":1,"quantity_default":1,"priced_individually":true,"shipped_individually":false,"override_title":true,"title":"Gants Enfant","override_description":false,"description":"11 \u20ac \/ Miete","optional":true,"hide_thumbnail":false,"discount":"","override_variations":false,"allowed_variations":[],"override_default_variation_attributes":false,"default_variation_attributes":[],"single_product_visibility":"visible","cart_visibility":"visible","order_visibility":"visible","single_product_price_visibility":"hidden","cart_price_visibility":"hidden","order_price_visibility":"hidden","stock_status":"in_stock"},{"bundled_item_id":22043,"product_id":160977,"menu_order":4,"quantity_min":1,"quantity_max":1,"quantity_default":1,"priced_individually":true,"shipped_individually":false,"override_title":false,"title":"Cagoule Enfant (taille unique) - Odlo","override_description":false,"description":"","optional":true,"hide_thumbnail":false,"discount":"","override_variations":false,"allowed_variations":[],"override_default_variation_attributes":false,"default_variation_attributes":[],"single_product_visibility":"visible","cart_visibility":"visible","order_visibility":"visible","single_product_price_visibility":"hidden","cart_price_visibility":"hidden","order_price_visibility":"hidden","stock_status":"in_stock"},{"bundled_item_id":22045,"product_id":75247,"menu_order":5,"quantity_min":1,"quantity_max":1,"quantity_default":1,"priced_individually":true,"shipped_individually":false,"override_title":true,"title":"Tour de cou - Neck warmer","override_description":false,"description":"6 \u20ac \/ Miete","optional":true,"hide_thumbnail":false,"discount":"","override_variations":false,"allowed_variations":[],"override_default_variation_attributes":false,"default_variation_attributes":[],"single_product_visibility":"visible","cart_visibility":"visible","order_visibility":"visible","single_product_price_visibility":"hidden","cart_price_visibility":"hidden","order_price_visibility":"hidden","stock_status":"in_stock"},{"bundled_item_id":22047,"product_id":33286,"menu_order":6,"quantity_min":1,"quantity_max":2,"quantity_default":1,"priced_individually":true,"shipped_individually":false,"override_title":true,"title":"T-Shirt ML Active Wam - ODLO -","override_description":false,"description":"11 \u20ac \/ Miete","optional":true,"hide_thumbnail":false,"discount":"","override_variations":false,"allowed_variations":[],"override_default_variation_attributes":false,"default_variation_attributes":[],"single_product_visibility":"visible","cart_visibility":"visible","order_visibility":"visible","single_product_price_visibility":"hidden","cart_price_visibility":"hidden","order_price_visibility":"hidden","stock_status":"in_stock"},{"bundled_item_id":22049,"product_id":33296,"menu_order":7,"quantity_min":1,"quantity_max":2,"quantity_default":1,"priced_individually":true,"shipped_individually":false,"override_title":true,"title":"Collant long \/ Base layer pants Active Wam - ODLO -","override_description":false,"description":"11 \u20ac \/ Miete","optional":true,"hide_thumbnail":false,"discount":"","override_variations":false,"allowed_variations":[],"override_default_variation_attributes":false,"default_variation_attributes":[],"single_product_visibility":"visible","cart_visibility":"visible","order_visibility":"visible","single_product_price_visibility":"hidden","cart_price_visibility":"hidden","order_price_visibility":"hidden","stock_status":"in_stock"},{"bundled_item_id":22051,"product_id":33307,"menu_order":8,"quantity_min":1,"quantity_max":3,"quantity_default":1,"priced_individually":true,"shipped_individually":false,"override_title":true,"title":"Skisocken - MONNET -","override_description":false,"description":"4 \u20ac \/ location","optional":true,"hide_thumbnail":false,"discount":"","override_variations":false,"allowed_variations":[],"override_default_variation_attributes":false,"default_variation_attributes":[],"single_product_visibility":"visible","cart_visibility":"visible","order_visibility":"visible","single_product_price_visibility":"hidden","cart_price_visibility":"hidden","order_price_visibility":"hidden","stock_status":"in_stock"},{"bundled_item_id":22053,"product_id":29939,"menu_order":9,"quantity_min":1,"quantity_max":1,"quantity_default":1,"priced_individually":true,"shipped_individually":false,"override_title":true,"title":"Apr\u00e8s-Ski Enfant -SOREL","override_description":false,"description":"31 \u20ac \/ location","optional":true,"hide_thumbnail":false,"discount":"","override_variations":false,"allowed_variations":[],"override_default_variation_attributes":false,"default_variation_attributes":[],"single_product_visibility":"visible","cart_visibility":"visible","order_visibility":"visible","single_product_price_visibility":"hidden","cart_price_visibility":"hidden","order_price_visibility":"hidden","stock_status":"in_stock"},{"bundled_item_id":22055,"product_id":29950,"menu_order":10,"quantity_min":1,"quantity_max":1,"quantity_default":1,"priced_individually":true,"shipped_individually":false,"override_title":true,"title":"Apr\u00e8s-Ski Junior - SOREL","override_description":false,"description":"31 \u20ac \/ location","optional":true,"hide_thumbnail":false,"discount":"","override_variations":false,"allowed_variations":[],"override_default_variation_attributes":false,"default_variation_attributes":[],"single_product_visibility":"visible","cart_visibility":"visible","order_visibility":"visible","single_product_price_visibility":"hidden","cart_price_visibility":"hidden","order_price_visibility":"hidden","stock_status":"in_stock"},{"bundled_item_id":22057,"product_id":31106,"menu_order":11,"quantity_min":1,"quantity_max":1,"quantity_default":1,"priced_individually":true,"shipped_individually":true,"override_title":false,"title":"ASSURANCE ANNULATION (+5 \u20ac)","override_description":false,"description":"","optional":true,"hide_thumbnail":true,"discount":"","override_variations":false,"allowed_variations":[],"override_default_variation_attributes":false,"default_variation_attributes":[],"single_product_visibility":"visible","cart_visibility":"visible","order_visibility":"visible","single_product_price_visibility":"hidden","cart_price_visibility":"hidden","order_price_visibility":"hidden","stock_status":"in_stock"},{"bundled_item_id":22059,"product_id":31104,"menu_order":12,"quantity_min":1,"quantity_max":1,"quantity_default":1,"priced_individually":true,"shipped_individually":true,"override_title":false,"title":"ASSURANCE TRANQUILIT\u00c9 (+5 \u20ac)","override_description":false,"description":"","optional":true,"hide_thumbnail":true,"discount":"","override_variations":false,"allowed_variations":[],"override_default_variation_attributes":false,"default_variation_attributes":[],"single_product_visibility":"visible","cart_visibility":"visible","order_visibility":"visible","single_product_price_visibility":"hidden","cart_price_visibility":"hidden","order_price_visibility":"hidden","stock_status":"in_stock"}],"bundle_sell_ids":[],"_links":{"self":[{"href":"https:\/\/www.orentees.com\/de\/wp-json\/wp\/v2\/product\/97687","targetHints":{"allow":["GET"]}}],"collection":[{"href":"https:\/\/www.orentees.com\/de\/wp-json\/wp\/v2\/product"}],"about":[{"href":"https:\/\/www.orentees.com\/de\/wp-json\/wp\/v2\/types\/product"}],"version-history":[{"count":11,"href":"https:\/\/www.orentees.com\/de\/wp-json\/wp\/v2\/product\/97687\/revisions"}],"predecessor-version":[{"id":183041,"href":"https:\/\/www.orentees.com\/de\/wp-json\/wp\/v2\/product\/97687\/revisions\/183041"}],"wp:featuredmedia":[{"embeddable":true,"href":"https:\/\/www.orentees.com\/de\/wp-json\/wp\/v2\/media\/134541"}],"wp:attachment":[{"href":"https:\/\/www.orentees.com\/de\/wp-json\/wp\/v2\/media?parent=97687"}],"wp:term":[{"taxonomy":"product_brand","embeddable":true,"href":"https:\/\/www.orentees.com\/de\/wp-json\/wp\/v2\/product_brand?post=97687"},{"taxonomy":"product_cat","embeddable":true,"href":"https:\/\/www.orentees.com\/de\/wp-json\/wp\/v2\/product_cat?post=97687"},{"taxonomy":"product_tag","embeddable":true,"href":"https:\/\/www.orentees.com\/de\/wp-json\/wp\/v2\/product_tag?post=97687"}],"curies":[{"name":"wp","href":"https:\/\/api.w.org\/{rel}","templated":true}]}}