{"id":137197,"date":"2024-09-13T15:34:28","date_gmt":"2024-09-13T13:34:28","guid":{"rendered":"https:\/\/www.orentees.com\/location-vetement-de-ski-val-d-isere-2\/"},"modified":"2024-12-17T12:48:33","modified_gmt":"2024-12-17T11:48:33","slug":"location-vetement-de-ski-courchevel","status":"publish","type":"page","link":"https:\/\/www.orentees.com\/en\/location-vetement-de-ski-courchevel\/","title":{"rendered":"Ski clothing rental \u2013 Courchevel \u2013 O&#039;rentees"},"content":{"rendered":"<div data-elementor-type=\"wp-page\" data-elementor-id=\"137197\" class=\"elementor elementor-137197\" data-elementor-settings=\"{&quot;element_pack_global_tooltip_width&quot;:{&quot;unit&quot;:&quot;px&quot;,&quot;size&quot;:&quot;&quot;,&quot;sizes&quot;:[]},&quot;element_pack_global_tooltip_width_tablet&quot;:{&quot;unit&quot;:&quot;px&quot;,&quot;size&quot;:&quot;&quot;,&quot;sizes&quot;:[]},&quot;element_pack_global_tooltip_width_mobile&quot;:{&quot;unit&quot;:&quot;px&quot;,&quot;size&quot;:&quot;&quot;,&quot;sizes&quot;:[]},&quot;element_pack_global_tooltip_padding&quot;:{&quot;unit&quot;:&quot;px&quot;,&quot;top&quot;:&quot;&quot;,&quot;right&quot;:&quot;&quot;,&quot;bottom&quot;:&quot;&quot;,&quot;left&quot;:&quot;&quot;,&quot;isLinked&quot;:true},&quot;element_pack_global_tooltip_padding_tablet&quot;:{&quot;unit&quot;:&quot;px&quot;,&quot;top&quot;:&quot;&quot;,&quot;right&quot;:&quot;&quot;,&quot;bottom&quot;:&quot;&quot;,&quot;left&quot;:&quot;&quot;,&quot;isLinked&quot;:true},&quot;element_pack_global_tooltip_padding_mobile&quot;:{&quot;unit&quot;:&quot;px&quot;,&quot;top&quot;:&quot;&quot;,&quot;right&quot;:&quot;&quot;,&quot;bottom&quot;:&quot;&quot;,&quot;left&quot;:&quot;&quot;,&quot;isLinked&quot;:true},&quot;element_pack_global_tooltip_border_radius&quot;:{&quot;unit&quot;:&quot;px&quot;,&quot;top&quot;:&quot;&quot;,&quot;right&quot;:&quot;&quot;,&quot;bottom&quot;:&quot;&quot;,&quot;left&quot;:&quot;&quot;,&quot;isLinked&quot;:true},&quot;element_pack_global_tooltip_border_radius_tablet&quot;:{&quot;unit&quot;:&quot;px&quot;,&quot;top&quot;:&quot;&quot;,&quot;right&quot;:&quot;&quot;,&quot;bottom&quot;:&quot;&quot;,&quot;left&quot;:&quot;&quot;,&quot;isLinked&quot;:true},&quot;element_pack_global_tooltip_border_radius_mobile&quot;:{&quot;unit&quot;:&quot;px&quot;,&quot;top&quot;:&quot;&quot;,&quot;right&quot;:&quot;&quot;,&quot;bottom&quot;:&quot;&quot;,&quot;left&quot;:&quot;&quot;,&quot;isLinked&quot;:true}}\" data-elementor-post-type=\"page\">\n\t\t\t\t<div class=\"elementor-element elementor-element-bb1fbd8 wd-section-stretch e-flex e-con-boxed e-con e-parent\" data-id=\"bb1fbd8\" data-element_type=\"container\" data-settings=\"{&quot;background_background&quot;:&quot;classic&quot;}\">\n\t\t\t\t\t<div class=\"e-con-inner\">\n\t\t<div class=\"elementor-element elementor-element-31b2211 e-con-full e-flex e-con e-parent\" data-id=\"31b2211\" data-element_type=\"container\">\n\t\t\t\t<div class=\"elementor-element elementor-element-659e61d elementor-widget elementor-widget-heading\" data-id=\"659e61d\" data-element_type=\"widget\" data-widget_type=\"heading.default\">\n\t\t\t\t<div class=\"elementor-widget-container\">\n\t\t\t\t\t<h2 class=\"elementor-heading-title elementor-size-default\">Our Point station<\/h2>\t\t\t\t<\/div>\n\t\t\t\t<\/div>\n\t\t\t\t<div class=\"elementor-element elementor-element-23d998e elementor-widget elementor-widget-wd_text_block\" data-id=\"23d998e\" data-element_type=\"widget\" data-widget_type=\"wd_text_block.default\">\n\t\t\t\t<div class=\"elementor-widget-container\">\n\t\t\t\t\t\t\t<div class=\"wd-text-block reset-last-child text-left\">\n\t\t\t\n\t\t\t<p>&quot;Courchevel&quot;<\/p>\n\t\t\t\t\t<\/div>\n\t\t\t\t\t\t<\/div>\n\t\t\t\t<\/div>\n\t\t\t\t<\/div>\n\t\t\t\t\t<\/div>\n\t\t\t\t<\/div>\n\t\t<div class=\"elementor-element elementor-element-c873888 e-flex e-con-boxed e-con e-parent\" data-id=\"c873888\" data-element_type=\"container\">\n\t\t\t\t\t<div class=\"e-con-inner\">\n\t\t<div class=\"elementor-element elementor-element-3bb645f e-flex e-con-boxed e-con e-parent\" data-id=\"3bb645f\" data-element_type=\"container\" data-settings=\"{&quot;background_background&quot;:&quot;classic&quot;}\">\n\t\t\t\t\t<div class=\"e-con-inner\">\n\t\t<div class=\"elementor-element elementor-element-73518e8 e-con-full e-flex e-con e-parent\" data-id=\"73518e8\" data-element_type=\"container\">\n\t\t\t\t<div class=\"elementor-element elementor-element-f58e351 elementor-widget elementor-widget-heading\" data-id=\"f58e351\" data-element_type=\"widget\" data-widget_type=\"heading.default\">\n\t\t\t\t<div class=\"elementor-widget-container\">\n\t\t\t\t\t<h2 class=\"elementor-heading-title elementor-size-default\">Oxygen Ski School<\/h2>\t\t\t\t<\/div>\n\t\t\t\t<\/div>\n\t\t\t\t<div class=\"elementor-element elementor-element-83a5061 elementor-widget elementor-widget-wd_text_block\" data-id=\"83a5061\" data-element_type=\"widget\" data-widget_type=\"wd_text_block.default\">\n\t\t\t\t<div class=\"elementor-widget-container\">\n\t\t\t\t\t\t\t<div class=\"wd-text-block reset-last-child text-left\">\n\t\t\t\n\t\t\t<p>Courchevel<\/p>\n\t\t\t\t\t<\/div>\n\t\t\t\t\t\t<\/div>\n\t\t\t\t<\/div>\n\t\t\t\t<div class=\"elementor-element elementor-element-6717e72 elementor-widget-divider--view-line elementor-widget elementor-widget-divider\" data-id=\"6717e72\" data-element_type=\"widget\" data-widget_type=\"divider.default\">\n\t\t\t\t<div class=\"elementor-widget-container\">\n\t\t\t\t\t\t\t<div class=\"elementor-divider\">\n\t\t\t<span class=\"elementor-divider-separator\">\n\t\t\t\t\t\t<\/span>\n\t\t<\/div>\n\t\t\t\t\t\t<\/div>\n\t\t\t\t<\/div>\n\t\t\t\t<div class=\"elementor-element elementor-element-93705ae elementor-widget__width-initial color-scheme-inherit text-left elementor-widget elementor-widget-text-editor\" data-id=\"93705ae\" data-element_type=\"widget\" data-widget_type=\"text-editor.default\">\n\t\t\t\t<div class=\"elementor-widget-container\">\n\t\t\t\t\t\t\t\t\t<p>Place du forum<\/p><p>73120 Courchevel<\/p>\t\t\t\t\t\t\t\t<\/div>\n\t\t\t\t<\/div>\n\t\t\t\t<div class=\"elementor-element elementor-element-6359e72 elementor-widget elementor-widget-heading\" data-id=\"6359e72\" data-element_type=\"widget\" data-widget_type=\"heading.default\">\n\t\t\t\t<div class=\"elementor-widget-container\">\n\t\t\t\t\t<h6 class=\"elementor-heading-title elementor-size-default\">Opening days:<\/h6>\t\t\t\t<\/div>\n\t\t\t\t<\/div>\n\t\t\t\t<div class=\"elementor-element elementor-element-68ebe33 elementor-widget__width-initial color-scheme-inherit text-left elementor-widget elementor-widget-text-editor\" data-id=\"68ebe33\" data-element_type=\"widget\" data-widget_type=\"text-editor.default\">\n\t\t\t\t<div class=\"elementor-widget-container\">\n\t\t\t\t\t\t\t\t\t<p>Monday, Tuesday, Wednesday, Thursday, Friday, Saturday, Sunday<\/p>\t\t\t\t\t\t\t\t<\/div>\n\t\t\t\t<\/div>\n\t\t\t\t<div class=\"elementor-element elementor-element-4c2c8c8 elementor-widget elementor-widget-heading\" data-id=\"4c2c8c8\" data-element_type=\"widget\" data-widget_type=\"heading.default\">\n\t\t\t\t<div class=\"elementor-widget-container\">\n\t\t\t\t\t<h6 class=\"elementor-heading-title elementor-size-default\">Schedules :<\/h6>\t\t\t\t<\/div>\n\t\t\t\t<\/div>\n\t\t\t\t<div class=\"elementor-element elementor-element-a9dcd8a elementor-widget__width-initial color-scheme-inherit text-left elementor-widget elementor-widget-text-editor\" data-id=\"a9dcd8a\" data-element_type=\"widget\" data-widget_type=\"text-editor.default\">\n\t\t\t\t<div class=\"elementor-widget-container\">\n\t\t\t\t\t\t\t\t\t<p>10am \u2013 12pm \/ 12pm \u2013 7pm<\/p>\t\t\t\t\t\t\t\t<\/div>\n\t\t\t\t<\/div>\n\t\t\t\t<\/div>\n\t\t<div class=\"elementor-element elementor-element-cd145fc e-con-full e-flex e-con e-parent\" data-id=\"cd145fc\" data-element_type=\"container\">\n\t\t\t\t<div class=\"elementor-element elementor-element-e27ca46 elementor-widget elementor-widget-google_maps\" data-id=\"e27ca46\" data-element_type=\"widget\" data-widget_type=\"google_maps.default\">\n\t\t\t\t<div class=\"elementor-widget-container\">\n\t\t\t\t\t\t\t<div class=\"elementor-custom-embed\">\n\t\t\t<iframe loading=\"lazy\"\n\t\t\t\t\tsrc=\"https:\/\/maps.google.com\/maps?q=Oxyg%C3%A8ne%20Courchevel&#038;t=m&#038;z=17&#038;output=embed&#038;iwloc=near\"\n\t\t\t\t\ttitle=\"Oxygen Courchevel\"\n\t\t\t\t\taria-label=\"Oxygen Courchevel\"\n\t\t\t><\/iframe>\n\t\t<\/div>\n\t\t\t\t\t\t<\/div>\n\t\t\t\t<\/div>\n\t\t\t\t<\/div>\n\t\t\t\t\t<\/div>\n\t\t\t\t<\/div>\n\t\t<div class=\"elementor-element elementor-element-c19a3ef e-flex e-con-boxed e-con e-parent\" data-id=\"c19a3ef\" data-element_type=\"container\" data-settings=\"{&quot;background_background&quot;:&quot;classic&quot;}\">\n\t\t\t\t\t<div class=\"e-con-inner\">\n\t\t<div class=\"elementor-element elementor-element-0c6821a e-con-full e-flex e-con e-parent\" data-id=\"0c6821a\" data-element_type=\"container\">\n\t\t\t\t<div class=\"elementor-element elementor-element-a3c488d elementor-widget elementor-widget-wd_text_block\" data-id=\"a3c488d\" data-element_type=\"widget\" data-widget_type=\"wd_text_block.default\">\n\t\t\t\t<div class=\"elementor-widget-container\">\n\t\t\t\t\t\t\t<div class=\"wd-text-block reset-last-child text-left\">\n\t\t\t\n\t\t\t<p>Presentation<\/p>\n\t\t\t\t\t<\/div>\n\t\t\t\t\t\t<\/div>\n\t\t\t\t<\/div>\n\t\t\t\t<div class=\"elementor-element elementor-element-b9b1a82 elementor-widget elementor-widget-wd_text_block\" data-id=\"b9b1a82\" data-element_type=\"widget\" data-widget_type=\"wd_text_block.default\">\n\t\t\t\t<div class=\"elementor-widget-container\">\n\t\t\t\t\t\t\t<div class=\"wd-text-block reset-last-child text-left\">\n\t\t\t\n\t\t\t<p>The Oxyg\u00e8ne Ecole de Ski &amp; Snowboard Courchevel ski school offers a wide range of group lessons for children and adults, as well as private lessons and off-piste sessions.<\/p><p>Attentive, qualified and caring, the Oxyg\u00e8ne instructors are all fervent mountain enthusiasts and will be able to pass on their love of snow to you.<\/p>\n\t\t\t\t\t<\/div>\n\t\t\t\t\t\t<\/div>\n\t\t\t\t<\/div>\n\t\t\t\t<div class=\"elementor-element elementor-element-f983482 elementor-widget elementor-widget-heading\" data-id=\"f983482\" data-element_type=\"widget\" data-widget_type=\"heading.default\">\n\t\t\t\t<div class=\"elementor-widget-container\">\n\t\t\t\t\t<h6 class=\"elementor-heading-title elementor-size-default\">The little &quot;+&quot;:<\/h6>\t\t\t\t<\/div>\n\t\t\t\t<\/div>\n\t\t\t\t<div class=\"elementor-element elementor-element-35b88be elementor-widget elementor-widget-wd_text_block\" data-id=\"35b88be\" data-element_type=\"widget\" data-widget_type=\"wd_text_block.default\">\n\t\t\t\t<div class=\"elementor-widget-container\">\n\t\t\t\t\t\t\t<div class=\"wd-text-block reset-last-child text-left\">\n\t\t\t\n\t\t\t<p>In order to offer personalized support, groups of children are limited to 6 participants!<\/p>\n\t\t\t\t\t<\/div>\n\t\t\t\t\t\t<\/div>\n\t\t\t\t<\/div>\n\t\t\t\t<div class=\"elementor-element elementor-element-5fee7bf elementor-mobile-align-center elementor-align-left elementor-widget elementor-widget-button\" data-id=\"5fee7bf\" data-element_type=\"widget\" data-widget_type=\"button.default\">\n\t\t\t\t<div class=\"elementor-widget-container\">\n\t\t\t\t\t\t\t\t\t<div class=\"elementor-button-wrapper\">\n\t\t\t\t\t<a class=\"elementor-button elementor-button-link elementor-size-sm\" href=\"https:\/\/www.oxygene.ski\/fr\/ecole-ski-courchevel\/\" target=\"_blank\" rel=\"nofollow\">\n\t\t\t\t\t\t<span class=\"elementor-button-content-wrapper\">\n\t\t\t\t\t\t\t\t\t<span class=\"elementor-button-text\">Book your course<\/span>\n\t\t\t\t\t<\/span>\n\t\t\t\t\t<\/a>\n\t\t\t\t<\/div>\n\t\t\t\t\t\t\t\t<\/div>\n\t\t\t\t<\/div>\n\t\t\t\t<\/div>\n\t\t<div class=\"elementor-element elementor-element-6aab80b e-con-full e-flex e-con e-parent\" data-id=\"6aab80b\" data-element_type=\"container\">\n\t\t\t\t<div class=\"elementor-element elementor-element-7e5b257 elementor-widget elementor-widget-image\" data-id=\"7e5b257\" data-element_type=\"widget\" data-widget_type=\"image.default\">\n\t\t\t\t<div class=\"elementor-widget-container\">\n\t\t\t\t\t\t\t\t\t\t\t\t\t\t\t<img loading=\"lazy\" decoding=\"async\" width=\"512\" height=\"342\" src=\"https:\/\/www.orentees.com\/wp-content\/uploads\/Ski-clothing-rental-at-Oxygene-ski-school-Courchevel-by-Orentees.webp\" class=\"attachment-full size-full wp-image-137203\" alt=\"Ski clothing rental at Oxygene ski school Courchevel by Orentees\" \/>\t\t\t\t\t\t\t\t\t\t\t\t\t\t\t<\/div>\n\t\t\t\t<\/div>\n\t\t\t\t<\/div>\n\t\t\t\t\t<\/div>\n\t\t\t\t<\/div>\n\t\t\t\t\t<\/div>\n\t\t\t\t<\/div>\n\t\t<div class=\"elementor-element elementor-element-a83e447 wd-section-stretch e-flex e-con-boxed e-con e-parent\" data-id=\"a83e447\" data-element_type=\"container\" data-settings=\"{&quot;background_background&quot;:&quot;classic&quot;}\">\n\t\t\t\t\t<div class=\"e-con-inner\">\n\t\t<div class=\"elementor-element elementor-element-5cdfca3 e-con-full e-flex e-con e-parent\" data-id=\"5cdfca3\" data-element_type=\"container\">\n\t\t\t\t<div class=\"elementor-element elementor-element-f0fc095 elementor-widget elementor-widget-heading\" data-id=\"f0fc095\" data-element_type=\"widget\" data-widget_type=\"heading.default\">\n\t\t\t\t<div class=\"elementor-widget-container\">\n\t\t\t\t\t<h2 class=\"elementor-heading-title elementor-size-default\">THE STATION<\/h2>\t\t\t\t<\/div>\n\t\t\t\t<\/div>\n\t\t\t\t<div class=\"elementor-element elementor-element-ad6475b elementor-widget elementor-widget-wd_text_block\" data-id=\"ad6475b\" data-element_type=\"widget\" data-widget_type=\"wd_text_block.default\">\n\t\t\t\t<div class=\"elementor-widget-container\">\n\t\t\t\t\t\t\t<div class=\"wd-text-block reset-last-child text-left\">\n\t\t\t\n\t\t\t<p>Courchevel<\/p>\n\t\t\t\t\t<\/div>\n\t\t\t\t\t\t<\/div>\n\t\t\t\t<\/div>\n\t\t\t\t<div class=\"elementor-element elementor-element-f1a74a1 elementor-widget-divider--view-line elementor-widget elementor-widget-divider\" data-id=\"f1a74a1\" data-element_type=\"widget\" data-widget_type=\"divider.default\">\n\t\t\t\t<div class=\"elementor-widget-container\">\n\t\t\t\t\t\t\t<div class=\"elementor-divider\">\n\t\t\t<span class=\"elementor-divider-separator\">\n\t\t\t\t\t\t<\/span>\n\t\t<\/div>\n\t\t\t\t\t\t<\/div>\n\t\t\t\t<\/div>\n\t\t\t\t<div class=\"elementor-element elementor-element-c58e6ea elementor-widget elementor-widget-wd_text_block\" data-id=\"c58e6ea\" data-element_type=\"widget\" data-widget_type=\"wd_text_block.default\">\n\t\t\t\t<div class=\"elementor-widget-container\">\n\t\t\t\t\t\t\t<div class=\"wd-text-block reset-last-child text-left\">\n\t\t\t\n\t\t\t<p>Courchevel is an internationally renowned resort located in the Three Valleys. The 3 Valleys is the largest ski area in the world. Courchevel extends over 4 villages that range from 1100 to 1850m above sea level. Everyone will find something for them, from those who want to stay at the foot of the slopes to those who prefer more remote areas in the mountains.<\/p><p>For the most demanding, it is Courchevel 1850 which made the resort famous with its luxury establishments and high-end services.<\/p>\n\t\t\t\t\t<\/div>\n\t\t\t\t\t\t<\/div>\n\t\t\t\t<\/div>\n\t\t\t\t<\/div>\n\t\t<div class=\"elementor-element elementor-element-1baea52 e-con-full e-flex e-con e-parent\" data-id=\"1baea52\" data-element_type=\"container\">\n\t\t\t\t<div class=\"elementor-element elementor-element-58c1373 elementor-widget-divider--view-line elementor-widget elementor-widget-divider\" data-id=\"58c1373\" data-element_type=\"widget\" data-widget_type=\"divider.default\">\n\t\t\t\t<div class=\"elementor-widget-container\">\n\t\t\t\t\t\t\t<div class=\"elementor-divider\">\n\t\t\t<span class=\"elementor-divider-separator\">\n\t\t\t\t\t\t<\/span>\n\t\t<\/div>\n\t\t\t\t\t\t<\/div>\n\t\t\t\t<\/div>\n\t\t\t\t<div class=\"elementor-element elementor-element-6bdc6f3 elementor-widget elementor-widget-wd_text_block\" data-id=\"6bdc6f3\" data-element_type=\"widget\" data-widget_type=\"wd_text_block.default\">\n\t\t\t\t<div class=\"elementor-widget-container\">\n\t\t\t\t\t\t\t<div class=\"wd-text-block reset-last-child text-left\">\n\t\t\t\n\t\t\t<p>Info<\/p>\n\t\t\t\t\t<\/div>\n\t\t\t\t\t\t<\/div>\n\t\t\t\t<\/div>\n\t\t\t\t<div class=\"elementor-element elementor-element-c7f27ae elementor-widget elementor-widget-wd_text_block\" data-id=\"c7f27ae\" data-element_type=\"widget\" data-widget_type=\"wd_text_block.default\">\n\t\t\t\t<div class=\"elementor-widget-container\">\n\t\t\t\t\t\t\t<div class=\"wd-text-block reset-last-child text-left\">\n\t\t\t\n\t\t\t<p>Practices<\/p>\n\t\t\t\t\t<\/div>\n\t\t\t\t\t\t<\/div>\n\t\t\t\t<\/div>\n\t\t\t\t<div class=\"elementor-element elementor-element-6935ecf elementor-widget elementor-widget-wd_text_block\" data-id=\"6935ecf\" data-element_type=\"widget\" data-widget_type=\"wd_text_block.default\">\n\t\t\t\t<div class=\"elementor-widget-container\">\n\t\t\t\t\t\t\t<div class=\"wd-text-block reset-last-child text-left\">\n\t\t\t\n\t\t\t<p>Location: Northern Alps (73)<\/p><p>Station altitude: 1850m<\/p><p>Number of tracks: 109<\/p><p>Altitude of the slopes: 1110 to 2738m<\/p>\n\t\t\t\t\t<\/div>\n\t\t\t\t\t\t<\/div>\n\t\t\t\t<\/div>\n\t\t\t\t<\/div>\n\t\t\t\t\t<\/div>\n\t\t\t\t<\/div>\n\t\t<div class=\"elementor-element elementor-element-618c779 wd-section-stretch e-flex e-con-boxed e-con e-parent\" data-id=\"618c779\" data-element_type=\"container\" data-settings=\"{&quot;background_background&quot;:&quot;classic&quot;}\">\n\t\t\t\t\t<div class=\"e-con-inner\">\n\t\t<div class=\"elementor-element elementor-element-fd6965a e-con-full e-flex e-con e-parent\" data-id=\"fd6965a\" data-element_type=\"container\">\n\t\t\t\t<div class=\"elementor-element elementor-element-e89b13f elementor-widget-divider--view-line elementor-widget elementor-widget-divider\" data-id=\"e89b13f\" data-element_type=\"widget\" data-widget_type=\"divider.default\">\n\t\t\t\t<div class=\"elementor-widget-container\">\n\t\t\t\t\t\t\t<div class=\"elementor-divider\">\n\t\t\t<span class=\"elementor-divider-separator\">\n\t\t\t\t\t\t<\/span>\n\t\t<\/div>\n\t\t\t\t\t\t<\/div>\n\t\t\t\t<\/div>\n\t\t\t\t<div class=\"elementor-element elementor-element-31bd67e elementor-widget elementor-widget-wd_text_block\" data-id=\"31bd67e\" data-element_type=\"widget\" data-widget_type=\"wd_text_block.default\">\n\t\t\t\t<div class=\"elementor-widget-container\">\n\t\t\t\t\t\t\t<div class=\"wd-text-block reset-last-child text-left\">\n\t\t\t\n\t\t\t<p>Our ski school<\/p>\n\t\t\t\t\t<\/div>\n\t\t\t\t\t\t<\/div>\n\t\t\t\t<\/div>\n\t\t\t\t<div class=\"elementor-element elementor-element-b41de67 elementor-widget elementor-widget-wd_text_block\" data-id=\"b41de67\" data-element_type=\"widget\" data-widget_type=\"wd_text_block.default\">\n\t\t\t\t<div class=\"elementor-widget-container\">\n\t\t\t\t\t\t\t<div class=\"wd-text-block reset-last-child text-left\">\n\t\t\t\n\t\t\t<p>Favorite<\/p>\n\t\t\t\t\t<\/div>\n\t\t\t\t\t\t<\/div>\n\t\t\t\t<\/div>\n\t\t\t\t<div class=\"elementor-element elementor-element-36ee44a elementor-widget elementor-widget-wd_text_block\" data-id=\"36ee44a\" data-element_type=\"widget\" data-widget_type=\"wd_text_block.default\">\n\t\t\t\t<div class=\"elementor-widget-container\">\n\t\t\t\t\t\t\t<div class=\"wd-text-block reset-last-child text-left\">\n\t\t\t\n\t\t\t<p>Oxygene Ski &amp; Snowboard School<\/p><p>Pl. du Forum,<\/p><p>73120 Courchevel<\/p>\n\t\t\t\t\t<\/div>\n\t\t\t\t\t\t<\/div>\n\t\t\t\t<\/div>\n\t\t\t\t<div class=\"elementor-element elementor-element-7dc0062 elementor-widget elementor-widget-wd_text_block\" data-id=\"7dc0062\" data-element_type=\"widget\" data-widget_type=\"wd_text_block.default\">\n\t\t\t\t<div class=\"elementor-widget-container\">\n\t\t\t\t\t\t\t<div class=\"wd-text-block reset-last-child text-left\">\n\t\t\t\n\t\t\t<p><span style=\"color: #ffffff;\"><a style=\"color: #f7f1e0;\" href=\"https:\/\/www.oxygene.ski\/fr\/ecole-ski-courchevel\/\" target=\"_blank\" rel=\"noopener\">Website<\/a><\/span><\/p>\n\t\t\t\t\t<\/div>\n\t\t\t\t\t\t<\/div>\n\t\t\t\t<\/div>\n\t\t\t\t<div class=\"elementor-element elementor-element-2c95bec elementor-widget elementor-widget-wd_text_block\" data-id=\"2c95bec\" data-element_type=\"widget\" data-widget_type=\"wd_text_block.default\">\n\t\t\t\t<div class=\"elementor-widget-container\">\n\t\t\t\t\t\t\t<div class=\"wd-text-block reset-last-child text-left\">\n\t\t\t\n\t\t\t<p>Courchevel Ski School is renowned for offering quality ski and snowboard lessons, in private or group format. Our instructors know the ski area by heart and will help you discover the best of Courchevel.<\/p>\n\t\t\t\t\t<\/div>\n\t\t\t\t\t\t<\/div>\n\t\t\t\t<\/div>\n\t\t\t\t<\/div>\n\t\t<div class=\"elementor-element elementor-element-12ef9c8 e-con-full e-flex e-con e-parent\" data-id=\"12ef9c8\" data-element_type=\"container\">\n\t\t\t\t<div class=\"elementor-element elementor-element-392f160 elementor-widget-divider--view-line elementor-widget elementor-widget-divider\" data-id=\"392f160\" data-element_type=\"widget\" data-widget_type=\"divider.default\">\n\t\t\t\t<div class=\"elementor-widget-container\">\n\t\t\t\t\t\t\t<div class=\"elementor-divider\">\n\t\t\t<span class=\"elementor-divider-separator\">\n\t\t\t\t\t\t<\/span>\n\t\t<\/div>\n\t\t\t\t\t\t<\/div>\n\t\t\t\t<\/div>\n\t\t\t\t<div class=\"elementor-element elementor-element-dcc1c1a elementor-widget elementor-widget-wd_text_block\" data-id=\"dcc1c1a\" data-element_type=\"widget\" data-widget_type=\"wd_text_block.default\">\n\t\t\t\t<div class=\"elementor-widget-container\">\n\t\t\t\t\t\t\t<div class=\"wd-text-block reset-last-child text-left\">\n\t\t\t\n\t\t\t<p>How<\/p>\n\t\t\t\t\t<\/div>\n\t\t\t\t\t\t<\/div>\n\t\t\t\t<\/div>\n\t\t\t\t<div class=\"elementor-element elementor-element-616d247 elementor-widget elementor-widget-wd_text_block\" data-id=\"616d247\" data-element_type=\"widget\" data-widget_type=\"wd_text_block.default\">\n\t\t\t\t<div class=\"elementor-widget-container\">\n\t\t\t\t\t\t\t<div class=\"wd-text-block reset-last-child text-left\">\n\t\t\t\n\t\t\t<p>Getting there<\/p>\n\t\t\t\t\t<\/div>\n\t\t\t\t\t\t<\/div>\n\t\t\t\t<\/div>\n\t\t\t\t<div class=\"elementor-element elementor-element-27332c7 elementor-widget elementor-widget-wd_text_block\" data-id=\"27332c7\" data-element_type=\"widget\" data-widget_type=\"wd_text_block.default\">\n\t\t\t\t<div class=\"elementor-widget-container\">\n\t\t\t\t\t\t\t<div class=\"wd-text-block reset-last-child text-left\">\n\t\t\t\n\t\t\t<p>Courchevel&#039;s location is quite strategic since the resort is only 2 hours from Lyon, 1h30 from Chamb\u00e9ry and 30 minutes from Mo\u00fbtiers train station. Daily shuttles run between Mo\u00fbtiers train station.<\/p><p>During the season, free shuttles connecting the different villages of the resort are at your disposal.<\/p><p>Finally, for those who wish to go to Courchevel by car, carpooling is economical and ecological, think about it!<\/p>\n\t\t\t\t\t<\/div>\n\t\t\t\t\t\t<\/div>\n\t\t\t\t<\/div>\n\t\t\t\t<\/div>\n\t\t\t\t\t<\/div>\n\t\t\t\t<\/div>\n\t\t<div class=\"elementor-element elementor-element-6216574 e-con-full e-flex e-con e-parent\" data-id=\"6216574\" data-element_type=\"container\">\n\t\t\t\t<div class=\"elementor-element elementor-element-53e5624 elementor-hidden-mobile elementor-widget elementor-widget-image\" data-id=\"53e5624\" data-element_type=\"widget\" data-widget_type=\"image.default\">\n\t\t\t\t<div class=\"elementor-widget-container\">\n\t\t\t\t\t\t\t\t\t\t\t\t\t\t\t<img decoding=\"async\" src=\"https:\/\/www.orentees.com\/wp-content\/uploads\/Picto-profitez.svg\" class=\"attachment-full size-full wp-image-32945\" alt=\"\" \/>\t\t\t\t\t\t\t\t\t\t\t\t\t\t\t<\/div>\n\t\t\t\t<\/div>\n\t\t<div class=\"elementor-element elementor-element-30d4540 e-con-full e-flex e-con e-parent\" data-id=\"30d4540\" data-element_type=\"container\">\n\t\t\t\t<div class=\"elementor-element elementor-element-8d47bc2 elementor-widget elementor-widget-html\" data-id=\"8d47bc2\" data-element_type=\"widget\" data-widget_type=\"html.default\">\n\t\t\t\t<div class=\"elementor-widget-container\">\n\t\t\t\t\t   <h1 style=\"font-family: 'Lexend', Sans-serif\">\n    <strong>SKI OUTFIT RENTAL<\/strong><br>in Courchevel\n<\/h1>\n\t\t\t\t<\/div>\n\t\t\t\t<\/div>\n\t\t\t\t<div class=\"elementor-element elementor-element-a70c556 elementor-mobile-align-center elementor-align-left elementor-widget elementor-widget-button\" data-id=\"a70c556\" data-element_type=\"widget\" data-widget_type=\"button.default\">\n\t\t\t\t<div class=\"elementor-widget-container\">\n\t\t\t\t\t\t\t\t\t<div class=\"elementor-button-wrapper\">\n\t\t\t\t\t<a class=\"elementor-button elementor-button-link elementor-size-sm\" href=\"https:\/\/www.orentees.com\/en\/pc\/location-vetement-de-ski\/\" femme=\"\">\n\t\t\t\t\t\t<span class=\"elementor-button-content-wrapper\">\n\t\t\t\t\t\t\t\t\t<span class=\"elementor-button-text\">Rent<\/span>\n\t\t\t\t\t<\/span>\n\t\t\t\t\t<\/a>\n\t\t\t\t<\/div>\n\t\t\t\t\t\t\t\t<\/div>\n\t\t\t\t<\/div>\n\t\t\t\t<\/div>\n\t\t\t\t<\/div>\n\t\t<div class=\"elementor-element elementor-element-462da5c e-con-full e-flex e-con e-parent\" data-id=\"462da5c\" data-element_type=\"container\">\n\t\t\t\t<div class=\"elementor-element elementor-element-459406f elementor-widget elementor-widget-wd_text_block\" data-id=\"459406f\" data-element_type=\"widget\" data-widget_type=\"wd_text_block.default\">\n\t\t\t\t<div class=\"elementor-widget-container\">\n\t\t\t\t\t\t\t<div class=\"wd-text-block reset-last-child text-left\">\n\t\t\t\n\t\t\t<h2>Rent your Chic ski clothes in Courchevel<\/h2><p>Discover our service <strong>rental of chic and premium ski outfits in Courchevel<\/strong>, to combine glamour and performance on the slopes of <strong>3 Valleys<\/strong>. Enjoy a high-end selection, perfect for a refined stay at <strong>Club Med Courchevel 1850<\/strong>.<\/p><p>Simplify your vacation with elegant and technical outfits, adapted to the requirements of this legendary resort.<\/p>\n\t\t\t\t\t<\/div>\n\t\t\t\t\t\t<\/div>\n\t\t\t\t<\/div>\n\t\t\t\t<\/div>\n\t\t\t\t<\/div>","protected":false},"excerpt":{"rendered":"<p>Our \u201cCourchevel\u201d resort point Oxyg\u00e8ne Courchevel Ski School Place du forum 73120 Courchevel Opening days: Monday, Tuesday, Wednesday,<\/p>","protected":false},"author":2,"featured_media":0,"parent":0,"menu_order":0,"comment_status":"closed","ping_status":"closed","template":"","meta":{"_acf_changed":false,"footnotes":""},"categories":[],"tags":[4055,4091],"class_list":["post-137197","page","type-page","status-publish","hentry","tag-point_station","tag-courchevel"],"_links":{"self":[{"href":"https:\/\/www.orentees.com\/en\/wp-json\/wp\/v2\/pages\/137197","targetHints":{"allow":["GET"]}}],"collection":[{"href":"https:\/\/www.orentees.com\/en\/wp-json\/wp\/v2\/pages"}],"about":[{"href":"https:\/\/www.orentees.com\/en\/wp-json\/wp\/v2\/types\/page"}],"author":[{"embeddable":true,"href":"https:\/\/www.orentees.com\/en\/wp-json\/wp\/v2\/users\/2"}],"replies":[{"embeddable":true,"href":"https:\/\/www.orentees.com\/en\/wp-json\/wp\/v2\/comments?post=137197"}],"version-history":[{"count":18,"href":"https:\/\/www.orentees.com\/en\/wp-json\/wp\/v2\/pages\/137197\/revisions"}],"predecessor-version":[{"id":161293,"href":"https:\/\/www.orentees.com\/en\/wp-json\/wp\/v2\/pages\/137197\/revisions\/161293"}],"wp:attachment":[{"href":"https:\/\/www.orentees.com\/en\/wp-json\/wp\/v2\/media?parent=137197"}],"wp:term":[{"taxonomy":"category","embeddable":true,"href":"https:\/\/www.orentees.com\/en\/wp-json\/wp\/v2\/categories?post=137197"},{"taxonomy":"post_tag","embeddable":true,"href":"https:\/\/www.orentees.com\/en\/wp-json\/wp\/v2\/tags?post=137197"}],"curies":[{"name":"wp","href":"https:\/\/api.w.org\/{rel}","templated":true}]}}