{"id":126925,"date":"2024-03-13T17:42:17","date_gmt":"2024-03-13T16:42:17","guid":{"rendered":"https:\/\/www.orentees.com\/?post_type=product&#038;p=126925"},"modified":"2025-05-08T18:20:01","modified_gmt":"2025-05-08T16:20:01","slug":"location-canon-eos-r50-teleobjectif","status":"publish","type":"product","link":"https:\/\/www.orentees.com\/es\/producto\/location-canon-eos-r50-teleobjectif\/","title":{"rendered":"Alquiler de equipo fotogr\u00e1fico: Canon EOS R50 y teleobjetivo"},"content":{"rendered":"<h3><strong>Paquete de alquiler: C\u00e1mara Canon EOS R50 y teleobjetivo<\/strong><\/h3>\n<p>Emb\u00e1rcate en una aventura con nuestro paquete de alquiler Canon EOS R50: tu compa\u00f1era esencial para capturar la belleza de la naturaleza, la intensidad del deporte y la magia de tus viajes, transformando cada momento en un recuerdo inolvidable.<\/p>\n<p><span style=\"text-decoration: underline;\"><strong>Contenido del paquete ofrecido en alquiler:<\/strong><\/span><br \/>\n\u2013 C\u00e1mara h\u00edbrida Canon EOS R50<br \/>\n\u2013 Objetivo gran angular RF-S de 18-45 mm<br \/>\n\u2013 Objetivo telefoto RF-S 55-210 mm<br \/>\n\u2013 2 bater\u00edas<br \/>\n\u2013 1 Cargador<br \/>\n\u2013 1 tarjeta microSD de 128 GB<br \/>\n\u2013 1 tr\u00edpode de hasta 1,55 m<br \/>\n\u2013 1 mochila de almacenamiento Lowe<\/p>\n<p><span style=\"text-decoration: underline;\"><strong>CARACTER\u00cdSTICAS PRINCIPALES DE LA CANON EOS R50:<\/strong><\/span><\/p>\n<table border=\"1\">\n<tbody>\n<tr style=\"background-color: #f2f2f2; text-align: center; font-weight: bold;\">\n<th>Caracter\u00edsticas \/ Producto<\/th>\n<th>Canon EOS R50<\/th>\n<th>Canon RF-S 18-45 mm<\/th>\n<th>Canon RF-S 55-210 mm<\/th>\n<\/tr>\n<tr>\n<td><strong>Caracter\u00edsticas principales<\/strong><\/td>\n<td>\u2013 Sensor: CMOS APS-C de 24,2 MP<br \/>\n\u2013 Procesador: DIGIC X<br \/>\n\u2013 Montura: RF, RF-S; EF\/EF-S mediante adaptadores<br \/>\n\u2013 Estabilizaci\u00f3n: Mediante lente o digitalmente<br \/>\n\u2013 Enfoque: Dual Pixel CMOS AF II, hasta 651 zonas<br \/>\nExposici\u00f3n: 384 zonas, modos de disparo \u00fanico, enfoque autom\u00e1tico Servo<br \/>\n\u2013 ISO: 100-32.000, ampliable hasta 51.200<br \/>\n\u2013 Velocidad de obturaci\u00f3n: de 1\/4000 s a 1\/8000 s<br \/>\n\u2013 Visor: OLED, 2,36 millones de puntos<br \/>\n\u2013 Pantalla LCD: 7,5 cm, 1,62 millones de puntos, t\u00e1ctil<br \/>\n\u2013 V\u00eddeo: 4K UHD, Full HD<br \/>\n\u2013 Almacenamiento: SD\/SDHC\/SDXC, UHS-I<br \/>\n\u2013 Conectividad: USB-C, Wi-Fi, Bluetooth 4.2<br \/>\n\u2013 Bater\u00eda: LP-E17, ~440 disparos<\/td>\n<td>\u2013 Tama\u00f1o de la imagen: APS-C<br \/>\n\u2013 Distancia focal: 18-45 mm (equivalente a 29-72 mm)<br \/>\n\u2013 \u00c1ngulo de visi\u00f3n: 64\u00b030\u2032 \u2013 33\u00b040\u2032<br \/>\n\u2013 Construcci\u00f3n: 7 elementos, 2 PMo asf\u00e9ricos<br \/>\n\u2013 Apertura: f\/22 a f\/32<br \/>\n\u2013 Distancia m\u00ednima de enfoque: de 0,2 m a 0,35 m<br \/>\n\u2013 Aumento m\u00e1ximo: de 0,14x a 0,16x<br \/>\n\u2013 Estabilizador: OIS de 4 pasos, IBIS x OIS combinado de 6,5 pasos<br \/>\n\u2013 Motor AF: STM<br \/>\n\u2013 Di\u00e1metro del filtro: 49 mm<br \/>\n\u2013 Accesorios: Gorra, visera parasol, funda, tapa trasera<br \/>\nCaracter\u00edsticas adicionales: No es impermeable<\/td>\n<td>\u2013 Tama\u00f1o de la imagen: APS-C<br \/>\n\u2013 Distancia focal: 88-336 mm (equivalente)<br \/>\n\u2013 Construcci\u00f3n: 11 elementos, 2 UD, 1 PMo asf\u00e9rico<br \/>\n\u2013 Apertura: f\/22 a f\/32<br \/>\n\u2013 Distancia m\u00ednima de enfoque: de 0,73 m a 1,0 m<br \/>\n\u2013 Aumento m\u00e1ximo: 0,28x<br \/>\n\u2013 Estabilizador: OIS 4,5 pasos, compatible con IBIS 7 pasos<br \/>\n\u2013 Motor AF: STM<br \/>\n\u2013 Di\u00e1metro del filtro: 55 mm<br \/>\n\u2013 Dimensiones y peso: 69 x 135 mm, 270 g<br \/>\nCaracter\u00edsticas adicionales: No es impermeable<\/td>\n<\/tr>\n<tr>\n<td><strong>Dimensiones y peso<\/strong><\/td>\n<td>116,3 x 85,5 x 68,8 mm; 328 g (solo el cuerpo)<\/td>\n<td>69 \u00d7 44,3 mm, 130 g<\/td>\n<td>69 x 135 mm, 270 g<\/td>\n<\/tr>\n<\/tbody>\n<\/table>","protected":false},"excerpt":{"rendered":"<p style=\"text-align: left; font-size: 18px;\"><strong>Presentaci\u00f3n:<\/strong><\/p>\n<p>El paquete de alquiler que ofrecemos incluye el \u00faltimo modelo de <strong>Canon<\/strong>, EL <strong>EOS R50<\/strong>, A <strong>c\u00e1mara h\u00edbrida<\/strong> Dise\u00f1ado para aquellos que desean explorar el mundo de la fotograf\u00eda con un equipo de calidad superior al de un tel\u00e9fono inteligente.<\/p>\n<p><strong>Este paquete es idealmente completo.<\/strong> Para amantes de la naturaleza, viajeros y entusiastas de las actividades al aire libre que buscan <strong>Capturando momentos inolvidables con precisi\u00f3n y calidad<\/strong>.<\/p>\n<p>Incluye el<strong>EOS R50<\/strong> acompa\u00f1ado de un objetivo RF-S de 18-45 mm para <strong>tomas de gran angular<\/strong>as\u00ed como un <strong>teleobjetivo<\/strong> RF-S 55-210 mm para <strong>Ac\u00e9rcate a sujetos distantes sin perder calidad.<\/strong> Con <strong>dos bater\u00edas<\/strong> Incluye un cargador para una m\u00e1xima duraci\u00f3n de la bater\u00eda, para recargarla dondequiera que est\u00e9s, y un mapa. <strong>microSD de 128 GB<\/strong> para guardar todos tus recuerdos, un <strong>tr\u00edpode estable<\/strong> para disparos precisos y un <strong>Mochila pr\u00e1ctica para transportar todo el conjunto<\/strong>Esta mochila es la compa\u00f1era de viaje ideal para tus aventuras.<\/p>\n<p>La c\u00e1mara ofrece caracter\u00edsticas impresionantes como una <strong>Sensor CMOS APS-C de 24,2 megap\u00edxeles<\/strong>una sensibilidad <strong>ISO ampliable hasta 51200<\/strong> Para obtener fotos n\u00edtidas incluso con poca luz, conectividad perfecta gracias a <strong>Bluetooth<\/strong> Y <strong>Wi-Fi,<\/strong> y uno <strong>capacidad de v\u00eddeo 4K UHD<\/strong> por sus impresionantes secuencias.<\/p>\n<hr \/>\n<p style=\"text-align: center;\"><em><strong>Opini\u00f3n de Pierre:<\/strong> \u201cCon este kit Canon EOS R50 y sus teleobjetivos, cada fotograf\u00eda se convierte en una obra de arte. Es la opci\u00f3n perfecta para capturar cada momento de la vida con una calidad y flexibilidad inigualables.\u201d<\/em><em>&#8220;<\/em><\/p>\n<hr \/>\n<p>&nbsp;<\/p>\n<p><em><span lang=\"fr\" style=\"font-size: 10pt; font-family: Verdana, sans-serif; color: #000000;\" xml:lang=\"fr\">* Imagen solo con fines ilustrativos<\/span><\/em><\/p>\n<p><span style=\"font-size: 10pt;\"> **Basado en un alquiler de 8 d\u00edas<\/span><\/p>","protected":false},"featured_media":144503,"template":"","meta":{"_acf_changed":false},"product_brand":[],"product_cat":[3835],"product_tag":[],"class_list":{"0":"post-126925","1":"product","2":"type-product","3":"status-publish","4":"has-post-thumbnail","6":"product_cat-photo-video-voyage","7":"pa_dimension-1163-x-855-x-688-mm","8":"pa_marque-canon","10":"first","11":"instock","12":"taxable","13":"shipping-taxable","14":"purchasable","15":"product-type-simple"},"bundled_by":["134147"],"bundle_stock_status":"instock","bundle_stock_quantity":0,"bundle_virtual":false,"bundle_layout":"","bundle_add_to_cart_form_location":"","bundle_editable_in_cart":false,"bundle_sold_individually_context":"","bundle_item_grouping":"","bundle_min_size":"","bundle_max_size":"","bundled_items":[],"bundle_sell_ids":[],"_links":{"self":[{"href":"https:\/\/www.orentees.com\/es\/wp-json\/wp\/v2\/product\/126925","targetHints":{"allow":["GET"]}}],"collection":[{"href":"https:\/\/www.orentees.com\/es\/wp-json\/wp\/v2\/product"}],"about":[{"href":"https:\/\/www.orentees.com\/es\/wp-json\/wp\/v2\/types\/product"}],"version-history":[{"count":5,"href":"https:\/\/www.orentees.com\/es\/wp-json\/wp\/v2\/product\/126925\/revisions"}],"predecessor-version":[{"id":182625,"href":"https:\/\/www.orentees.com\/es\/wp-json\/wp\/v2\/product\/126925\/revisions\/182625"}],"wp:featuredmedia":[{"embeddable":true,"href":"https:\/\/www.orentees.com\/es\/wp-json\/wp\/v2\/media\/144503"}],"wp:attachment":[{"href":"https:\/\/www.orentees.com\/es\/wp-json\/wp\/v2\/media?parent=126925"}],"wp:term":[{"taxonomy":"product_brand","embeddable":true,"href":"https:\/\/www.orentees.com\/es\/wp-json\/wp\/v2\/product_brand?post=126925"},{"taxonomy":"product_cat","embeddable":true,"href":"https:\/\/www.orentees.com\/es\/wp-json\/wp\/v2\/product_cat?post=126925"},{"taxonomy":"product_tag","embeddable":true,"href":"https:\/\/www.orentees.com\/es\/wp-json\/wp\/v2\/product_tag?post=126925"}],"curies":[{"name":"wp","href":"https:\/\/api.w.org\/{rel}","templated":true}]}}