{"id":127027,"date":"2024-03-14T19:28:11","date_gmt":"2024-03-14T18:28:11","guid":{"rendered":"https:\/\/www.orentees.com\/?post_type=product&#038;p=127027"},"modified":"2024-10-08T13:29:05","modified_gmt":"2024-10-08T11:29:05","slug":"camera-insta360-x3-et-accessoires","status":"publish","type":"product","link":"https:\/\/www.orentees.com\/es\/producto\/camera-insta360-x3-et-accessoires\/","title":{"rendered":"C\u00e1mara y accesorios Insta360 X3"},"content":{"rendered":"<h3><strong>Paquete de alquiler: Insta360 X3 y accesorios<\/strong><\/h3>\n<p>El pack Insta360 X3, con sus avanzadas funciones de captura de v\u00eddeo y fotograf\u00eda de alta resoluci\u00f3n, robustez y pr\u00e1cticos accesorios, es ideal para esquiadores, viajeros y excursionistas que deseen inmortalizar sus aventuras con precisi\u00f3n y creatividad desde diferentes \u00e1ngulos y en diferentes condiciones.<\/p>\n<p>&nbsp;<\/p>\n<table border=\"1\">\n<tbody>\n<tr style=\"background-color: #d3d3d3; text-align: center;\">\n<td>Insta360 X3<\/td>\n<\/tr>\n<tr>\n<td><b>Caracter\u00edsticas principales<\/b><br \/>\nApertura: F1.9<br \/>\nLongitud focal equivalente en 35 mm: 6,7 mm<br \/>\nResoluci\u00f3n de la foto: 72 MP (11968\u00d75984), 18 MP (5952\u00d72976)<br \/>\nResoluci\u00f3n de v\u00eddeo:<br \/>\n360:<br \/>\n5.7K: 5760\u00d72880 a 30\/25\/24 fps<br \/>\n4K: 3840\u00d71920 a 60\/50\/30\/25\/24 fps<br \/>\n3K: 3008\u00d71504 a 100 fps<br \/>\nModo de lente \u00fanica:<br \/>\n4K: 3840\u00d72160 a 30\/25\/24 fps<br \/>\n3.6K: 3584\u00d72016 a 60\/50\/30\/25\/24 fps<br \/>\n2,7K: 2720\u00d71530@60\/50\/30\/25\/24<br \/>\n1080p: 1920\u00d71088 a 60\/50\/30\/25\/24 fps<br \/>\nFormato de foto: insp, DNG Raw (PureShot)<br \/>\nFormato de v\u00eddeo: Lente \u00fanica: MP4, 360: INSV<br \/>\nModos de fotograf\u00eda: Est\u00e1ndar, HDR, R\u00e1faga, Intervalo, Starlapse<br \/>\nModos de v\u00eddeo: Est\u00e1ndar, HDR activo, Timelapse, TimeShift, Bullet Time, Grabaci\u00f3n en bucle, Pregrabaci\u00f3n<br \/>\nPerfiles de color: V\u00edvido, Est\u00e1ndar, LOG<br \/>\nPeso: 180 g<br \/>\nDimensiones (largo x alto x ancho): 46,0 x 114,0 x 33,1 mm<br \/>\nDuraci\u00f3n de la bater\u00eda: 81 minutos<br \/>\nVelocidad de bits m\u00e1xima de v\u00eddeo: 120 Mbps<br \/>\nGiroscopio: giroscopio de 6 ejes<br \/>\nTransmisiones en directo: Transmisiones en directo de 360\u00b0, Reencuadre de transmisiones en directo<br \/>\nValor de exposici\u00f3n: \u00b14EV<br \/>\nRango ISO: 100\uff5e3200<br \/>\nVelocidad de obturaci\u00f3n: Foto: 1\/8000 \u2013 120 s, V\u00eddeo: 1\/8000 \u2013 al l\u00edmite de fotogramas por segundo<br \/>\nBalance de blancos: 2000K \u2013 10000K<br \/>\nModos de audio: Reducci\u00f3n de ruido del viento, Est\u00e9reo, Mejora direccional<br \/>\nFormato de audio: 48 kHz, 16 bits, AAC<br \/>\nBluetooth: BLE 5.0<br \/>\nWi-Fi: 2,4 GHz, 5 GHz, 802.11a\/b\/g\/n\/ac<br \/>\nUSB: Tipo C<br \/>\nTarjeta micro SD: Compatible<br \/>\nCapacidad de la bater\u00eda: 1800 mAh<br \/>\nM\u00e9todo de carga: USB Tipo-C<br \/>\nTiempo de carga: 90 min (5V\/3A)<br \/>\nTemperatura de funcionamiento: De -20 \u00b0C a 40 \u00b0C<\/td>\n<\/tr>\n<tr>\n<td><b>Accesorios<\/b><br \/>\n1 palo selfie invisible, extensible hasta 1 m<br \/>\n1 tapa de lente,<br \/>\n1x Estuche de transporte,<br \/>\n1 tarjeta microSD,<br \/>\n1 tr\u00edpode<\/td>\n<\/tr>\n<\/tbody>\n<\/table>\n<p>&nbsp;<\/p>","protected":false},"excerpt":{"rendered":"<p style=\"text-align: left; font-size: 18px;\"><strong>Presentaci\u00f3n:<\/strong><\/p>\n<p>Sum\u00e9rgete en tus escapadas a la monta\u00f1a, excursiones, acampadas o viajes con el Pack de Alquiler de la C\u00e1mara Insta360 X3, dise\u00f1ado especialmente para los amantes de la naturaleza y la aventura. Este pack incluye la revolucionaria c\u00e1mara Insta360 X3, capaz de capturar momentos impresionantes con sus v\u00eddeos de 360 grados en resoluci\u00f3n 5.7K y fotos de hasta 72 MP, garantizando que cada detalle de tus viajes de esqu\u00ed, excursiones o noches bajo las estrellas quede inmortalizado con la m\u00e1xima fidelidad. Gracias a su apertura F1.9 y a sus m\u00faltiples modos de disparo, como HDR Activo y TimeShift, estar\u00e1s preparado para capturar la belleza de la naturaleza, independientemente de la iluminaci\u00f3n o el movimiento.<\/p>\n<p>El paquete incluye accesorios esenciales para el aventurero moderno: un palo selfie invisible para capturar \u00e1ngulos din\u00e1micos sin que tu equipo aparezca en el encuadre, un kit de nieve para garantizar fotos impecables incluso en las condiciones invernales m\u00e1s duras, una tapa para proteger tu equipo de las inclemencias del tiempo, un estuche de transporte para facilitar su transporte, una tarjeta microSD para guardar todos tus recuerdos y un tr\u00edpode para obtener im\u00e1genes estables y de aspecto profesional. Con un dise\u00f1o ligero de 180 g y una bater\u00eda de 81 minutos de duraci\u00f3n, esta c\u00e1mara es la compa\u00f1era perfecta para largas jornadas de aventura, ofreciendo resistencia y capacidades t\u00e9cnicas avanzadas para un rendimiento excepcional en todas las condiciones, desde nieve polvo fresca hasta senderos dif\u00edciles.<\/p>\n<p>&nbsp;<\/p>\n<hr \/>\n<p style=\"text-align: center;\"><em><strong>Opini\u00f3n de Pierre:<\/strong> \u201cEl paquete de c\u00e1mara Insta360 X3 transforma cada momento de aventura esquiando, haciendo senderismo o acampando en un recuerdo \u00e9pico, f\u00e1cil de revivir gracias a su excepcional calidad de imagen y facilidad de uso.<\/em><em>&#8220;<\/em><\/p>\n<hr \/>\n<p>&nbsp;<\/p>\n<p><em><span lang=\"fr\" style=\"font-size: 10pt; font-family: Verdana, sans-serif; color: #000000;\" xml:lang=\"fr\">* Imagen solo con fines ilustrativos<\/span><\/em><\/p>\n<p><span style=\"font-size: 10pt;\"> **Basado en un alquiler de 8 d\u00edas<\/span><\/p>","protected":false},"featured_media":144513,"template":"","meta":{"_acf_changed":false},"product_brand":[],"product_cat":[3835],"product_tag":[],"class_list":{"0":"post-127027","1":"product","2":"type-product","3":"status-publish","4":"has-post-thumbnail","6":"product_cat-photo-video-voyage","7":"pa_dimension-46-x-114-x-33-mm","8":"pa_marque-insta360","10":"first","11":"instock","12":"taxable","13":"shipping-taxable","14":"purchasable","15":"product-type-simple"},"bundled_by":["129997"],"bundle_stock_status":"instock","bundle_stock_quantity":1,"bundle_virtual":false,"bundle_layout":"","bundle_add_to_cart_form_location":"","bundle_editable_in_cart":false,"bundle_sold_individually_context":"","bundle_item_grouping":"","bundle_min_size":"","bundle_max_size":"","bundled_items":[],"bundle_sell_ids":[],"_links":{"self":[{"href":"https:\/\/www.orentees.com\/es\/wp-json\/wp\/v2\/product\/127027","targetHints":{"allow":["GET"]}}],"collection":[{"href":"https:\/\/www.orentees.com\/es\/wp-json\/wp\/v2\/product"}],"about":[{"href":"https:\/\/www.orentees.com\/es\/wp-json\/wp\/v2\/types\/product"}],"version-history":[{"count":3,"href":"https:\/\/www.orentees.com\/es\/wp-json\/wp\/v2\/product\/127027\/revisions"}],"predecessor-version":[{"id":146709,"href":"https:\/\/www.orentees.com\/es\/wp-json\/wp\/v2\/product\/127027\/revisions\/146709"}],"wp:featuredmedia":[{"embeddable":true,"href":"https:\/\/www.orentees.com\/es\/wp-json\/wp\/v2\/media\/144513"}],"wp:attachment":[{"href":"https:\/\/www.orentees.com\/es\/wp-json\/wp\/v2\/media?parent=127027"}],"wp:term":[{"taxonomy":"product_brand","embeddable":true,"href":"https:\/\/www.orentees.com\/es\/wp-json\/wp\/v2\/product_brand?post=127027"},{"taxonomy":"product_cat","embeddable":true,"href":"https:\/\/www.orentees.com\/es\/wp-json\/wp\/v2\/product_cat?post=127027"},{"taxonomy":"product_tag","embeddable":true,"href":"https:\/\/www.orentees.com\/es\/wp-json\/wp\/v2\/product_tag?post=127027"}],"curies":[{"name":"wp","href":"https:\/\/api.w.org\/{rel}","templated":true}]}}