{"id":129997,"date":"2024-05-01T17:33:00","date_gmt":"2024-05-01T15:33:00","guid":{"rendered":"https:\/\/www.orentees.com\/?post_type=product&#038;p=129997"},"modified":"2024-09-30T15:03:21","modified_gmt":"2024-09-30T13:03:21","slug":"location-camera-insta360-x3-et-accessoires","status":"publish","type":"product","link":"https:\/\/www.orentees.com\/es\/producto\/location-camera-insta360-x3-et-accessoires\/","title":{"rendered":"Alquiler de c\u00e1maras y accesorios Insta360 X3"},"content":{"rendered":"<h3><strong>Paquete de alquiler: Insta360 X3 y accesorios<\/strong><\/h3>\n<p>El pack Insta360 X3, con sus avanzadas funciones de captura de v\u00eddeo y fotograf\u00eda de alta resoluci\u00f3n, robustez y pr\u00e1cticos accesorios, es ideal para esquiadores, viajeros y excursionistas que deseen inmortalizar sus aventuras con precisi\u00f3n y creatividad desde diferentes \u00e1ngulos y en diferentes condiciones.<\/p>\n<p>&nbsp;<\/p>\n<table border=\"1\">\n<tbody>\n<tr style=\"background-color: #d3d3d3; text-align: center;\">\n<td>Insta360 X3<\/td>\n<\/tr>\n<tr>\n<td><b>Caracter\u00edsticas principales<\/b><br \/>\nApertura: F1.9<br \/>\nLongitud focal equivalente en 35 mm: 6,7 mm<br \/>\nResoluci\u00f3n de la foto: 72 MP (11968\u00d75984), 18 MP (5952\u00d72976)<br \/>\nResoluci\u00f3n de v\u00eddeo:<br \/>\n360:<br \/>\n5.7K: 5760\u00d72880 a 30\/25\/24 fps<br \/>\n4K: 3840\u00d71920 a 60\/50\/30\/25\/24 fps<br \/>\n3K: 3008\u00d71504 a 100 fps<br \/>\nModo de lente \u00fanica:<br \/>\n4K: 3840\u00d72160 a 30\/25\/24 fps<br \/>\n3.6K: 3584\u00d72016 a 60\/50\/30\/25\/24 fps<br \/>\n2,7K: 2720\u00d71530@60\/50\/30\/25\/24<br \/>\n1080p: 1920\u00d71088 a 60\/50\/30\/25\/24 fps<br \/>\nFormato de foto: insp, DNG Raw (PureShot)<br \/>\nFormato de v\u00eddeo: Lente \u00fanica: MP4, 360: INSV<br \/>\nModos de fotograf\u00eda: Est\u00e1ndar, HDR, R\u00e1faga, Intervalo, Starlapse<br \/>\nModos de v\u00eddeo: Est\u00e1ndar, HDR activo, Timelapse, TimeShift, Bullet Time, Grabaci\u00f3n en bucle, Pregrabaci\u00f3n<br \/>\nPerfiles de color: V\u00edvido, Est\u00e1ndar, LOG<br \/>\nPeso: 180 g<br \/>\nDimensiones (largo x alto x ancho): 46,0 x 114,0 x 33,1 mm<br \/>\nDuraci\u00f3n de la bater\u00eda: 81 minutos<br \/>\nVelocidad de bits m\u00e1xima de v\u00eddeo: 120 Mbps<br \/>\nGiroscopio: giroscopio de 6 ejes<br \/>\nTransmisiones en directo: Transmisiones en directo de 360\u00b0, Reencuadre de transmisiones en directo<br \/>\nValor de exposici\u00f3n: \u00b14EV<br \/>\nRango ISO: 100\uff5e3200<br \/>\nVelocidad de obturaci\u00f3n: Foto: 1\/8000 \u2013 120 s, V\u00eddeo: 1\/8000 \u2013 al l\u00edmite de fotogramas por segundo<br \/>\nBalance de blancos: 2000K \u2013 10000K<br \/>\nModos de audio: Reducci\u00f3n de ruido del viento, Est\u00e9reo, Mejora direccional<br \/>\nFormato de audio: 48 kHz, 16 bits, AAC<br \/>\nBluetooth: BLE 5.0<br \/>\nWi-Fi: 2,4 GHz, 5 GHz, 802.11a\/b\/g\/n\/ac<br \/>\nUSB: Tipo C<br \/>\nTarjeta micro SD: Compatible<br \/>\nCapacidad de la bater\u00eda: 1800 mAh<br \/>\nM\u00e9todo de carga: USB Tipo-C<br \/>\nTiempo de carga: 90 min (5V\/3A)<br \/>\nTemperatura de funcionamiento: De -20 \u00b0C a 40 \u00b0C<\/td>\n<\/tr>\n<tr>\n<td><b>Accesorios<\/b><br \/>\n1 palo selfie invisible, extensible hasta 1 m<br \/>\n1 tapa de lente,<br \/>\n1x Estuche de transporte,<br \/>\n1 tarjeta microSD,<br \/>\n1 tr\u00edpode<\/td>\n<\/tr>\n<tr>\n<td><b>Paquetes opcionales disponibles<\/b><br \/>\n<strong>\u2013 Paquete de nieve:<\/strong> Palo selfie de unicornio, soporte para bastones de esqu\u00ed, accesorio flexible<br \/>\n<strong>\u2013 Paquete de buceo:<\/strong> Estuche impermeable invisible, asa flotante<br \/>\n<strong>\u2013 Paquete de cine:<\/strong> P\u00e9rtiga extensible invisible de 36 cm a 3 metros para incre\u00edbles vistas a\u00e9reas<\/td>\n<\/tr>\n<\/tbody>\n<\/table>\n<p>&nbsp;<\/p>","protected":false},"excerpt":{"rendered":"<p style=\"text-align: left; font-size: 18px;\"><strong>Presentaci\u00f3n:<\/strong><\/p>\n<p>Sum\u00e9rgete en tus escapadas a la monta\u00f1a, excursiones, acampadas o viajes con el Pack de Alquiler de la C\u00e1mara Insta360 X3, dise\u00f1ado especialmente para los amantes de la naturaleza y la aventura. Este pack incluye la revolucionaria c\u00e1mara Insta360 X3, capaz de capturar momentos impresionantes con sus v\u00eddeos de 360 grados en resoluci\u00f3n 5.7K y fotos de hasta 72 MP, garantizando que cada detalle de tus viajes de esqu\u00ed, excursiones o noches bajo las estrellas quede inmortalizado con la m\u00e1xima fidelidad. Gracias a su apertura F1.9 y a sus m\u00faltiples modos de disparo, como HDR Activo y TimeShift, estar\u00e1s preparado para capturar la belleza de la naturaleza, independientemente de la iluminaci\u00f3n o el movimiento.<\/p>\n<p>El paquete incluye accesorios esenciales para el aventurero moderno: un palo selfie invisible para capturar \u00e1ngulos din\u00e1micos sin que tu equipo aparezca en la foto, una tapa para el objetivo que protege tu equipo de las inclemencias del tiempo, una funda de transporte para facilitar su traslado, una tarjeta microSD para guardar todos tus recuerdos y un tr\u00edpode para obtener grabaciones estables y de aspecto profesional. Con un dise\u00f1o ligero de 180 g y una autonom\u00eda de 81 minutos, esta c\u00e1mara es la compa\u00f1era perfecta para largas jornadas de aventura, ofreciendo resistencia y capacidades t\u00e9cnicas avanzadas para un rendimiento excepcional en cualquier condici\u00f3n, desde nieve polvo hasta senderos escarpados.<\/p>\n<p><span style=\"text-decoration: underline;\"><strong>Puedes personalizarlo a\u00f1adiendo paquetes opcionales:<\/strong><\/span><\/p>\n<p><strong>Paquete de nieve<\/strong>para garantizar tomas impecables incluso en las condiciones invernales m\u00e1s adversas:<\/p>\n<ul>\n<li>Soporte para casco de unicornio<\/li>\n<li>soporte para bastones de esqu\u00ed<\/li>\n<li>1x respaldo adhesivo flexible<\/li>\n<\/ul>\n<p><strong>Paquete de buceo<\/strong>para que tus inmersiones en aguas paradis\u00edacas o tus sesiones de deportes acu\u00e1ticos no se conviertan en un recuerdo lejano:<\/p>\n<ul>\n<li>Funda impermeable invisible X3<\/li>\n<li>asa flotante<\/li>\n<\/ul>\n<p><strong>Paquete de cine<\/strong>De este modo, tu creatividad no tendr\u00e1 l\u00edmites; captura sin esfuerzo impresionantes perspectivas en tercera persona y vistas a\u00e9reas dignas de un dron:<\/p>\n<ul>\n<li>Barra invisible extensible de 36 cm a 3 metros<\/li>\n<\/ul>\n<hr \/>\n<p style=\"text-align: center;\"><em><strong>Opini\u00f3n de Pierre:<\/strong> \u201cEl paquete de c\u00e1mara Insta360 X3 transforma cada momento de aventura esquiando, haciendo senderismo o acampando en un recuerdo \u00e9pico, f\u00e1cil de revivir gracias a su excepcional calidad de imagen y facilidad de uso.<\/em><em>&#8220;<\/em><\/p>\n<hr \/>\n<p>&nbsp;<\/p>\n<p><em><span lang=\"fr\" style=\"font-size: 10pt; font-family: Verdana, sans-serif; color: #000000;\" xml:lang=\"fr\">* Imagen solo con fines ilustrativos<\/span><\/em><\/p>\n<p><span style=\"font-size: 10pt;\"> **Basado en un alquiler de 8 d\u00edas<\/span><\/p>","protected":false},"featured_media":144833,"template":"","meta":{"_acf_changed":false},"product_brand":[],"product_cat":[3835],"product_tag":[],"class_list":{"0":"post-129997","1":"product","2":"type-product","3":"status-publish","4":"has-post-thumbnail","6":"product_cat-photo-video-voyage","7":"pa_dimension-46-x-114-x-33-mm","8":"pa_marque-insta360","10":"first","11":"instock","12":"virtual","13":"taxable","14":"purchasable","15":"product-type-bundle"},"bundled_by":[],"bundle_stock_status":"instock","bundle_stock_quantity":1,"bundle_virtual":false,"bundle_layout":"default","bundle_add_to_cart_form_location":"default","bundle_editable_in_cart":false,"bundle_sold_individually_context":"product","bundle_item_grouping":"parent","bundle_min_size":"","bundle_max_size":"","bundled_items":[{"bundled_item_id":5327,"product_id":127027,"menu_order":0,"quantity_min":1,"quantity_max":1,"quantity_default":1,"priced_individually":true,"shipped_individually":false,"override_title":true,"title":"","override_description":true,"description":"","optional":false,"hide_thumbnail":true,"discount":"","override_variations":false,"allowed_variations":[],"override_default_variation_attributes":false,"default_variation_attributes":[],"single_product_visibility":"visible","cart_visibility":"visible","order_visibility":"visible","single_product_price_visibility":"hidden","cart_price_visibility":"hidden","order_price_visibility":"hidden","stock_status":"in_stock"},{"bundled_item_id":5329,"product_id":129971,"menu_order":1,"quantity_min":1,"quantity_max":1,"quantity_default":1,"priced_individually":true,"shipped_individually":false,"override_title":true,"title":"+ option \"Pack Snow\"","override_description":true,"description":"+16 \u20ac \/ alquiler","optional":true,"hide_thumbnail":false,"discount":"","override_variations":false,"allowed_variations":[],"override_default_variation_attributes":false,"default_variation_attributes":[],"single_product_visibility":"visible","cart_visibility":"visible","order_visibility":"visible","single_product_price_visibility":"hidden","cart_price_visibility":"hidden","order_price_visibility":"hidden","stock_status":"in_stock"},{"bundled_item_id":5331,"product_id":129991,"menu_order":2,"quantity_min":1,"quantity_max":1,"quantity_default":1,"priced_individually":true,"shipped_individually":false,"override_title":true,"title":"+ option \"Pack Plong\u00e9e\"","override_description":true,"description":"+16 \u20ac \/ alquiler","optional":true,"hide_thumbnail":false,"discount":"","override_variations":false,"allowed_variations":[],"override_default_variation_attributes":false,"default_variation_attributes":[],"single_product_visibility":"visible","cart_visibility":"visible","order_visibility":"visible","single_product_price_visibility":"hidden","cart_price_visibility":"hidden","order_price_visibility":"hidden","stock_status":"in_stock"},{"bundled_item_id":5333,"product_id":136251,"menu_order":3,"quantity_min":1,"quantity_max":1,"quantity_default":1,"priced_individually":true,"shipped_individually":false,"override_title":true,"title":"+option \"Pack Cinema\"","override_description":true,"description":"+16 \u20ac \/ alquiler","optional":true,"hide_thumbnail":false,"discount":"","override_variations":false,"allowed_variations":[],"override_default_variation_attributes":false,"default_variation_attributes":[],"single_product_visibility":"visible","cart_visibility":"visible","order_visibility":"visible","single_product_price_visibility":"hidden","cart_price_visibility":"hidden","order_price_visibility":"hidden","stock_status":"in_stock"}],"bundle_sell_ids":[],"_links":{"self":[{"href":"https:\/\/www.orentees.com\/es\/wp-json\/wp\/v2\/product\/129997","targetHints":{"allow":["GET"]}}],"collection":[{"href":"https:\/\/www.orentees.com\/es\/wp-json\/wp\/v2\/product"}],"about":[{"href":"https:\/\/www.orentees.com\/es\/wp-json\/wp\/v2\/types\/product"}],"version-history":[{"count":12,"href":"https:\/\/www.orentees.com\/es\/wp-json\/wp\/v2\/product\/129997\/revisions"}],"predecessor-version":[{"id":183513,"href":"https:\/\/www.orentees.com\/es\/wp-json\/wp\/v2\/product\/129997\/revisions\/183513"}],"wp:featuredmedia":[{"embeddable":true,"href":"https:\/\/www.orentees.com\/es\/wp-json\/wp\/v2\/media\/144833"}],"wp:attachment":[{"href":"https:\/\/www.orentees.com\/es\/wp-json\/wp\/v2\/media?parent=129997"}],"wp:term":[{"taxonomy":"product_brand","embeddable":true,"href":"https:\/\/www.orentees.com\/es\/wp-json\/wp\/v2\/product_brand?post=129997"},{"taxonomy":"product_cat","embeddable":true,"href":"https:\/\/www.orentees.com\/es\/wp-json\/wp\/v2\/product_cat?post=129997"},{"taxonomy":"product_tag","embeddable":true,"href":"https:\/\/www.orentees.com\/es\/wp-json\/wp\/v2\/product_tag?post=129997"}],"curies":[{"name":"wp","href":"https:\/\/api.w.org\/{rel}","templated":true}]}}