{"id":136073,"date":"2022-05-05T17:37:00","date_gmt":"2022-05-05T15:37:00","guid":{"rendered":"https:\/\/www.orentees.com\/?post_type=product&#038;p=136073"},"modified":"2024-09-30T17:03:20","modified_gmt":"2024-09-30T15:03:20","slug":"location-matelas-mousse-z-lite-sol","status":"publish","type":"product","link":"https:\/\/www.orentees.com\/es\/producto\/location-matelas-mousse-z-lite-sol\/","title":{"rendered":"Alquiler de colchones de espuma Z-lite para el suelo"},"content":{"rendered":"<h3><strong>Alquiler de colchones de espuma Z-lite para el suelo<\/strong><\/h3>\n<p>El ic\u00f3nico colch\u00f3n de espuma para vivaquear y hacer senderismo<\/p>","protected":false},"excerpt":{"rendered":"<p style=\"text-align: left; font-size: 18px;\"><strong>Presentaci\u00f3n:<\/strong><\/p>\n<p>El colch\u00f3n de espuma Thermarest Z lite SOL es ideal para quienes buscan un descanso minimalista o como complemento de un colch\u00f3n inflable para a\u00f1adir un poco de suavidad.<\/p>\n<p>Es f\u00e1cil de llevar gracias a su sistema de acorde\u00f3n y su construcci\u00f3n tipo c\u00e1scara de huevo.<\/p>\n<p>Sus dimensiones son perfectamente correctas: 183 cm x 51 cm con un grosor de 2 cm. Su valor R es 2 (de 2 a 3 estaciones).<\/p>\n<p>Disponible \u00fanicamente en paquete.<\/p>\n<hr \/>\n<p style=\"text-align: center;\"><em><strong>Opini\u00f3n de Pierre:<\/strong> \u201cMe gusta llevarme este colch\u00f3n para salidas minimalistas.<\/em><em>&#8220;<\/em><\/p>\n<hr \/>\n<p>&nbsp;<\/p>\n<p>&nbsp;<\/p>\n<p><em><span lang=\"fr\" style=\"font-size: 10pt; font-family: Verdana, sans-serif; color: #000000;\" xml:lang=\"fr\">* Imagen solo con fines ilustrativos<\/span><\/em><\/p>\n<p><span style=\"font-size: 10pt;\"> **Basado en un alquiler de 8 d\u00edas<\/span><\/p>","protected":false},"featured_media":145001,"template":"","meta":{"_acf_changed":false},"product_brand":[],"product_cat":[3051],"product_tag":[],"class_list":{"0":"post-136073","1":"product","2":"type-product","3":"status-publish","4":"has-post-thumbnail","6":"product_cat-accueil","7":"pa_dimension-pliee-51-x-13-x-14-cm","8":"pa_marque-therm-a-rest","9":"pa_poids-410-gr","11":"first","12":"instock","13":"taxable","14":"shipping-taxable","15":"purchasable","16":"product-type-simple"},"bundled_by":["50770","50774","50778"],"bundle_stock_status":"instock","bundle_stock_quantity":10,"bundle_virtual":false,"bundle_layout":"","bundle_add_to_cart_form_location":"","bundle_editable_in_cart":false,"bundle_sold_individually_context":"","bundle_item_grouping":"","bundle_min_size":"","bundle_max_size":"","bundled_items":[],"bundle_sell_ids":[],"_links":{"self":[{"href":"https:\/\/www.orentees.com\/es\/wp-json\/wp\/v2\/product\/136073","targetHints":{"allow":["GET"]}}],"collection":[{"href":"https:\/\/www.orentees.com\/es\/wp-json\/wp\/v2\/product"}],"about":[{"href":"https:\/\/www.orentees.com\/es\/wp-json\/wp\/v2\/types\/product"}],"version-history":[{"count":2,"href":"https:\/\/www.orentees.com\/es\/wp-json\/wp\/v2\/product\/136073\/revisions"}],"predecessor-version":[{"id":145013,"href":"https:\/\/www.orentees.com\/es\/wp-json\/wp\/v2\/product\/136073\/revisions\/145013"}],"wp:featuredmedia":[{"embeddable":true,"href":"https:\/\/www.orentees.com\/es\/wp-json\/wp\/v2\/media\/145001"}],"wp:attachment":[{"href":"https:\/\/www.orentees.com\/es\/wp-json\/wp\/v2\/media?parent=136073"}],"wp:term":[{"taxonomy":"product_brand","embeddable":true,"href":"https:\/\/www.orentees.com\/es\/wp-json\/wp\/v2\/product_brand?post=136073"},{"taxonomy":"product_cat","embeddable":true,"href":"https:\/\/www.orentees.com\/es\/wp-json\/wp\/v2\/product_cat?post=136073"},{"taxonomy":"product_tag","embeddable":true,"href":"https:\/\/www.orentees.com\/es\/wp-json\/wp\/v2\/product_tag?post=136073"}],"curies":[{"name":"wp","href":"https:\/\/api.w.org\/{rel}","templated":true}]}}