{"id":146953,"date":"2024-10-11T12:06:33","date_gmt":"2024-10-11T10:06:33","guid":{"rendered":"https:\/\/www.orentees.com\/?post_type=product&#038;p=146953"},"modified":"2024-11-13T10:15:25","modified_gmt":"2024-11-13T09:15:25","slug":"tenue-de-ski-garcon-rip-curl-10-ans","status":"publish","type":"product","link":"https:\/\/www.orentees.com\/es\/producto\/tenue-de-ski-garcon-rip-curl-10-ans\/","title":{"rendered":"Traje de esqu\u00ed Rip Curl para ni\u00f1o - 10 a\u00f1os"},"content":{"rendered":"<p>Muy buen estado \u2013 Algunas manchas menores en la chaqueta<\/p>","protected":false},"excerpt":{"rendered":"<p>Marca: Rip Curl<br \/>\nTama\u00f1o: 10 a\u00f1os<br \/>\nDescripci\u00f3n del estado: Muy buen estado \u2013 Algunas manchas residuales en la chaqueta<\/p>","protected":false},"featured_media":41509,"template":"","meta":{"_acf_changed":false},"product_brand":[],"product_cat":[4239],"product_tag":[],"class_list":{"0":"post-146953","1":"product","2":"type-product","3":"status-publish","4":"has-post-thumbnail","6":"product_cat-tenue-ski-seconde-main","7":"product_shipping_class-occasion","8":"pa_genre-garcon","9":"pa_impermeabilite-10000-mm","10":"pa_marque-rip-curl","11":"pa_respirabilite-10000-gr-m2","12":"pa_taille-10-ans","13":"pa_type-produit-tenue-complete","15":"first","16":"instock","17":"sale","18":"taxable","19":"shipping-taxable","20":"purchasable","21":"product-type-simple"},"bundled_by":[],"bundle_stock_status":"instock","bundle_stock_quantity":1,"bundle_virtual":false,"bundle_layout":"","bundle_add_to_cart_form_location":"","bundle_editable_in_cart":false,"bundle_sold_individually_context":"","bundle_item_grouping":"","bundle_min_size":"","bundle_max_size":"","bundled_items":[],"bundle_sell_ids":[],"_links":{"self":[{"href":"https:\/\/www.orentees.com\/es\/wp-json\/wp\/v2\/product\/146953","targetHints":{"allow":["GET"]}}],"collection":[{"href":"https:\/\/www.orentees.com\/es\/wp-json\/wp\/v2\/product"}],"about":[{"href":"https:\/\/www.orentees.com\/es\/wp-json\/wp\/v2\/types\/product"}],"version-history":[{"count":1,"href":"https:\/\/www.orentees.com\/es\/wp-json\/wp\/v2\/product\/146953\/revisions"}],"predecessor-version":[{"id":146973,"href":"https:\/\/www.orentees.com\/es\/wp-json\/wp\/v2\/product\/146953\/revisions\/146973"}],"wp:featuredmedia":[{"embeddable":true,"href":"https:\/\/www.orentees.com\/es\/wp-json\/wp\/v2\/media\/41509"}],"wp:attachment":[{"href":"https:\/\/www.orentees.com\/es\/wp-json\/wp\/v2\/media?parent=146953"}],"wp:term":[{"taxonomy":"product_brand","embeddable":true,"href":"https:\/\/www.orentees.com\/es\/wp-json\/wp\/v2\/product_brand?post=146953"},{"taxonomy":"product_cat","embeddable":true,"href":"https:\/\/www.orentees.com\/es\/wp-json\/wp\/v2\/product_cat?post=146953"},{"taxonomy":"product_tag","embeddable":true,"href":"https:\/\/www.orentees.com\/es\/wp-json\/wp\/v2\/product_tag?post=146953"}],"curies":[{"name":"wp","href":"https:\/\/api.w.org\/{rel}","templated":true}]}}