{"id":147291,"date":"2024-10-11T12:54:24","date_gmt":"2024-10-11T10:54:24","guid":{"rendered":"https:\/\/www.orentees.com\/?post_type=product&#038;p=147291"},"modified":"2025-12-28T19:09:39","modified_gmt":"2025-12-28T18:09:39","slug":"tenue-de-ski-garcon-legowear-10-ans-3","status":"publish","type":"product","link":"https:\/\/www.orentees.com\/es\/producto\/tenue-de-ski-garcon-legowear-10-ans-3\/","title":{"rendered":"Conjunto de esqu\u00ed LEGOWEAR para ni\u00f1o - 10 a\u00f1os"},"content":{"rendered":"<p>En perfecto estado<\/p>","protected":false},"excerpt":{"rendered":"<p>Marca: Legowear<br \/>\nTama\u00f1o: 10 a\u00f1os<br \/>\nDescripci\u00f3n del estado: Nuevo<\/p>","protected":false},"featured_media":41811,"template":"","meta":{"_acf_changed":false},"product_brand":[],"product_cat":[4239],"product_tag":[],"class_list":{"0":"post-147291","1":"product","2":"type-product","3":"status-publish","4":"has-post-thumbnail","6":"product_cat-tenue-ski-seconde-main","7":"product_shipping_class-occasion","8":"pa_genre-garcon","9":"pa_impermeabilite-15000-mm","10":"pa_marque-legowear","11":"pa_respirabilite-15000-gr-m2","12":"pa_taille-10-ans","13":"pa_type-produit-tenue-complete","15":"first","16":"outofstock","17":"sale","18":"taxable","19":"shipping-taxable","20":"purchasable","21":"product-type-simple"},"bundled_by":[],"bundle_stock_status":"outofstock","bundle_stock_quantity":0,"bundle_virtual":false,"bundle_layout":"","bundle_add_to_cart_form_location":"","bundle_editable_in_cart":false,"bundle_sold_individually_context":"","bundle_item_grouping":"","bundle_min_size":"","bundle_max_size":"","bundled_items":[],"bundle_sell_ids":[],"_links":{"self":[{"href":"https:\/\/www.orentees.com\/es\/wp-json\/wp\/v2\/product\/147291","targetHints":{"allow":["GET"]}}],"collection":[{"href":"https:\/\/www.orentees.com\/es\/wp-json\/wp\/v2\/product"}],"about":[{"href":"https:\/\/www.orentees.com\/es\/wp-json\/wp\/v2\/types\/product"}],"version-history":[{"count":3,"href":"https:\/\/www.orentees.com\/es\/wp-json\/wp\/v2\/product\/147291\/revisions"}],"predecessor-version":[{"id":155153,"href":"https:\/\/www.orentees.com\/es\/wp-json\/wp\/v2\/product\/147291\/revisions\/155153"}],"wp:featuredmedia":[{"embeddable":true,"href":"https:\/\/www.orentees.com\/es\/wp-json\/wp\/v2\/media\/41811"}],"wp:attachment":[{"href":"https:\/\/www.orentees.com\/es\/wp-json\/wp\/v2\/media?parent=147291"}],"wp:term":[{"taxonomy":"product_brand","embeddable":true,"href":"https:\/\/www.orentees.com\/es\/wp-json\/wp\/v2\/product_brand?post=147291"},{"taxonomy":"product_cat","embeddable":true,"href":"https:\/\/www.orentees.com\/es\/wp-json\/wp\/v2\/product_cat?post=147291"},{"taxonomy":"product_tag","embeddable":true,"href":"https:\/\/www.orentees.com\/es\/wp-json\/wp\/v2\/product_tag?post=147291"}],"curies":[{"name":"wp","href":"https:\/\/api.w.org\/{rel}","templated":true}]}}