{"id":148623,"date":"2024-10-11T13:23:01","date_gmt":"2024-10-11T11:23:01","guid":{"rendered":"https:\/\/www.orentees.com\/?post_type=product&#038;p=148623"},"modified":"2024-11-13T10:16:07","modified_gmt":"2024-11-13T09:16:07","slug":"tenue-de-ski-homme-dare2be-l","status":"publish","type":"product","link":"https:\/\/www.orentees.com\/es\/producto\/tenue-de-ski-homme-dare2be-l\/","title":{"rendered":"TENUE DE SKI HOMME DARE2BE-L &#8211;"},"content":{"rendered":"<p>Tr\u00e8s bon \u00e9tat &#8211; Legere t\u00e2che sur la manche<\/p>","protected":false},"excerpt":{"rendered":"<p>Marca: Dare2Be<br \/>\nTalla: L<br \/>\nDescription de l&#8217;\u00e9tat: Tr\u00e8s bon \u00e9tat &#8211; Legere t\u00e2che sur la manche<\/p>","protected":false},"featured_media":29297,"template":"","meta":{"_acf_changed":false},"product_brand":[],"product_cat":[4239],"product_tag":[],"class_list":{"0":"post-148623","1":"product","2":"type-product","3":"status-publish","4":"has-post-thumbnail","6":"product_cat-tenue-ski-seconde-main","7":"product_shipping_class-occasion","8":"pa_genre-homme","9":"pa_impermeabilite-20000-mm","10":"pa_marque-dare2b","11":"pa_respirabilite-20000-gr-m2","12":"pa_taille-l","13":"pa_type-produit-tenue-complete","15":"first","16":"instock","17":"sale","18":"taxable","19":"shipping-taxable","20":"purchasable","21":"product-type-simple"},"bundled_by":[],"bundle_stock_status":"instock","bundle_stock_quantity":1,"bundle_virtual":false,"bundle_layout":"","bundle_add_to_cart_form_location":"","bundle_editable_in_cart":false,"bundle_sold_individually_context":"","bundle_item_grouping":"","bundle_min_size":"","bundle_max_size":"","bundled_items":[],"bundle_sell_ids":[],"_links":{"self":[{"href":"https:\/\/www.orentees.com\/es\/wp-json\/wp\/v2\/product\/148623","targetHints":{"allow":["GET"]}}],"collection":[{"href":"https:\/\/www.orentees.com\/es\/wp-json\/wp\/v2\/product"}],"about":[{"href":"https:\/\/www.orentees.com\/es\/wp-json\/wp\/v2\/types\/product"}],"version-history":[{"count":1,"href":"https:\/\/www.orentees.com\/es\/wp-json\/wp\/v2\/product\/148623\/revisions"}],"predecessor-version":[{"id":148665,"href":"https:\/\/www.orentees.com\/es\/wp-json\/wp\/v2\/product\/148623\/revisions\/148665"}],"wp:featuredmedia":[{"embeddable":true,"href":"https:\/\/www.orentees.com\/es\/wp-json\/wp\/v2\/media\/29297"}],"wp:attachment":[{"href":"https:\/\/www.orentees.com\/es\/wp-json\/wp\/v2\/media?parent=148623"}],"wp:term":[{"taxonomy":"product_brand","embeddable":true,"href":"https:\/\/www.orentees.com\/es\/wp-json\/wp\/v2\/product_brand?post=148623"},{"taxonomy":"product_cat","embeddable":true,"href":"https:\/\/www.orentees.com\/es\/wp-json\/wp\/v2\/product_cat?post=148623"},{"taxonomy":"product_tag","embeddable":true,"href":"https:\/\/www.orentees.com\/es\/wp-json\/wp\/v2\/product_tag?post=148623"}],"curies":[{"name":"wp","href":"https:\/\/api.w.org\/{rel}","templated":true}]}}