{"id":157287,"date":"2024-11-26T13:33:04","date_gmt":"2024-11-26T12:33:04","guid":{"rendered":"https:\/\/www.orentees.com\/?post_type=product&#038;p=157287"},"modified":"2024-11-26T17:08:08","modified_gmt":"2024-11-26T16:08:08","slug":"reparation-sac-a-dos","status":"publish","type":"product","link":"https:\/\/www.orentees.com\/es\/producto\/reparation-sac-a-dos\/","title":{"rendered":"Reparaci\u00f3n de mochilas"},"content":{"rendered":"","protected":false},"excerpt":{"rendered":"<h3>Reparaci\u00f3n de mochilas: Dale una nueva vida a tu compa\u00f1era de aventuras.<\/h3>\n<p>Dale una segunda vida a tu mochila, ya sea de senderismo, de hidrataci\u00f3n o portabeb\u00e9s, con nuestro servicio de reparaci\u00f3n especializado y ecol\u00f3gico. Nos enorgullecemos de restaurar la funcionalidad original de tu equipo (comodidad, durabilidad y practicidad) respetando al m\u00e1ximo su dise\u00f1o original.<\/p>\n<p>Nuestros servicios incluyen limpieza intensiva y desinfecci\u00f3n completa para garantizar una higiene impecable. Tambi\u00e9n sustituimos correas, hebillas, cierres, mosquetones y ganchos defectuosos. Cada reparaci\u00f3n se realiza con esmero, incorporando materiales reciclados siempre que sea posible, como parte de un enfoque de upcycling.<\/p>\n<p>Elige una alternativa responsable: dale nueva vida a tu mochila y reduce tu impacto ambiental. Prepara tu equipo para tus pr\u00f3ximas aventuras con reparaciones adecuadas y duraderas.<\/p>","protected":false},"featured_media":157173,"template":"","meta":{"_acf_changed":false},"product_brand":[],"product_cat":[4413],"product_tag":[],"class_list":{"0":"post-157287","1":"product","2":"type-product","3":"status-publish","4":"has-post-thumbnail","6":"product_cat-entretien-reparation","8":"first","9":"instock","10":"virtual","11":"taxable","12":"purchasable","13":"product-type-simple"},"bundled_by":[],"bundle_stock_status":"instock","bundle_stock_quantity":null,"bundle_virtual":false,"bundle_layout":"","bundle_add_to_cart_form_location":"","bundle_editable_in_cart":false,"bundle_sold_individually_context":"","bundle_item_grouping":"","bundle_min_size":"","bundle_max_size":"","bundled_items":[],"bundle_sell_ids":[],"_links":{"self":[{"href":"https:\/\/www.orentees.com\/es\/wp-json\/wp\/v2\/product\/157287","targetHints":{"allow":["GET"]}}],"collection":[{"href":"https:\/\/www.orentees.com\/es\/wp-json\/wp\/v2\/product"}],"about":[{"href":"https:\/\/www.orentees.com\/es\/wp-json\/wp\/v2\/types\/product"}],"version-history":[{"count":4,"href":"https:\/\/www.orentees.com\/es\/wp-json\/wp\/v2\/product\/157287\/revisions"}],"predecessor-version":[{"id":157335,"href":"https:\/\/www.orentees.com\/es\/wp-json\/wp\/v2\/product\/157287\/revisions\/157335"}],"wp:featuredmedia":[{"embeddable":true,"href":"https:\/\/www.orentees.com\/es\/wp-json\/wp\/v2\/media\/157173"}],"wp:attachment":[{"href":"https:\/\/www.orentees.com\/es\/wp-json\/wp\/v2\/media?parent=157287"}],"wp:term":[{"taxonomy":"product_brand","embeddable":true,"href":"https:\/\/www.orentees.com\/es\/wp-json\/wp\/v2\/product_brand?post=157287"},{"taxonomy":"product_cat","embeddable":true,"href":"https:\/\/www.orentees.com\/es\/wp-json\/wp\/v2\/product_cat?post=157287"},{"taxonomy":"product_tag","embeddable":true,"href":"https:\/\/www.orentees.com\/es\/wp-json\/wp\/v2\/product_tag?post=157287"}],"curies":[{"name":"wp","href":"https:\/\/api.w.org\/{rel}","templated":true}]}}