{"id":157295,"date":"2024-11-26T13:39:38","date_gmt":"2024-11-26T12:39:38","guid":{"rendered":"https:\/\/www.orentees.com\/?post_type=product&#038;p=157295"},"modified":"2024-11-26T17:08:32","modified_gmt":"2024-11-26T16:08:32","slug":"reparation-tente-bivouac-camping","status":"publish","type":"product","link":"https:\/\/www.orentees.com\/es\/producto\/reparation-tente-bivouac-camping\/","title":{"rendered":"Reparaci\u00f3n de tiendas de campa\u00f1a de vivac \u2013 Camping"},"content":{"rendered":"","protected":false},"excerpt":{"rendered":"<h3>Reparaci\u00f3n de tiendas de campa\u00f1a: conserva tus aventuras mediante el reciclaje creativo.<\/h3>\n<p>Prolonga la vida \u00fatil de tu tienda de campa\u00f1a de 3 o 4 estaciones y respeta el medio ambiente con nuestro servicio especializado de reparaci\u00f3n basado en el reciclaje creativo. Cada reparaci\u00f3n se realiza con esmero para mantener las caracter\u00edsticas originales de tu tienda (impermeabilidad, durabilidad y estabilidad) y respetar su dise\u00f1o original.<\/p>\n<p>Nuestros servicios incluyen la impermeabilizaci\u00f3n del toldo, la reparaci\u00f3n o sustituci\u00f3n de varillas da\u00f1adas, la reparaci\u00f3n de agujeros, rasgaduras y costuras sueltas, as\u00ed como la sustituci\u00f3n de cremalleras, velcro, correas y clips. Utilizamos materiales reciclados siempre que es posible, garantizando la resistencia y el rendimiento esenciales para tus aventuras al aire libre.<\/p>\n<p>Elige un enfoque sostenible y responsable. Con nuestra experiencia, tu tienda de campa\u00f1a estar\u00e1 lista para alcanzar nuevas alturas reduciendo al mismo tiempo su impacto ambiental.<\/p>","protected":false},"featured_media":157175,"template":"","meta":{"_acf_changed":false},"product_brand":[],"product_cat":[4413],"product_tag":[],"class_list":{"0":"post-157295","1":"product","2":"type-product","3":"status-publish","4":"has-post-thumbnail","6":"product_cat-entretien-reparation","8":"first","9":"instock","10":"virtual","11":"taxable","12":"purchasable","13":"product-type-simple"},"bundled_by":[],"bundle_stock_status":"instock","bundle_stock_quantity":null,"bundle_virtual":false,"bundle_layout":"","bundle_add_to_cart_form_location":"","bundle_editable_in_cart":false,"bundle_sold_individually_context":"","bundle_item_grouping":"","bundle_min_size":"","bundle_max_size":"","bundled_items":[],"bundle_sell_ids":[],"_links":{"self":[{"href":"https:\/\/www.orentees.com\/es\/wp-json\/wp\/v2\/product\/157295","targetHints":{"allow":["GET"]}}],"collection":[{"href":"https:\/\/www.orentees.com\/es\/wp-json\/wp\/v2\/product"}],"about":[{"href":"https:\/\/www.orentees.com\/es\/wp-json\/wp\/v2\/types\/product"}],"version-history":[{"count":2,"href":"https:\/\/www.orentees.com\/es\/wp-json\/wp\/v2\/product\/157295\/revisions"}],"predecessor-version":[{"id":157341,"href":"https:\/\/www.orentees.com\/es\/wp-json\/wp\/v2\/product\/157295\/revisions\/157341"}],"wp:featuredmedia":[{"embeddable":true,"href":"https:\/\/www.orentees.com\/es\/wp-json\/wp\/v2\/media\/157175"}],"wp:attachment":[{"href":"https:\/\/www.orentees.com\/es\/wp-json\/wp\/v2\/media?parent=157295"}],"wp:term":[{"taxonomy":"product_brand","embeddable":true,"href":"https:\/\/www.orentees.com\/es\/wp-json\/wp\/v2\/product_brand?post=157295"},{"taxonomy":"product_cat","embeddable":true,"href":"https:\/\/www.orentees.com\/es\/wp-json\/wp\/v2\/product_cat?post=157295"},{"taxonomy":"product_tag","embeddable":true,"href":"https:\/\/www.orentees.com\/es\/wp-json\/wp\/v2\/product_tag?post=157295"}],"curies":[{"name":"wp","href":"https:\/\/api.w.org\/{rel}","templated":true}]}}