{"id":161575,"date":"2024-12-10T14:01:39","date_gmt":"2024-12-10T13:01:39","guid":{"rendered":"https:\/\/www.orentees.com\/?post_type=product&#038;p=161575"},"modified":"2025-07-23T14:48:22","modified_gmt":"2025-07-23T12:48:22","slug":"osprey-poco-ag","status":"publish","type":"product","link":"https:\/\/www.orentees.com\/es\/producto\/osprey-poco-ag\/","title":{"rendered":"Portabeb\u00e9s de senderismo OSPREY POCO AG"},"content":{"rendered":"","protected":false},"excerpt":{"rendered":"<h3 style=\"font-size: 23px; font-weight: 600;\">Presentaci\u00f3n<\/h3>\n<p><strong>Descubre la mochila portabeb\u00e9s de senderismo Osprey Poco AG: comodidad y seguridad inigualables.<\/strong><\/p>\n<p>EL <strong>Portabeb\u00e9s Osprey Poco AG<\/strong> Es la opci\u00f3n ideal para padres aventureros. Compacto y vers\u00e1til, es perfecto para excursiones y viajes en cualquier \u00e9poca del a\u00f1o, a la vez que ofrece una comodidad inigualable tanto para el ni\u00f1o como para quien lo lleva.<\/p>\n<p>Dise\u00f1ado para ni\u00f1os de hasta <strong>22 kg<\/strong>Este modelo de alta gama garantiza una seguridad \u00f3ptima gracias a su arn\u00e9s y estribos ajustables. El asiento infantil tiene un dise\u00f1o ergon\u00f3mico que garantiza su comodidad, incluso en viajes largos.<\/p>\n<p>Para quien lo usa, el portabeb\u00e9s es sumamente c\u00f3modo gracias a su panel trasero ventilado y ajustable a lo largo de 15 cm, sus tirantes ventilados y su cintur\u00f3n ajustable con bolsillos con cremallera. Su estructura r\u00edgida facilita la colocaci\u00f3n del beb\u00e9 y se pliega para un transporte compacto.<\/p>\n<p>Viene con un <strong>visor solar integrado<\/strong> y uno <strong>Cubierta para la lluvia<\/strong>Esta mochila portabeb\u00e9s es ideal para afrontar cualquier clima. Con su compartimento de 22 litros, podr\u00e1s llevar todo lo necesario para explorar nuestras hermosas monta\u00f1as.<\/p>\n<p>Un aliado perfecto para una aventura familiar ecol\u00f3gica, libre de PFC.<\/p>\n<hr \/>\n<p style=\"text-align: center;\"><em><strong> La herramienta esencial para viajes de camping en familia o en grupo. \u00a1S\u00faper compacta para transportar!<\/strong><\/em><\/p>\n<hr \/>\n<p><em><span lang=\"fr\" style=\"font-size: 10pt; font-family: Verdana, sans-serif; color: #000000;\" xml:lang=\"fr\">* Imagen solo con fines ilustrativos<\/span><\/em><\/p>\n<p><span style=\"font-size: 10pt;\"> **Basado en un alquiler de 8 d\u00edas<\/span><\/p>","protected":false},"featured_media":83397,"template":"","meta":{"_acf_changed":false},"product_brand":[],"product_cat":[3649,3179],"product_tag":[],"class_list":{"0":"post-161575","1":"product","2":"type-product","3":"status-publish","4":"has-post-thumbnail","6":"product_cat-location-materiel-bivouac","7":"product_cat-porte-bebe-location-materiel-bivouac","9":"first","10":"instock","11":"taxable","12":"shipping-taxable","13":"purchasable","14":"product-type-simple"},"bundled_by":["36175"],"bundle_stock_status":"instock","bundle_stock_quantity":24,"bundle_virtual":false,"bundle_layout":"","bundle_add_to_cart_form_location":"","bundle_editable_in_cart":false,"bundle_sold_individually_context":"","bundle_item_grouping":"","bundle_min_size":"","bundle_max_size":"","bundled_items":[],"bundle_sell_ids":[],"_links":{"self":[{"href":"https:\/\/www.orentees.com\/es\/wp-json\/wp\/v2\/product\/161575","targetHints":{"allow":["GET"]}}],"collection":[{"href":"https:\/\/www.orentees.com\/es\/wp-json\/wp\/v2\/product"}],"about":[{"href":"https:\/\/www.orentees.com\/es\/wp-json\/wp\/v2\/types\/product"}],"version-history":[{"count":10,"href":"https:\/\/www.orentees.com\/es\/wp-json\/wp\/v2\/product\/161575\/revisions"}],"predecessor-version":[{"id":186131,"href":"https:\/\/www.orentees.com\/es\/wp-json\/wp\/v2\/product\/161575\/revisions\/186131"}],"wp:featuredmedia":[{"embeddable":true,"href":"https:\/\/www.orentees.com\/es\/wp-json\/wp\/v2\/media\/83397"}],"wp:attachment":[{"href":"https:\/\/www.orentees.com\/es\/wp-json\/wp\/v2\/media?parent=161575"}],"wp:term":[{"taxonomy":"product_brand","embeddable":true,"href":"https:\/\/www.orentees.com\/es\/wp-json\/wp\/v2\/product_brand?post=161575"},{"taxonomy":"product_cat","embeddable":true,"href":"https:\/\/www.orentees.com\/es\/wp-json\/wp\/v2\/product_cat?post=161575"},{"taxonomy":"product_tag","embeddable":true,"href":"https:\/\/www.orentees.com\/es\/wp-json\/wp\/v2\/product_tag?post=161575"}],"curies":[{"name":"wp","href":"https:\/\/api.w.org\/{rel}","templated":true}]}}