{"id":178841,"date":"2025-03-12T08:20:48","date_gmt":"2025-03-12T07:20:48","guid":{"rendered":"https:\/\/www.orentees.com\/?post_type=product&#038;p=178841"},"modified":"2025-03-13T18:44:41","modified_gmt":"2025-03-13T17:44:41","slug":"location-tente-msr-hubba-hubba-bikepack-2-p","status":"publish","type":"product","link":"https:\/\/www.orentees.com\/es\/producto\/location-tente-msr-hubba-hubba-bikepack-2-p\/","title":{"rendered":"MSR HUBBA Alquiler de tienda de campa\u00f1a Hubba Bikepack 2 p"},"content":{"rendered":"<h1 data-start=\"111\" data-end=\"208\"><strong data-start=\"113\" data-end=\"206\">Tienda de campa\u00f1a MSR Hubba Hubba\u2122 Bikepack para 2 personas: comodidad y ligereza para viajes en bicicleta para dos.<\/strong><\/h1>\n<p data-start=\"210\" data-end=\"604\">Perfecto para los entusiastas de <strong data-start=\"242\" data-end=\"257\">cicloturismo<\/strong>, all\u00e1 <strong data-start=\"262\" data-end=\"300\">MSR Hubba Hubba\u2122 Bikepack para 2 personas<\/strong> Es una tienda de campa\u00f1a ultraligera y compacta, dise\u00f1ada para ciclistas que desean viajar en pareja sin renunciar a la comodidad. Gracias a su tama\u00f1o optimizado y su <strong data-start=\"459\" data-end=\"493\">Bolsa de almacenamiento espec\u00edfica para la bicicleta<\/strong>Se acopla f\u00e1cilmente a la <strong data-start=\"526\" data-end=\"536\">manillar<\/strong> o el <strong data-start=\"543\" data-end=\"552\">marco<\/strong>Haciendo que cada paso de tu aventura sea m\u00e1s f\u00e1cil.<\/p>\n<p data-start=\"606\" data-end=\"858\">Hecho con <strong data-start=\"625\" data-end=\"661\">materiales resistentes y duraderos<\/strong>Esta tienda de campa\u00f1a garantiza <strong data-start=\"684\" data-end=\"736\">Excelente protecci\u00f3n contra los elementos<\/strong>, al tiempo que se garantiza un <strong data-start=\"759\" data-end=\"783\">ventilaci\u00f3n \u00f3ptima<\/strong> para disfrutar de noches placenteras, incluso durante las expediciones m\u00e1s exigentes.<\/p>\n<hr data-start=\"860\" data-end=\"863\" \/>\n<h2 data-start=\"865\" data-end=\"942\"><strong data-start=\"868\" data-end=\"940\">Especificaciones t\u00e9cnicas de la tienda de campa\u00f1a MSR Hubba Hubba\u2122 Bikepack 2P<\/strong><\/h2>\n<ul data-start=\"943\" data-end=\"1380\">\n<li data-start=\"943\" data-end=\"973\"><strong data-start=\"945\" data-end=\"957\">Capacidad<\/strong> : 2 personas<\/li>\n<li data-start=\"974\" data-end=\"1017\"><strong data-start=\"976\" data-end=\"993\">Peso m\u00ednimo<\/strong> : 1,40 kg (3 lb 1 oz)<\/li>\n<li data-start=\"1018\" data-end=\"1062\"><strong data-start=\"1020\" data-end=\"1037\">Peso del paquete<\/strong> : 1,71 kg (3 lb 12 oz)<\/li>\n<li data-start=\"1063\" data-end=\"1110\"><strong data-start=\"1065\" data-end=\"1087\">Superficie interior<\/strong> : 2,7 m\u00b2 (29 pies cuadrados)<\/li>\n<li data-start=\"1111\" data-end=\"1160\"><strong data-start=\"1113\" data-end=\"1134\">Superficie del vest\u00edbulo<\/strong> : 1,62 m\u00b2 (17,5 pies cuadrados)<\/li>\n<li data-start=\"1161\" data-end=\"1204\"><strong data-start=\"1163\" data-end=\"1185\">Altura interior<\/strong> : 100 cm (39 pulgadas)<\/li>\n<li data-start=\"1205\" data-end=\"1233\"><strong data-start=\"1207\" data-end=\"1227\">N\u00famero de puertas<\/strong> : 2<\/li>\n<li data-start=\"1234\" data-end=\"1260\"><strong data-start=\"1236\" data-end=\"1254\">N\u00famero de m\u00e1stiles<\/strong> : 2<\/li>\n<li data-start=\"1261\" data-end=\"1293\"><strong data-start=\"1263\" data-end=\"1285\">Tienda de campa\u00f1a independiente<\/strong> : S\u00ed<\/li>\n<li data-start=\"1294\" data-end=\"1357\"><strong data-start=\"1296\" data-end=\"1317\">Dimensiones plegadas<\/strong> : 39 x 17 x 13 cm (15,5 x 6,5 x 5 pulgadas)<\/li>\n<li data-start=\"1358\" data-end=\"1380\"><strong data-start=\"1360\" data-end=\"1371\">Color<\/strong> : Verde<\/li>\n<\/ul>\n<hr data-start=\"1382\" data-end=\"1385\" \/>\n<h2 data-start=\"1387\" data-end=\"1453\"><strong data-start=\"1390\" data-end=\"1451\">Un dise\u00f1o robusto y de alto rendimiento para bikepacking<\/strong><\/h2>\n<p data-start=\"1455\" data-end=\"2091\">\u2714 <strong data-start=\"1457\" data-end=\"1472\">Doble techo<\/strong> : Nylon ripstop 20D con revestimiento de poli\u00e9ter uretano y silicona (1200 mm) \u2013 sin retardantes de llama, que ofrece una protecci\u00f3n impermeable eficaz.<br data-start=\"1623\" data-end=\"1626\" \/>\u2714 <strong data-start=\"1628\" data-end=\"1639\">Dormitorio<\/strong> : Nylon ripstop 20D con tratamiento repelente al agua DWR C0 y <strong data-start=\"1696\" data-end=\"1734\">malla de poli\u00e9ster micro-malla 10D<\/strong> para una ventilaci\u00f3n \u00f3ptima y protecci\u00f3n contra insectos.<br data-start=\"1803\" data-end=\"1806\" \/>\u2714 <strong data-start=\"1808\" data-end=\"1815\">Suelo<\/strong> : Nylon ripstop 20D con revestimiento de uretano de poli\u00e9ter (1200 mm) y tratamiento repelente al agua C0 DWR, que garantiza un excelente aislamiento contra la humedad.<br data-start=\"1964\" data-end=\"1967\" \/>\u2714 <strong data-start=\"1969\" data-end=\"1990\">Malla ultrafina<\/strong> Protege contra los insectos mientras <strong data-start=\"2022\" data-end=\"2060\">maximizar la circulaci\u00f3n de aire<\/strong> para evitar la condensaci\u00f3n.<\/p>\n<hr data-start=\"2093\" data-end=\"2096\" \/>\n<h2 data-start=\"2098\" data-end=\"2154\"><strong data-start=\"2101\" data-end=\"2152\">Equipamiento completo para tus aventuras en bicicleta<\/strong><\/h2>\n<ul data-start=\"2156\" data-end=\"2448\">\n<li data-start=\"2156\" data-end=\"2202\"><strong data-start=\"2158\" data-end=\"2200\">Tienda completa (tienda interior + sobretecho)<\/strong><\/li>\n<li data-start=\"2203\" data-end=\"2263\"><strong data-start=\"2205\" data-end=\"2261\">Bolsa de almacenamiento ultracompacta ideal para cicloturismo<\/strong><\/li>\n<li data-start=\"2264\" data-end=\"2335\"><strong data-start=\"2266\" data-end=\"2333\">Postes de aluminio DAC Featherlite NFL y bolsa de transporte espec\u00edfica<\/strong><\/li>\n<li data-start=\"2336\" data-end=\"2397\"><strong data-start=\"2338\" data-end=\"2395\">8 estacas ligeras para tienda de campa\u00f1a + vientos para un anclaje seguro<\/strong><\/li>\n<li data-start=\"2398\" data-end=\"2448\"><strong data-start=\"2400\" data-end=\"2446\">Bolsa para sardinas e instrucciones de instalaci\u00f3n<\/strong><\/li>\n<\/ul>\n<hr data-start=\"2450\" data-end=\"2453\" \/>\n<h2 data-start=\"2455\" data-end=\"2541\"><strong data-start=\"2458\" data-end=\"2539\">\u00bfPor qu\u00e9 elegir alquilar la tienda de campa\u00f1a MSR Hubba Hubba\u2122 Bikepack para 2 personas?<\/strong><\/h2>\n<p data-start=\"2543\" data-end=\"3111\">\u2714 <strong data-start=\"2545\" data-end=\"2567\">Ligero y compacto<\/strong> Un peso optimizado y un <strong data-start=\"2594\" data-end=\"2619\">Formato adecuado para el ciclismo<\/strong>, ideal para cicloturismo.<br data-start=\"2647\" data-end=\"2650\" \/>\u2714 <strong data-start=\"2652\" data-end=\"2670\">Montaje r\u00e1pido<\/strong> Sistema intuitivo con <strong data-start=\"2695\" data-end=\"2724\">aros codificados por colores<\/strong>permitiendo un <strong data-start=\"2740\" data-end=\"2762\">ensamblaje expr\u00e9s<\/strong>.<br data-start=\"2763\" data-end=\"2766\" \/>\u2714 <strong data-start=\"2768\" data-end=\"2787\">M\u00e1ximo confort<\/strong> : 2 grandes puertas y \u00e1bsides que ofrecen <strong data-start=\"2826\" data-end=\"2879\">F\u00e1cil acceso y amplio espacio de almacenamiento<\/strong>.<br data-start=\"2880\" data-end=\"2883\" \/>\u2714 <strong data-start=\"2885\" data-end=\"2915\">resistencia a la intemperie<\/strong> Materiales de alta gama dise\u00f1ados para <strong data-start=\"2954\" data-end=\"2987\">Desafiar la lluvia y el viento<\/strong>.<br data-start=\"2988\" data-end=\"2991\" \/>\u2714 <strong data-start=\"2993\" data-end=\"3027\">Soluci\u00f3n sostenible y econ\u00f3mica<\/strong> : <strong data-start=\"3030\" data-end=\"3057\">Alquilar en lugar de comprar<\/strong> para probar equipos de alto rendimiento sin compromiso.<\/p>\n<hr data-start=\"3113\" data-end=\"3116\" \/>\n<p data-start=\"3118\" data-end=\"3223\"><strong data-start=\"3118\" data-end=\"3221\">\u00a1Opta por el alquiler de la tienda de campa\u00f1a MSR Hubba Hubba\u2122 Bikepack para 2 personas y emprende tu viaje con total tranquilidad!<\/strong><\/p>\n<p data-start=\"3225\" data-end=\"3442\" data-is-last-node=\"\" data-is-only-node=\"\">Ya sea que est\u00e9s planeando un <strong data-start=\"3248\" data-end=\"3276\">viaje en bicicleta por carretera<\/strong>, a <strong data-start=\"3282\" data-end=\"3315\">Env\u00edo en varios d\u00edas<\/strong> o un <strong data-start=\"3322\" data-end=\"3345\">fin de semana de aventura<\/strong>Esta tienda de campa\u00f1a ligera, robusta y pr\u00e1ctica es la compa\u00f1era ideal para tus noches al aire libre.<\/p>","protected":false},"excerpt":{"rendered":"<p style=\"text-align: left; font-size: 18px;\"><strong>Presentaci\u00f3n:<\/strong><\/p>\n<p data-start=\"115\" data-end=\"481\">Descubre el <strong data-start=\"128\" data-end=\"180\">Alquiler de tienda de campa\u00f1a MSR Hubba Hubba Bikepack 2P<\/strong>El equipo ideal para tus aventuras en <strong data-start=\"223\" data-end=\"245\">Cicloturismo para dos<\/strong> Dise\u00f1ado espec\u00edficamente para ciclistas que buscan <strong data-start=\"299\" data-end=\"343\">ligereza, compacidad y rendimiento<\/strong>Esta tienda ultraligera es perfecta para una <strong data-start=\"391\" data-end=\"408\">viaje para dos<\/strong>ya sea para una expedici\u00f3n corta o un viaje de larga distancia.<\/p>\n<p data-start=\"483\" data-end=\"935\">Con un <strong data-start=\"491\" data-end=\"519\">peso m\u00ednimo de 1,40 kg <\/strong>(1,71 kg est\u00e1ndar), se transporta f\u00e1cilmente en el <strong data-start=\"558\" data-end=\"594\">manillar, cuadro o alforjas<\/strong>gracias a su <strong data-start=\"608\" data-end=\"644\">bolsa de compresi\u00f3n ultracompacta<\/strong>. Su <strong data-start=\"650\" data-end=\"680\">Montaje r\u00e1pido e intuitivo<\/strong> De hecho, es un valioso aliado despu\u00e9s de un largo d\u00eda de ciclismo: su <strong data-start=\"749\" data-end=\"772\">sistema autosostenible<\/strong> y su <strong data-start=\"780\" data-end=\"824\">Aros de aluminio DAC Featherlite NFL<\/strong> asegurar un <strong data-start=\"838\" data-end=\"879\">estabilidad y resistencia \u00f3ptimas<\/strong>incluso ante condiciones clim\u00e1ticas adversas.<\/p>\n<p data-start=\"937\" data-end=\"1408\">Ideal para el <strong data-start=\"952\" data-end=\"974\">Cicloturismo para dos<\/strong>esta tienda <strong data-start=\"988\" data-end=\"1001\">3 temporadas<\/strong> te protege eficazmente del viento y la lluvia al tiempo que garantiza una <strong data-start=\"1072\" data-end=\"1096\">ventilaci\u00f3n \u00f3ptima<\/strong> gracias a sus paneles de malla y su <strong data-start=\"1133\" data-end=\"1161\">dos puertas con \u00e1bsides<\/strong>que facilitan el acceso y ofrecen espacio de almacenamiento adicional para su equipo. <strong data-start=\"1262\" data-end=\"1288\">tejido de nailon antidesgarro<\/strong> con <strong data-start=\"1294\" data-end=\"1319\">Recubrimiento Xtreme Shield\u2122<\/strong> garant\u00edas <strong data-start=\"1333\" data-end=\"1359\">impermeabilizaci\u00f3n duradera<\/strong>para disfrutar de noches confortables rodeado de naturaleza.<\/p>\n<p>Ideal para tres estaciones, te proteger\u00e1 eficazmente.<\/p>\n<p>Tambi\u00e9n disponible en paquete.<\/p>\n<p>Nota: Todas nuestras tiendas de campa\u00f1a se suministran con una lona de suelo para protegerlas del desgaste y mejorar su impermeabilidad y comodidad.<\/p>\n<hr \/>\n<p style=\"text-align: center;\"><em><strong>Opini\u00f3n de Pierre:<\/strong> \u201c\u00a1Alquilar la Hubba Hubba Bikepack 2P garantiza un equipo fiable para una exitosa expedici\u00f3n de cicloturismo para dos! Su peque\u00f1o tama\u00f1o y robustez la convierten en una tienda ideal para viajar ligero sin renunciar a la comodidad.<\/em><em>&#8220;<\/em><\/p>\n<hr \/>\n<p>&nbsp;<\/p>\n<p>&nbsp;<\/p>\n<p style=\"text-align: left; font-size: 12px; font family: Acier;\"><strong><a href=\"https:\/\/www.orentees.com\/es\/faq\/#retourtente\">INFORMACI\u00d3N IMPORTANTE SOBRE LA DEVOLUCI\u00d3N DE TIENDAS DE CAMPA\u00d1A Y ART\u00cdCULOS: <span style=\"text-decoration: underline; font-size: 16px;\"> LEA AQU\u00cd<\/span><\/a><\/strong><\/p>\n<p>&nbsp;<\/p>\n<p><em><span lang=\"fr\" style=\"font-size: 10pt; font-family: Verdana, sans-serif; color: #000000;\" xml:lang=\"fr\">* Imagen solo con fines ilustrativos<\/span><\/em><\/p>\n<p><span style=\"font-size: 10pt;\"> **Basado en un alquiler de 8 d\u00edas<\/span><\/p>","protected":false},"featured_media":178821,"template":"","meta":{"_acf_changed":false},"product_brand":[],"product_cat":[3763,3673],"product_tag":[],"class_list":{"0":"post-178841","1":"product","2":"type-product","3":"status-publish","4":"has-post-thumbnail","6":"product_cat-tente-bikepacking","7":"product_cat-location-bikepacking","9":"first","10":"instock","11":"taxable","12":"shipping-taxable","13":"purchasable","14":"product-type-simple"},"bundled_by":["178917"],"bundle_stock_status":"instock","bundle_stock_quantity":2,"bundle_virtual":false,"bundle_layout":"","bundle_add_to_cart_form_location":"","bundle_editable_in_cart":false,"bundle_sold_individually_context":"","bundle_item_grouping":"","bundle_min_size":"","bundle_max_size":"","bundled_items":[],"bundle_sell_ids":[],"_links":{"self":[{"href":"https:\/\/www.orentees.com\/es\/wp-json\/wp\/v2\/product\/178841","targetHints":{"allow":["GET"]}}],"collection":[{"href":"https:\/\/www.orentees.com\/es\/wp-json\/wp\/v2\/product"}],"about":[{"href":"https:\/\/www.orentees.com\/es\/wp-json\/wp\/v2\/types\/product"}],"version-history":[{"count":4,"href":"https:\/\/www.orentees.com\/es\/wp-json\/wp\/v2\/product\/178841\/revisions"}],"predecessor-version":[{"id":179189,"href":"https:\/\/www.orentees.com\/es\/wp-json\/wp\/v2\/product\/178841\/revisions\/179189"}],"wp:featuredmedia":[{"embeddable":true,"href":"https:\/\/www.orentees.com\/es\/wp-json\/wp\/v2\/media\/178821"}],"wp:attachment":[{"href":"https:\/\/www.orentees.com\/es\/wp-json\/wp\/v2\/media?parent=178841"}],"wp:term":[{"taxonomy":"product_brand","embeddable":true,"href":"https:\/\/www.orentees.com\/es\/wp-json\/wp\/v2\/product_brand?post=178841"},{"taxonomy":"product_cat","embeddable":true,"href":"https:\/\/www.orentees.com\/es\/wp-json\/wp\/v2\/product_cat?post=178841"},{"taxonomy":"product_tag","embeddable":true,"href":"https:\/\/www.orentees.com\/es\/wp-json\/wp\/v2\/product_tag?post=178841"}],"curies":[{"name":"wp","href":"https:\/\/api.w.org\/{rel}","templated":true}]}}