{"id":30152,"date":"2020-03-29T17:41:45","date_gmt":"2020-03-29T15:41:45","guid":{"rendered":"https:\/\/www.orentees.com\/?post_type=product&#038;p=30152"},"modified":"2024-10-08T13:05:58","modified_gmt":"2024-10-08T11:05:58","slug":"location-sac-a-dos-randonnee-50l","status":"publish","type":"product","link":"https:\/\/www.orentees.com\/es\/producto\/location-sac-a-dos-randonnee-50l\/","title":{"rendered":"Alquiler de mochilas de senderismo de 50 litros"},"content":{"rendered":"<h3><strong>Alquiler de mochilas de 50 litros para senderismo y trekking.<\/strong><\/h3>\n<p>Esta mochila Millet est\u00e1 dise\u00f1ada para monta\u00f1ismo y senderismo de larga distancia. Gracias a su gran capacidad, robustez, dise\u00f1o ergon\u00f3mico y versatilidad, es perfecta para aventuras prolongadas.<\/p>\n<p>Gracias a sus m\u00faltiples ajustes, permite un transporte muy c\u00f3modo. El panel trasero est\u00e1 ventilado y facilita la evacuaci\u00f3n eficaz del sudor.<\/p>\n<p>La mochila permite acoplar de forma r\u00e1pida y sencilla piolets y bastones de senderismo: muy pr\u00e1ctica en su uso.<\/p>\n<p>Su apertura tipo maleta permite un f\u00e1cil acceso a todos los art\u00edculos guardados. Adem\u00e1s, incluye una funda para la lluvia muy f\u00e1cil de instalar.<\/p>\n<p><strong>En breve:<\/strong><\/p>\n<ul>\n<li>Capacidad de almacenamiento 50 litros,<\/li>\n<li>Peso 1,9 kg<\/li>\n<li>Acceso central, tipo maleta, muy pr\u00e1ctico.<\/li>\n<li>Numerosos dispositivos de transporte,<\/li>\n<li>Configuraci\u00f3n sencilla y pr\u00e1ctica,<\/li>\n<li>Un cintur\u00f3n de transporte resistente que alivia eficazmente la tensi\u00f3n en la espalda.<\/li>\n<\/ul>","protected":false},"excerpt":{"rendered":"<p style=\"text-align: left; font-size: 18px;\"><strong>Presentaci\u00f3n:<\/strong><\/p>\n<p><span id=\"p163\">Vers\u00e1til, la mochila Millet es ideal para largas caminatas o salidas familiares. <span id=\"169\">HANANG<\/span> El modelo 50 ofrece un gran volumen de almacenamiento. Su apertura frontal, tipo maleta, resulta muy pr\u00e1ctica para acceder a todo el equipo que se transporta.<\/span><\/p>\n<p><span id=\"p163\">Gracias a sus m\u00faltiples ajustes y a su resistente correa, permite transportar cargas pesadas sin problema. Adem\u00e1s, el panel trasero cuenta con una ventilaci\u00f3n eficaz.<\/span><\/p>\n<p><span id=\"p175\">Incorpora una superficie <span id=\"176\" class=\"s-rg-t\">bolsa<\/span> Para brindar una protecci\u00f3n eficaz contra la lluvia, tambi\u00e9n est\u00e1 equipada con fijaciones para acoplar diversos equipos.<\/span><span id=\"p177\">.<\/span><\/p>","protected":false},"featured_media":144555,"template":"","meta":{"_acf_changed":false},"product_brand":[],"product_cat":[3645],"product_tag":[],"class_list":{"0":"post-30152","1":"product","2":"type-product","3":"status-publish","4":"has-post-thumbnail","6":"product_cat-bagagerie-voyage","8":"first","9":"instock","10":"taxable","11":"shipping-taxable","12":"purchasable","13":"product-type-simple"},"bundled_by":["31803","35400","35403","35406","35417","36071","50770","50778","92979","179951","186205"],"bundle_stock_status":"instock","bundle_stock_quantity":23,"bundle_virtual":false,"bundle_layout":"","bundle_add_to_cart_form_location":"","bundle_editable_in_cart":false,"bundle_sold_individually_context":"","bundle_item_grouping":"","bundle_min_size":"","bundle_max_size":"","bundled_items":[],"bundle_sell_ids":[],"_links":{"self":[{"href":"https:\/\/www.orentees.com\/es\/wp-json\/wp\/v2\/product\/30152","targetHints":{"allow":["GET"]}}],"collection":[{"href":"https:\/\/www.orentees.com\/es\/wp-json\/wp\/v2\/product"}],"about":[{"href":"https:\/\/www.orentees.com\/es\/wp-json\/wp\/v2\/types\/product"}],"version-history":[{"count":6,"href":"https:\/\/www.orentees.com\/es\/wp-json\/wp\/v2\/product\/30152\/revisions"}],"predecessor-version":[{"id":184169,"href":"https:\/\/www.orentees.com\/es\/wp-json\/wp\/v2\/product\/30152\/revisions\/184169"}],"wp:featuredmedia":[{"embeddable":true,"href":"https:\/\/www.orentees.com\/es\/wp-json\/wp\/v2\/media\/144555"}],"wp:attachment":[{"href":"https:\/\/www.orentees.com\/es\/wp-json\/wp\/v2\/media?parent=30152"}],"wp:term":[{"taxonomy":"product_brand","embeddable":true,"href":"https:\/\/www.orentees.com\/es\/wp-json\/wp\/v2\/product_brand?post=30152"},{"taxonomy":"product_cat","embeddable":true,"href":"https:\/\/www.orentees.com\/es\/wp-json\/wp\/v2\/product_cat?post=30152"},{"taxonomy":"product_tag","embeddable":true,"href":"https:\/\/www.orentees.com\/es\/wp-json\/wp\/v2\/product_tag?post=30152"}],"curies":[{"name":"wp","href":"https:\/\/api.w.org\/{rel}","templated":true}]}}