{"id":30259,"date":"2020-05-05T16:09:20","date_gmt":"2020-05-05T14:09:20","guid":{"rendered":"https:\/\/www.orentees.com\/?post_type=product&#038;p=30259"},"modified":"2025-03-13T18:44:21","modified_gmt":"2025-03-13T17:44:21","slug":"tente-camping-canyon-2xl-pour-2","status":"publish","type":"product","link":"https:\/\/www.orentees.com\/es\/producto\/tente-camping-canyon-2xl-pour-2\/","title":{"rendered":"Tienda de campa\u00f1a Canyon 2XL para 2 personas"},"content":{"rendered":"<h3><strong>Tienda de campa\u00f1a JAMET CANYON 2XL<\/strong><\/h3>\n<p>Conocida por la robustez de sus tiendas de campa\u00f1a, JAMET nos ofrece una tienda de campa\u00f1a tipo domo de 3 varillas que es a la vez espaciosa y ligera.<\/p>\n<p>Gracias a su doble techo integrado, es impermeable y te proteger\u00e1 de las inclemencias del tiempo.<\/p>\n<p>Dise\u00f1ada para acampar, gracias a su ligereza y tama\u00f1o compacto, tambi\u00e9n puede acompa\u00f1arte en excursiones.<\/p>","protected":false},"excerpt":{"rendered":"<h3>Alquiler de tienda de campa\u00f1a Canyon 2XL de JAMET.<\/h3>\n<ul>\n<li><span lang=\"fr\" xml:lang=\"fr\"> \u2013 2 plazas, modelo ligero.<\/span><\/li>\n<li><span lang=\"fr\" xml:lang=\"fr\"> Tienda de campa\u00f1a tipo domo con 3 postes. F\u00e1cil montaje.<\/span><\/li>\n<li><span lang=\"fr\" xml:lang=\"fr\"> \u2013 Espacioso, con un dormitorio amplio y toldo<\/span><\/li>\n<li><span lang=\"fr\" xml:lang=\"fr\"> \u2013 Puerta con mosquitera<\/span><\/li>\n<\/ul>\n<hr \/>\n<p><em><strong>Opini\u00f3n de Pierre:<\/strong> \u201cUn modelo de 2 plazas que ofrece mucho espacio. Apreciamos su comodidad para dormir bien por la noche.\u201d<\/em><\/p>\n<hr \/>\n<p style=\"text-align: left; font-size: 12px; font family: Acier;\"><strong><a href=\"https:\/\/www.orentees.com\/es\/faq\/#retourtente\">INFORMACI\u00d3N IMPORTANTE SOBRE LA DEVOLUCI\u00d3N DE TIENDAS DE CAMPA\u00d1A Y ART\u00cdCULOS: <span style=\"text-decoration: underline; font-size: 16px;\"> LEA AQU\u00cd<\/span><\/a><\/strong><\/p>\n<p>&nbsp;<br \/>\n<em><span lang=\"fr\" xml:lang=\"fr\">* Imagen solo con fines ilustrativos<\/span><\/em><\/p>\n<p>**Basado en un alquiler de 8 d\u00edas<\/p>","protected":false},"featured_media":144645,"template":"","meta":{"_acf_changed":false},"product_brand":[],"product_cat":[3685,3687],"product_tag":[],"class_list":{"0":"post-30259","1":"product","2":"type-product","3":"status-publish","4":"has-post-thumbnail","6":"product_cat-location-materiel-camping","7":"product_cat-tente-camping","9":"first","10":"instock","11":"taxable","12":"shipping-taxable","13":"purchasable","14":"product-type-simple"},"bundled_by":["30227"],"bundle_stock_status":"instock","bundle_stock_quantity":13,"bundle_virtual":false,"bundle_layout":"","bundle_add_to_cart_form_location":"","bundle_editable_in_cart":false,"bundle_sold_individually_context":"","bundle_item_grouping":"","bundle_min_size":"","bundle_max_size":"","bundled_items":[],"bundle_sell_ids":[],"_links":{"self":[{"href":"https:\/\/www.orentees.com\/es\/wp-json\/wp\/v2\/product\/30259","targetHints":{"allow":["GET"]}}],"collection":[{"href":"https:\/\/www.orentees.com\/es\/wp-json\/wp\/v2\/product"}],"about":[{"href":"https:\/\/www.orentees.com\/es\/wp-json\/wp\/v2\/types\/product"}],"version-history":[{"count":3,"href":"https:\/\/www.orentees.com\/es\/wp-json\/wp\/v2\/product\/30259\/revisions"}],"predecessor-version":[{"id":179187,"href":"https:\/\/www.orentees.com\/es\/wp-json\/wp\/v2\/product\/30259\/revisions\/179187"}],"wp:featuredmedia":[{"embeddable":true,"href":"https:\/\/www.orentees.com\/es\/wp-json\/wp\/v2\/media\/144645"}],"wp:attachment":[{"href":"https:\/\/www.orentees.com\/es\/wp-json\/wp\/v2\/media?parent=30259"}],"wp:term":[{"taxonomy":"product_brand","embeddable":true,"href":"https:\/\/www.orentees.com\/es\/wp-json\/wp\/v2\/product_brand?post=30259"},{"taxonomy":"product_cat","embeddable":true,"href":"https:\/\/www.orentees.com\/es\/wp-json\/wp\/v2\/product_cat?post=30259"},{"taxonomy":"product_tag","embeddable":true,"href":"https:\/\/www.orentees.com\/es\/wp-json\/wp\/v2\/product_tag?post=30259"}],"curies":[{"name":"wp","href":"https:\/\/api.w.org\/{rel}","templated":true}]}}