{"id":30290,"date":"2020-05-05T20:50:39","date_gmt":"2020-05-05T18:50:39","guid":{"rendered":"https:\/\/www.orentees.com\/?post_type=product&#038;p=30290"},"modified":"2024-12-04T13:36:40","modified_gmt":"2024-12-04T12:36:40","slug":"paille-filtrante-lifestraw","status":"publish","type":"product","link":"https:\/\/www.orentees.com\/es\/producto\/paille-filtrante-lifestraw\/","title":{"rendered":"Pajita filtrante LIFESTRAW"},"content":{"rendered":"<h3>PAJITA FILTRANTE LIFESTRAW<\/h3>\n<p>La pajita puede filtrar hasta 4.000 litros de agua independientemente de la ubicaci\u00f3n o la calidad del agua.<\/p>\n<p>Simplemente \u00e9chalo al lago o al r\u00edo y asp\u00edralo.<\/p>\n<p>Ideal para paseos y excursiones.<\/p>","protected":false},"excerpt":{"rendered":"<h3>Alquiler de pajitas filtrantes LIFESTRAW.<\/h3>\n<ul>\n<li><span lang=\"fr\" xml:lang=\"fr\"> \u2013 Ultraligero.<\/span><\/li>\n<li><span lang=\"fr\" xml:lang=\"fr\"> Purifica hasta 4.000 litros de agua<\/span><\/li>\n<li><span lang=\"fr\" xml:lang=\"fr\"> Elimina el 99,99991% de las bacterias<\/span><\/li>\n<\/ul>\n<p style=\"text-align: center;\"><strong>TODOS NUESTROS PRODUCTOS DE HIDRATACI\u00d3N SE LAVAN Y DESINFECTAN SIST\u00c9MICAMENTE ENTRE CADA USO.<\/strong><\/p>\n<hr \/>\n<p style=\"text-align: center;\"><em><strong>Opini\u00f3n de Nancy:<\/strong> \u201c\u00bfC\u00f3mo lograr que los ni\u00f1os amen el senderismo? Es muy sencillo: \u00a1no olviden el LifeStraw! Caminar\u00e1n de arroyo en arroyo, bebiendo agua fresca directamente de la fuente.\u201d<\/em><\/p>\n<hr \/>\n<p><em><span lang=\"fr\" style=\"font-size: 10pt; font-family: Verdana, sans-serif; color: #000000;\" xml:lang=\"fr\">* Imagen solo con fines ilustrativos<\/span><\/em><\/p>\n<p><span style=\"font-size: 10pt;\"> **Basado en un alquiler de 8 d\u00edas<\/span><\/p>","protected":false},"featured_media":144537,"template":"","meta":{"_acf_changed":false},"product_brand":[],"product_cat":[3051],"product_tag":[],"class_list":{"0":"post-30290","1":"product","2":"type-product","3":"status-publish","4":"has-post-thumbnail","6":"product_cat-accueil","7":"pa_caution-en-eur-1101","8":"pa_modele-lifestraw-personnal","9":"pa_poids-57-g","10":"pa_type-produit-randonnee-trekking","12":"first","13":"instock","14":"taxable","15":"shipping-taxable","16":"purchasable","17":"product-type-simple"},"bundled_by":["30215","31803","35400","35403","35406","35417","35993","35997","36000","36036","36071","50565","50579","50770","50778","50795","92979","178911","178917","179951","186205"],"bundle_stock_status":"instock","bundle_stock_quantity":9,"bundle_virtual":false,"bundle_layout":"","bundle_add_to_cart_form_location":"","bundle_editable_in_cart":false,"bundle_sold_individually_context":"","bundle_item_grouping":"","bundle_min_size":"","bundle_max_size":"","bundled_items":[],"bundle_sell_ids":[],"_links":{"self":[{"href":"https:\/\/www.orentees.com\/es\/wp-json\/wp\/v2\/product\/30290","targetHints":{"allow":["GET"]}}],"collection":[{"href":"https:\/\/www.orentees.com\/es\/wp-json\/wp\/v2\/product"}],"about":[{"href":"https:\/\/www.orentees.com\/es\/wp-json\/wp\/v2\/types\/product"}],"version-history":[{"count":2,"href":"https:\/\/www.orentees.com\/es\/wp-json\/wp\/v2\/product\/30290\/revisions"}],"predecessor-version":[{"id":144785,"href":"https:\/\/www.orentees.com\/es\/wp-json\/wp\/v2\/product\/30290\/revisions\/144785"}],"wp:featuredmedia":[{"embeddable":true,"href":"https:\/\/www.orentees.com\/es\/wp-json\/wp\/v2\/media\/144537"}],"wp:attachment":[{"href":"https:\/\/www.orentees.com\/es\/wp-json\/wp\/v2\/media?parent=30290"}],"wp:term":[{"taxonomy":"product_brand","embeddable":true,"href":"https:\/\/www.orentees.com\/es\/wp-json\/wp\/v2\/product_brand?post=30290"},{"taxonomy":"product_cat","embeddable":true,"href":"https:\/\/www.orentees.com\/es\/wp-json\/wp\/v2\/product_cat?post=30290"},{"taxonomy":"product_tag","embeddable":true,"href":"https:\/\/www.orentees.com\/es\/wp-json\/wp\/v2\/product_tag?post=30290"}],"curies":[{"name":"wp","href":"https:\/\/api.w.org\/{rel}","templated":true}]}}