{"id":33453,"date":"2020-10-26T11:51:35","date_gmt":"2020-10-26T10:51:35","guid":{"rendered":"https:\/\/www.orentees.com\/?post_type=product&#038;p=33453"},"modified":"2024-09-10T21:13:34","modified_gmt":"2024-09-10T19:13:34","slug":"tour-de-cou-enfant-adulte-buff-avec-filtre-covid-denim","status":"publish","type":"product","link":"https:\/\/www.orentees.com\/es\/producto\/tour-de-cou-enfant-adulte-buff-avec-filtre-covid-denim\/","title":{"rendered":"Braga de cuello Buff para ni\u00f1o\/adulto con filtro vaquero COVID"},"content":{"rendered":"","protected":false},"excerpt":{"rendered":"<p style=\"text-align: left; font-size: 18px;\"><strong>Presentaci\u00f3n:<\/strong><\/p>\n<p>Las legendarias bragas de cuello Buff se han actualizado para afrontar los retos de la situaci\u00f3n sanitaria actual. Estas bragas de cuello para las cuatro estaciones protegen del fr\u00edo e incorporan un filtro con certificaci\u00f3n EN 14683:2019 que garantiza una filtraci\u00f3n 98% contra las bacterias.<\/p>\n<p>Disponible en talla: XS\/S (ideal para mujeres con rostro delgado y ni\u00f1os)<\/p>\n<p>Lavar a m\u00e1quina a m\u00e1ximo 60\u00baC \u2013 30 min<\/p>\n<p>Se suministra con 5 filtros de repuesto<\/p>\n<hr \/>\n<p style=\"text-align: center;\"><em><strong>Opini\u00f3n de Nancy:<\/strong> \u201cPara mis hijos, quiero la mejor protecci\u00f3n; por eso eleg\u00ed ofrecerles las bragas de cuello Buff con certificaci\u00f3n COVID.\u201d<\/em><\/p>\n<hr \/>\n<p style=\"text-align: center;\"><strong><span lang=\"fr\" style=\"font-size: 10pt; font-family: Verdana, sans-serif; color: #000000;\" xml:lang=\"fr\">Art\u00edculo disponible \u00fanicamente para la venta.<\/span><\/strong><\/p>\n<p><em><span lang=\"fr\" style=\"font-size: 10pt; font-family: Verdana, sans-serif; color: #000000;\" xml:lang=\"fr\">* Imagen solo con fines ilustrativos<\/span><\/em><\/p>\n<p>&nbsp;<\/p>","protected":false},"featured_media":109235,"template":"","meta":{"_acf_changed":false},"product_brand":[],"product_cat":[3051],"product_tag":[],"class_list":{"0":"post-33453","1":"product","2":"type-product","3":"status-publish","4":"has-post-thumbnail","6":"product_cat-accueil","8":"first","9":"outofstock","10":"taxable","11":"shipping-taxable","12":"purchasable","13":"product-type-simple"},"bundled_by":[],"bundle_stock_status":"outofstock","bundle_stock_quantity":0,"bundle_virtual":false,"bundle_layout":"","bundle_add_to_cart_form_location":"","bundle_editable_in_cart":false,"bundle_sold_individually_context":"","bundle_item_grouping":"","bundle_min_size":"","bundle_max_size":"","bundled_items":[],"bundle_sell_ids":[],"_links":{"self":[{"href":"https:\/\/www.orentees.com\/es\/wp-json\/wp\/v2\/product\/33453","targetHints":{"allow":["GET"]}}],"collection":[{"href":"https:\/\/www.orentees.com\/es\/wp-json\/wp\/v2\/product"}],"about":[{"href":"https:\/\/www.orentees.com\/es\/wp-json\/wp\/v2\/types\/product"}],"version-history":[{"count":1,"href":"https:\/\/www.orentees.com\/es\/wp-json\/wp\/v2\/product\/33453\/revisions"}],"predecessor-version":[{"id":109233,"href":"https:\/\/www.orentees.com\/es\/wp-json\/wp\/v2\/product\/33453\/revisions\/109233"}],"wp:featuredmedia":[{"embeddable":true,"href":"https:\/\/www.orentees.com\/es\/wp-json\/wp\/v2\/media\/109235"}],"wp:attachment":[{"href":"https:\/\/www.orentees.com\/es\/wp-json\/wp\/v2\/media?parent=33453"}],"wp:term":[{"taxonomy":"product_brand","embeddable":true,"href":"https:\/\/www.orentees.com\/es\/wp-json\/wp\/v2\/product_brand?post=33453"},{"taxonomy":"product_cat","embeddable":true,"href":"https:\/\/www.orentees.com\/es\/wp-json\/wp\/v2\/product_cat?post=33453"},{"taxonomy":"product_tag","embeddable":true,"href":"https:\/\/www.orentees.com\/es\/wp-json\/wp\/v2\/product_tag?post=33453"}],"curies":[{"name":"wp","href":"https:\/\/api.w.org\/{rel}","templated":true}]}}