{"id":35326,"date":"2021-04-07T09:05:38","date_gmt":"2021-04-07T07:05:38","guid":{"rendered":"https:\/\/www.orentees.com\/?post_type=product&#038;p=35326"},"modified":"2024-12-04T13:36:45","modified_gmt":"2024-12-04T12:36:45","slug":"location-matelas-auto-gonflable-bivouac","status":"publish","type":"product","link":"https:\/\/www.orentees.com\/es\/producto\/location-matelas-auto-gonflable-bivouac\/","title":{"rendered":"Alquiler de colchones autoinflables para vivac"},"content":{"rendered":"<h3><strong>Alquiler de colchones de aire autoinflables Sea to Summit<\/strong><\/h3>\n<p>Los colchones autoinflables Sea To Summit ofrecen la m\u00e1xima comodidad gracias a su doble tecnolog\u00eda: Aire + Espuma. Adem\u00e1s, son muy resistentes, ya que incluso si se pinchan, conservan la comodidad de la espuma: una caracter\u00edstica valiosa cuando te encuentras en plena naturaleza y las reparaciones son imposibles.<\/p>\n<p>Los colchones autoinflables son muy f\u00e1ciles de instalar; basta con desbloquear la v\u00e1lvula de inflado y esperar unos minutos a que entre el aire. Para un inflado m\u00e1s r\u00e1pido, con un par de soplidos el colch\u00f3n estar\u00e1 listo.<\/p>\n<p>El grosor de los colchones var\u00eda de 4 a 5 cm seg\u00fan el modelo\/tama\u00f1o, lo que los hace muy c\u00f3modos independientemente de la postura al dormir.<\/p>\n<p>El \u00edndice de valor R de entre 3,1 y 4,2 lo convierte en un verdadero colch\u00f3n de vivac para 3-4 estaciones.<\/p>\n<p>Los colchones autoinflables Sea To Summit est\u00e1n equipados con un revestimiento antideslizante muy pr\u00e1ctico para evitar que acabes fuera de la tienda.<\/p>\n<p>De tama\u00f1o compacto, ser\u00e1 el compa\u00f1ero perfecto para un viaje de camping de fin de semana con la familia o los amigos.<\/p>","protected":false},"excerpt":{"rendered":"<p style=\"text-align: left; font-size: 18px;\"><strong>Presentaci\u00f3n:<\/strong><\/p>\n<p>El colch\u00f3n autoinflable SEA TO SUMMIT ofrece una comodidad \u00f3ptima y una gran facilidad de uso. Gracias a su espuma y a sus celdas de aire inflables, la sensaci\u00f3n y el confort est\u00e1n garantizados: el inflado es autom\u00e1tico al desenroscar la v\u00e1lvula; basta con esperar unos minutos y el colch\u00f3n estar\u00e1 listo.<\/p>\n<p>Una vez plegado, su tama\u00f1o se reduce y su peso es m\u00ednimo: pasar\u00e1 desapercibido.<\/p>\n<p>En t\u00e9rminos de aislamiento, el valor R es de 3,1 a 4,2 dependiendo del tama\u00f1o y modelo, lo que lo convierte en un muy buen colch\u00f3n para tres estaciones.<\/p>\n<hr \/>\n<p style=\"text-align: center;\"><em><strong>Opini\u00f3n de Nancy:<\/strong> \u201cAprecio los colchones autoinflables Sea To Summit por su comodidad y tama\u00f1o compacto. La funda y la espuma hacen que sea un colch\u00f3n muy silencioso. \u00a1Una vez inflado, duermo como un beb\u00e9!\u201d<\/em><\/p>\n<hr \/>\n<div style=\"float: left; width: 50%;\">\n<p><strong>Modelo est\u00e1ndar (Comfort Light y Camp SI)<\/strong><\/p>\n<ul>\n<li><span lang=\"fr\" xml:lang=\"fr\"> \u2013 Dimensiones: 184 x 51 cm.<\/span><\/li>\n<li><span lang=\"fr\" xml:lang=\"fr\"> \u2013 Peso: de 650 g a 880 g<\/span><\/li>\n<li><span lang=\"fr\" xml:lang=\"fr\"> \u2013 Espesor de 4 a 5 cm.<\/span><\/li>\n<li><span lang=\"fr\" xml:lang=\"fr\"> \u2013 Valor R: 3,1 a 4,2<\/span><\/li>\n<\/ul>\n<\/div>\n<div style=\"float: left; width: 50%;\">\n<p><strong>Modelo grande (Camp SI)<\/strong><\/p>\n<ul>\n<li><span lang=\"fr\" xml:lang=\"fr\"> \u2013 Dimensiones: 201 x 64 cm.<\/span><\/li>\n<li><span lang=\"fr\" xml:lang=\"fr\"> \u2013 Peso: 1180 gramos<\/span><\/li>\n<li><span lang=\"fr\" xml:lang=\"fr\"> \u2013 Espesor de 4 cm.<\/span><\/li>\n<li><span lang=\"fr\" xml:lang=\"fr\"> \u2013 Valor R: 4,2<\/span><\/li>\n<\/ul>\n<\/div>\n<p>&nbsp;<\/p>\n<p><em><span lang=\"fr\" style=\"font-size: 10pt; font-family: Verdana, sans-serif; color: #000000;\" xml:lang=\"fr\">* Imagen solo con fines ilustrativos<\/span><\/em><\/p>\n<p><span style=\"font-size: 10pt;\"> **Basado en un alquiler de 8 d\u00edas<\/span><\/p>","protected":false},"featured_media":144525,"template":"","meta":{"_acf_changed":false},"product_brand":[],"product_cat":[3649],"product_tag":[],"class_list":{"0":"post-35326","1":"product","2":"type-product","3":"status-publish","4":"has-post-thumbnail","6":"product_cat-location-materiel-bivouac","7":"pa_dimension-large-201-x-64-cm","8":"pa_dimension-regular-183-x-51-cm","10":"first","11":"instock","12":"taxable","13":"shipping-taxable","14":"purchasable","15":"product-type-variable","16":"has-default-attributes"},"bundled_by":["35400","35403","35406","35417","35993","35997","36000","36036","36071","50770","50778","50795","87287","92979","178911","178917","179951","186205"],"bundle_stock_status":"instock","bundle_stock_quantity":null,"bundle_virtual":false,"bundle_layout":"","bundle_add_to_cart_form_location":"","bundle_editable_in_cart":false,"bundle_sold_individually_context":"","bundle_item_grouping":"","bundle_min_size":"","bundle_max_size":"","bundled_items":[],"bundle_sell_ids":[],"_links":{"self":[{"href":"https:\/\/www.orentees.com\/es\/wp-json\/wp\/v2\/product\/35326","targetHints":{"allow":["GET"]}}],"collection":[{"href":"https:\/\/www.orentees.com\/es\/wp-json\/wp\/v2\/product"}],"about":[{"href":"https:\/\/www.orentees.com\/es\/wp-json\/wp\/v2\/types\/product"}],"version-history":[{"count":3,"href":"https:\/\/www.orentees.com\/es\/wp-json\/wp\/v2\/product\/35326\/revisions"}],"predecessor-version":[{"id":146663,"href":"https:\/\/www.orentees.com\/es\/wp-json\/wp\/v2\/product\/35326\/revisions\/146663"}],"wp:featuredmedia":[{"embeddable":true,"href":"https:\/\/www.orentees.com\/es\/wp-json\/wp\/v2\/media\/144525"}],"wp:attachment":[{"href":"https:\/\/www.orentees.com\/es\/wp-json\/wp\/v2\/media?parent=35326"}],"wp:term":[{"taxonomy":"product_brand","embeddable":true,"href":"https:\/\/www.orentees.com\/es\/wp-json\/wp\/v2\/product_brand?post=35326"},{"taxonomy":"product_cat","embeddable":true,"href":"https:\/\/www.orentees.com\/es\/wp-json\/wp\/v2\/product_cat?post=35326"},{"taxonomy":"product_tag","embeddable":true,"href":"https:\/\/www.orentees.com\/es\/wp-json\/wp\/v2\/product_tag?post=35326"}],"curies":[{"name":"wp","href":"https:\/\/api.w.org\/{rel}","templated":true}]}}