{"id":35381,"date":"2021-04-09T12:21:49","date_gmt":"2021-04-09T10:21:49","guid":{"rendered":"https:\/\/www.orentees.com\/?post_type=product&#038;p=35381"},"modified":"2025-03-14T16:56:46","modified_gmt":"2025-03-14T15:56:46","slug":"location-tente-msr-hubba-hubba-nx","status":"publish","type":"product","link":"https:\/\/www.orentees.com\/es\/producto\/location-tente-msr-hubba-hubba-nx\/","title":{"rendered":"Alquiler de carpas MSR HUBBA HUBBA NX"},"content":{"rendered":"<h2><strong>Alquiler de tienda vivac MSR Hubba Hubba NX \u2013 2 personas<\/strong><\/h2>\n<p>Prep\u00e1rate para tus aventuras al aire libre con <strong>Alquiler de tienda de campa\u00f1a MSR Hubba Hubba NX para 2 personas<\/strong>Una referencia esencial para vivacs ligeros y de alto rendimiento. Dise\u00f1ada para excursionistas exigentes, esta tienda autoportante combina <strong>compacidad, ligereza y resistencia<\/strong>, ofreciendo un refugio fiable frente a las inclemencias del tiempo. Tanto si te diriges al exterior para una <strong>excursi\u00f3n en solitario<\/strong> o un <strong>senderismo para dos<\/strong>El MSR Hubba Hubba NX garantiza una comodidad \u00f3ptima sin comprometer el peso. Es la opci\u00f3n ideal para un <strong>vivac alrededor del Mont Blanc<\/strong> o una noche en plena naturaleza cerca <strong>Chamonix<\/strong>.<\/p>\n<h3><strong>\u00bfPor qu\u00e9 elegir alquilar la tienda de campa\u00f1a MSR Hubba Hubba NX para tu vivac?<\/strong><\/h3>\n<ul>\n<li><strong>Ultraligero y compacto<\/strong> Con un peso de tan solo 1,72 kg, cabe f\u00e1cilmente en una mochila, lo que la hace ideal para largas caminatas y... <strong>vivac al aire libre<\/strong>.<\/li>\n<li><strong>Montaje r\u00e1pido e intuitivo<\/strong> Su sistema de doble aro de aluminio permite un f\u00e1cil montaje en minutos, perfecto despu\u00e9s de un d\u00eda de caminata.<\/li>\n<li><strong>Resistencia y protecci\u00f3n<\/strong> Fabricado con tejido ripstop y doble capa superior de poliuretano y silicona, ofrece una <strong>excelente impermeabilizaci\u00f3n (1200 mm de columna de agua)<\/strong>, ideal para afrontar condiciones clim\u00e1ticas adversas, especialmente en altitud.<\/li>\n<li><strong>habitabilidad optimizada<\/strong> : Su <strong>dos \u00e1bsides y dos entradas<\/strong> Facilitan el acceso y ofrecen espacio para guardar el equipo, una verdadera ventaja para pasar la noche en la monta\u00f1a.<\/li>\n<li><strong>Ventilaci\u00f3n eficaz<\/strong> Gracias a su dise\u00f1o bien pensado, limita la condensaci\u00f3n para noches m\u00e1s confortables, incluso en condiciones de humedad.<\/li>\n<\/ul>\n<h3><strong>\u00bfD\u00f3nde acampar con la MSR Hubba Hubba NX en Francia?<\/strong><\/h3>\n<p>Gracias a <strong>alquiler de tiendas de campa\u00f1a vivac<\/strong>Descubre los rincones m\u00e1s bellos de Francia sin invertir en equipos costosos. Emb\u00e1rcate en una aventura por rutas legendarias y pasa la noche bajo las estrellas en entornos excepcionales.<\/p>\n<ul>\n<li><strong>Tour del Mont Blanc<\/strong> (TMB): Una ruta imperdible que atraviesa Francia, Suiza e Italia. <strong>MSR Hubba Hubba NX<\/strong> Es ideal para hacer frente a variaciones clim\u00e1ticas y terrenos escarpados.<\/li>\n<li><strong>Chamonix y el valle del Arve<\/strong> En la entrada a la cordillera <strong>el Monte Blanco<\/strong>Disfrute de excepcionales lugares para acampar con impresionantes vistas de glaciares y picos m\u00edticos.<\/li>\n<li><strong>Lago Allos (Parque Nacional de Mercantour)<\/strong> Un paraje salvaje a m\u00e1s de 2200 metros de altitud, perfecto para un vivac en alta monta\u00f1a.<\/li>\n<li><strong>Meseta de Vercors<\/strong> Un sitio ideal para un <strong>vivac al aire libre<\/strong>, entre acantilados de piedra caliza y bosques de pinos.<\/li>\n<li><strong>Lago Capitello (C\u00f3rcega)<\/strong> Un lugar m\u00e1gico accesible a excursionistas experimentados, que ofrece un entorno perfecto para pasar la noche en una tienda de campa\u00f1a frente a las monta\u00f1as.<\/li>\n<li><strong>Valle de Claree<\/strong> Un para\u00edso de naturaleza virgen para un <strong>vivac en los Alpes franceses<\/strong>Lejos de las multitudes.<\/li>\n<\/ul>\n<h3><strong>Opta por alquilar una tienda de campa\u00f1a de vivac con O&#039;Rentees.<\/strong><\/h3>\n<p>Con nuestro servicio de <strong>alquiler de tiendas de campa\u00f1a para senderismo<\/strong>Disfruta del mejor equipamiento sin abarrotar tus armarios. Reserva tu <strong>Tienda de campa\u00f1a MSR Hubba Hubba NX<\/strong> y rec\u00edbelo directamente en tu domicilio o en tu punto de partida. Una soluci\u00f3n econ\u00f3mica y ecol\u00f3gica para descubrir las alegr\u00edas del vivac en completa libertad, ya sea por un tiempo o por un per\u00edodo prolongado. <strong>Tour del Mont Blanc<\/strong>, a <strong>Senderismo en Chamonix<\/strong>o una excursi\u00f3n por las monta\u00f1as francesas.<\/p>\n<p><strong>\u00a1Reserva ahora y emprende tu aventura con total tranquilidad!<\/strong><\/p>","protected":false},"excerpt":{"rendered":"<p style=\"text-align: left; font-size: 18px;\"><strong>Presentaci\u00f3n:<\/strong><\/p>\n<p data-start=\"202\" data-end=\"318\">All\u00e1 <strong data-start=\"205\" data-end=\"225\">tienda de campa\u00f1a vivac<\/strong> <strong data-start=\"226\" data-end=\"244\">Hubba Hubba NX<\/strong> de <strong data-start=\"253\" data-end=\"260\">MSR<\/strong> Este <strong data-start=\"265\" data-end=\"293\">el modelo esencial<\/strong> \u00a1Para excursionistas!<\/p>\n<p data-start=\"320\" data-end=\"429\">Galardonada en varias ocasiones, ofrece una excelente <strong data-start=\"378\" data-end=\"426\">un equilibrio entre ligereza y espacio habitable<\/strong>.<\/p>\n<p data-start=\"431\" data-end=\"527\"><strong data-start=\"431\" data-end=\"447\">Independiente<\/strong>Se puede ensamblar f\u00e1cilmente en todas las condiciones y en todo tipo de terreno.<\/p>\n<p data-start=\"529\" data-end=\"633\">Dise\u00f1ado para <strong data-start=\"541\" data-end=\"558\">tres temporadas<\/strong>Esta tienda de campa\u00f1a le garantiza una protecci\u00f3n eficaz contra las inclemencias del tiempo.<\/p>\n<p data-start=\"635\" data-end=\"739\">Tambi\u00e9n disponible en <strong data-start=\"659\" data-end=\"690\">alquiler de paquetes<\/strong> con nuestro <strong data-start=\"702\" data-end=\"717\">Mejor vendido<\/strong>para descubrir <a href=\"https:\/\/www.orentees.com\/es\/producto\/location-pack-tente-bivouac-msr-hubba-hubba-nx\/\">aqu\u00ed<\/a><\/p>\n<hr \/>\n<p style=\"text-align: center;\"><em><strong>Opini\u00f3n de Nancy:<\/strong> \u201cEsta es mi tienda de campa\u00f1a favorita cuando viajo solo o en pareja. S\u00faper ligera, espaciosa y muy f\u00e1cil de montar.\u201d<\/em><em>Puedes alquilarlo con los ojos cerrados.<\/em><\/p>\n<hr \/>\n<p>&nbsp;<\/p>\n<p>&nbsp;<\/p>\n<p style=\"text-align: left; font-size: 12px; font family: Acier;\"><strong><a href=\"https:\/\/www.orentees.com\/es\/faq\/#retourtente\">INFORMACI\u00d3N IMPORTANTE SOBRE LA DEVOLUCI\u00d3N DE TIENDAS DE CAMPA\u00d1A Y ART\u00cdCULOS: <span style=\"text-decoration: underline; font-size: 16px;\"> LEA AQU\u00cd<\/span><\/a><\/strong><\/p>\n<p>&nbsp;<\/p>\n<p><em><span lang=\"fr\" style=\"font-size: 10pt; font-family: Verdana, sans-serif; color: #000000;\" xml:lang=\"fr\">* Imagen solo con fines ilustrativos<\/span><\/em><\/p>\n<p><span style=\"font-size: 10pt;\"> **Basado en un alquiler de 8 d\u00edas<\/span><\/p>","protected":false},"featured_media":144573,"template":"","meta":{"_acf_changed":false},"product_brand":[],"product_cat":[3649,3763,3705],"product_tag":[],"class_list":{"0":"post-35381","1":"product","2":"type-product","3":"status-publish","4":"has-post-thumbnail","6":"product_cat-location-materiel-bivouac","7":"product_cat-tente-bikepacking","8":"product_cat-tente-bivouac","10":"first","11":"instock","12":"taxable","13":"shipping-taxable","14":"purchasable","15":"product-type-simple"},"bundled_by":["35403","36036","87287","92979"],"bundle_stock_status":"instock","bundle_stock_quantity":42,"bundle_virtual":false,"bundle_layout":"","bundle_add_to_cart_form_location":"","bundle_editable_in_cart":false,"bundle_sold_individually_context":"","bundle_item_grouping":"","bundle_min_size":"","bundle_max_size":"","bundled_items":[],"bundle_sell_ids":[],"_links":{"self":[{"href":"https:\/\/www.orentees.com\/es\/wp-json\/wp\/v2\/product\/35381","targetHints":{"allow":["GET"]}}],"collection":[{"href":"https:\/\/www.orentees.com\/es\/wp-json\/wp\/v2\/product"}],"about":[{"href":"https:\/\/www.orentees.com\/es\/wp-json\/wp\/v2\/types\/product"}],"version-history":[{"count":11,"href":"https:\/\/www.orentees.com\/es\/wp-json\/wp\/v2\/product\/35381\/revisions"}],"predecessor-version":[{"id":179329,"href":"https:\/\/www.orentees.com\/es\/wp-json\/wp\/v2\/product\/35381\/revisions\/179329"}],"wp:featuredmedia":[{"embeddable":true,"href":"https:\/\/www.orentees.com\/es\/wp-json\/wp\/v2\/media\/144573"}],"wp:attachment":[{"href":"https:\/\/www.orentees.com\/es\/wp-json\/wp\/v2\/media?parent=35381"}],"wp:term":[{"taxonomy":"product_brand","embeddable":true,"href":"https:\/\/www.orentees.com\/es\/wp-json\/wp\/v2\/product_brand?post=35381"},{"taxonomy":"product_cat","embeddable":true,"href":"https:\/\/www.orentees.com\/es\/wp-json\/wp\/v2\/product_cat?post=35381"},{"taxonomy":"product_tag","embeddable":true,"href":"https:\/\/www.orentees.com\/es\/wp-json\/wp\/v2\/product_tag?post=35381"}],"curies":[{"name":"wp","href":"https:\/\/api.w.org\/{rel}","templated":true}]}}