{"id":35409,"date":"2021-04-10T07:50:58","date_gmt":"2021-04-10T05:50:58","guid":{"rendered":"https:\/\/www.orentees.com\/?post_type=product&#038;p=35409"},"modified":"2026-01-29T19:53:05","modified_gmt":"2026-01-29T18:53:05","slug":"location-tente-bivouac-6-personnes","status":"publish","type":"product","link":"https:\/\/www.orentees.com\/es\/producto\/location-tente-bivouac-6-personnes\/","title":{"rendered":"Alquiler de tienda de campa\u00f1a vivac para 6 personas \/ Acampada para 4 o 5 personas"},"content":{"rendered":"<h2><strong>Alquiler de tienda de campa\u00f1a vivac MSR Habitude 6: la comodidad de un campamento base para tus aventuras al aire libre.<\/strong><\/h2>\n<p>\u00bfBuscas una tienda de campa\u00f1a espaciosa y c\u00f3moda para un viaje de camping con la familia o los amigos? <strong>H\u00e1bito MSR 6<\/strong> Es una tienda de campa\u00f1a de gran capacidad, ideal para una <strong>campamento base<\/strong> al aire libre o para un <strong>trekking en grupo<\/strong>Su ingenioso dise\u00f1o combina robustez, facilidad de montaje y habitabilidad, ofreciendo as\u00ed un excelente equilibrio entre <strong>comodidad y resistencia a la intemperie<\/strong>Gracias a nuestro <strong>servicio de alquiler de tiendas de campa\u00f1a para vivac<\/strong>Viaje con total tranquilidad y disfrute plenamente de su estancia en la monta\u00f1a sin preocuparse por el equipo.<\/p>\n<h3><strong>Una espaciosa tienda de campa\u00f1a familiar para vivac, cicloturismo y acampada.<\/strong><\/h3>\n<p>All\u00e1 <strong>H\u00e1bito MSR 6<\/strong> est\u00e1 dise\u00f1ado para adaptarse <strong>hasta 6 personas<\/strong>Ofrece un amplio espacio habitable que permite estar de pie en su interior, una verdadera ventaja para las largas noches en la monta\u00f1a. Su arquitectura en <strong>c\u00fapula robusta<\/strong> Garantiza una excelente resistencia a la intemperie, mientras que su <strong>materiales ligeros y de alto rendimiento<\/strong> facilitar su transporte e instalaci\u00f3n, incluso en zonas agrestes.<\/p>\n<ul>\n<li><strong>Capacidad :<\/strong> 6 personas<\/li>\n<li><strong>Peso :<\/strong> Aproximadamente 6,3 kg<\/li>\n<li><strong>Altura m\u00e1xima:<\/strong> 1,95 m \u2013 capaz de mantenerse de pie<\/li>\n<li><strong>Techo doble impermeable fabricado en poli\u00e9ster ripstop 68D<\/strong> (1500 mm)<\/li>\n<li><strong>Suelo de poli\u00e9ster 68D con revestimiento de PU<\/strong> (10.000 mm) \u2013 excelente protecci\u00f3n contra la humedad<\/li>\n<li><strong>Puerta principal grande con toldo y vest\u00edbulo.<\/strong> \u2013 espacio de almacenamiento para equipos<\/li>\n<li><strong>Sistema de ventilaci\u00f3n optimizado<\/strong> para evitar la condensaci\u00f3n<\/li>\n<li><strong>Instalaci\u00f3n r\u00e1pida e intuitiva<\/strong> gracias a sus robustos aros de aluminio<\/li>\n<\/ul>\n<p>Si desea irse por un <strong>excursi\u00f3n en grupo<\/strong>establecer un <strong>campamento base familiar<\/strong> o disfrutar de un <strong>Acampada de fin de semana en el campo<\/strong>Esta tienda de campa\u00f1a es la soluci\u00f3n perfecta.<\/p>\n<h3><strong>\u00bfPor qu\u00e9 alquilar tu tienda de campa\u00f1a de vivac con O&#039;rentees?<\/strong><\/h3>\n<p>Opta por el <strong>alquiler de tiendas de campa\u00f1a vivac<\/strong> En lugar de comprar, existen muchas ventajas:<\/p>\n<ul>\n<li><strong>Equipos de alta gama sin la inversi\u00f3n<\/strong> Disfruta de una tienda de campa\u00f1a espaciosa y de alto rendimiento sin preocuparte por el coste de compra.<\/li>\n<li><strong>Un servicio llave en mano<\/strong> Su equipo se entrega directamente en su domicilio o lugar de vacaciones.<\/li>\n<li><strong>Un enfoque eco-responsable<\/strong> Reducir el consumo excesivo alquilando tu equipo ayuda a preservar el medio ambiente.<\/li>\n<\/ul>\n<p>Gracias a nuestro <strong>Servicio de alquiler de tiendas de campa\u00f1a para vivaquear<\/strong>Podr\u00e1s marcharte con total tranquilidad y disfrutar plenamente de tu aventura.<\/p>\n<h3><strong>Ideas de lugares para acampar con la familia o amigos en Francia<\/strong><\/h3>\n<p>Si est\u00e1s buscando un <strong>Un lugar de f\u00e1cil acceso para un vivac familiar<\/strong>Aqu\u00ed tienes algunas sugerencias sobre los lugares perfectos para instalar tu <strong>Tienda de campa\u00f1a MSR Habit 6<\/strong> :<\/p>\n<ul>\n<li><strong>Lago Roselend (Saboya)<\/strong> Un entorno excepcional entre prados alpinos y monta\u00f1as, ideal para una noche bajo las estrellas con una vista impresionante del macizo de Beaufortain.<\/li>\n<li><strong>Meseta de Emparis (Is\u00e8re\/Altos Alpes)<\/strong> : perfecto para un campamento base con ni\u00f1os, con una vista majestuosa del Meije y f\u00e1cil acceso a pie.<\/li>\n<li><strong>Lago Ilay (Jura)<\/strong> : accesible en coche y perfecto para un viaje de camping en familia junto al agua, con muchas rutas de senderismo en las cercan\u00edas.<\/li>\n<li><strong>Bosque de Fontainebleau (Sena y Marne)<\/strong> Una excelente opci\u00f3n para un primer viaje de camping con ni\u00f1os, rodeado de naturaleza pero cerca de servicios.<\/li>\n<li><strong>Parque Natural Regional de los Volcanes de Auvernia<\/strong> Un entorno magn\u00edfico para una aventura al aire libre, con panoramas impresionantes y senderos aptos para todos.<\/li>\n<\/ul>\n<p>Alquila tu ahora <strong>Tienda de campa\u00f1a vivac MSR Habit 6<\/strong> \u00a1Y emb\u00e1rcate en tu aventura con total tranquilidad!<\/p>","protected":false},"excerpt":{"rendered":"<p style=\"text-align: left; font-size: 18px;\"><strong>Presentaci\u00f3n:<\/strong><\/p>\n<p data-start=\"200\" data-end=\"493\">Opta por el <strong data-start=\"214\" data-end=\"246\">alquiler de tiendas de campa\u00f1a vivac<\/strong> espacioso y c\u00f3modo con el <strong data-start=\"280\" data-end=\"298\">H\u00e1bito MSR 6<\/strong>Dise\u00f1ada para alojar hasta 4 personas, esta tienda de campa\u00f1a combina ligereza y facilidad de transporte, a la vez que ofrece un amplio espacio interior, ideal para una <strong data-start=\"457\" data-end=\"490\">campamento base en la naturaleza<\/strong>.<\/p>\n<p data-start=\"495\" data-end=\"804\">Independiente y resistente, ofrece una excelente protecci\u00f3n contra la intemperie y es ideal para usar desde marzo hasta noviembre. Su r\u00e1pido montaje y su dise\u00f1o robusto la convierten en una tienda de campa\u00f1a estupenda. <strong data-start=\"709\" data-end=\"722\">3 temporadas<\/strong> ideal para el <strong data-start=\"738\" data-end=\"749\">vivac<\/strong>senderismo o incluso el <strong data-start=\"774\" data-end=\"801\">campamento en grupos peque\u00f1os<\/strong>.<\/p>\n<p>Tambi\u00e9n disponible en <strong data-start=\"659\" data-end=\"690\">alquiler de paquetes<\/strong> con nuestro <strong data-start=\"702\" data-end=\"717\">Paquete de vivac Basecamp para 6 personas<\/strong>para descubrir <a href=\"https:\/\/www.orentees.com\/es\/producto\/location-pack-tente-randonnee-bivouac-6-pers\/\">aqu\u00ed<\/a> o en un paquete de camping premium: <a href=\"https:\/\/www.orentees.com\/es\/producto\/location-pack-tente-camping-premium-4-6-pers\/\">aqu\u00ed<\/a><\/p>\n<hr \/>\n<p style=\"text-align: center;\"><em><strong>Opini\u00f3n de Nancy:<\/strong> \u201cMe gusta mucho usar tiendas de campa\u00f1a para 6 personas en modo vivac para nuestros fines de semana en familia (somos 4) cuando vamos de camping o hacemos excursiones cortas\u201d.<\/em><\/p>\n<hr \/>\n<p><strong> H\u00c1BITO 6 DE MSR<\/strong><\/p>\n<ul>\n<li><span lang=\"fr\" xml:lang=\"fr\"> 6,3 kg<\/span><\/li>\n<li><span lang=\"fr\" xml:lang=\"fr\"> 305 x 254 cm<\/span><\/li>\n<li>58 x 25 cm (dimensiones plegadas)<\/li>\n<\/ul>\n<p>&nbsp;<\/p>\n<p style=\"text-align: left; font-size: 12px; font family: Acier;\"><strong><a href=\"https:\/\/www.orentees.com\/es\/faq\/#retourtente\">INFORMACI\u00d3N IMPORTANTE SOBRE LA DEVOLUCI\u00d3N DE TIENDAS DE CAMPA\u00d1A Y ART\u00cdCULOS: <span style=\"text-decoration: underline; font-size: 16px;\"> LEA AQU\u00cd<\/span><\/a><\/strong><\/p>\n<p>&nbsp;<\/p>\n<p><em><span lang=\"fr\" style=\"font-size: 10pt; font-family: Verdana, sans-serif; color: #000000;\" xml:lang=\"fr\">* Imagen solo con fines ilustrativos<\/span><\/em><\/p>\n<p><span style=\"font-size: 10pt;\"> **Basado en un alquiler de 8 d\u00edas<\/span><\/p>","protected":false},"featured_media":144571,"template":"","meta":{"_acf_changed":false},"product_brand":[],"product_cat":[3649,3687,3705],"product_tag":[],"class_list":{"0":"post-35409","1":"product","2":"type-product","3":"status-publish","4":"has-post-thumbnail","6":"product_cat-location-materiel-bivouac","7":"product_cat-tente-camping","8":"product_cat-tente-bivouac","9":"pa_dimension-pliee-58-x-25-cm","11":"first","12":"instock","13":"taxable","14":"shipping-taxable","15":"purchasable","16":"product-type-simple"},"bundled_by":["31803","32015","87891","87893","35417"],"bundle_stock_status":"instock","bundle_stock_quantity":13,"bundle_virtual":false,"bundle_layout":"","bundle_add_to_cart_form_location":"","bundle_editable_in_cart":false,"bundle_sold_individually_context":"","bundle_item_grouping":"","bundle_min_size":"","bundle_max_size":"","bundled_items":[],"bundle_sell_ids":[],"_links":{"self":[{"href":"https:\/\/www.orentees.com\/es\/wp-json\/wp\/v2\/product\/35409","targetHints":{"allow":["GET"]}}],"collection":[{"href":"https:\/\/www.orentees.com\/es\/wp-json\/wp\/v2\/product"}],"about":[{"href":"https:\/\/www.orentees.com\/es\/wp-json\/wp\/v2\/types\/product"}],"version-history":[{"count":11,"href":"https:\/\/www.orentees.com\/es\/wp-json\/wp\/v2\/product\/35409\/revisions"}],"predecessor-version":[{"id":391980,"href":"https:\/\/www.orentees.com\/es\/wp-json\/wp\/v2\/product\/35409\/revisions\/391980"}],"wp:featuredmedia":[{"embeddable":true,"href":"https:\/\/www.orentees.com\/es\/wp-json\/wp\/v2\/media\/144571"}],"wp:attachment":[{"href":"https:\/\/www.orentees.com\/es\/wp-json\/wp\/v2\/media?parent=35409"}],"wp:term":[{"taxonomy":"product_brand","embeddable":true,"href":"https:\/\/www.orentees.com\/es\/wp-json\/wp\/v2\/product_brand?post=35409"},{"taxonomy":"product_cat","embeddable":true,"href":"https:\/\/www.orentees.com\/es\/wp-json\/wp\/v2\/product_cat?post=35409"},{"taxonomy":"product_tag","embeddable":true,"href":"https:\/\/www.orentees.com\/es\/wp-json\/wp\/v2\/product_tag?post=35409"}],"curies":[{"name":"wp","href":"https:\/\/api.w.org\/{rel}","templated":true}]}}