{"id":35948,"date":"2021-05-05T06:24:42","date_gmt":"2021-05-05T04:24:42","guid":{"rendered":"https:\/\/www.orentees.com\/?post_type=product&#038;p=35948"},"modified":"2024-12-04T13:36:47","modified_gmt":"2024-12-04T12:36:47","slug":"location-sacoche-de-selle-zefal-17-litres","status":"publish","type":"product","link":"https:\/\/www.orentees.com\/es\/producto\/location-sacoche-de-selle-zefal-17-litres\/","title":{"rendered":"Alforja de alquiler ORTLIEB 16,5 litros"},"content":{"rendered":"<h3><strong>ORTLIEB 16,5 L bolsa de sill\u00edn para bicicletas<\/strong><\/h3>\n<p>La alforja ORTLIEB es ideal para cicloturistas que buscan una soluci\u00f3n para transportar cargas grandes.<\/p>\n<p>Su gran tama\u00f1o permite transportar equipo de acampada. La bolsa soporta hasta 5 kg de peso.<\/p>\n<p>Pr\u00e1cticos, los cables <span id=\"18\" class=\"s-rg-t\">exteriores<\/span> Las bandas el\u00e1sticas permiten la r\u00e1pida fijaci\u00f3n de equipos adicionales.<\/p>\n<p>&nbsp;<\/p>","protected":false},"excerpt":{"rendered":"<p><strong>Presentaci\u00f3n:<\/strong><\/p>\n<p><span id=\"p163\">La bolsa de sill\u00edn ORTLIEB permite transportar gran cantidad de objetos sin necesidad de instalar un portaequipajes. Se fija f\u00e1cilmente a la potencia de la bicicleta; no se requieren herramientas.<\/span><\/p>\n<p>Su capacidad de almacenamiento es enorme y variable: de 8 a 16,5 litros para un peso de hasta 5 kg.<\/p>\n<p>Sus dimensiones son generosas: 64 x 30 x 22 cm. Espacio suficiente para llevar todo lo necesario para tu aventura.<\/p>\n<p>Tus pertenencias estar\u00e1n perfectamente protegidas de la intemperie, ya que la alforja est\u00e1 fabricada con material impermeable y costuras termoselladas.<\/p>\n<p><span id=\"p163\">La mochila Ortlieb de 16,5 litros est\u00e1 equipada con bandas reflectantes y un tap\u00f3n de compresi\u00f3n para un ajuste \u00f3ptimo del volumen.<\/span><\/p>\n<p>Se adapta a todo tipo de bicicletas, ideal para bicicletas de monta\u00f1a de doble suspensi\u00f3n.<\/p>","protected":false},"featured_media":145085,"template":"","meta":{"_acf_changed":false},"product_brand":[],"product_cat":[3767,3673],"product_tag":[],"class_list":{"0":"post-35948","1":"product","2":"type-product","3":"status-publish","4":"has-post-thumbnail","6":"product_cat-portage-bikepacking","7":"product_cat-location-bikepacking","8":"pa_dimension-64-x-30-x-22-cm","9":"pa_marque-ortlieb","10":"pa_modele-seat-pack-ps21r-16-5l","12":"first","13":"instock","14":"taxable","15":"shipping-taxable","16":"purchasable","17":"product-type-simple"},"bundled_by":["35993","35997","36000","36036","50795","178911","178917"],"bundle_stock_status":"instock","bundle_stock_quantity":9,"bundle_virtual":false,"bundle_layout":"","bundle_add_to_cart_form_location":"","bundle_editable_in_cart":false,"bundle_sold_individually_context":"","bundle_item_grouping":"","bundle_min_size":"","bundle_max_size":"","bundled_items":[],"bundle_sell_ids":[],"_links":{"self":[{"href":"https:\/\/www.orentees.com\/es\/wp-json\/wp\/v2\/product\/35948","targetHints":{"allow":["GET"]}}],"collection":[{"href":"https:\/\/www.orentees.com\/es\/wp-json\/wp\/v2\/product"}],"about":[{"href":"https:\/\/www.orentees.com\/es\/wp-json\/wp\/v2\/types\/product"}],"version-history":[{"count":2,"href":"https:\/\/www.orentees.com\/es\/wp-json\/wp\/v2\/product\/35948\/revisions"}],"predecessor-version":[{"id":145113,"href":"https:\/\/www.orentees.com\/es\/wp-json\/wp\/v2\/product\/35948\/revisions\/145113"}],"wp:featuredmedia":[{"embeddable":true,"href":"https:\/\/www.orentees.com\/es\/wp-json\/wp\/v2\/media\/145085"}],"wp:attachment":[{"href":"https:\/\/www.orentees.com\/es\/wp-json\/wp\/v2\/media?parent=35948"}],"wp:term":[{"taxonomy":"product_brand","embeddable":true,"href":"https:\/\/www.orentees.com\/es\/wp-json\/wp\/v2\/product_brand?post=35948"},{"taxonomy":"product_cat","embeddable":true,"href":"https:\/\/www.orentees.com\/es\/wp-json\/wp\/v2\/product_cat?post=35948"},{"taxonomy":"product_tag","embeddable":true,"href":"https:\/\/www.orentees.com\/es\/wp-json\/wp\/v2\/product_tag?post=35948"}],"curies":[{"name":"wp","href":"https:\/\/api.w.org\/{rel}","templated":true}]}}