{"id":384368,"date":"2025-10-14T10:13:19","date_gmt":"2025-10-14T08:13:19","guid":{"rendered":"https:\/\/www.orentees.com\/?post_type=product&#038;p=384368"},"modified":"2025-11-30T21:32:11","modified_gmt":"2025-11-30T20:32:11","slug":"location-tenue-ski-femme-picture-haakon-green-orchid","status":"publish","type":"product","link":"https:\/\/www.orentees.com\/es\/producto\/location-tenue-ski-femme-picture-haakon-green-orchid\/","title":{"rendered":"ALQUILER DE TRAJE DE ESQU\u00cd PARA MUJER IMAGEN HAAKON GREEN ORCHID"},"content":{"rendered":"","protected":false},"excerpt":{"rendered":"<p style=\"text-align: left; font-size: 18px;\"><strong>Presentaci\u00f3n<\/strong><\/p>\n<p>All\u00e1 <strong>Conjunto de esqu\u00ed y snowboard Picture Organic para mujer: chaqueta Haakon + peto Elwy<\/strong> La chaqueta Haakon, que combina elegancia y rendimiento t\u00e9cnico para los amantes de los deportes de monta\u00f1a, est\u00e1 confeccionada con poli\u00e9ster circular reciclado y cuenta con una membrana. <strong>DryPlay 20.000 \/ 20.000<\/strong> y tratamiento repelente al agua <strong>Libre de PFC<\/strong> para garantizar una impermeabilidad y transpirabilidad \u00f3ptimas.<br \/>\nEn cuanto al mono Elwy Bib, adopta un corte freeride el\u00e1stico de 2 capas, con una membrana 20k\/20k y paneles de Lycra el\u00e1stica para una m\u00e1xima libertad de movimiento.<\/p>\n<p>Este conjunto se completa con detalles pr\u00e1cticos: cremalleras de ventilaci\u00f3n bajo los brazos o en la parte trasera del mono, capucha ajustable, polainas integradas y bolsillos seguros. Es perfecto para disfrutar de las pistas de Chamonix, Les Arcs, Tignes o las estaciones de los Alpes del Norte, luciendo siempre elegante en verde, amarillo o malva.<\/p>\n<p>Alquilar este equipo en O&#039;rentees te permite disfrutar de material de \u00faltima generaci\u00f3n sin las complicaciones de comprarlo. Ideal para tus vacaciones de esqu\u00ed, tanto en Saboya como en los Pirineos.<\/p>\n<p>&nbsp;<\/p>\n<h3 style=\"font-size: 23px; font-weight: 600;\">Beneficios<\/h3>\n<table style=\"text-align: center; vertical-align: middle; border-color: #c8d4d0;\" border=\"1\">\n<tbody>\n<tr>\n<th>Calor<\/th>\n<th>Impermeabilidad<\/th>\n<th>Transpirabilidad<\/th>\n<th>Calificaci\u00f3n ecol\u00f3gica<\/th>\n<\/tr>\n<tr style=\"font-size: 1.1em; color: #f59f40;\">\n<td>\u25cf\u25cf\u25cf\u25cb\u25cb<\/td>\n<td>\u25cf\u25cf\u25cf\u25cf\u25cf<\/td>\n<td>\u25cf\u25cf\u25cf\u25cf\u25cf<\/td>\n<td>\u25cf\u25cf\u25cf\u25cf\u25cf<\/td>\n<\/tr>\n<\/tbody>\n<\/table>\n<p>&nbsp;<\/p>\n<hr \/>","protected":false},"featured_media":386629,"template":"","meta":{"_acf_changed":false},"product_brand":[],"product_cat":[4479,7136,3055,3439],"product_tag":[],"class_list":{"0":"post-384368","1":"product","2":"type-product","3":"status-publish","4":"has-post-thumbnail","6":"product_cat-location-vetement-snow","7":"product_cat-location-vetement-de-ski-snowboard-picture","8":"product_cat-location-vetement-de-ski","9":"product_cat-femme","10":"pa_couleur-pantalon-jaune","11":"pa_couleur-pantalon-mauve","12":"pa_couleur-pantalon-vert","13":"pa_couleur-veste-jaune","14":"pa_couleur-veste-mauve","15":"pa_couleur-veste-vert","16":"pa_coupe-pantalon-regular","17":"pa_coupe-veste-regular","18":"pa_genre-femme","19":"pa_impermeabilite-20000-mm","20":"pa_marque-picture","21":"pa_respirabilite-20000-gr-m2","22":"pa_taille-xs","23":"pa_taille-s","24":"pa_taille-m","25":"pa_taille-l","26":"pa_taille-xl","27":"pa_type-produit-tenue-complete","29":"first","30":"instock","31":"sale","32":"virtual","33":"taxable","34":"purchasable","35":"product-type-bundle"},"bundled_by":[],"bundle_stock_status":"instock","bundle_stock_quantity":17,"bundle_virtual":false,"bundle_layout":"default","bundle_add_to_cart_form_location":"default","bundle_editable_in_cart":false,"bundle_sold_individually_context":"product","bundle_item_grouping":"parent","bundle_min_size":"","bundle_max_size":"","bundled_items":[{"bundled_item_id":24666,"product_id":384125,"menu_order":0,"quantity_min":1,"quantity_max":1,"quantity_default":1,"priced_individually":true,"shipped_individually":false,"override_title":true,"title":"Chaqueta","override_description":true,"description":"Elige el tama\u00f1o","optional":false,"hide_thumbnail":false,"discount":"50","override_variations":false,"allowed_variations":[],"override_default_variation_attributes":false,"default_variation_attributes":[],"single_product_visibility":"visible","cart_visibility":"visible","order_visibility":"visible","single_product_price_visibility":"hidden","cart_price_visibility":"hidden","order_price_visibility":"hidden","stock_status":"in_stock"},{"bundled_item_id":24667,"product_id":384152,"menu_order":1,"quantity_min":1,"quantity_max":1,"quantity_default":1,"priced_individually":true,"shipped_individually":false,"override_title":true,"title":"Pantalones \/ Pantalones","override_description":true,"description":"Elige el tama\u00f1o","optional":false,"hide_thumbnail":false,"discount":"50","override_variations":false,"allowed_variations":[],"override_default_variation_attributes":false,"default_variation_attributes":[],"single_product_visibility":"visible","cart_visibility":"visible","order_visibility":"visible","single_product_price_visibility":"hidden","cart_price_visibility":"hidden","order_price_visibility":"hidden","stock_status":"in_stock"},{"bundled_item_id":24654,"product_id":33234,"menu_order":2,"quantity_min":1,"quantity_max":1,"quantity_default":1,"priced_individually":true,"shipped_individually":false,"override_title":true,"title":"Segunda capa de vell\u00f3n - MILLET -","override_description":false,"description":"16 \u20ac \/ location","optional":true,"hide_thumbnail":false,"discount":"","override_variations":false,"allowed_variations":[],"override_default_variation_attributes":false,"default_variation_attributes":[],"single_product_visibility":"visible","cart_visibility":"visible","order_visibility":"visible","single_product_price_visibility":"hidden","cart_price_visibility":"hidden","order_price_visibility":"hidden","stock_status":"in_stock"},{"bundled_item_id":24655,"product_id":32868,"menu_order":3,"quantity_min":1,"quantity_max":1,"quantity_default":1,"priced_individually":true,"shipped_individually":false,"override_title":true,"title":"M\u00e1scara de esqu\u00ed \/ Gafas de esqu\u00ed - JULBO -","override_description":false,"description":"16 \u20ac \/ location","optional":true,"hide_thumbnail":false,"discount":"","override_variations":false,"allowed_variations":[],"override_default_variation_attributes":false,"default_variation_attributes":[],"single_product_visibility":"visible","cart_visibility":"visible","order_visibility":"visible","single_product_price_visibility":"hidden","cart_price_visibility":"hidden","order_price_visibility":"hidden","stock_status":"in_stock"},{"bundled_item_id":24656,"product_id":30100,"menu_order":4,"quantity_min":1,"quantity_max":1,"quantity_default":1,"priced_individually":true,"shipped_individually":false,"override_title":true,"title":"Guantes - RACER -","override_description":false,"description":"16 \u20ac \/ location","optional":true,"hide_thumbnail":false,"discount":"","override_variations":false,"allowed_variations":[],"override_default_variation_attributes":false,"default_variation_attributes":[],"single_product_visibility":"visible","cart_visibility":"visible","order_visibility":"visible","single_product_price_visibility":"hidden","cart_price_visibility":"hidden","order_price_visibility":"hidden","stock_status":"in_stock"},{"bundled_item_id":24657,"product_id":156143,"menu_order":5,"quantity_min":1,"quantity_max":1,"quantity_default":1,"priced_individually":true,"shipped_individually":false,"override_title":false,"title":"Gorro de esqu\u00ed - ROSSIGNOL -","override_description":false,"description":"+ 10 \u20ac \/ location","optional":true,"hide_thumbnail":false,"discount":"","override_variations":false,"allowed_variations":[],"override_default_variation_attributes":false,"default_variation_attributes":[],"single_product_visibility":"visible","cart_visibility":"visible","order_visibility":"visible","single_product_price_visibility":"hidden","cart_price_visibility":"hidden","order_price_visibility":"hidden","stock_status":"in_stock"},{"bundled_item_id":24658,"product_id":75247,"menu_order":6,"quantity_min":1,"quantity_max":1,"quantity_default":1,"priced_individually":true,"shipped_individually":false,"override_title":true,"title":"Calentador de cuello","override_description":false,"description":"6 \u20ac \/ alquiler","optional":true,"hide_thumbnail":false,"discount":"","override_variations":false,"allowed_variations":[],"override_default_variation_attributes":false,"default_variation_attributes":[],"single_product_visibility":"visible","cart_visibility":"visible","order_visibility":"visible","single_product_price_visibility":"hidden","cart_price_visibility":"hidden","order_price_visibility":"hidden","stock_status":"in_stock"},{"bundled_item_id":24659,"product_id":33267,"menu_order":7,"quantity_min":1,"quantity_max":2,"quantity_default":1,"priced_individually":true,"shipped_individually":false,"override_title":true,"title":"T-Shirt ML Active Wam - ODLO -","override_description":false,"description":"16 \u20ac \/ location","optional":true,"hide_thumbnail":false,"discount":"","override_variations":false,"allowed_variations":[],"override_default_variation_attributes":false,"default_variation_attributes":[],"single_product_visibility":"visible","cart_visibility":"visible","order_visibility":"visible","single_product_price_visibility":"hidden","cart_price_visibility":"hidden","order_price_visibility":"hidden","stock_status":"in_stock"},{"bundled_item_id":24660,"product_id":33277,"menu_order":8,"quantity_min":1,"quantity_max":2,"quantity_default":1,"priced_individually":true,"shipped_individually":false,"override_title":true,"title":"Collant long \/ Base layer pants Active Wam - ODLO -","override_description":false,"description":"16 \u20ac \/ location","optional":true,"hide_thumbnail":false,"discount":"","override_variations":false,"allowed_variations":[],"override_default_variation_attributes":false,"default_variation_attributes":[],"single_product_visibility":"visible","cart_visibility":"visible","order_visibility":"visible","single_product_price_visibility":"hidden","cart_price_visibility":"hidden","order_price_visibility":"hidden","stock_status":"in_stock"},{"bundled_item_id":24661,"product_id":33325,"menu_order":9,"quantity_min":1,"quantity_max":3,"quantity_default":1,"priced_individually":true,"shipped_individually":false,"override_title":true,"title":"Calcetines de esqu\u00ed - MONNET -","override_description":false,"description":"6 \u20ac \/ alquiler","optional":true,"hide_thumbnail":false,"discount":"","override_variations":false,"allowed_variations":[],"override_default_variation_attributes":false,"default_variation_attributes":[],"single_product_visibility":"visible","cart_visibility":"visible","order_visibility":"visible","single_product_price_visibility":"hidden","cart_price_visibility":"hidden","order_price_visibility":"visible","stock_status":"in_stock"},{"bundled_item_id":24662,"product_id":29974,"menu_order":10,"quantity_min":1,"quantity_max":1,"quantity_default":1,"priced_individually":true,"shipped_individually":false,"override_title":true,"title":"Apr\u00e8s-ski \/ Botas de nieve - SOREL -","override_description":false,"description":"36 \u20ac \/ location","optional":true,"hide_thumbnail":false,"discount":"","override_variations":false,"allowed_variations":[],"override_default_variation_attributes":false,"default_variation_attributes":[],"single_product_visibility":"visible","cart_visibility":"visible","order_visibility":"visible","single_product_price_visibility":"hidden","cart_price_visibility":"hidden","order_price_visibility":"hidden","stock_status":"in_stock"},{"bundled_item_id":24663,"product_id":156093,"menu_order":11,"quantity_min":1,"quantity_max":1,"quantity_default":1,"priced_individually":true,"shipped_individually":false,"override_title":false,"title":"Sac \u00e0 Dos ski 25 L - ROSSIGNOL -","override_description":false,"description":"+ 25 \u20ac \/ alquiler","optional":true,"hide_thumbnail":false,"discount":"","override_variations":false,"allowed_variations":[],"override_default_variation_attributes":false,"default_variation_attributes":[],"single_product_visibility":"visible","cart_visibility":"visible","order_visibility":"visible","single_product_price_visibility":"hidden","cart_price_visibility":"hidden","order_price_visibility":"hidden","stock_status":"in_stock"},{"bundled_item_id":24664,"product_id":31106,"menu_order":12,"quantity_min":1,"quantity_max":1,"quantity_default":1,"priced_individually":true,"shipped_individually":true,"override_title":false,"title":"SEGURO DE CANCELACI\u00d3N","override_description":false,"description":"","optional":true,"hide_thumbnail":true,"discount":"","override_variations":false,"allowed_variations":[],"override_default_variation_attributes":false,"default_variation_attributes":[],"single_product_visibility":"visible","cart_visibility":"visible","order_visibility":"visible","single_product_price_visibility":"hidden","cart_price_visibility":"hidden","order_price_visibility":"hidden","stock_status":"in_stock"},{"bundled_item_id":24665,"product_id":31104,"menu_order":13,"quantity_min":1,"quantity_max":1,"quantity_default":1,"priced_individually":true,"shipped_individually":true,"override_title":false,"title":"SEGURO PARA SU TRANQUILIDAD","override_description":false,"description":"","optional":true,"hide_thumbnail":true,"discount":"","override_variations":false,"allowed_variations":[],"override_default_variation_attributes":false,"default_variation_attributes":[],"single_product_visibility":"visible","cart_visibility":"visible","order_visibility":"visible","single_product_price_visibility":"hidden","cart_price_visibility":"hidden","order_price_visibility":"hidden","stock_status":"in_stock"}],"bundle_sell_ids":[],"_links":{"self":[{"href":"https:\/\/www.orentees.com\/es\/wp-json\/wp\/v2\/product\/384368","targetHints":{"allow":["GET"]}}],"collection":[{"href":"https:\/\/www.orentees.com\/es\/wp-json\/wp\/v2\/product"}],"about":[{"href":"https:\/\/www.orentees.com\/es\/wp-json\/wp\/v2\/types\/product"}],"version-history":[{"count":11,"href":"https:\/\/www.orentees.com\/es\/wp-json\/wp\/v2\/product\/384368\/revisions"}],"predecessor-version":[{"id":384388,"href":"https:\/\/www.orentees.com\/es\/wp-json\/wp\/v2\/product\/384368\/revisions\/384388"}],"wp:featuredmedia":[{"embeddable":true,"href":"https:\/\/www.orentees.com\/es\/wp-json\/wp\/v2\/media\/386629"}],"wp:attachment":[{"href":"https:\/\/www.orentees.com\/es\/wp-json\/wp\/v2\/media?parent=384368"}],"wp:term":[{"taxonomy":"product_brand","embeddable":true,"href":"https:\/\/www.orentees.com\/es\/wp-json\/wp\/v2\/product_brand?post=384368"},{"taxonomy":"product_cat","embeddable":true,"href":"https:\/\/www.orentees.com\/es\/wp-json\/wp\/v2\/product_cat?post=384368"},{"taxonomy":"product_tag","embeddable":true,"href":"https:\/\/www.orentees.com\/es\/wp-json\/wp\/v2\/product_tag?post=384368"}],"curies":[{"name":"wp","href":"https:\/\/api.w.org\/{rel}","templated":true}]}}