{"id":38888,"date":"2021-11-09T13:26:07","date_gmt":"2021-11-09T12:26:07","guid":{"rendered":"https:\/\/www.orentees.com\/?post_type=product&#038;p=38888"},"modified":"2025-01-13T22:42:13","modified_gmt":"2025-01-13T21:42:13","slug":"location-tenue-ski-fille-dare2be-pink","status":"publish","type":"product","link":"https:\/\/www.orentees.com\/es\/producto\/location-tenue-ski-fille-dare2be-pink\/","title":{"rendered":"ALQUILER DE ROPA DE ESQU\u00cd PARA NI\u00d1AS DARE 2B ROSA"},"content":{"rendered":"","protected":false},"excerpt":{"rendered":"<p style=\"text-align: left; font-size: 18px;\"><strong>Presentaci\u00f3n<\/strong><\/p>\n<p>Como los ni\u00f1os suelen esquiar con ropa inadecuada, hemos seleccionado las mejores marcas de ropa de esqu\u00ed. Tus hijos se mantendr\u00e1n secos y abrigados gracias a la alta impermeabilidad (20k) y el aislamiento t\u00e9rmico de los conjuntos de Dare 2B. Este conjunto de chaqueta y pantal\u00f3n vaqueros rosas les encantar\u00e1 a todos los peque\u00f1os esquiadores.<\/p>\n<p>&nbsp;<\/p>\n<h3 style=\"font-size: 23px; font-weight: 600;\">Beneficios<\/h3>\n<table style=\"text-align: center; vertical-align: middle; border-color: #c8d4d0;\" border=\"1\">\n<tbody>\n<tr>\n<th>Calor<\/th>\n<th>Impermeabilidad<\/th>\n<th>Transpirabilidad<\/th>\n<th>Calificaci\u00f3n ecol\u00f3gica<\/th>\n<\/tr>\n<tr style=\"font-size: 1.1em; color: #f59f40;\">\n<td>\u25cf\u25cf\u25cf\u25cf\u25cb<\/td>\n<td>\u25cf\u25cf\u25cf\u25cb\u25cb<\/td>\n<td>\u25cf\u25cf\u25cf\u25cb\u25cb<\/td>\n<td>\u25cf\u25cf\u25cf\u25cb\u25cb<\/td>\n<\/tr>\n<\/tbody>\n<\/table>\n<p>&nbsp;<\/p>\n<hr \/>","protected":false},"featured_media":134297,"template":"","meta":{"_acf_changed":false},"product_brand":[],"product_cat":[3055,3107,3057],"product_tag":[],"class_list":{"0":"post-38888","1":"product","2":"type-product","3":"status-publish","4":"has-post-thumbnail","6":"product_cat-location-vetement-de-ski","7":"product_cat-fille","8":"product_cat-enfant","9":"pa_couleur-pantalon-denim","10":"pa_couleur-veste-bleu","11":"pa_couleur-veste-denim","12":"pa_couleur-veste-rose","13":"pa_coupe-pantalon-regular","14":"pa_coupe-veste-regular","15":"pa_genre-enfant","16":"pa_genre-fille","17":"pa_impermeabilite-20000-mm","18":"pa_marque-dare2b","19":"pa_respirabilite-20000-gr-m2","20":"pa_taille-8-ans","21":"pa_taille-12-ans","22":"pa_taille-10-ans","23":"pa_taille-14-ans","24":"pa_taille-16-ans","25":"pa_type-produit-tenue-complete","27":"first","28":"instock","29":"sale","30":"virtual","31":"taxable","32":"purchasable","33":"product-type-bundle"},"bundled_by":[],"bundle_stock_status":"instock","bundle_stock_quantity":36,"bundle_virtual":false,"bundle_layout":"default","bundle_add_to_cart_form_location":"default","bundle_editable_in_cart":false,"bundle_sold_individually_context":"product","bundle_item_grouping":"parent","bundle_min_size":"","bundle_max_size":"","bundled_items":[{"bundled_item_id":21603,"product_id":98723,"menu_order":0,"quantity_min":1,"quantity_max":1,"quantity_default":1,"priced_individually":true,"shipped_individually":false,"override_title":true,"title":"Chaqueta","override_description":true,"description":"Elige el tama\u00f1o:","optional":false,"hide_thumbnail":false,"discount":"50","override_variations":false,"allowed_variations":[],"override_default_variation_attributes":false,"default_variation_attributes":[],"single_product_visibility":"visible","cart_visibility":"visible","order_visibility":"visible","single_product_price_visibility":"hidden","cart_price_visibility":"hidden","order_price_visibility":"hidden","stock_status":"in_stock"},{"bundled_item_id":21605,"product_id":98735,"menu_order":1,"quantity_min":1,"quantity_max":1,"quantity_default":1,"priced_individually":true,"shipped_individually":false,"override_title":true,"title":"Pantalones \/ Pantalones","override_description":true,"description":"Elige el tama\u00f1o:","optional":false,"hide_thumbnail":false,"discount":"50","override_variations":false,"allowed_variations":[],"override_default_variation_attributes":false,"default_variation_attributes":[],"single_product_visibility":"visible","cart_visibility":"visible","order_visibility":"visible","single_product_price_visibility":"hidden","cart_price_visibility":"hidden","order_price_visibility":"hidden","stock_status":"in_stock"},{"bundled_item_id":21607,"product_id":33045,"menu_order":2,"quantity_min":1,"quantity_max":1,"quantity_default":1,"priced_individually":true,"shipped_individually":false,"override_title":true,"title":"M\u00e1scara de esqu\u00ed para ni\u00f1os","override_description":false,"description":"11 \u20ac \/ alquiler","optional":true,"hide_thumbnail":false,"discount":"","override_variations":false,"allowed_variations":[],"override_default_variation_attributes":false,"default_variation_attributes":[],"single_product_visibility":"visible","cart_visibility":"visible","order_visibility":"visible","single_product_price_visibility":"hidden","cart_price_visibility":"hidden","order_price_visibility":"hidden","stock_status":"in_stock"},{"bundled_item_id":21609,"product_id":33360,"menu_order":3,"quantity_min":1,"quantity_max":1,"quantity_default":1,"priced_individually":true,"shipped_individually":false,"override_title":true,"title":"Segunda capa de vell\u00f3n - ODLO -","override_description":false,"description":"11 \u20ac \/ alquiler","optional":true,"hide_thumbnail":false,"discount":"","override_variations":false,"allowed_variations":[],"override_default_variation_attributes":true,"default_variation_attributes":[],"single_product_visibility":"visible","cart_visibility":"visible","order_visibility":"visible","single_product_price_visibility":"hidden","cart_price_visibility":"hidden","order_price_visibility":"hidden","stock_status":"in_stock"},{"bundled_item_id":21611,"product_id":30096,"menu_order":4,"quantity_min":1,"quantity_max":1,"quantity_default":1,"priced_individually":true,"shipped_individually":false,"override_title":true,"title":"Guantes para ni\u00f1os","override_description":false,"description":"11 \u20ac \/ alquiler","optional":true,"hide_thumbnail":false,"discount":"","override_variations":false,"allowed_variations":[],"override_default_variation_attributes":false,"default_variation_attributes":[],"single_product_visibility":"visible","cart_visibility":"visible","order_visibility":"visible","single_product_price_visibility":"hidden","cart_price_visibility":"hidden","order_price_visibility":"hidden","stock_status":"in_stock"},{"bundled_item_id":21613,"product_id":160963,"menu_order":5,"quantity_min":1,"quantity_max":1,"quantity_default":1,"priced_individually":true,"shipped_individually":false,"override_title":false,"title":"Bonnet ski - Odlo","override_description":false,"description":"","optional":true,"hide_thumbnail":false,"discount":"","override_variations":false,"allowed_variations":[],"override_default_variation_attributes":false,"default_variation_attributes":[],"single_product_visibility":"visible","cart_visibility":"visible","order_visibility":"visible","single_product_price_visibility":"hidden","cart_price_visibility":"hidden","order_price_visibility":"hidden","stock_status":"in_stock"},{"bundled_item_id":21615,"product_id":160977,"menu_order":6,"quantity_min":1,"quantity_max":1,"quantity_default":1,"priced_individually":true,"shipped_individually":false,"override_title":false,"title":"Cagoule Enfant (taille unique) - Odlo","override_description":false,"description":"","optional":true,"hide_thumbnail":false,"discount":"","override_variations":false,"allowed_variations":[],"override_default_variation_attributes":false,"default_variation_attributes":[],"single_product_visibility":"visible","cart_visibility":"visible","order_visibility":"visible","single_product_price_visibility":"hidden","cart_price_visibility":"hidden","order_price_visibility":"hidden","stock_status":"in_stock"},{"bundled_item_id":21617,"product_id":75247,"menu_order":7,"quantity_min":1,"quantity_max":1,"quantity_default":1,"priced_individually":true,"shipped_individually":false,"override_title":true,"title":"Calentador de cuello","override_description":false,"description":"6 \u20ac \/ alquiler","optional":true,"hide_thumbnail":false,"discount":"","override_variations":false,"allowed_variations":[],"override_default_variation_attributes":false,"default_variation_attributes":[],"single_product_visibility":"visible","cart_visibility":"visible","order_visibility":"visible","single_product_price_visibility":"hidden","cart_price_visibility":"hidden","order_price_visibility":"hidden","stock_status":"in_stock"},{"bundled_item_id":21619,"product_id":33286,"menu_order":8,"quantity_min":1,"quantity_max":2,"quantity_default":1,"priced_individually":true,"shipped_individually":false,"override_title":true,"title":"T-Shirt ML Active Wam - ODLO -","override_description":false,"description":"11 \u20ac \/ alquiler","optional":true,"hide_thumbnail":false,"discount":"","override_variations":false,"allowed_variations":[],"override_default_variation_attributes":false,"default_variation_attributes":[],"single_product_visibility":"visible","cart_visibility":"visible","order_visibility":"visible","single_product_price_visibility":"hidden","cart_price_visibility":"hidden","order_price_visibility":"hidden","stock_status":"in_stock"},{"bundled_item_id":21621,"product_id":33296,"menu_order":9,"quantity_min":1,"quantity_max":2,"quantity_default":1,"priced_individually":true,"shipped_individually":false,"override_title":true,"title":"Collant long \/ Base layer pants Active Wam - ODLO -","override_description":false,"description":"11 \u20ac \/ alquiler","optional":true,"hide_thumbnail":false,"discount":"","override_variations":false,"allowed_variations":[],"override_default_variation_attributes":false,"default_variation_attributes":[],"single_product_visibility":"visible","cart_visibility":"visible","order_visibility":"visible","single_product_price_visibility":"hidden","cart_price_visibility":"hidden","order_price_visibility":"hidden","stock_status":"in_stock"},{"bundled_item_id":21623,"product_id":33307,"menu_order":10,"quantity_min":1,"quantity_max":3,"quantity_default":1,"priced_individually":true,"shipped_individually":false,"override_title":true,"title":"Calcetines de esqu\u00ed - MONNET -","override_description":false,"description":"4 \u20ac \/ location","optional":true,"hide_thumbnail":false,"discount":"","override_variations":false,"allowed_variations":[],"override_default_variation_attributes":false,"default_variation_attributes":[],"single_product_visibility":"visible","cart_visibility":"visible","order_visibility":"visible","single_product_price_visibility":"hidden","cart_price_visibility":"hidden","order_price_visibility":"hidden","stock_status":"in_stock"},{"bundled_item_id":21625,"product_id":29939,"menu_order":11,"quantity_min":1,"quantity_max":1,"quantity_default":1,"priced_individually":true,"shipped_individually":false,"override_title":true,"title":"Apr\u00e8s-Ski para ni\u00f1os - SOREL","override_description":false,"description":"31 \u20ac \/ location","optional":true,"hide_thumbnail":false,"discount":"","override_variations":false,"allowed_variations":[],"override_default_variation_attributes":false,"default_variation_attributes":[],"single_product_visibility":"visible","cart_visibility":"visible","order_visibility":"visible","single_product_price_visibility":"hidden","cart_price_visibility":"hidden","order_price_visibility":"hidden","stock_status":"in_stock"},{"bundled_item_id":21627,"product_id":29950,"menu_order":12,"quantity_min":1,"quantity_max":1,"quantity_default":1,"priced_individually":true,"shipped_individually":false,"override_title":true,"title":"Apr\u00e8s-Ski Junior - SOREL","override_description":false,"description":"31 \u20ac \/ location","optional":true,"hide_thumbnail":false,"discount":"","override_variations":false,"allowed_variations":[],"override_default_variation_attributes":false,"default_variation_attributes":[],"single_product_visibility":"visible","cart_visibility":"visible","order_visibility":"visible","single_product_price_visibility":"hidden","cart_price_visibility":"hidden","order_price_visibility":"hidden","stock_status":"in_stock"},{"bundled_item_id":21629,"product_id":29974,"menu_order":13,"quantity_min":1,"quantity_max":1,"quantity_default":1,"priced_individually":true,"shipped_individually":false,"override_title":true,"title":"Apr\u00e8s-Ski Femme - SOREL","override_description":false,"description":"36 \u20ac \/ location","optional":true,"hide_thumbnail":false,"discount":"","override_variations":false,"allowed_variations":[],"override_default_variation_attributes":false,"default_variation_attributes":[],"single_product_visibility":"visible","cart_visibility":"visible","order_visibility":"visible","single_product_price_visibility":"hidden","cart_price_visibility":"hidden","order_price_visibility":"hidden","stock_status":"in_stock"},{"bundled_item_id":21631,"product_id":31106,"menu_order":14,"quantity_min":1,"quantity_max":1,"quantity_default":1,"priced_individually":true,"shipped_individually":true,"override_title":false,"title":"ASSURANCE ANNULATION (+5 \u20ac)","override_description":false,"description":"","optional":true,"hide_thumbnail":true,"discount":"","override_variations":false,"allowed_variations":[],"override_default_variation_attributes":false,"default_variation_attributes":[],"single_product_visibility":"visible","cart_visibility":"visible","order_visibility":"visible","single_product_price_visibility":"hidden","cart_price_visibility":"hidden","order_price_visibility":"hidden","stock_status":"in_stock"},{"bundled_item_id":21633,"product_id":31104,"menu_order":15,"quantity_min":1,"quantity_max":1,"quantity_default":1,"priced_individually":true,"shipped_individually":true,"override_title":false,"title":"ASSURANCE TRANQUILIT\u00c9 (+5 \u20ac)","override_description":false,"description":"","optional":true,"hide_thumbnail":true,"discount":"","override_variations":false,"allowed_variations":[],"override_default_variation_attributes":false,"default_variation_attributes":[],"single_product_visibility":"visible","cart_visibility":"visible","order_visibility":"visible","single_product_price_visibility":"hidden","cart_price_visibility":"hidden","order_price_visibility":"hidden","stock_status":"in_stock"}],"bundle_sell_ids":[],"_links":{"self":[{"href":"https:\/\/www.orentees.com\/es\/wp-json\/wp\/v2\/product\/38888","targetHints":{"allow":["GET"]}}],"collection":[{"href":"https:\/\/www.orentees.com\/es\/wp-json\/wp\/v2\/product"}],"about":[{"href":"https:\/\/www.orentees.com\/es\/wp-json\/wp\/v2\/types\/product"}],"version-history":[{"count":10,"href":"https:\/\/www.orentees.com\/es\/wp-json\/wp\/v2\/product\/38888\/revisions"}],"predecessor-version":[{"id":161033,"href":"https:\/\/www.orentees.com\/es\/wp-json\/wp\/v2\/product\/38888\/revisions\/161033"}],"wp:featuredmedia":[{"embeddable":true,"href":"https:\/\/www.orentees.com\/es\/wp-json\/wp\/v2\/media\/134297"}],"wp:attachment":[{"href":"https:\/\/www.orentees.com\/es\/wp-json\/wp\/v2\/media?parent=38888"}],"wp:term":[{"taxonomy":"product_brand","embeddable":true,"href":"https:\/\/www.orentees.com\/es\/wp-json\/wp\/v2\/product_brand?post=38888"},{"taxonomy":"product_cat","embeddable":true,"href":"https:\/\/www.orentees.com\/es\/wp-json\/wp\/v2\/product_cat?post=38888"},{"taxonomy":"product_tag","embeddable":true,"href":"https:\/\/www.orentees.com\/es\/wp-json\/wp\/v2\/product_tag?post=38888"}],"curies":[{"name":"wp","href":"https:\/\/api.w.org\/{rel}","templated":true}]}}