{"id":50579,"date":"2022-04-22T18:16:03","date_gmt":"2022-04-22T16:16:03","guid":{"rendered":"https:\/\/www.orentees.com\/?post_type=product&#038;p=50579"},"modified":"2025-08-22T07:14:13","modified_gmt":"2025-08-22T05:14:13","slug":"pack-rando-journee-femme","status":"publish","type":"product","link":"https:\/\/www.orentees.com\/es\/producto\/pack-rando-journee-femme\/","title":{"rendered":"MOCHILA DE SENDERISMO PARA MUJERES"},"content":{"rendered":"<h2><strong>Mochila de senderismo de un d\u00eda para mujeres<\/strong><\/h2>\n<h2>Alquiler de equipos de senderismo y trekking para mujeres<\/h2>\n<p>La mochila para excursiones de un d\u00eda es una mochila personalizable basada en la mochila principal. <strong>Mijo UBIC 30<\/strong>Con una capacidad de <strong>30 litros<\/strong>Es ideal para llevar todo lo necesario para un d\u00eda al aire libre. C\u00f3moda y pr\u00e1ctica, permite transportar la m\u00e1xima cantidad de equipo.<\/p>\n<p>El paquete puede complementarse con:<\/p>\n<h4>Chaqueta de senderismo GORE-TEX:<\/h4>\n<ul>\n<li>Modelo <strong>SHIFT GORE-TEX<\/strong>\u00a0Para <strong>Mujer<\/strong>Chaqueta Gore-tex de <strong>Lafuma<\/strong> Es ideal para senderismo\/trekking en tres estaciones. Ligera, transpirable e impermeable, apenas la notar\u00e1s en tu mochila.<\/li>\n<\/ul>\n<p>&nbsp;<\/p>\n<h4>Pantalones impermeables de senderismo GORE-TEX:<\/h4>\n<ul>\n<li>Modelo <strong>MOVERSE\u00a0<\/strong> as\u00ed como <strong>hombres <\/strong>Y <strong>mujer<\/strong> , estos pantalones impermeables de tejido Gore-tex de <strong>Lafuma<\/strong> Es muy pr\u00e1ctico: ligero y muy f\u00e1cil de poner gracias a sus cremalleras laterales.<\/li>\n<\/ul>\n<h4>Zapatos de senderismo Millet:<\/h4>\n<ul>\n<li>Modelo <strong>Aumentar<\/strong> para el <strong>mujer<\/strong>Tambi\u00e9n de media ca\u00f1a, este modelo es muy c\u00f3modo e ideal para largas distancias. Al igual que la versi\u00f3n para hombre, est\u00e1n fabricados con... <strong>Gore-Tex<\/strong> y la suela garantiza un excelente agarre gracias a la <strong>Vibram<\/strong>.<\/li>\n<\/ul>\n<h4>Hidrataci\u00f3n:<\/h4>\n<ul>\n<li>All\u00e1 <strong>pajita de filtro<\/strong> De LifeStraw, pr\u00e1ctico, <strong>minimalista<\/strong>Es f\u00e1cil olvidar que lo llevas colgado del cuello o enganchado a la mochila. La pajita con filtro te permite refrescarte bebiendo agua de lagos o arroyos. <strong>filtrado<\/strong> <strong>99,99% de impurezas.<\/strong><\/li>\n<\/ul>\n<h4>Caminar:<\/h4>\n<ul>\n<li><strong>Poncho<\/strong>El poncho\/lona de <strong>Del mar a la cima<\/strong> ofrece una <strong>protecci\u00f3n<\/strong> Protecci\u00f3n \u00f3ptima contra las inclemencias del tiempo. Usted y su equipo estar\u00e1n protegidos. <strong>contra la lluvia<\/strong>Su gran tama\u00f1o le permite transformarse en <strong>refugio improvisado<\/strong> y as\u00ed crear protecci\u00f3n para el peque\u00f1o grupo, mientras se espera que mejoren las condiciones.<\/li>\n<\/ul>\n<p>&nbsp;<\/p>\n<ul>\n<li><strong>bastones<\/strong>: <strong>Komperdell<\/strong> Compuestas de 3 hebras, son extremadamente resistentes y <strong>adaptable a todos<\/strong>Caminar con bastones de senderismo ofrece un nivel de comodidad realmente apreciable. <strong>\u00a1Pru\u00e9balos y te encantar\u00e1n!<\/strong><\/li>\n<\/ul>\n<p>&nbsp;<\/p>","protected":false},"excerpt":{"rendered":"<p style=\"text-align: left; font-size: 18px;\"><strong>Presentaci\u00f3n:<\/strong><\/p>\n<p>Nuestro kit para excursiones de un d\u00eda: Todo lo que necesitas para estar bien equipado para tus caminatas.<\/p>\n<p><strong>Personaliza tu mochila de senderismo a\u00f1adiendo los art\u00edculos que necesitas de entre las numerosas opciones disponibles:<\/strong><\/p>\n<ul>\n<li>Mochilas de senderismo,<\/li>\n<li>Chaqueta de senderismo GORE-TEX,<\/li>\n<li>pantalones de senderismo GORE-TEX<\/li>\n<li>Hidrataci\u00f3n: Botella isot\u00e9rmica, pajita con filtro, etc.<\/li>\n<li>Poncho,<\/li>\n<li>Bastones para caminar,<\/li>\n<li>Zapatos de senderismo<\/li>\n<\/ul>\n<p><strong>Para obtener m\u00e1s informaci\u00f3n sobre los productos, <\/strong>Haz clic en el icono <img loading=\"lazy\" decoding=\"async\" class=\"wp-image-35744 alignnone\" src=\"https:\/\/lespetitsmontagnards.com\/wp-content\/uploads\/Icone-detail-low-300x300.jpg\" alt=\"\" width=\"22\" height=\"22\" \/> durante el proceso de selecci\u00f3n.<\/p>","protected":false},"featured_media":179239,"template":"","meta":{"_acf_changed":false},"product_brand":[],"product_cat":[3051,3671],"product_tag":[],"class_list":{"0":"post-50579","1":"product","2":"type-product","3":"status-publish","4":"has-post-thumbnail","6":"product_cat-accueil","7":"product_cat-location-materiel-randonnee","9":"first","10":"instock","11":"virtual","12":"taxable","13":"purchasable","14":"product-type-bundle"},"bundled_by":[],"bundle_stock_status":"instock","bundle_stock_quantity":13,"bundle_virtual":false,"bundle_layout":"default","bundle_add_to_cart_form_location":"default","bundle_editable_in_cart":false,"bundle_sold_individually_context":"product","bundle_item_grouping":"parent","bundle_min_size":"","bundle_max_size":"","bundled_items":[{"bundled_item_id":3167,"product_id":30148,"menu_order":0,"quantity_min":1,"quantity_max":2,"quantity_default":1,"priced_individually":true,"shipped_individually":false,"override_title":true,"title":"","override_description":true,"description":"","optional":false,"hide_thumbnail":false,"discount":"","override_variations":false,"allowed_variations":[],"override_default_variation_attributes":false,"default_variation_attributes":[],"single_product_visibility":"visible","cart_visibility":"visible","order_visibility":"visible","single_product_price_visibility":"hidden","cart_price_visibility":"hidden","order_price_visibility":"hidden","stock_status":"in_stock"},{"bundled_item_id":3169,"product_id":50569,"menu_order":1,"quantity_min":1,"quantity_max":1,"quantity_default":1,"priced_individually":true,"shipped_individually":false,"override_title":true,"title":"Veste Femme Gore-Tex Lafuma","override_description":true,"description":"7,50 \u20ac \/ d\u00eda **","optional":true,"hide_thumbnail":false,"discount":"","override_variations":false,"allowed_variations":[],"override_default_variation_attributes":true,"default_variation_attributes":[{"id":0,"name":"Tama\u00f1o","option":"XS"}],"single_product_visibility":"visible","cart_visibility":"visible","order_visibility":"visible","single_product_price_visibility":"hidden","cart_price_visibility":"hidden","order_price_visibility":"hidden","stock_status":"in_stock"},{"bundled_item_id":3171,"product_id":50548,"menu_order":2,"quantity_min":1,"quantity_max":1,"quantity_default":1,"priced_individually":true,"shipped_individually":false,"override_title":true,"title":"Surpantalon  Gore-Tex Lafuma Unisexe","override_description":true,"description":"3 \u20ac \/ d\u00eda **","optional":true,"hide_thumbnail":false,"discount":"","override_variations":false,"allowed_variations":[],"override_default_variation_attributes":false,"default_variation_attributes":[],"single_product_visibility":"visible","cart_visibility":"visible","order_visibility":"visible","single_product_price_visibility":"hidden","cart_price_visibility":"hidden","order_price_visibility":"hidden","stock_status":"in_stock"},{"bundled_item_id":3173,"product_id":30177,"menu_order":3,"quantity_min":1,"quantity_max":1,"quantity_default":1,"priced_individually":true,"shipped_individually":false,"override_title":true,"title":"Chaussures Randonn\u00e9e Femme","override_description":true,"description":"6,75 \u20ac \/ d\u00eda **","optional":true,"hide_thumbnail":false,"discount":"","override_variations":false,"allowed_variations":[],"override_default_variation_attributes":false,"default_variation_attributes":[],"single_product_visibility":"visible","cart_visibility":"visible","order_visibility":"visible","single_product_price_visibility":"hidden","cart_price_visibility":"hidden","order_price_visibility":"hidden","stock_status":"in_stock"},{"bundled_item_id":3175,"product_id":30192,"menu_order":4,"quantity_min":1,"quantity_max":2,"quantity_default":1,"priced_individually":true,"shipped_individually":false,"override_title":true,"title":"bastones de senderismo","override_description":true,"description":"1,50 \u20ac \/ d\u00eda **","optional":true,"hide_thumbnail":false,"discount":"","override_variations":false,"allowed_variations":[],"override_default_variation_attributes":false,"default_variation_attributes":[],"single_product_visibility":"visible","cart_visibility":"visible","order_visibility":"visible","single_product_price_visibility":"hidden","cart_price_visibility":"hidden","order_price_visibility":"hidden","stock_status":"in_stock"},{"bundled_item_id":3177,"product_id":36112,"menu_order":5,"quantity_min":1,"quantity_max":2,"quantity_default":1,"priced_individually":true,"shipped_individually":false,"override_title":true,"title":"Gourde SIGG Original 750ml","override_description":true,"description":"2 \u20ac \/ d\u00eda **","optional":true,"hide_thumbnail":false,"discount":"","override_variations":false,"allowed_variations":[],"override_default_variation_attributes":false,"default_variation_attributes":[],"single_product_visibility":"visible","cart_visibility":"visible","order_visibility":"visible","single_product_price_visibility":"hidden","cart_price_visibility":"hidden","order_price_visibility":"hidden","stock_status":"in_stock"},{"bundled_item_id":3179,"product_id":36106,"menu_order":6,"quantity_min":1,"quantity_max":2,"quantity_default":1,"priced_individually":true,"shipped_individually":false,"override_title":true,"title":"Gourde Isotherme Filtrante 700ml","override_description":true,"description":"2 \u20ac \/ d\u00eda **","optional":true,"hide_thumbnail":false,"discount":"","override_variations":false,"allowed_variations":[],"override_default_variation_attributes":false,"default_variation_attributes":[],"single_product_visibility":"visible","cart_visibility":"visible","order_visibility":"visible","single_product_price_visibility":"hidden","cart_price_visibility":"hidden","order_price_visibility":"hidden","stock_status":"in_stock"},{"bundled_item_id":3181,"product_id":30290,"menu_order":7,"quantity_min":1,"quantity_max":2,"quantity_default":1,"priced_individually":true,"shipped_individually":false,"override_title":true,"title":"Paille filtrante","override_description":true,"description":"1 \u20ac \/ d\u00eda **","optional":true,"hide_thumbnail":false,"discount":"","override_variations":false,"allowed_variations":[],"override_default_variation_attributes":false,"default_variation_attributes":[],"single_product_visibility":"visible","cart_visibility":"visible","order_visibility":"visible","single_product_price_visibility":"hidden","cart_price_visibility":"hidden","order_price_visibility":"hidden","stock_status":"in_stock"},{"bundled_item_id":3183,"product_id":30190,"menu_order":8,"quantity_min":1,"quantity_max":2,"quantity_default":1,"priced_individually":true,"shipped_individually":false,"override_title":true,"title":"Poncho - tarp","override_description":true,"description":"1,25 \u20ac \/ d\u00eda **","optional":true,"hide_thumbnail":false,"discount":"","override_variations":false,"allowed_variations":[],"override_default_variation_attributes":false,"default_variation_attributes":[],"single_product_visibility":"visible","cart_visibility":"visible","order_visibility":"visible","single_product_price_visibility":"hidden","cart_price_visibility":"hidden","order_price_visibility":"hidden","stock_status":"in_stock"},{"bundled_item_id":3185,"product_id":36169,"menu_order":9,"quantity_min":1,"quantity_max":2,"quantity_default":1,"priced_individually":true,"shipped_individually":false,"override_title":true,"title":"botiqu\u00edn de primeros auxilios","override_description":true,"description":"2 \u20ac \/ d\u00eda **","optional":true,"hide_thumbnail":false,"discount":"","override_variations":false,"allowed_variations":[],"override_default_variation_attributes":false,"default_variation_attributes":[],"single_product_visibility":"visible","cart_visibility":"visible","order_visibility":"visible","single_product_price_visibility":"hidden","cart_price_visibility":"hidden","order_price_visibility":"hidden","stock_status":"in_stock"},{"bundled_item_id":3187,"product_id":31104,"menu_order":10,"quantity_min":1,"quantity_max":1,"quantity_default":1,"priced_individually":true,"shipped_individually":true,"override_title":true,"title":"SEGURO TRANQUILIDAD (+10\u20ac)","override_description":false,"description":"","optional":true,"hide_thumbnail":true,"discount":"","override_variations":false,"allowed_variations":[],"override_default_variation_attributes":false,"default_variation_attributes":[],"single_product_visibility":"visible","cart_visibility":"visible","order_visibility":"visible","single_product_price_visibility":"hidden","cart_price_visibility":"hidden","order_price_visibility":"hidden","stock_status":"in_stock"},{"bundled_item_id":3189,"product_id":31106,"menu_order":11,"quantity_min":1,"quantity_max":1,"quantity_default":1,"priced_individually":true,"shipped_individually":true,"override_title":true,"title":"SEGURO DE CANCELACI\u00d3N (+10\u20ac)","override_description":false,"description":"","optional":true,"hide_thumbnail":true,"discount":"","override_variations":false,"allowed_variations":[],"override_default_variation_attributes":false,"default_variation_attributes":[],"single_product_visibility":"visible","cart_visibility":"visible","order_visibility":"visible","single_product_price_visibility":"hidden","cart_price_visibility":"hidden","order_price_visibility":"hidden","stock_status":"in_stock"}],"bundle_sell_ids":[],"_links":{"self":[{"href":"https:\/\/www.orentees.com\/es\/wp-json\/wp\/v2\/product\/50579","targetHints":{"allow":["GET"]}}],"collection":[{"href":"https:\/\/www.orentees.com\/es\/wp-json\/wp\/v2\/product"}],"about":[{"href":"https:\/\/www.orentees.com\/es\/wp-json\/wp\/v2\/types\/product"}],"version-history":[{"count":7,"href":"https:\/\/www.orentees.com\/es\/wp-json\/wp\/v2\/product\/50579\/revisions"}],"predecessor-version":[{"id":188041,"href":"https:\/\/www.orentees.com\/es\/wp-json\/wp\/v2\/product\/50579\/revisions\/188041"}],"wp:featuredmedia":[{"embeddable":true,"href":"https:\/\/www.orentees.com\/es\/wp-json\/wp\/v2\/media\/179239"}],"wp:attachment":[{"href":"https:\/\/www.orentees.com\/es\/wp-json\/wp\/v2\/media?parent=50579"}],"wp:term":[{"taxonomy":"product_brand","embeddable":true,"href":"https:\/\/www.orentees.com\/es\/wp-json\/wp\/v2\/product_brand?post=50579"},{"taxonomy":"product_cat","embeddable":true,"href":"https:\/\/www.orentees.com\/es\/wp-json\/wp\/v2\/product_cat?post=50579"},{"taxonomy":"product_tag","embeddable":true,"href":"https:\/\/www.orentees.com\/es\/wp-json\/wp\/v2\/product_tag?post=50579"}],"curies":[{"name":"wp","href":"https:\/\/api.w.org\/{rel}","templated":true}]}}