{"id":87089,"date":"2023-03-31T11:46:05","date_gmt":"2023-03-31T09:46:05","guid":{"rendered":"https:\/\/www.orentees.com\/?post_type=product&#038;p=87089"},"modified":"2024-12-04T13:36:48","modified_gmt":"2024-12-04T12:36:48","slug":"location-sac-de-guidon-ortlieb-15-l","status":"publish","type":"product","link":"https:\/\/www.orentees.com\/es\/producto\/location-sac-de-guidon-ortlieb-15-l\/","title":{"rendered":"Alquiler de bolsa de manillar ORTLIEB 15L"},"content":{"rendered":"<h3><strong>Bolsa de manillar BIKEPACKING ORTLIEB 15 LITROS <\/strong><\/h3>\n<p>La bolsa para manillar ofrece una excelente capacidad de almacenamiento, permiti\u00e9ndote transportar multitud de art\u00edculos, incluyendo una tienda de campa\u00f1a. Soporta hasta 5 kg de peso.<\/p>\n<p>Totalmente impermeable, tus pertenencias se mantendr\u00e1n secas y en perfecto estado.<\/p>\n<p>Universal, se adapta a todas las bicicletas gracias a sus enganches ajustables.<\/p>\n<p>&nbsp;<\/p>\n<p>&nbsp;<\/p>","protected":false},"excerpt":{"rendered":"<p><strong>Presentaci\u00f3n:<\/strong><\/p>\n<p><span id=\"p163\">La bolsa de manillar ORTLIEB de 15 litros se adapta a todas las bicicletas gracias a sus correas ajustables. No se necesitan herramientas para su instalaci\u00f3n.<\/span><\/p>\n<p>Ofrece una excelente capacidad de carga (15 litros y 5 kg). Adem\u00e1s, permite acoplar una tienda de campa\u00f1a para vivaquear.<\/p>\n<p>En cuanto a la seguridad, est\u00e1 equipado con bandas reflectantes 3M y una presilla para sujetar una luz.<span id=\"p163\"><\/span><\/p>\n<p>Totalmente impermeable \u2013 IP 64 \u2013 sus pertenencias permanecer\u00e1n protegidas.<\/p>","protected":false},"featured_media":145081,"template":"","meta":{"_acf_changed":false},"product_brand":[],"product_cat":[3767,3673],"product_tag":[],"class_list":{"0":"post-87089","1":"product","2":"type-product","3":"status-publish","4":"has-post-thumbnail","6":"product_cat-portage-bikepacking","7":"product_cat-location-bikepacking","8":"pa_dimension-58-x-20-x-20-cm","9":"pa_marque-ortlieb","10":"pa_modele-handlebar-pack-ps21r-15l","12":"first","13":"instock","14":"taxable","15":"shipping-taxable","16":"purchasable","17":"product-type-simple"},"bundled_by":["35993","35997","36000","36036","50795"],"bundle_stock_status":"instock","bundle_stock_quantity":9,"bundle_virtual":false,"bundle_layout":"","bundle_add_to_cart_form_location":"","bundle_editable_in_cart":false,"bundle_sold_individually_context":"","bundle_item_grouping":"","bundle_min_size":"","bundle_max_size":"","bundled_items":[],"bundle_sell_ids":[],"_links":{"self":[{"href":"https:\/\/www.orentees.com\/es\/wp-json\/wp\/v2\/product\/87089","targetHints":{"allow":["GET"]}}],"collection":[{"href":"https:\/\/www.orentees.com\/es\/wp-json\/wp\/v2\/product"}],"about":[{"href":"https:\/\/www.orentees.com\/es\/wp-json\/wp\/v2\/types\/product"}],"version-history":[{"count":2,"href":"https:\/\/www.orentees.com\/es\/wp-json\/wp\/v2\/product\/87089\/revisions"}],"predecessor-version":[{"id":145111,"href":"https:\/\/www.orentees.com\/es\/wp-json\/wp\/v2\/product\/87089\/revisions\/145111"}],"wp:featuredmedia":[{"embeddable":true,"href":"https:\/\/www.orentees.com\/es\/wp-json\/wp\/v2\/media\/145081"}],"wp:attachment":[{"href":"https:\/\/www.orentees.com\/es\/wp-json\/wp\/v2\/media?parent=87089"}],"wp:term":[{"taxonomy":"product_brand","embeddable":true,"href":"https:\/\/www.orentees.com\/es\/wp-json\/wp\/v2\/product_brand?post=87089"},{"taxonomy":"product_cat","embeddable":true,"href":"https:\/\/www.orentees.com\/es\/wp-json\/wp\/v2\/product_cat?post=87089"},{"taxonomy":"product_tag","embeddable":true,"href":"https:\/\/www.orentees.com\/es\/wp-json\/wp\/v2\/product_tag?post=87089"}],"curies":[{"name":"wp","href":"https:\/\/api.w.org\/{rel}","templated":true}]}}