{"id":87325,"date":"2023-04-03T13:07:16","date_gmt":"2023-04-03T11:07:16","guid":{"rendered":"https:\/\/www.orentees.com\/?post_type=product&#038;p=87325"},"modified":"2024-09-30T15:03:03","modified_gmt":"2024-09-30T13:03:03","slug":"location-camera-action-2-dji","status":"publish","type":"product","link":"https:\/\/www.orentees.com\/es\/producto\/location-camera-action-2-dji\/","title":{"rendered":"Alquiler de c\u00e1mara DJI Action 2"},"content":{"rendered":"<h3><strong>Alquiler de DJI Action 2 con pantalla doble<\/strong><\/h3>\n<p>Para crear recuerdos inolvidables, la c\u00e1mara de acci\u00f3n de DJI, reconocida mundialmente por sus drones y otros equipos de v\u00eddeo.<\/p>\n<p><span style=\"text-decoration: underline;\"><strong>Contenido del paquete ofrecido en alquiler:<\/strong><\/span><br \/>\n\u2013 C\u00e1mara de acci\u00f3n DJI Action 2<br \/>\n\u2013 M\u00f3dulo de pantalla t\u00e1ctil frontal DJI Action 2<br \/>\n\u2013 Cable magn\u00e9tico DJI Action 2<br \/>\n\u2013 Soporte de montaje articulado magn\u00e9tico para DJI Action 2<br \/>\n\u2013 Soporte de montaje magn\u00e9tico para DJI Action 2<br \/>\n\u2013 Cable de alimentaci\u00f3n<br \/>\n\u2013 Estuche impermeable<br \/>\n\u2013 Asa flotante<\/p>","protected":false},"excerpt":{"rendered":"<p style=\"text-align: left; font-size: 18px;\"><strong>Presentaci\u00f3n:<\/strong><\/p>\n<p>El kit DJI Action 2 es el compa\u00f1ero ideal para los amantes de la adrenalina y la aventura. Su n\u00facleo es la c\u00e1mara DJI Action 2, reconocida por su excepcional calidad de imagen y versatilidad. La incorporaci\u00f3n del m\u00f3dulo de pantalla t\u00e1ctil frontal mejora la experiencia al ofrecer dos pantallas t\u00e1ctiles OLED para una navegaci\u00f3n sencilla y selfies sin esfuerzo, adem\u00e1s de extender la duraci\u00f3n de la bater\u00eda hasta 160 minutos.<\/p>\n<p><strong>El paquete incluye<\/strong> tambi\u00e9n <strong>estuche impermeable<\/strong> Capaz de proteger su equipo hasta una profundidad de 60 metros, ideal para la exploraci\u00f3n submarina. Con el <strong>soporte magn\u00e9tico<\/strong>Monta tu c\u00e1mara en diversas superficies para obtener \u00e1ngulos de visi\u00f3n innovadores, mientras que la<strong> asa flotante<\/strong> Garantiza la seguridad de tu c\u00e1mara en el agua, a la vez que a\u00f1ade un toque de practicidad.<\/p>\n<p>La tarjeta microSD de 128 GB incluida proporciona un amplio espacio de almacenamiento para todas tus fotos. Este paquete completo ofrece una soluci\u00f3n robusta y vers\u00e1til para capturar de forma f\u00e1cil y precisa todos los momentos de tu aventura.<\/p>\n<hr \/>\n<p style=\"text-align: center;\"><em><strong>Opini\u00f3n de Pierre:<\/strong> \u201cUna excelente alternativa a la famosa GoPro. Su facilidad de uso, combinada con una calidad de imagen inigualable, me permite capturar la belleza del momento, dondequiera que est\u00e9, sin preocuparme nunca por el equipo.<\/em><em>&#8220;<\/em><\/p>\n<hr \/>\n<p>&nbsp;<\/p>\n<p><em><span lang=\"fr\" style=\"font-size: 10pt; font-family: Verdana, sans-serif; color: #000000;\" xml:lang=\"fr\">* Imagen solo con fines ilustrativos<\/span><\/em><\/p>\n<p><span style=\"font-size: 10pt;\"> **Basado en un alquiler de 8 d\u00edas<\/span><\/p>","protected":false},"featured_media":144903,"template":"","meta":{"_acf_changed":false},"product_brand":[],"product_cat":[3835],"product_tag":[],"class_list":{"0":"post-87325","1":"product","2":"type-product","3":"status-publish","4":"has-post-thumbnail","6":"product_cat-photo-video-voyage","7":"pa_dimension-20-x-9-x-3-cm","8":"pa_marque-dji","10":"first","11":"instock","12":"taxable","13":"shipping-taxable","14":"purchasable","15":"product-type-simple"},"bundled_by":["88539","88547","88549","92979"],"bundle_stock_status":"instock","bundle_stock_quantity":1,"bundle_virtual":false,"bundle_layout":"","bundle_add_to_cart_form_location":"","bundle_editable_in_cart":false,"bundle_sold_individually_context":"","bundle_item_grouping":"","bundle_min_size":"","bundle_max_size":"","bundled_items":[],"bundle_sell_ids":[],"_links":{"self":[{"href":"https:\/\/www.orentees.com\/es\/wp-json\/wp\/v2\/product\/87325","targetHints":{"allow":["GET"]}}],"collection":[{"href":"https:\/\/www.orentees.com\/es\/wp-json\/wp\/v2\/product"}],"about":[{"href":"https:\/\/www.orentees.com\/es\/wp-json\/wp\/v2\/types\/product"}],"version-history":[{"count":5,"href":"https:\/\/www.orentees.com\/es\/wp-json\/wp\/v2\/product\/87325\/revisions"}],"predecessor-version":[{"id":144909,"href":"https:\/\/www.orentees.com\/es\/wp-json\/wp\/v2\/product\/87325\/revisions\/144909"}],"wp:featuredmedia":[{"embeddable":true,"href":"https:\/\/www.orentees.com\/es\/wp-json\/wp\/v2\/media\/144903"}],"wp:attachment":[{"href":"https:\/\/www.orentees.com\/es\/wp-json\/wp\/v2\/media?parent=87325"}],"wp:term":[{"taxonomy":"product_brand","embeddable":true,"href":"https:\/\/www.orentees.com\/es\/wp-json\/wp\/v2\/product_brand?post=87325"},{"taxonomy":"product_cat","embeddable":true,"href":"https:\/\/www.orentees.com\/es\/wp-json\/wp\/v2\/product_cat?post=87325"},{"taxonomy":"product_tag","embeddable":true,"href":"https:\/\/www.orentees.com\/es\/wp-json\/wp\/v2\/product_tag?post=87325"}],"curies":[{"name":"wp","href":"https:\/\/api.w.org\/{rel}","templated":true}]}}