{"id":92935,"date":"2023-06-29T10:56:12","date_gmt":"2023-06-29T08:56:12","guid":{"rendered":"https:\/\/www.orentees.com\/?post_type=product&#038;p=92935"},"modified":"2024-12-04T13:36:48","modified_gmt":"2024-12-04T12:36:48","slug":"repas-deshydrate-pates-orzo-a-la-bolognaise","status":"publish","type":"product","link":"https:\/\/www.orentees.com\/es\/producto\/repas-deshydrate-pates-orzo-a-la-bolognaise\/","title":{"rendered":"Comida deshidratada: pasta orzo con salsa bolo\u00f1esa"},"content":{"rendered":"<h3><strong>Comida deshidratada: Pasta orzo con salsa bolo\u00f1esa<\/strong><\/h3>\n<p>Descubre los sobres liofilizados de la marca. <strong>HOGAR<\/strong>y sum\u00e9rgete en una experiencia culinaria sin precedentes durante tus aventuras al aire libre. Con la receta \u201cPasta Orzo a la Bolo\u00f1esa\u201d, <strong>HOGAR<\/strong> Este producto ofrece una forma pr\u00e1ctica y deliciosa de satisfacer tu paladar, incluso en plena naturaleza. Esta comida sin lactosa est\u00e1 especialmente dise\u00f1ada para los amantes de la aventura que buscan una opci\u00f3n sabrosa y energizante. Con 635 calor\u00edas por raci\u00f3n, te ayudar\u00e1 a recargar energ\u00edas y disfrutar al m\u00e1ximo de tus actividades al aire libre.<\/p>\n<p><strong>En una palabra:<\/strong><br \/>\nEl sobre liofilizado <strong>HOGAR<\/strong> La pasta orzo a la bolo\u00f1esa es la combinaci\u00f3n perfecta de sabores italianos y practicidad para los amantes de la naturaleza. Este plato se prepara cuidadosamente con ingredientes de alta calidad y no contiene lactosa. Cada paquete est\u00e1 especialmente dise\u00f1ado para ofrecer una experiencia de sabor excepcional, incluso en las condiciones m\u00e1s extremas.<\/p>\n<p>Con un contenido energ\u00e9tico de 635 calor\u00edas por paquete, la \u201cPasta Orzo a la Bolo\u00f1esa\u201d de <strong>HOGAR<\/strong> Te proporcionar\u00e1 la energ\u00eda que necesitas para tus aventuras al aire libre. Ya sea que est\u00e9s de excursi\u00f3n, acampando o participando en una expedici\u00f3n, este plato te ayudar\u00e1 a recargar energ\u00edas y mantener tu nivel de actividad.<\/p>\n<p>Adem\u00e1s, este alimento es <strong>Libre de los principales al\u00e9rgenos, excepto el trigo.<\/strong> Esto lo hace apto para muchas dietas. FIREPOT se compromete a ofrecer productos de calidad, teniendo en cuenta las preferencias y restricciones diet\u00e9ticas individuales.<\/p>\n<p>sobres liofilizados <strong>FIREPOT \u201cPasta Orzo con Salsa Bolo\u00f1esa\u201d<\/strong> son los <strong>Un complemento ideal para el alquiler de equipos de acampada.<\/strong> Cuando vas de excursi\u00f3n, buscas soluciones pr\u00e1cticas y ligeras para tus comidas. Bolsas FIREPOT <strong>responder<\/strong> a estos requisitos ofreciendo <strong>platos deliciosos y f\u00e1ciles de preparar<\/strong>.<\/p>\n<p>Gracias a su proceso de liofilizaci\u00f3n, estos sobres son ligeros, compactos y<strong> f\u00e1cil de transportar<\/strong>Puedes guardarlos f\u00e1cilmente en tu mochila o saco de vivac sin preocuparte por el espacio o el peso extra.<\/p>\n<p>Con la \u201cPasta Orzo a la Bolo\u00f1esa\u201d de <strong>HOGAR<\/strong>No te preocupes por preparar la comida durante tu aventura al aire libre. Simplemente a\u00f1ade agua caliente a la bolsa, ci\u00e9rrala y d\u00e9jala reposar unos minutos. As\u00ed podr\u00e1s disfrutar de una comida sabrosa y nutritiva, lista para acompa\u00f1arte en tus pr\u00f3ximas expediciones.<\/p>\n<p><strong>En conclusi\u00f3n:<\/strong><br \/>\nsobres liofilizados <strong>FIREPOT \u201cPasta Orzo con Salsa Bolo\u00f1esa\u201d<\/strong> son los <strong>soluci\u00f3n perfecta<\/strong> Para los amantes de la aventura que desean disfrutar de una comida deliciosa y equilibrada al aire libre. Con un alto contenido energ\u00e9tico de 635 calor\u00edas por raci\u00f3n y sin lactosa, ofrecen una experiencia culinaria satisfactoria y saludable. A\u00f1\u00e1delas a tu equipo de acampada y prep\u00e1rate para disfrutar al m\u00e1ximo de tus escapadas al aire libre, sin preocuparte por la preparaci\u00f3n de la comida.<\/p>","protected":false},"excerpt":{"rendered":"<p style=\"text-align: left; font-size: 18px;\"><strong>Presentaci\u00f3n:<\/strong><\/p>\n<p>Descubre la receta aut\u00e9ntica para <strong>Pasta orzo con salsa bolo\u00f1esa<\/strong>Un plato que fusiona tradici\u00f3n y sabores italianos. Esta combinaci\u00f3n perfectamente equilibrada de pasta orzo al dente y salsa bolo\u00f1esa casera deleitar\u00e1 tu paladar. Cada bocado te transportar\u00e1 a las vibrantes calles de Italia, donde los deliciosos aromas de la cocina italiana se mezclan en armon\u00eda.<\/p>\n<p><span style=\"text-decoration: underline;\"><strong>Consejo de uso:<\/strong><\/span><br \/>\nDisfruta preparando f\u00e1cilmente el <strong>Pasta orzo con salsa bolo\u00f1esa<\/strong>Solo necesitas a\u00f1adir aproximadamente <strong>400 ml de agua hirviendo<\/strong> a la preparaci\u00f3n. Vuelva a sellar la bolsa y d\u00e9jela reposar durante <strong>15 minutos<\/strong>Antes de disfrutarlo, m\u00e9zclelo bien para obtener una consistencia suave y saboree este manjar italiano.<\/p>\n<p><span style=\"text-decoration: underline;\"><strong>Ingredientes:<\/strong><\/span><br \/>\nLa pasta orzo con salsa bolo\u00f1esa se prepara cuidadosamente con ingredientes de primera calidad. <strong>HOGAR<\/strong> Seleccionamos cuidadosamente carne picada, pasta orzo elaborada con s\u00e9mola de trigo duro, tomates jugosos, cebollas arom\u00e1ticas, ajo fresco, pur\u00e9 de tomate de calidad, aceite de oliva virgen extra, especias cuidadosamente escogidas como laurel, or\u00e9gano y an\u00eds estrellado, adem\u00e1s de caldo de carne para realzar los sabores. Todos estos ingredientes se combinan para crear un plato deliciosamente aut\u00e9ntico.<\/p>\n<p><em><span style=\"text-decoration: underline;\"><strong>Al\u00e9rgenos: Trigo.<\/strong><\/span><\/em><\/p>\n<hr \/>\n<p style=\"text-align: center;\"><em><strong>Opini\u00f3n de Nancy:<\/strong> \u201cDespu\u00e9s de un buen d\u00eda de senderismo, esta comida es mi recompensa, con un sabor casi casero.\u201d <\/em><em>&#8220;<\/em><\/p>\n<hr \/>\n<p>&nbsp;<\/p>\n<p><em><span lang=\"fr\" style=\"font-size: 10pt; font-family: Verdana, sans-serif; color: #000000;\" xml:lang=\"fr\">* Imagen solo con fines ilustrativos<\/span><\/em><\/p>","protected":false},"featured_media":109847,"template":"","meta":{"_acf_changed":false},"product_brand":[],"product_cat":[3051],"product_tag":[],"class_list":{"0":"post-92935","1":"product","2":"type-product","3":"status-publish","4":"has-post-thumbnail","6":"product_cat-accueil","7":"pa_marque-firepot","9":"first","10":"instock","11":"taxable","12":"shipping-taxable","13":"purchasable","14":"product-type-simple"},"bundled_by":["92979"],"bundle_stock_status":"instock","bundle_stock_quantity":7,"bundle_virtual":false,"bundle_layout":"","bundle_add_to_cart_form_location":"","bundle_editable_in_cart":false,"bundle_sold_individually_context":"","bundle_item_grouping":"","bundle_min_size":"","bundle_max_size":"","bundled_items":[],"bundle_sell_ids":[],"_links":{"self":[{"href":"https:\/\/www.orentees.com\/es\/wp-json\/wp\/v2\/product\/92935","targetHints":{"allow":["GET"]}}],"collection":[{"href":"https:\/\/www.orentees.com\/es\/wp-json\/wp\/v2\/product"}],"about":[{"href":"https:\/\/www.orentees.com\/es\/wp-json\/wp\/v2\/types\/product"}],"version-history":[{"count":1,"href":"https:\/\/www.orentees.com\/es\/wp-json\/wp\/v2\/product\/92935\/revisions"}],"predecessor-version":[{"id":109845,"href":"https:\/\/www.orentees.com\/es\/wp-json\/wp\/v2\/product\/92935\/revisions\/109845"}],"wp:featuredmedia":[{"embeddable":true,"href":"https:\/\/www.orentees.com\/es\/wp-json\/wp\/v2\/media\/109847"}],"wp:attachment":[{"href":"https:\/\/www.orentees.com\/es\/wp-json\/wp\/v2\/media?parent=92935"}],"wp:term":[{"taxonomy":"product_brand","embeddable":true,"href":"https:\/\/www.orentees.com\/es\/wp-json\/wp\/v2\/product_brand?post=92935"},{"taxonomy":"product_cat","embeddable":true,"href":"https:\/\/www.orentees.com\/es\/wp-json\/wp\/v2\/product_cat?post=92935"},{"taxonomy":"product_tag","embeddable":true,"href":"https:\/\/www.orentees.com\/es\/wp-json\/wp\/v2\/product_tag?post=92935"}],"curies":[{"name":"wp","href":"https:\/\/api.w.org\/{rel}","templated":true}]}}