{"id":97491,"date":"2023-09-21T18:02:04","date_gmt":"2023-09-21T16:02:04","guid":{"rendered":"https:\/\/www.orentees.com\/?post_type=product&#038;p=97491"},"modified":"2025-01-13T22:42:22","modified_gmt":"2025-01-13T21:42:22","slug":"location-tenue-ski-fille-roxy-snowmist-pastel","status":"publish","type":"product","link":"https:\/\/www.orentees.com\/es\/producto\/location-tenue-ski-fille-roxy-snowmist-pastel\/","title":{"rendered":"ALQUILER DE ROXY SNOWMIST PASTELES DE ESQU\u00cd PARA CHICAS"},"content":{"rendered":"","protected":false},"excerpt":{"rendered":"<p style=\"text-align: left; font-size: 18px;\"><strong>Presentaci\u00f3n:<\/strong><\/p>\n<p>Emb\u00e1rcate en una aventura invernal con este atuendo. <strong>Roxy<\/strong> Snowmist para chicas. Con su chaqueta en delicados tonos de negro, verde pastel y azul pastel, combinada con pantalones t\u00e9cnicos negros, ofrece el equilibrio perfecto entre estilo y funcionalidad. Confeccionadas con poli\u00e9ster reciclado, estas prendas incorporan la tecnolog\u00eda DryFlight\u00ae 10K, que garantiza una impermeabilidad total, y el aislamiento WarmFlight\u00ae para mantenerte abrigada incluso en los d\u00edas m\u00e1s fr\u00edos. Detalles como los bolsillos calientamanos, el revestimiento repelente al agua DWR sin PFC y las ventilaciones con forro de malla garantizan una comodidad \u00f3ptima en las pistas. Adem\u00e1s, las costuras selladas reforzadas en las zonas clave aportan mayor durabilidad.<\/p>\n<p>&nbsp;<\/p>\n<h3 style=\"font-size: 23px; font-weight: 600;\">Beneficios<\/h3>\n<table style=\"text-align: center; vertical-align: middle; border-color: #c8d4d0;\" border=\"1\">\n<tbody>\n<tr>\n<th>Calor<\/th>\n<th>Impermeabilidad<\/th>\n<th>Transpirabilidad<\/th>\n<th>Calificaci\u00f3n ecol\u00f3gica<\/th>\n<\/tr>\n<tr style=\"font-size: 1.1em; color: #f59f40;\">\n<td>\u25cf\u25cf\u25cf\u25cf\u25cb<\/td>\n<td>\u25cf\u25cf\u25cf\u25cb\u25cb<\/td>\n<td>\u25cf\u25cf\u25cf\u25cb\u25cb<\/td>\n<td>\u25cf\u25cf\u25cf\u25cb\u25cb<\/td>\n<\/tr>\n<\/tbody>\n<\/table>\n<p>&nbsp;<\/p>\n<hr \/>","protected":false},"featured_media":134453,"template":"","meta":{"_acf_changed":false},"product_brand":[],"product_cat":[4479,3107,3055,3057],"product_tag":[],"class_list":{"0":"post-97491","1":"product","2":"type-product","3":"status-publish","4":"has-post-thumbnail","6":"product_cat-location-vetement-snow","7":"product_cat-fille","8":"product_cat-location-vetement-de-ski","9":"product_cat-enfant","10":"pa_couleur-pantalon-noir","11":"pa_couleur-veste-bleu","12":"pa_couleur-veste-noir","13":"pa_couleur-veste-vert","14":"pa_coupe-pantalon-regular","15":"pa_coupe-veste-regular","16":"pa_genre-enfant","17":"pa_genre-fille","18":"pa_impermeabilite-10000-mm","19":"pa_marque-roxy","20":"pa_respirabilite-5000-gr-m2","21":"pa_taille-12-ans","22":"pa_taille-14-ans","23":"pa_taille-16-ans","24":"pa_type-produit-tenue-complete","26":"first","27":"instock","28":"sale","29":"virtual","30":"taxable","31":"purchasable","32":"product-type-bundle"},"bundled_by":[],"bundle_stock_status":"instock","bundle_stock_quantity":12,"bundle_virtual":false,"bundle_layout":"default","bundle_add_to_cart_form_location":"default","bundle_editable_in_cart":false,"bundle_sold_individually_context":"product","bundle_item_grouping":"parent","bundle_min_size":"","bundle_max_size":"","bundled_items":[{"bundled_item_id":21813,"product_id":97467,"menu_order":0,"quantity_min":1,"quantity_max":1,"quantity_default":1,"priced_individually":true,"shipped_individually":false,"override_title":true,"title":"Chaqueta","override_description":true,"description":"Elige el tama\u00f1o","optional":false,"hide_thumbnail":false,"discount":"50","override_variations":false,"allowed_variations":[],"override_default_variation_attributes":false,"default_variation_attributes":[],"single_product_visibility":"visible","cart_visibility":"visible","order_visibility":"visible","single_product_price_visibility":"hidden","cart_price_visibility":"hidden","order_price_visibility":"hidden","stock_status":"in_stock"},{"bundled_item_id":21815,"product_id":97483,"menu_order":1,"quantity_min":1,"quantity_max":1,"quantity_default":1,"priced_individually":true,"shipped_individually":false,"override_title":true,"title":"Pantalones \/ Pantalones","override_description":true,"description":"Elige el tama\u00f1o","optional":false,"hide_thumbnail":false,"discount":"50","override_variations":false,"allowed_variations":[],"override_default_variation_attributes":false,"default_variation_attributes":[],"single_product_visibility":"visible","cart_visibility":"visible","order_visibility":"visible","single_product_price_visibility":"hidden","cart_price_visibility":"hidden","order_price_visibility":"hidden","stock_status":"in_stock"},{"bundled_item_id":21817,"product_id":33360,"menu_order":2,"quantity_min":1,"quantity_max":1,"quantity_default":1,"priced_individually":true,"shipped_individually":false,"override_title":true,"title":"Segunda capa de vell\u00f3n - ODLO -","override_description":false,"description":"11 \u20ac \/ alquiler","optional":true,"hide_thumbnail":false,"discount":"","override_variations":false,"allowed_variations":[],"override_default_variation_attributes":true,"default_variation_attributes":[{"id":51,"name":"Tama\u00f1o","option":"12-ans"}],"single_product_visibility":"visible","cart_visibility":"visible","order_visibility":"visible","single_product_price_visibility":"hidden","cart_price_visibility":"hidden","order_price_visibility":"hidden","stock_status":"in_stock"},{"bundled_item_id":21819,"product_id":33045,"menu_order":3,"quantity_min":1,"quantity_max":1,"quantity_default":1,"priced_individually":true,"shipped_individually":false,"override_title":true,"title":"M\u00e1scara de esqu\u00ed para ni\u00f1os","override_description":false,"description":"11 \u20ac \/ alquiler","optional":true,"hide_thumbnail":false,"discount":"","override_variations":false,"allowed_variations":[],"override_default_variation_attributes":false,"default_variation_attributes":[],"single_product_visibility":"visible","cart_visibility":"visible","order_visibility":"visible","single_product_price_visibility":"hidden","cart_price_visibility":"hidden","order_price_visibility":"hidden","stock_status":"in_stock"},{"bundled_item_id":21821,"product_id":30096,"menu_order":4,"quantity_min":1,"quantity_max":2,"quantity_default":1,"priced_individually":true,"shipped_individually":false,"override_title":true,"title":"Guantes para ni\u00f1os","override_description":false,"description":"11 \u20ac \/ alquiler","optional":true,"hide_thumbnail":false,"discount":"","override_variations":true,"allowed_variations":[30980,30981,30982],"override_default_variation_attributes":true,"default_variation_attributes":[{"id":51,"name":"Tama\u00f1o","option":"12-ans"}],"single_product_visibility":"visible","cart_visibility":"visible","order_visibility":"visible","single_product_price_visibility":"hidden","cart_price_visibility":"hidden","order_price_visibility":"hidden","stock_status":"in_stock"},{"bundled_item_id":21823,"product_id":160963,"menu_order":5,"quantity_min":1,"quantity_max":1,"quantity_default":1,"priced_individually":true,"shipped_individually":false,"override_title":false,"title":"Bonnet ski - Odlo","override_description":false,"description":"","optional":true,"hide_thumbnail":false,"discount":"","override_variations":false,"allowed_variations":[],"override_default_variation_attributes":false,"default_variation_attributes":[],"single_product_visibility":"visible","cart_visibility":"visible","order_visibility":"visible","single_product_price_visibility":"hidden","cart_price_visibility":"hidden","order_price_visibility":"hidden","stock_status":"in_stock"},{"bundled_item_id":21825,"product_id":75247,"menu_order":6,"quantity_min":1,"quantity_max":1,"quantity_default":1,"priced_individually":true,"shipped_individually":false,"override_title":true,"title":"Calentador de cuello","override_description":true,"description":"6 \u20ac \/ alquiler","optional":true,"hide_thumbnail":false,"discount":"","override_variations":false,"allowed_variations":[],"override_default_variation_attributes":false,"default_variation_attributes":[],"single_product_visibility":"visible","cart_visibility":"visible","order_visibility":"visible","single_product_price_visibility":"hidden","cart_price_visibility":"hidden","order_price_visibility":"hidden","stock_status":"in_stock"},{"bundled_item_id":21827,"product_id":33286,"menu_order":7,"quantity_min":1,"quantity_max":2,"quantity_default":1,"priced_individually":true,"shipped_individually":false,"override_title":true,"title":"T-Shirt ML Active Wam - ODLO -","override_description":false,"description":"11 \u20ac \/ alquiler","optional":true,"hide_thumbnail":false,"discount":"","override_variations":true,"allowed_variations":[33291,33294,33295],"override_default_variation_attributes":true,"default_variation_attributes":[{"id":0,"name":"Tama\u00f1o","option":"12 ans"}],"single_product_visibility":"visible","cart_visibility":"visible","order_visibility":"visible","single_product_price_visibility":"hidden","cart_price_visibility":"hidden","order_price_visibility":"hidden","stock_status":"in_stock"},{"bundled_item_id":21829,"product_id":33296,"menu_order":8,"quantity_min":1,"quantity_max":2,"quantity_default":1,"priced_individually":true,"shipped_individually":false,"override_title":true,"title":"Collant long \/ Base layer pants Active Wam - ODLO -","override_description":false,"description":"11 \u20ac \/ alquiler","optional":true,"hide_thumbnail":false,"discount":"","override_variations":true,"allowed_variations":[33301,33302,33303],"override_default_variation_attributes":true,"default_variation_attributes":[{"id":0,"name":"Tama\u00f1o","option":"12 ans"}],"single_product_visibility":"visible","cart_visibility":"visible","order_visibility":"visible","single_product_price_visibility":"hidden","cart_price_visibility":"hidden","order_price_visibility":"hidden","stock_status":"in_stock"},{"bundled_item_id":21831,"product_id":33307,"menu_order":9,"quantity_min":1,"quantity_max":3,"quantity_default":1,"priced_individually":true,"shipped_individually":false,"override_title":true,"title":"Calcetines de esqu\u00ed - MONNET -","override_description":false,"description":"4 \u20ac \/ location","optional":true,"hide_thumbnail":false,"discount":"","override_variations":false,"allowed_variations":[],"override_default_variation_attributes":false,"default_variation_attributes":[],"single_product_visibility":"visible","cart_visibility":"visible","order_visibility":"visible","single_product_price_visibility":"hidden","cart_price_visibility":"hidden","order_price_visibility":"hidden","stock_status":"in_stock"},{"bundled_item_id":21833,"product_id":29950,"menu_order":10,"quantity_min":1,"quantity_max":1,"quantity_default":1,"priced_individually":true,"shipped_individually":false,"override_title":true,"title":"Apr\u00e8s-Ski Junior - SOREL","override_description":false,"description":"31 \u20ac \/ location","optional":true,"hide_thumbnail":false,"discount":"","override_variations":false,"allowed_variations":[],"override_default_variation_attributes":false,"default_variation_attributes":[],"single_product_visibility":"visible","cart_visibility":"visible","order_visibility":"visible","single_product_price_visibility":"hidden","cart_price_visibility":"hidden","order_price_visibility":"hidden","stock_status":"in_stock"},{"bundled_item_id":21835,"product_id":29974,"menu_order":11,"quantity_min":1,"quantity_max":1,"quantity_default":1,"priced_individually":true,"shipped_individually":false,"override_title":true,"title":"Apr\u00e8s-Ski Femme - SOREL","override_description":false,"description":"36 \u20ac \/ location","optional":true,"hide_thumbnail":false,"discount":"","override_variations":false,"allowed_variations":[],"override_default_variation_attributes":false,"default_variation_attributes":[],"single_product_visibility":"visible","cart_visibility":"visible","order_visibility":"visible","single_product_price_visibility":"hidden","cart_price_visibility":"hidden","order_price_visibility":"hidden","stock_status":"in_stock"},{"bundled_item_id":21837,"product_id":31106,"menu_order":12,"quantity_min":1,"quantity_max":1,"quantity_default":1,"priced_individually":true,"shipped_individually":true,"override_title":false,"title":"ASSURANCE ANNULATION (+5 \u20ac)","override_description":false,"description":"","optional":true,"hide_thumbnail":true,"discount":"","override_variations":false,"allowed_variations":[],"override_default_variation_attributes":false,"default_variation_attributes":[],"single_product_visibility":"visible","cart_visibility":"visible","order_visibility":"visible","single_product_price_visibility":"hidden","cart_price_visibility":"hidden","order_price_visibility":"hidden","stock_status":"in_stock"},{"bundled_item_id":21839,"product_id":31104,"menu_order":13,"quantity_min":1,"quantity_max":1,"quantity_default":1,"priced_individually":true,"shipped_individually":true,"override_title":false,"title":"ASSURANCE TRANQUILIT\u00c9 (+5 \u20ac)","override_description":false,"description":"","optional":true,"hide_thumbnail":true,"discount":"","override_variations":false,"allowed_variations":[],"override_default_variation_attributes":false,"default_variation_attributes":[],"single_product_visibility":"visible","cart_visibility":"visible","order_visibility":"visible","single_product_price_visibility":"hidden","cart_price_visibility":"hidden","order_price_visibility":"hidden","stock_status":"in_stock"}],"bundle_sell_ids":[],"_links":{"self":[{"href":"https:\/\/www.orentees.com\/es\/wp-json\/wp\/v2\/product\/97491","targetHints":{"allow":["GET"]}}],"collection":[{"href":"https:\/\/www.orentees.com\/es\/wp-json\/wp\/v2\/product"}],"about":[{"href":"https:\/\/www.orentees.com\/es\/wp-json\/wp\/v2\/types\/product"}],"version-history":[{"count":13,"href":"https:\/\/www.orentees.com\/es\/wp-json\/wp\/v2\/product\/97491\/revisions"}],"predecessor-version":[{"id":161241,"href":"https:\/\/www.orentees.com\/es\/wp-json\/wp\/v2\/product\/97491\/revisions\/161241"}],"wp:featuredmedia":[{"embeddable":true,"href":"https:\/\/www.orentees.com\/es\/wp-json\/wp\/v2\/media\/134453"}],"wp:attachment":[{"href":"https:\/\/www.orentees.com\/es\/wp-json\/wp\/v2\/media?parent=97491"}],"wp:term":[{"taxonomy":"product_brand","embeddable":true,"href":"https:\/\/www.orentees.com\/es\/wp-json\/wp\/v2\/product_brand?post=97491"},{"taxonomy":"product_cat","embeddable":true,"href":"https:\/\/www.orentees.com\/es\/wp-json\/wp\/v2\/product_cat?post=97491"},{"taxonomy":"product_tag","embeddable":true,"href":"https:\/\/www.orentees.com\/es\/wp-json\/wp\/v2\/product_tag?post=97491"}],"curies":[{"name":"wp","href":"https:\/\/api.w.org\/{rel}","templated":true}]}}