{"id":384393,"date":"2025-10-14T12:01:47","date_gmt":"2025-10-14T10:01:47","guid":{"rendered":"https:\/\/www.orentees.com\/?post_type=product&#038;p=384393"},"modified":"2025-11-30T21:34:13","modified_gmt":"2025-11-30T20:34:13","slug":"location-tenue-ski-femme-picture-haakon-lime-cream","status":"publish","type":"product","link":"https:\/\/www.orentees.com\/nl\/product\/location-tenue-ski-femme-picture-haakon-lime-cream\/","title":{"rendered":"VERHUUR DAMES SKI-OUTFIT PICTURE HAAKON LIME CREAM"},"content":{"rendered":"","protected":false},"excerpt":{"rendered":"<p style=\"text-align: left; font-size: 18px;\"><strong>Presentatie<\/strong><\/p>\n<p>Daar <strong>Picture Organic dames ski- en snowboardoutfit \u2013 Haakon JKT + Elwy Bib<\/strong> Het Haakon jack combineert stijl en prestaties om vol vertrouwen het Franse platteland te verkennen. Gemaakt van gerecycled circulair polyester, is het voorzien van een membraan. <strong>Droog spelen 20.000 \/ 20.000<\/strong> en een duurzame waterafstotende <strong>PFC-vrij<\/strong> Om droog te blijven en tegelijkertijd vocht af te voeren. De Elwy Bib overall, een tweelaagse stretch freeride-snit met lycra panelen, biedt uitstekende bewegingsvrijheid en ventilatie om de temperatuur te reguleren. Verstelbare capuchon, sneeuwvanger, gamaschen, veilige zakken: elk detail telt voor je verblijf in Chamonix, Les Arcs, Tignes, Val d&#039;Is\u00e8re of de Pyrenee\u00ebn. <em>cr\u00e8me, roze, beige<\/em> (Roebuck Lime Cream Hemp), kies voor de <strong>skikledingverhuur<\/strong> Stel je voor: biologische kleding bij O&#039;rentees: de beste technische snufjes, zonder dat je iets hoeft te kopen.<\/p>\n<h3 style=\"font-size: 23px; font-weight: 600;\">Voordelen<\/h3>\n<table style=\"text-align: center; vertical-align: middle; border-color: #c8d4d0;\" border=\"1\">\n<tbody>\n<tr>\n<th>Warmte<\/th>\n<th>Ondoordringbaarheid<\/th>\n<th>Ademend vermogen<\/th>\n<th>Eco-notitie<\/th>\n<\/tr>\n<tr style=\"font-size: 1.1em; color: #f59f40;\">\n<td>\u25cf\u25cf\u25cb\u25cb\u25cb<\/td>\n<td>\u25cf\u25cf\u25cf\u25cf\u25cf<\/td>\n<td>\u25cf\u25cf\u25cf\u25cf\u25cf<\/td>\n<td>\u25cf\u25cf\u25cf\u25cf\u25cf<\/td>\n<\/tr>\n<\/tbody>\n<\/table>\n<p>&nbsp;<\/p>\n<hr \/>","protected":false},"featured_media":386631,"template":"","meta":{"_acf_changed":false},"product_brand":[],"product_cat":[4479,7136,3055,3439],"product_tag":[],"class_list":{"0":"post-384393","1":"product","2":"type-product","3":"status-publish","4":"has-post-thumbnail","6":"product_cat-location-vetement-snow","7":"product_cat-location-vetement-de-ski-snowboard-picture","8":"product_cat-location-vetement-de-ski","9":"product_cat-femme","10":"pa_couleur-pantalon-beige","11":"pa_couleur-pantalon-creme","12":"pa_couleur-pantalon-rose","13":"pa_couleur-veste-beige","14":"pa_couleur-veste-creme","15":"pa_couleur-veste-rose","16":"pa_coupe-pantalon-regular","17":"pa_coupe-veste-regular","18":"pa_genre-femme","19":"pa_impermeabilite-20000-mm","20":"pa_marque-picture","21":"pa_respirabilite-20000-gr-m2","22":"pa_taille-xs","23":"pa_taille-s","24":"pa_taille-m","25":"pa_taille-l","26":"pa_type-produit-tenue-complete","28":"first","29":"instock","30":"sale","31":"virtual","32":"taxable","33":"purchasable","34":"product-type-bundle"},"bundled_by":[],"bundle_stock_status":"instock","bundle_stock_quantity":10,"bundle_virtual":false,"bundle_layout":"default","bundle_add_to_cart_form_location":"default","bundle_editable_in_cart":false,"bundle_sold_individually_context":"product","bundle_item_grouping":"parent","bundle_min_size":"","bundle_max_size":"","bundled_items":[{"bundled_item_id":24682,"product_id":384132,"menu_order":0,"quantity_min":1,"quantity_max":1,"quantity_default":1,"priced_individually":true,"shipped_individually":false,"override_title":true,"title":"Jasje","override_description":true,"description":"Kies maat","optional":false,"hide_thumbnail":false,"discount":"50","override_variations":false,"allowed_variations":[],"override_default_variation_attributes":false,"default_variation_attributes":[],"single_product_visibility":"visible","cart_visibility":"visible","order_visibility":"visible","single_product_price_visibility":"hidden","cart_price_visibility":"hidden","order_price_visibility":"hidden","stock_status":"in_stock"},{"bundled_item_id":24683,"product_id":384160,"menu_order":1,"quantity_min":1,"quantity_max":1,"quantity_default":1,"priced_individually":true,"shipped_individually":false,"override_title":true,"title":"Broeken \/ Broeken","override_description":true,"description":"Kies maat","optional":false,"hide_thumbnail":false,"discount":"50","override_variations":false,"allowed_variations":[],"override_default_variation_attributes":false,"default_variation_attributes":[],"single_product_visibility":"visible","cart_visibility":"visible","order_visibility":"visible","single_product_price_visibility":"hidden","cart_price_visibility":"hidden","order_price_visibility":"hidden","stock_status":"in_stock"},{"bundled_item_id":24670,"product_id":33234,"menu_order":2,"quantity_min":1,"quantity_max":1,"quantity_default":1,"priced_individually":true,"shipped_individually":false,"override_title":true,"title":"Seconde couche Polaire \/ Fleece - MILLET -","override_description":false,"description":"16 \u20ac \/ location","optional":true,"hide_thumbnail":false,"discount":"","override_variations":false,"allowed_variations":[],"override_default_variation_attributes":false,"default_variation_attributes":[],"single_product_visibility":"visible","cart_visibility":"visible","order_visibility":"visible","single_product_price_visibility":"hidden","cart_price_visibility":"hidden","order_price_visibility":"hidden","stock_status":"in_stock"},{"bundled_item_id":24671,"product_id":32868,"menu_order":3,"quantity_min":1,"quantity_max":1,"quantity_default":1,"priced_individually":true,"shipped_individually":false,"override_title":true,"title":"Masque Ski \/ Goggles -JULBO -","override_description":false,"description":"16 \u20ac \/ location","optional":true,"hide_thumbnail":false,"discount":"","override_variations":false,"allowed_variations":[],"override_default_variation_attributes":false,"default_variation_attributes":[],"single_product_visibility":"visible","cart_visibility":"visible","order_visibility":"visible","single_product_price_visibility":"hidden","cart_price_visibility":"hidden","order_price_visibility":"hidden","stock_status":"in_stock"},{"bundled_item_id":24672,"product_id":30100,"menu_order":4,"quantity_min":1,"quantity_max":1,"quantity_default":1,"priced_individually":true,"shipped_individually":false,"override_title":true,"title":"Gants \/ Gloves - RACER -","override_description":false,"description":"16 \u20ac \/ location","optional":true,"hide_thumbnail":false,"discount":"","override_variations":false,"allowed_variations":[],"override_default_variation_attributes":false,"default_variation_attributes":[],"single_product_visibility":"visible","cart_visibility":"visible","order_visibility":"visible","single_product_price_visibility":"hidden","cart_price_visibility":"hidden","order_price_visibility":"hidden","stock_status":"in_stock"},{"bundled_item_id":24673,"product_id":156143,"menu_order":5,"quantity_min":1,"quantity_max":1,"quantity_default":1,"priced_individually":true,"shipped_individually":false,"override_title":false,"title":"Bonnet ski - ROSSIGNOL -","override_description":false,"description":"+ 10 \u20ac \/ location","optional":true,"hide_thumbnail":false,"discount":"","override_variations":false,"allowed_variations":[],"override_default_variation_attributes":false,"default_variation_attributes":[],"single_product_visibility":"visible","cart_visibility":"visible","order_visibility":"visible","single_product_price_visibility":"hidden","cart_price_visibility":"hidden","order_price_visibility":"hidden","stock_status":"in_stock"},{"bundled_item_id":24674,"product_id":75247,"menu_order":6,"quantity_min":1,"quantity_max":1,"quantity_default":1,"priced_individually":true,"shipped_individually":false,"override_title":true,"title":"Tour de cou - Neck warmer","override_description":false,"description":"6 \u20ac \/ huur","optional":true,"hide_thumbnail":false,"discount":"","override_variations":false,"allowed_variations":[],"override_default_variation_attributes":false,"default_variation_attributes":[],"single_product_visibility":"visible","cart_visibility":"visible","order_visibility":"visible","single_product_price_visibility":"hidden","cart_price_visibility":"hidden","order_price_visibility":"hidden","stock_status":"in_stock"},{"bundled_item_id":24675,"product_id":33267,"menu_order":7,"quantity_min":1,"quantity_max":2,"quantity_default":1,"priced_individually":true,"shipped_individually":false,"override_title":true,"title":"T-Shirt ML Active Wam - ODLO -","override_description":false,"description":"16 \u20ac \/ location","optional":true,"hide_thumbnail":false,"discount":"","override_variations":false,"allowed_variations":[],"override_default_variation_attributes":false,"default_variation_attributes":[],"single_product_visibility":"visible","cart_visibility":"visible","order_visibility":"visible","single_product_price_visibility":"hidden","cart_price_visibility":"hidden","order_price_visibility":"hidden","stock_status":"in_stock"},{"bundled_item_id":24676,"product_id":33277,"menu_order":8,"quantity_min":1,"quantity_max":2,"quantity_default":1,"priced_individually":true,"shipped_individually":false,"override_title":true,"title":"Collant long \/ Base layer pants Active Wam - ODLO -","override_description":false,"description":"16 \u20ac \/ location","optional":true,"hide_thumbnail":false,"discount":"","override_variations":false,"allowed_variations":[],"override_default_variation_attributes":false,"default_variation_attributes":[],"single_product_visibility":"visible","cart_visibility":"visible","order_visibility":"visible","single_product_price_visibility":"hidden","cart_price_visibility":"hidden","order_price_visibility":"hidden","stock_status":"in_stock"},{"bundled_item_id":24677,"product_id":33325,"menu_order":9,"quantity_min":1,"quantity_max":3,"quantity_default":1,"priced_individually":true,"shipped_individually":false,"override_title":true,"title":"Chaussettes Ski \/ Ski socks - MONNET -","override_description":false,"description":"6 \u20ac \/ huur","optional":true,"hide_thumbnail":false,"discount":"","override_variations":false,"allowed_variations":[],"override_default_variation_attributes":false,"default_variation_attributes":[],"single_product_visibility":"visible","cart_visibility":"visible","order_visibility":"visible","single_product_price_visibility":"hidden","cart_price_visibility":"hidden","order_price_visibility":"visible","stock_status":"in_stock"},{"bundled_item_id":24678,"product_id":29974,"menu_order":10,"quantity_min":1,"quantity_max":1,"quantity_default":1,"priced_individually":true,"shipped_individually":false,"override_title":true,"title":"Apr\u00e8s-Ski \/ Snow boots - SOREL -","override_description":false,"description":"36 \u20ac \/ location","optional":true,"hide_thumbnail":false,"discount":"","override_variations":false,"allowed_variations":[],"override_default_variation_attributes":false,"default_variation_attributes":[],"single_product_visibility":"visible","cart_visibility":"visible","order_visibility":"visible","single_product_price_visibility":"hidden","cart_price_visibility":"hidden","order_price_visibility":"hidden","stock_status":"in_stock"},{"bundled_item_id":24679,"product_id":156093,"menu_order":11,"quantity_min":1,"quantity_max":1,"quantity_default":1,"priced_individually":true,"shipped_individually":false,"override_title":false,"title":"Sac \u00e0 Dos ski 25 L - ROSSIGNOL -","override_description":false,"description":"+ \u20ac25 \/ huur","optional":true,"hide_thumbnail":false,"discount":"","override_variations":false,"allowed_variations":[],"override_default_variation_attributes":false,"default_variation_attributes":[],"single_product_visibility":"visible","cart_visibility":"visible","order_visibility":"visible","single_product_price_visibility":"hidden","cart_price_visibility":"hidden","order_price_visibility":"hidden","stock_status":"in_stock"},{"bundled_item_id":24680,"product_id":31106,"menu_order":12,"quantity_min":1,"quantity_max":1,"quantity_default":1,"priced_individually":true,"shipped_individually":true,"override_title":false,"title":"ANNULERINGSVERZEKERING","override_description":false,"description":"","optional":true,"hide_thumbnail":true,"discount":"","override_variations":false,"allowed_variations":[],"override_default_variation_attributes":false,"default_variation_attributes":[],"single_product_visibility":"visible","cart_visibility":"visible","order_visibility":"visible","single_product_price_visibility":"hidden","cart_price_visibility":"hidden","order_price_visibility":"hidden","stock_status":"in_stock"},{"bundled_item_id":24681,"product_id":31104,"menu_order":13,"quantity_min":1,"quantity_max":1,"quantity_default":1,"priced_individually":true,"shipped_individually":true,"override_title":false,"title":"GEMOEDSRUSTVERZEKERING","override_description":false,"description":"","optional":true,"hide_thumbnail":true,"discount":"","override_variations":false,"allowed_variations":[],"override_default_variation_attributes":false,"default_variation_attributes":[],"single_product_visibility":"visible","cart_visibility":"visible","order_visibility":"visible","single_product_price_visibility":"hidden","cart_price_visibility":"hidden","order_price_visibility":"hidden","stock_status":"in_stock"}],"bundle_sell_ids":[],"_links":{"self":[{"href":"https:\/\/www.orentees.com\/nl\/wp-json\/wp\/v2\/product\/384393","targetHints":{"allow":["GET"]}}],"collection":[{"href":"https:\/\/www.orentees.com\/nl\/wp-json\/wp\/v2\/product"}],"about":[{"href":"https:\/\/www.orentees.com\/nl\/wp-json\/wp\/v2\/types\/product"}],"version-history":[{"count":18,"href":"https:\/\/www.orentees.com\/nl\/wp-json\/wp\/v2\/product\/384393\/revisions"}],"predecessor-version":[{"id":386632,"href":"https:\/\/www.orentees.com\/nl\/wp-json\/wp\/v2\/product\/384393\/revisions\/386632"}],"wp:featuredmedia":[{"embeddable":true,"href":"https:\/\/www.orentees.com\/nl\/wp-json\/wp\/v2\/media\/386631"}],"wp:attachment":[{"href":"https:\/\/www.orentees.com\/nl\/wp-json\/wp\/v2\/media?parent=384393"}],"wp:term":[{"taxonomy":"product_brand","embeddable":true,"href":"https:\/\/www.orentees.com\/nl\/wp-json\/wp\/v2\/product_brand?post=384393"},{"taxonomy":"product_cat","embeddable":true,"href":"https:\/\/www.orentees.com\/nl\/wp-json\/wp\/v2\/product_cat?post=384393"},{"taxonomy":"product_tag","embeddable":true,"href":"https:\/\/www.orentees.com\/nl\/wp-json\/wp\/v2\/product_tag?post=384393"}],"curies":[{"name":"wp","href":"https:\/\/api.w.org\/{rel}","templated":true}]}}