{"id":104747,"date":"2023-11-22T15:57:22","date_gmt":"2023-11-22T14:57:22","guid":{"rendered":"https:\/\/www.orentees.com\/?post_type=product&#038;p=104747"},"modified":"2024-09-27T17:11:52","modified_gmt":"2024-09-27T15:11:52","slug":"location-veste-isolante-rossignol-homme","status":"publish","type":"product","link":"https:\/\/www.orentees.com\/pt\/product\/location-veste-isolante-rossignol-homme\/","title":{"rendered":"ALUGUEL Jaqueta Isolada Masculina Rossignol"},"content":{"rendered":"","protected":false},"excerpt":{"rendered":"<p style=\"text-align: left; font-size: 18px;\"><strong>Apresenta\u00e7\u00e3o:<\/strong><\/p>\n<p>Uma jaqueta isolante genu\u00edna da Rossignol, \u00e9 o complemento perfeito para a jaqueta EVADER de 3 camadas.<\/p>\n<hr \/>\n<p style=\"text-align: center;\"><em><strong>Opini\u00e3o de Pierre-Gilles:<\/strong> \u201cImperd\u00edvel, simplesmente!!\u201d<\/em><\/p>\n<hr \/>\n<p style=\"text-align: center;\"><strong><span lang=\"fr\" style=\"font-size: 10pt; font-family: Verdana, sans-serif; color: #000000;\" xml:lang=\"fr\">Per\u00edodo m\u00ednimo de loca\u00e7\u00e3o 2 dias \u2013 Tarifa decrescente conforme a dura\u00e7\u00e3o \u2013 Limpeza oferecida<\/span><\/strong><\/p>\n<p><em><span lang=\"fr\" style=\"font-size: 10pt; font-family: Verdana, sans-serif; color: #000000;\" xml:lang=\"fr\">* Foto n\u00e3o contratual, <strong>a cor pode variar dependendo da disponibilidade<\/strong>.<\/span><\/em><\/p>\n<p>&nbsp;<\/p>\n<p><span style=\"font-size: 10pt;\"> ** Com base em um aluguel de 8 dias<\/span><\/p>","protected":false},"featured_media":144071,"template":"","meta":{"_acf_changed":false},"product_brand":[],"product_cat":[3051],"product_tag":[],"class_list":{"0":"post-104747","1":"product","2":"type-product","3":"status-publish","4":"has-post-thumbnail","6":"product_cat-accueil","8":"first","9":"instock","10":"taxable","11":"shipping-taxable","12":"purchasable","13":"product-type-variable","14":"has-default-attributes"},"bundled_by":["98617","98621"],"bundle_stock_status":"instock","bundle_stock_quantity":null,"bundle_virtual":false,"bundle_layout":"","bundle_add_to_cart_form_location":"","bundle_editable_in_cart":false,"bundle_sold_individually_context":"","bundle_item_grouping":"","bundle_min_size":"","bundle_max_size":"","bundled_items":[],"bundle_sell_ids":[],"_links":{"self":[{"href":"https:\/\/www.orentees.com\/pt\/wp-json\/wp\/v2\/product\/104747","targetHints":{"allow":["GET"]}}],"collection":[{"href":"https:\/\/www.orentees.com\/pt\/wp-json\/wp\/v2\/product"}],"about":[{"href":"https:\/\/www.orentees.com\/pt\/wp-json\/wp\/v2\/types\/product"}],"version-history":[{"count":2,"href":"https:\/\/www.orentees.com\/pt\/wp-json\/wp\/v2\/product\/104747\/revisions"}],"predecessor-version":[{"id":144081,"href":"https:\/\/www.orentees.com\/pt\/wp-json\/wp\/v2\/product\/104747\/revisions\/144081"}],"wp:featuredmedia":[{"embeddable":true,"href":"https:\/\/www.orentees.com\/pt\/wp-json\/wp\/v2\/media\/144071"}],"wp:attachment":[{"href":"https:\/\/www.orentees.com\/pt\/wp-json\/wp\/v2\/media?parent=104747"}],"wp:term":[{"taxonomy":"product_brand","embeddable":true,"href":"https:\/\/www.orentees.com\/pt\/wp-json\/wp\/v2\/product_brand?post=104747"},{"taxonomy":"product_cat","embeddable":true,"href":"https:\/\/www.orentees.com\/pt\/wp-json\/wp\/v2\/product_cat?post=104747"},{"taxonomy":"product_tag","embeddable":true,"href":"https:\/\/www.orentees.com\/pt\/wp-json\/wp\/v2\/product_tag?post=104747"}],"curies":[{"name":"wp","href":"https:\/\/api.w.org\/{rel}","templated":true}]}}