{"id":105649,"date":"2023-11-28T10:38:00","date_gmt":"2023-11-28T09:38:00","guid":{"rendered":"https:\/\/www.orentees.com\/?post_type=product&#038;p=105649"},"modified":"2025-01-13T22:43:24","modified_gmt":"2025-01-13T21:43:24","slug":"location-tenue-de-ski-homme-columbia-highland-summit-dark-stone","status":"publish","type":"product","link":"https:\/\/www.orentees.com\/pt\/product\/location-tenue-de-ski-homme-columbia-highland-summit-dark-stone\/","title":{"rendered":"ALUGUEL DE ROUPA DE ESQUI MASCULINA COLUMBIA HIGHLAND SUMMIT DARK STONE"},"content":{"rendered":"","protected":false},"excerpt":{"rendered":"<p style=\"text-align: left; font-size: 18px;\"><strong>Apresenta\u00e7\u00e3o:<\/strong><\/p>\n<p>Senhores, preparem-se para conquistar os cumes com roupas de esqui masculinas <strong>Columbia<\/strong> Highland Summit, uma alian\u00e7a perfeita entre <strong>est\u00e9tica<\/strong>, <strong>tecnicidade<\/strong>, E <strong>responsabilidade ecol\u00f3gica<\/strong>. Projetado por e para os amantes de emo\u00e7\u00f5es e estilo, este traje de esqui, composto por uma jaqueta e uma <strong>macac\u00e3o<\/strong>, \u00e9 o seu companheiro ideal para <strong>enfrentar todas as condi\u00e7\u00f5es clim\u00e1ticas<\/strong> com confian\u00e7a e eleg\u00e2ncia.<\/p>\n<p>L\u00e1 <strong>Jaqueta Columbia<\/strong> Highland Summit n\u00e3o \u00e9 apenas uma jaqueta de esqui; \u00e9 uma <strong>armadura contra os elementos<\/strong>. Gra\u00e7as \u00e0 sua tecnologia Omni-Tech\u2122 imperme\u00e1vel e respir\u00e1vel, e ao seu forro termo-reflexivo Omni-Heat\u2122 Infinity, ele ir\u00e1 <strong>mantenha-se aquecido e seco<\/strong>, seja para enfrentar uma nevasca ou um sol forte. Com detalhes como capuz ajust\u00e1vel, protetor de queixo e saia para neve, esta jaqueta foi projetada para seu conforto e seguran\u00e7a, al\u00e9m de um toque de ousadia com sua cor Dark Stone.<\/p>\n<p>Quanto ao <strong>macac\u00e3o de esqui,<\/strong> \u00c9 o m\u00e1ximo em mobilidade e conforto. Seus joelhos articulados e c\u00f3s ajust\u00e1vel permitem que voc\u00ea se mova livremente, enquanto sua tecnologia inovadora garante que voc\u00ea permane\u00e7a seco e confort\u00e1vel. O design elegante e a jaqueta com cores coordenadas fazem dela o look perfeito para as pistas.<\/p>\n<h3 style=\"font-size: 23px; font-weight: 600;\">Benef\u00edcios<\/h3>\n<table style=\"text-align: center; vertical-align: middle; border-color: #c8d4d0;\" border=\"1\">\n<tbody>\n<tr>\n<th>Aquecer<\/th>\n<th>Impermeabilidade<\/th>\n<th>Respirabilidade<\/th>\n<th>Nota Ecol\u00f3gica<\/th>\n<\/tr>\n<tr style=\"font-size: 1.1em; color: #f59f40;\">\n<td>\u25cf\u25cf\u25cf\u25cf\u25cb<\/td>\n<td>\u25cf\u25cf\u25cf\u25cf\u25cb<\/td>\n<td>\u25cf\u25cf\u25cf\u25cf\u25cb<\/td>\n<td>\u25cf\u25cf\u25cb\u25cb\u25cb<\/td>\n<\/tr>\n<\/tbody>\n<\/table>\n<p>&nbsp;<\/p>\n<hr \/>","protected":false},"featured_media":42341,"template":"","meta":{"_acf_changed":false},"product_brand":[],"product_cat":[4479,3055,4189,1925],"product_tag":[],"class_list":{"0":"post-105649","1":"product","2":"type-product","3":"status-publish","4":"has-post-thumbnail","6":"product_cat-location-vetement-snow","7":"product_cat-location-vetement-de-ski","8":"product_cat-location-vetement-de-ski-columbia","9":"product_cat-homme","10":"pa_couleur-pantalon-beige","11":"pa_couleur-veste-beige","12":"pa_couleur-veste-noir","13":"pa_coupe-pantalon-regular","14":"pa_coupe-veste-regular","15":"pa_genre-homme","16":"pa_impermeabilite-10000-mm","17":"pa_marque-columbia","18":"pa_respirabilite-10000-gr-m2","19":"pa_taille-xs","20":"pa_taille-s","21":"pa_taille-m","22":"pa_taille-l","23":"pa_taille-xl","24":"pa_type-produit-tenue-complete","26":"first","27":"instock","28":"sale","29":"virtual","30":"taxable","31":"purchasable","32":"product-type-bundle"},"bundled_by":[],"bundle_stock_status":"instock","bundle_stock_quantity":12,"bundle_virtual":false,"bundle_layout":"default","bundle_add_to_cart_form_location":"default","bundle_editable_in_cart":false,"bundle_sold_individually_context":"product","bundle_item_grouping":"parent","bundle_min_size":"","bundle_max_size":"","bundled_items":[{"bundled_item_id":23351,"product_id":105247,"menu_order":0,"quantity_min":1,"quantity_max":1,"quantity_default":1,"priced_individually":true,"shipped_individually":false,"override_title":true,"title":"Jaqueta","override_description":true,"description":"Escolha o tamanho:","optional":false,"hide_thumbnail":false,"discount":"50","override_variations":false,"allowed_variations":[],"override_default_variation_attributes":false,"default_variation_attributes":[],"single_product_visibility":"visible","cart_visibility":"visible","order_visibility":"visible","single_product_price_visibility":"hidden","cart_price_visibility":"hidden","order_price_visibility":"hidden","stock_status":"in_stock"},{"bundled_item_id":23353,"product_id":105235,"menu_order":1,"quantity_min":1,"quantity_max":1,"quantity_default":1,"priced_individually":true,"shipped_individually":false,"override_title":true,"title":"Cal\u00e7a","override_description":true,"description":"Escolha o tamanho:","optional":false,"hide_thumbnail":false,"discount":"50","override_variations":false,"allowed_variations":[],"override_default_variation_attributes":false,"default_variation_attributes":[],"single_product_visibility":"visible","cart_visibility":"visible","order_visibility":"visible","single_product_price_visibility":"hidden","cart_price_visibility":"hidden","order_price_visibility":"hidden","stock_status":"in_stock"},{"bundled_item_id":23355,"product_id":33226,"menu_order":2,"quantity_min":1,"quantity_max":1,"quantity_default":1,"priced_individually":true,"shipped_individually":false,"override_title":true,"title":"Segunda camada de l\u00e3 polar - MILHO-MI\u00daDO -","override_description":false,"description":"16 \u20ac \/ location","optional":true,"hide_thumbnail":false,"discount":"","override_variations":false,"allowed_variations":[],"override_default_variation_attributes":false,"default_variation_attributes":[],"single_product_visibility":"visible","cart_visibility":"visible","order_visibility":"visible","single_product_price_visibility":"hidden","cart_price_visibility":"hidden","order_price_visibility":"hidden","stock_status":"in_stock"},{"bundled_item_id":23357,"product_id":32868,"menu_order":3,"quantity_min":1,"quantity_max":1,"quantity_default":1,"priced_individually":true,"shipped_individually":false,"override_title":true,"title":"M\u00e1scara de esqui \/ \u00d3culos de prote\u00e7\u00e3o -JULBO-","override_description":false,"description":"16 \u20ac \/ location","optional":true,"hide_thumbnail":false,"discount":"","override_variations":false,"allowed_variations":[],"override_default_variation_attributes":false,"default_variation_attributes":[],"single_product_visibility":"visible","cart_visibility":"visible","order_visibility":"visible","single_product_price_visibility":"hidden","cart_price_visibility":"hidden","order_price_visibility":"hidden","stock_status":"in_stock"},{"bundled_item_id":23359,"product_id":30102,"menu_order":4,"quantity_min":1,"quantity_max":1,"quantity_default":1,"priced_individually":true,"shipped_individually":false,"override_title":true,"title":"Luvas - RACER -","override_description":false,"description":"16 \u20ac \/ location","optional":true,"hide_thumbnail":false,"discount":"","override_variations":false,"allowed_variations":[],"override_default_variation_attributes":false,"default_variation_attributes":[],"single_product_visibility":"visible","cart_visibility":"visible","order_visibility":"visible","single_product_price_visibility":"hidden","cart_price_visibility":"hidden","order_price_visibility":"hidden","stock_status":"in_stock"},{"bundled_item_id":23361,"product_id":156143,"menu_order":5,"quantity_min":1,"quantity_max":1,"quantity_default":1,"priced_individually":true,"shipped_individually":false,"override_title":false,"title":"Gorro de esqui - ROSSIGNOL -","override_description":false,"description":"","optional":true,"hide_thumbnail":false,"discount":"","override_variations":false,"allowed_variations":[],"override_default_variation_attributes":false,"default_variation_attributes":[],"single_product_visibility":"visible","cart_visibility":"visible","order_visibility":"visible","single_product_price_visibility":"hidden","cart_price_visibility":"hidden","order_price_visibility":"hidden","stock_status":"in_stock"},{"bundled_item_id":23363,"product_id":160963,"menu_order":6,"quantity_min":1,"quantity_max":1,"quantity_default":1,"priced_individually":true,"shipped_individually":false,"override_title":false,"title":"Gorro de esqui - Odlo","override_description":false,"description":"","optional":true,"hide_thumbnail":false,"discount":"","override_variations":false,"allowed_variations":[],"override_default_variation_attributes":true,"default_variation_attributes":[{"id":43,"name":"Modelo","option":"black"}],"single_product_visibility":"visible","cart_visibility":"visible","order_visibility":"visible","single_product_price_visibility":"hidden","cart_price_visibility":"hidden","order_price_visibility":"hidden","stock_status":"in_stock"},{"bundled_item_id":23365,"product_id":75247,"menu_order":7,"quantity_min":1,"quantity_max":1,"quantity_default":1,"priced_individually":true,"shipped_individually":false,"override_title":true,"title":"aquecedor de pesco\u00e7o","override_description":false,"description":"6 \u20ac \/ aluguer","optional":true,"hide_thumbnail":false,"discount":"","override_variations":false,"allowed_variations":[],"override_default_variation_attributes":false,"default_variation_attributes":[],"single_product_visibility":"visible","cart_visibility":"visible","order_visibility":"visible","single_product_price_visibility":"hidden","cart_price_visibility":"hidden","order_price_visibility":"hidden","stock_status":"in_stock"},{"bundled_item_id":23367,"product_id":33243,"menu_order":8,"quantity_min":1,"quantity_max":2,"quantity_default":1,"priced_individually":true,"shipped_individually":false,"override_title":true,"title":"Camiseta Active Wam ML - ODLO -","override_description":false,"description":"16 \u20ac \/ location","optional":true,"hide_thumbnail":false,"discount":"","override_variations":false,"allowed_variations":[],"override_default_variation_attributes":false,"default_variation_attributes":[],"single_product_visibility":"visible","cart_visibility":"visible","order_visibility":"visible","single_product_price_visibility":"hidden","cart_price_visibility":"hidden","order_price_visibility":"hidden","stock_status":"in_stock"},{"bundled_item_id":23369,"product_id":33258,"menu_order":9,"quantity_min":1,"quantity_max":2,"quantity_default":1,"priced_individually":true,"shipped_individually":false,"override_title":true,"title":"Cal\u00e7as compridas \/ Cal\u00e7as t\u00e9rmicas Active Wam - ODLO -","override_description":false,"description":"16 \u20ac \/ location","optional":true,"hide_thumbnail":false,"discount":"","override_variations":false,"allowed_variations":[],"override_default_variation_attributes":false,"default_variation_attributes":[],"single_product_visibility":"visible","cart_visibility":"visible","order_visibility":"visible","single_product_price_visibility":"hidden","cart_price_visibility":"hidden","order_price_visibility":"hidden","stock_status":"in_stock"},{"bundled_item_id":23371,"product_id":33325,"menu_order":10,"quantity_min":1,"quantity_max":3,"quantity_default":1,"priced_individually":true,"shipped_individually":false,"override_title":true,"title":"Meias de esqui - MONNET -","override_description":false,"description":"6 \u20ac \/ aluguer","optional":true,"hide_thumbnail":false,"discount":"","override_variations":false,"allowed_variations":[],"override_default_variation_attributes":false,"default_variation_attributes":[],"single_product_visibility":"visible","cart_visibility":"visible","order_visibility":"visible","single_product_price_visibility":"hidden","cart_price_visibility":"hidden","order_price_visibility":"hidden","stock_status":"in_stock"},{"bundled_item_id":23373,"product_id":29962,"menu_order":11,"quantity_min":1,"quantity_max":1,"quantity_default":1,"priced_individually":true,"shipped_individually":false,"override_title":true,"title":"Apr\u00e8s-ski \/ Botas de neve - SOREL -","override_description":false,"description":"36 \u20ac \/ location","optional":true,"hide_thumbnail":false,"discount":"","override_variations":false,"allowed_variations":[],"override_default_variation_attributes":false,"default_variation_attributes":[],"single_product_visibility":"visible","cart_visibility":"visible","order_visibility":"visible","single_product_price_visibility":"hidden","cart_price_visibility":"hidden","order_price_visibility":"hidden","stock_status":"in_stock"},{"bundled_item_id":23375,"product_id":156093,"menu_order":12,"quantity_min":1,"quantity_max":1,"quantity_default":1,"priced_individually":true,"shipped_individually":false,"override_title":false,"title":"Mochila de esqui 25L - ROSSIGNOL -","override_description":false,"description":"","optional":true,"hide_thumbnail":false,"discount":"","override_variations":false,"allowed_variations":[],"override_default_variation_attributes":false,"default_variation_attributes":[],"single_product_visibility":"visible","cart_visibility":"visible","order_visibility":"visible","single_product_price_visibility":"hidden","cart_price_visibility":"hidden","order_price_visibility":"hidden","stock_status":"in_stock"},{"bundled_item_id":23377,"product_id":31106,"menu_order":13,"quantity_min":1,"quantity_max":1,"quantity_default":1,"priced_individually":true,"shipped_individually":true,"override_title":false,"title":"ASSURANCE ANNULATION (+5 \u20ac)","override_description":false,"description":"","optional":true,"hide_thumbnail":true,"discount":"","override_variations":false,"allowed_variations":[],"override_default_variation_attributes":false,"default_variation_attributes":[],"single_product_visibility":"visible","cart_visibility":"visible","order_visibility":"visible","single_product_price_visibility":"hidden","cart_price_visibility":"hidden","order_price_visibility":"hidden","stock_status":"in_stock"},{"bundled_item_id":23379,"product_id":31104,"menu_order":14,"quantity_min":1,"quantity_max":1,"quantity_default":1,"priced_individually":true,"shipped_individually":true,"override_title":false,"title":"ASSURANCE TRANQUILIT\u00c9 (+5 \u20ac)","override_description":false,"description":"","optional":true,"hide_thumbnail":true,"discount":"","override_variations":false,"allowed_variations":[],"override_default_variation_attributes":false,"default_variation_attributes":[],"single_product_visibility":"visible","cart_visibility":"visible","order_visibility":"visible","single_product_price_visibility":"hidden","cart_price_visibility":"hidden","order_price_visibility":"hidden","stock_status":"in_stock"}],"bundle_sell_ids":[],"_links":{"self":[{"href":"https:\/\/www.orentees.com\/pt\/wp-json\/wp\/v2\/product\/105649","targetHints":{"allow":["GET"]}}],"collection":[{"href":"https:\/\/www.orentees.com\/pt\/wp-json\/wp\/v2\/product"}],"about":[{"href":"https:\/\/www.orentees.com\/pt\/wp-json\/wp\/v2\/types\/product"}],"version-history":[{"count":13,"href":"https:\/\/www.orentees.com\/pt\/wp-json\/wp\/v2\/product\/105649\/revisions"}],"predecessor-version":[{"id":161085,"href":"https:\/\/www.orentees.com\/pt\/wp-json\/wp\/v2\/product\/105649\/revisions\/161085"}],"wp:featuredmedia":[{"embeddable":true,"href":"https:\/\/www.orentees.com\/pt\/wp-json\/wp\/v2\/media\/42341"}],"wp:attachment":[{"href":"https:\/\/www.orentees.com\/pt\/wp-json\/wp\/v2\/media?parent=105649"}],"wp:term":[{"taxonomy":"product_brand","embeddable":true,"href":"https:\/\/www.orentees.com\/pt\/wp-json\/wp\/v2\/product_brand?post=105649"},{"taxonomy":"product_cat","embeddable":true,"href":"https:\/\/www.orentees.com\/pt\/wp-json\/wp\/v2\/product_cat?post=105649"},{"taxonomy":"product_tag","embeddable":true,"href":"https:\/\/www.orentees.com\/pt\/wp-json\/wp\/v2\/product_tag?post=105649"}],"curies":[{"name":"wp","href":"https:\/\/api.w.org\/{rel}","templated":true}]}}