{"id":126925,"date":"2024-03-13T17:42:17","date_gmt":"2024-03-13T16:42:17","guid":{"rendered":"https:\/\/www.orentees.com\/?post_type=product&#038;p=126925"},"modified":"2025-05-08T18:20:01","modified_gmt":"2025-05-08T16:20:01","slug":"location-canon-eos-r50-teleobjectif","status":"publish","type":"product","link":"https:\/\/www.orentees.com\/pt\/product\/location-canon-eos-r50-teleobjectif\/","title":{"rendered":"Aluguel de fotos com lente teleobjetiva e Canon EOS R50"},"content":{"rendered":"<h3><strong>Pacote de aluguel: c\u00e2mera Canon EOS R50 e lente telefoto<\/strong><\/h3>\n<p>Embarque em uma aventura com nosso pacote de aluguel da Canon EOS R50: sua companheira essencial para capturar a beleza da natureza, a intensidade do esporte e a magia de suas viagens, transformando cada momento em uma mem\u00f3ria inesquec\u00edvel.<\/p>\n<p><span style=\"text-decoration: underline;\"><strong>Conte\u00fado do Pacote oferecido para loca\u00e7\u00e3o:<\/strong><\/span><br \/>\n\u2013 C\u00e2mera h\u00edbrida Canon EOS R50<br \/>\n\u2013 Lente RF-S 18-45mm \u201cgrande angular\u201d<br \/>\n\u2013 Lente \u201cTelefoto\u201d RF-S 55-210MM<br \/>\n\u2013 2 Baterias<br \/>\n\u2013 1 Carregador<br \/>\n\u2013 1 cart\u00e3o microSD de 128 GB<br \/>\n\u2013 1 Trip\u00e9 at\u00e9 1,55m<br \/>\n\u2013 1 mochila de armazenamento Lowe<\/p>\n<p><span style=\"text-decoration: underline;\"><strong>PRINCIPAIS RECURSOS DA CANON EOS R50:<\/strong><\/span><\/p>\n<table border=\"1\">\n<tbody>\n<tr style=\"background-color: #f2f2f2; text-align: center; font-weight: bold;\">\n<th>Caracter\u00edsticas \/ Produto<\/th>\n<th>Canon EOS R50<\/th>\n<th>Canon RF-S 18-45 mm<\/th>\n<th>Canon RF-S 55-210MM<\/th>\n<\/tr>\n<tr>\n<td><strong>Principais Caracter\u00edsticas<\/strong><\/td>\n<td>\u2013 Sensor: CMOS APS-C de 24,2 MP<br \/>\n\u2013 Processador: DIGIC X<br \/>\n\u2013 Montagem: RF, RF-S; EF\/EF-S via adaptadores<br \/>\n\u2013 Estabiliza\u00e7\u00e3o: Por lente ou digital<br \/>\n\u2013 Foco: Dual Pixel CMOS AF II, at\u00e9 651 zonas<br \/>\n\u2013 Exposi\u00e7\u00e3o: 384 zonas, modos One-Shot, Servo AF<br \/>\n\u2013 ISO: 100-32.000, expans\u00edvel at\u00e9 51.200<br \/>\n\u2013 Obturador: 1\/4000 s a 1\/8000 s<br \/>\n\u2013 Visor: OLED, 2,36 milh\u00f5es de pontos<br \/>\n\u2013 Tela LCD: 7,5 cm, 1,62 M pontos, tela sens\u00edvel ao toque<br \/>\n\u2013 V\u00eddeo: 4K UHD, Full HD<br \/>\n\u2013 Armazenamento: SD\/SDHC\/SDXC, UHS-I<br \/>\n\u2013 Conectividade: USB-C, Wi-Fi, Bluetooth 4.2<br \/>\n\u2013 Bateria: LP-E17, ~440 fotos<\/td>\n<td>\u2013 Tamanho da imagem: APS-C<br \/>\n\u2013 Dist\u00e2ncia focal: 18-45 mm (equiv. 29-72 mm)<br \/>\n\u2013 Campo de vis\u00e3o: 64\u00b030\u2032 \u2013 33\u00b040\u2032<br \/>\n\u2013 Constru\u00e7\u00e3o: 7 elementos, 2 PMo asf\u00e9ricos<br \/>\n\u2013 Abertura: f\/22 a f\/32<br \/>\n\u2013 Foco m\u00ednimo: 0,2m a 0,35m<br \/>\n\u2013 Amplia\u00e7\u00e3o m\u00e1xima: x0,14 a x0,16<br \/>\n\u2013 Estabilizador: OIS 4 pontos, combinado IBIS x OIS 6,5 pontos<br \/>\n\u2013 Motor AF: STM<br \/>\n\u2013 Di\u00e2metro do filtro: 49 mm<br \/>\n\u2013 Acess\u00f3rios: Tampa, para-sol, estojo, tampa traseira<br \/>\n\u2013 Caracter\u00edsticas adicionais: N\u00e3o \u00e9 \u00e0 prova d\u2019\u00e1gua<\/td>\n<td>\u2013 Tamanho da imagem: APS-C<br \/>\n\u2013 Dist\u00e2ncia focal: 88-336 mm (equivalente)<br \/>\n\u2013 Constru\u00e7\u00e3o: 11 elementos, 2 UD, 1 PMo asf\u00e9rico<br \/>\n\u2013 Abertura: f\/22 a f\/32<br \/>\n\u2013 Foco m\u00ednimo: 0,73 m a 1,0 m<br \/>\n\u2013 Amplia\u00e7\u00e3o m\u00e1xima: 0,28x<br \/>\n\u2013 Estabilizador: OIS 4,5 pontos, IBIS 7 pontos compat\u00edvel<br \/>\n\u2013 Motor AF: STM<br \/>\n\u2013 Di\u00e2metro do filtro: 55 mm<br \/>\n\u2013 Dimens\u00f5es e peso: 69 x 135 mm, 270 g<br \/>\n\u2013 Caracter\u00edsticas adicionais: N\u00e3o \u00e9 \u00e0 prova d\u2019\u00e1gua<\/td>\n<\/tr>\n<tr>\n<td><strong>Dimens\u00f5es e Peso<\/strong><\/td>\n<td>116,3 x 85,5 x 68,8 mm; 328 g (somente corpo)<\/td>\n<td>69 \u00d7 44,3 mm, 130 g<\/td>\n<td>69 x 135 mm, 270 g<\/td>\n<\/tr>\n<\/tbody>\n<\/table>","protected":false},"excerpt":{"rendered":"<p style=\"text-align: left; font-size: 18px;\"><strong>Apresenta\u00e7\u00e3o:<\/strong><\/p>\n<p>O pacote de aluguel que oferecemos inclui o mais recente de <strong>C\u00e2none<\/strong>, O <strong>EOS R50<\/strong>, Um <strong>c\u00e2mera h\u00edbrida<\/strong> projetado para aqueles que querem explorar o mundo da fotografia com equipamentos de qualidade superior a um smartphone.<\/p>\n<p><strong>Este pacote \u00e9 idealmente completo<\/strong> para amantes da natureza, viajantes e entusiastas de atividades ao ar livre que procuram <strong>capture momentos inesquec\u00edveis com precis\u00e3o e qualidade<\/strong>.<\/p>\n<p>Inclui o<strong>EOS R50<\/strong> acompanhado de uma lente RF-S 18-45mm para <strong>fotos de grande angular<\/strong>, bem como um <strong>lente telefoto<\/strong> RF-S 55-210mm para <strong>amplie objetos distantes sem perder qualidade.<\/strong> Com <strong>duas baterias<\/strong> inclu\u00eddo para m\u00e1xima autonomia, um carregador para recarregar onde quer que esteja, um cart\u00e3o <strong>MicroSD de 128 GB<\/strong> para armazenar todas as suas mem\u00f3rias, um <strong>trip\u00e9 est\u00e1vel<\/strong> para fotos n\u00edtidas e uma <strong>mochila pr\u00e1tica para carregar tudo<\/strong>, esta mochila \u00e9 a companheira de viagem ideal para suas aventuras.<\/p>\n<p>A c\u00e2mera oferece recursos impressionantes como <strong>Sensor CMOS APS-C de 24,2 megapixels<\/strong>, uma sensibilidade <strong>ISO expans\u00edvel at\u00e9 51200<\/strong> para fotos n\u00edtidas mesmo com pouca luz, conectividade perfeita gra\u00e7as ao <strong>Bluetooth<\/strong> E <strong>Wi-fi,<\/strong> e um <strong>Capacidade de v\u00eddeo 4K UHD<\/strong> para sequ\u00eancias de tirar o f\u00f4lego.<\/p>\n<hr \/>\n<p style=\"text-align: center;\"><em><strong>Opini\u00e3o de Pierre:<\/strong> Com esta Canon EOS R50 e suas lentes teleobjetivas, cada foto se torna uma obra de arte. \u00c9 a escolha perfeita para capturar os momentos da vida com qualidade e flexibilidade incompar\u00e1veis.<\/em><em>&#8220;<\/em><\/p>\n<hr \/>\n<p>&nbsp;<\/p>\n<p><em><span lang=\"fr\" style=\"font-size: 10pt; font-family: Verdana, sans-serif; color: #000000;\" xml:lang=\"fr\">* Foto n\u00e3o contratual<\/span><\/em><\/p>\n<p><span style=\"font-size: 10pt;\"> ** Com base em um aluguel de 8 dias<\/span><\/p>","protected":false},"featured_media":144503,"template":"","meta":{"_acf_changed":false},"product_brand":[],"product_cat":[3835],"product_tag":[],"class_list":{"0":"post-126925","1":"product","2":"type-product","3":"status-publish","4":"has-post-thumbnail","6":"product_cat-photo-video-voyage","7":"pa_dimension-1163-x-855-x-688-mm","8":"pa_marque-canon","10":"first","11":"instock","12":"taxable","13":"shipping-taxable","14":"purchasable","15":"product-type-simple"},"bundled_by":["134147"],"bundle_stock_status":"instock","bundle_stock_quantity":0,"bundle_virtual":false,"bundle_layout":"","bundle_add_to_cart_form_location":"","bundle_editable_in_cart":false,"bundle_sold_individually_context":"","bundle_item_grouping":"","bundle_min_size":"","bundle_max_size":"","bundled_items":[],"bundle_sell_ids":[],"_links":{"self":[{"href":"https:\/\/www.orentees.com\/pt\/wp-json\/wp\/v2\/product\/126925","targetHints":{"allow":["GET"]}}],"collection":[{"href":"https:\/\/www.orentees.com\/pt\/wp-json\/wp\/v2\/product"}],"about":[{"href":"https:\/\/www.orentees.com\/pt\/wp-json\/wp\/v2\/types\/product"}],"version-history":[{"count":5,"href":"https:\/\/www.orentees.com\/pt\/wp-json\/wp\/v2\/product\/126925\/revisions"}],"predecessor-version":[{"id":182625,"href":"https:\/\/www.orentees.com\/pt\/wp-json\/wp\/v2\/product\/126925\/revisions\/182625"}],"wp:featuredmedia":[{"embeddable":true,"href":"https:\/\/www.orentees.com\/pt\/wp-json\/wp\/v2\/media\/144503"}],"wp:attachment":[{"href":"https:\/\/www.orentees.com\/pt\/wp-json\/wp\/v2\/media?parent=126925"}],"wp:term":[{"taxonomy":"product_brand","embeddable":true,"href":"https:\/\/www.orentees.com\/pt\/wp-json\/wp\/v2\/product_brand?post=126925"},{"taxonomy":"product_cat","embeddable":true,"href":"https:\/\/www.orentees.com\/pt\/wp-json\/wp\/v2\/product_cat?post=126925"},{"taxonomy":"product_tag","embeddable":true,"href":"https:\/\/www.orentees.com\/pt\/wp-json\/wp\/v2\/product_tag?post=126925"}],"curies":[{"name":"wp","href":"https:\/\/api.w.org\/{rel}","templated":true}]}}