{"id":126959,"date":"2024-03-13T19:34:56","date_gmt":"2024-03-13T18:34:56","guid":{"rendered":"https:\/\/www.orentees.com\/?post_type=product&#038;p=126959"},"modified":"2024-09-30T14:30:07","modified_gmt":"2024-09-30T12:30:07","slug":"gopro-12-et-accessoires","status":"publish","type":"product","link":"https:\/\/www.orentees.com\/pt\/product\/gopro-12-et-accessoires\/","title":{"rendered":"Gopro 12 e acess\u00f3rios"},"content":{"rendered":"<h3><strong>Pacote de aluguel: Gopro 12 Black e acess\u00f3rios<\/strong><\/h3>\n<p>O pacote GoPro 12 Black, enriquecido com v\u00e1rios acess\u00f3rios, como a al\u00e7a flutuante, a caixa de prote\u00e7\u00e3o e v\u00e1rios suportes, apresenta-se como uma solu\u00e7\u00e3o ideal de captura de imagens, projetada para atender aos requisitos espec\u00edficos de esquiadores, viajantes e caminhantes que buscam documentar suas fa\u00e7anhas e descobertas com precis\u00e3o e qualidade de imagem incompar\u00e1veis.<\/p>\n<p><span style=\"text-decoration: underline;\"><strong>Conte\u00fado do Pacote oferecido para loca\u00e7\u00e3o:<\/strong><\/span><br \/>\n\u2013 C\u00e2mera Gopro 12 Preta<br \/>\n\u2013 Capa protetora \u00e0 prova d\u2019\u00e1gua<br \/>\n\u2013 Al\u00e7a flutuante<br \/>\n\u2013 2 Baterias<br \/>\n\u2013 1 Carregador<br \/>\n\u2013 1 cart\u00e3o microSD de 128 GB<br \/>\n\u2013 Estojo de transporte<br \/>\n\u2013 Faixa de fixa\u00e7\u00e3o frontal<br \/>\n\u2013 Arn\u00eas de peito<br \/>\n\u2013 Fixa\u00e7\u00e3o flex\u00edvel<br \/>\n\u2013 1 suporte adesivo<\/p>\n<p><span style=\"text-decoration: underline;\"><strong>PRINCIPAIS CARACTER\u00cdSTICAS DA GOPRO 12 PRETA:<\/strong><\/span><\/p>\n<table style=\"width: 100%; border-collapse: collapse;\" border=\"1\">\n<tbody>\n<tr style=\"background-color: #f2f2f2; text-align: center;\">\n<th>Principais Caracter\u00edsticas<\/th>\n<\/tr>\n<tr>\n<td style=\"text-align: left;\"><strong>Dimens\u00f5es (L x A x P):<\/strong> 71,8 L x 50,8 A x 33,6 P (mm)<br \/>\n<strong>Peso:<\/strong> 154g (c\u00e2mera com hastes de montagem e bateria), 121g (sem bateria)<br \/>\n<strong>Bateria:<\/strong> Bateria Enduro remov\u00edvel de 1720 mAh<br \/>\n<strong>Telas:<\/strong> Traseira: tela sens\u00edvel ao toque de 2,27 polegadas, Frente: tela colorida de 1,4 polegadas<br \/>\n<strong>Robusto e \u00e0 prova d&#039;\u00e1gua:<\/strong> 10 m sem caixa de prote\u00e7\u00e3o. 60 m com caixa de prote\u00e7\u00e3o.<br \/>\n<strong>Consertando:<\/strong> Fixa\u00e7\u00e3o integrada gra\u00e7as a hastes articuladas, fixa\u00e7\u00e3o \u00bc-20<br \/>\n<strong>Vidro protetor imperme\u00e1vel remov\u00edvel:<\/strong> Sim<br \/>\n<strong>Mem\u00f3ria de armazenamento microSD:<\/strong> 1 microSD V30 ou UHS-3 m\u00ednimo<br \/>\n<strong>Conector:<\/strong> USB-C, porta HDMI, m\u00f3dulo de m\u00eddia (H9B\/H10B\/H11B\/H12B)<br \/>\n<strong>Temperatura de opera\u00e7\u00e3o:<\/strong> -10 \u00baC \u2013 35 \u00baC<br \/>\n\u2026e todos os outros recursos mencionados para uma apresenta\u00e7\u00e3o completa.<\/td>\n<\/tr>\n<\/tbody>\n<\/table>","protected":false},"excerpt":{"rendered":"<p style=\"text-align: left; font-size: 18px;\"><strong>Apresenta\u00e7\u00e3o:<\/strong><\/p>\n<p>Descubra o pacote de aventura definitivo com o <strong>GoPro 12 Preta<\/strong>, a c\u00e2mera de a\u00e7\u00e3o mais vers\u00e1til e <strong>robusto<\/strong>, equipado para capturar cada momento de suas expedi\u00e7\u00f5es com clareza impressionante.<\/p>\n<p>Este pacote inclui n\u00e3o apenas a GoPro 12 Black, com suas dimens\u00f5es <strong>compacto e leve<\/strong> 154 g (c\u00e2mera com hastes de montagem e bateria), mas tamb\u00e9m uma variedade de acess\u00f3rios essenciais.<\/p>\n<p>Aproveite duas baterias Enduro de 1720 mAh por um <strong>autonomia estendida<\/strong>, um carregador para recarreg\u00e1-los onde quer que voc\u00ea esteja, uma bolsa de transporte para prote\u00e7\u00e3o e organiza\u00e7\u00e3o ideais e um cart\u00e3o <strong>MicroSD de 128 GB<\/strong> para armazenar todas as suas aventuras.<\/p>\n<p>Para uso vers\u00e1til, o <strong>o pacote inclui<\/strong> tamb\u00e9m um punho flutuante, uma caixa protetora \u00e0 prova d&#039;\u00e1gua at\u00e9 60 metros, uma al\u00e7a de montagem na testa, uma montagem flex\u00edvel e uma montagem no peito, garantindo que voc\u00ea esteja equipado para qualquer perspectiva de tiro.<\/p>\n<p>A pr\u00f3pria GoPro 12 Black <strong>impressiona pela qualidade da imagem<\/strong> em resolu\u00e7\u00e3o de at\u00e9 5,3K, um <strong>estabiliza\u00e7\u00e3o<\/strong> V\u00eddeo HyperSmooth 6.0 e uma variedade de modos de captura para fotos e v\u00eddeos <strong>deslumbrante em todas as condi\u00e7\u00f5es<\/strong>.<\/p>\n<hr \/>\n<p style=\"text-align: center;\"><em><strong>Opini\u00e3o de Pierre:<\/strong> \u201cEsta mochila GoPro 12 Black \u00e9 t\u00e3o incr\u00edvel com todos os seus acess\u00f3rios que cada passeio se transforma em uma aventura cinematogr\u00e1fica. A qualidade da imagem, a dura\u00e7\u00e3o da bateria e a facilidade de uso me permitiram capturar momentos incr\u00edveis sem me preocupar com o equipamento. Recomendo fortemente a todos os entusiastas de aventura!<\/em><em>&#8220;<\/em><\/p>\n<hr \/>\n<p>&nbsp;<\/p>\n<p><em><span lang=\"fr\" style=\"font-size: 10pt; font-family: Verdana, sans-serif; color: #000000;\" xml:lang=\"fr\">* Foto n\u00e3o contratual<\/span><\/em><\/p>\n<p><span style=\"font-size: 10pt;\"> ** Com base em um aluguel de 8 dias<\/span><\/p>","protected":false},"featured_media":144511,"template":"","meta":{"_acf_changed":false},"product_brand":[],"product_cat":[3835],"product_tag":[],"class_list":{"0":"post-126959","1":"product","2":"type-product","3":"status-publish","4":"has-post-thumbnail","6":"product_cat-photo-video-voyage","7":"pa_dimension-718-x-508-x-336-mm","8":"pa_marque-gopro","10":"first","11":"instock","12":"taxable","13":"shipping-taxable","14":"purchasable","15":"product-type-simple"},"bundled_by":["130009"],"bundle_stock_status":"instock","bundle_stock_quantity":1,"bundle_virtual":false,"bundle_layout":"","bundle_add_to_cart_form_location":"","bundle_editable_in_cart":false,"bundle_sold_individually_context":"","bundle_item_grouping":"","bundle_min_size":"","bundle_max_size":"","bundled_items":[],"bundle_sell_ids":[],"_links":{"self":[{"href":"https:\/\/www.orentees.com\/pt\/wp-json\/wp\/v2\/product\/126959","targetHints":{"allow":["GET"]}}],"collection":[{"href":"https:\/\/www.orentees.com\/pt\/wp-json\/wp\/v2\/product"}],"about":[{"href":"https:\/\/www.orentees.com\/pt\/wp-json\/wp\/v2\/types\/product"}],"version-history":[{"count":2,"href":"https:\/\/www.orentees.com\/pt\/wp-json\/wp\/v2\/product\/126959\/revisions"}],"predecessor-version":[{"id":144859,"href":"https:\/\/www.orentees.com\/pt\/wp-json\/wp\/v2\/product\/126959\/revisions\/144859"}],"wp:featuredmedia":[{"embeddable":true,"href":"https:\/\/www.orentees.com\/pt\/wp-json\/wp\/v2\/media\/144511"}],"wp:attachment":[{"href":"https:\/\/www.orentees.com\/pt\/wp-json\/wp\/v2\/media?parent=126959"}],"wp:term":[{"taxonomy":"product_brand","embeddable":true,"href":"https:\/\/www.orentees.com\/pt\/wp-json\/wp\/v2\/product_brand?post=126959"},{"taxonomy":"product_cat","embeddable":true,"href":"https:\/\/www.orentees.com\/pt\/wp-json\/wp\/v2\/product_cat?post=126959"},{"taxonomy":"product_tag","embeddable":true,"href":"https:\/\/www.orentees.com\/pt\/wp-json\/wp\/v2\/product_tag?post=126959"}],"curies":[{"name":"wp","href":"https:\/\/api.w.org\/{rel}","templated":true}]}}