{"id":126979,"date":"2024-03-13T20:30:04","date_gmt":"2024-03-13T19:30:04","guid":{"rendered":"https:\/\/www.orentees.com\/?post_type=product&#038;p=126979"},"modified":"2024-09-30T15:03:35","modified_gmt":"2024-09-30T13:03:35","slug":"location-dji-mini-4-pro-et-accessoires","status":"publish","type":"product","link":"https:\/\/www.orentees.com\/pt\/product\/location-dji-mini-4-pro-et-accessoires\/","title":{"rendered":"Aluguel de DJI Mini 4 Pro e acess\u00f3rios"},"content":{"rendered":"<h3><strong>Pacote de aluguel: DJI mini 4 pro e acess\u00f3rios<\/strong><\/h3>\n<p>O DJI Mini 4 Pro Bundle \u00e9 a ferramenta definitiva para viajantes e caminhantes ansiosos para capturar o esplendor das paisagens naturais com portabilidade incompar\u00e1vel e qualidade de imagem excepcional, tornando cada aventura ainda mais memor\u00e1vel.<\/p>\n<p><span style=\"text-decoration: underline;\"><strong>Conte\u00fado do Pacote oferecido para loca\u00e7\u00e3o:<\/strong><\/span><br \/>\n\u2013 Drone DJI Mini 4 Pro<br \/>\n\u2013 Controle remoto com tela<br \/>\n\u2013 3 baterias<br \/>\n\u2013 1 Carregador<br \/>\n\u2013 1 cart\u00e3o microSD de 128 GB<br \/>\n\u2013 Estojo de transporte<\/p>\n<p><span style=\"text-decoration: underline;\"><strong>PRINCIPAIS RECURSOS DO DJI MINI 4 PRO:<\/strong><\/span><\/p>\n<table style=\"width: 100%; border-collapse: collapse;\" border=\"1\">\n<tbody>\n<tr style=\"background-color: #f2f2f2; text-align: center;\">\n<th style=\"padding: 10px;\">CARACTER\u00cdSTICAS T\u00c9CNICAS<\/th>\n<\/tr>\n<tr>\n<td style=\"padding: 10px;\"><strong>Drone DJI Mini 4 Pro:<\/strong><br \/>\n<strong>C\u00e2mera:<\/strong><br \/>\nMarca: DJI<br \/>\nSensor: CMOS de 1\/1,3 polegadas, pixels efetivos: 48 MP<br \/>\nDist\u00e2ncia focal: 24 mm<br \/>\nTamanho m\u00e1ximo da imagem: 8064 x 6048 pixels<br \/>\nResolu\u00e7\u00f5es de v\u00eddeo: H.264\/H.265 \/ 4K: 3840 x 2160 a 24\/25\/30\/48\/50\/60\/100 fps \/ FHD: 1920 x 1080 a 24\/25\/30\/48\/50\/60\/100\/200 fps<br \/>\nFormato de v\u00eddeo: MP4 (MPEG-4 AVC\/H.264, HEVC\/H.265)<br \/>\nResolu\u00e7\u00e3o da foto: 8064 x 6048<br \/>\nFormato(s) de foto: JPEG\/DNG (RAW)<br \/>\nModo de foto: Disparo \u00fanico: 12 e 48 MP Disparo cont\u00ednuo: 12 MP, 3\/5\/7 fotos 48 MP, 3 fotos Bracketing de exposi\u00e7\u00e3o autom\u00e1tica (AEB): 12 MP, 3\/5\/7 fotos em incrementos de 0,7 EV 48 MP, 3 fotos em incrementos de 0,7 EV Intervalo: 12 MP, 2\/3\/5\/7\/10\/15\/20\/30\/60 segundos<br \/>\n\u2026e todas as outras especifica\u00e7\u00f5es mencionadas.<\/td>\n<\/tr>\n<\/tbody>\n<\/table>","protected":false},"excerpt":{"rendered":"<p style=\"text-align: left; font-size: 18px;\"><strong>Apresenta\u00e7\u00e3o:<\/strong><\/p>\n<p>Embarque em uma aventura inesquec\u00edvel com o <strong>Pacote DJI Mini 4 Pro<\/strong>, <strong>o acess\u00f3rio de viagem definitivo<\/strong> para amantes de caminhadas, acampamentos e explora\u00e7\u00e3o ao ar livre.<\/p>\n<p>Esse <strong>drone ultraleve<\/strong>, pesando apenas <strong>249 gramas<\/strong>, cabe facilmente na sua mochila, pronto para levar a qualquer momento<strong> imortalizar a grandeza da natureza<\/strong> de \u00e2ngulos espetaculares. Com capacidade para voar at\u00e9 20 km e resolu\u00e7\u00e3o de v\u00eddeo 4K HDR a 60 quadros por segundo, o DJI Mini 4 Pro captura a beleza de paisagens selvagens com clareza impressionante e cores vibrantes.<\/p>\n<p>Dela <strong>impressionante resolu\u00e7\u00e3o de foto de 48 MP<\/strong> captura os m\u00ednimos detalhes, desde picos nevados e vales verdejantes at\u00e9 lagos cristalinos e florestas densas.<\/p>\n<p>O <strong>DJI Mini 4 Pro<\/strong> n\u00e3o \u00e9 apenas um drone; \u00e9 o seu companheiro perfeito para documentar suas aventuras ao ar livre. Com sua c\u00e2mera girat\u00f3ria, controle remoto e GPS, voc\u00ea pode facilmente planejar rotas de voo para capturar panoramas de tirar o f\u00f4lego.<\/p>\n<p>Com 3 baterias de voo inteligentes que oferecem at\u00e9 45 minutos de voo, uma esta\u00e7\u00e3o de carregamento bidirecional e uma bolsa de ombro, este pacote garante que voc\u00ea nunca perca um momento m\u00e1gico.<\/p>","protected":false},"featured_media":144905,"template":"","meta":{"_acf_changed":false},"product_brand":[],"product_cat":[3835],"product_tag":[],"class_list":{"0":"post-126979","1":"product","2":"type-product","3":"status-publish","4":"has-post-thumbnail","6":"product_cat-photo-video-voyage","7":"pa_dimension-718-x-508-x-336-mm","8":"pa_marque-dji","10":"first","11":"instock","12":"taxable","13":"shipping-taxable","14":"purchasable","15":"product-type-simple"},"bundled_by":[],"bundle_stock_status":"instock","bundle_stock_quantity":1,"bundle_virtual":false,"bundle_layout":"","bundle_add_to_cart_form_location":"","bundle_editable_in_cart":false,"bundle_sold_individually_context":"","bundle_item_grouping":"","bundle_min_size":"","bundle_max_size":"","bundled_items":[],"bundle_sell_ids":[],"_links":{"self":[{"href":"https:\/\/www.orentees.com\/pt\/wp-json\/wp\/v2\/product\/126979","targetHints":{"allow":["GET"]}}],"collection":[{"href":"https:\/\/www.orentees.com\/pt\/wp-json\/wp\/v2\/product"}],"about":[{"href":"https:\/\/www.orentees.com\/pt\/wp-json\/wp\/v2\/types\/product"}],"version-history":[{"count":9,"href":"https:\/\/www.orentees.com\/pt\/wp-json\/wp\/v2\/product\/126979\/revisions"}],"predecessor-version":[{"id":144913,"href":"https:\/\/www.orentees.com\/pt\/wp-json\/wp\/v2\/product\/126979\/revisions\/144913"}],"wp:featuredmedia":[{"embeddable":true,"href":"https:\/\/www.orentees.com\/pt\/wp-json\/wp\/v2\/media\/144905"}],"wp:attachment":[{"href":"https:\/\/www.orentees.com\/pt\/wp-json\/wp\/v2\/media?parent=126979"}],"wp:term":[{"taxonomy":"product_brand","embeddable":true,"href":"https:\/\/www.orentees.com\/pt\/wp-json\/wp\/v2\/product_brand?post=126979"},{"taxonomy":"product_cat","embeddable":true,"href":"https:\/\/www.orentees.com\/pt\/wp-json\/wp\/v2\/product_cat?post=126979"},{"taxonomy":"product_tag","embeddable":true,"href":"https:\/\/www.orentees.com\/pt\/wp-json\/wp\/v2\/product_tag?post=126979"}],"curies":[{"name":"wp","href":"https:\/\/api.w.org\/{rel}","templated":true}]}}