{"id":127027,"date":"2024-03-14T19:28:11","date_gmt":"2024-03-14T18:28:11","guid":{"rendered":"https:\/\/www.orentees.com\/?post_type=product&#038;p=127027"},"modified":"2024-10-08T13:29:05","modified_gmt":"2024-10-08T11:29:05","slug":"camera-insta360-x3-et-accessoires","status":"publish","type":"product","link":"https:\/\/www.orentees.com\/pt\/product\/camera-insta360-x3-et-accessoires\/","title":{"rendered":"C\u00e2mera Insta360 X3 e acess\u00f3rios"},"content":{"rendered":"<h3><strong>Pacote de aluguel: Insta360 X3 e acess\u00f3rios<\/strong><\/h3>\n<p>O pacote Insta360 X3, com seus recursos avan\u00e7ados de captura de v\u00eddeo\/foto de alta resolu\u00e7\u00e3o, durabilidade robusta e acess\u00f3rios pr\u00e1ticos, \u00e9 ideal para esquiadores, viajantes e caminhantes que buscam capturar suas aventuras com precis\u00e3o e criatividade em uma variedade de \u00e2ngulos e condi\u00e7\u00f5es.<\/p>\n<p>&nbsp;<\/p>\n<table border=\"1\">\n<tbody>\n<tr style=\"background-color: #d3d3d3; text-align: center;\">\n<td>Insta360 X3<\/td>\n<\/tr>\n<tr>\n<td><b>Principais Caracter\u00edsticas<\/b><br \/>\nAbertura: F1.9<br \/>\nDist\u00e2ncia focal equivalente a 35 mm: 6,7 mm<br \/>\nResolu\u00e7\u00e3o da foto: 72 MP (11968\u00d75984), 18 MP (5952\u00d72976)<br \/>\nResolu\u00e7\u00e3o de v\u00eddeo:<br \/>\n360:<br \/>\n5,7K: 5760\u00d72880 a 30\/25\/24 fps<br \/>\n4K: 3840\u00d71920 a 60\/50\/30\/25\/24 fps<br \/>\n3K: 3008\u00d71504 a 100 fps<br \/>\nModo de lente \u00fanica:<br \/>\n4K: 3840\u00d72160 a 30\/25\/24 fps<br \/>\n3,6K: 3584\u00d72016 a 60\/50\/30\/25\/24 fps<br \/>\n2,7K: 2720\u00d71530@60\/50\/30\/25\/24<br \/>\n1080P: 1920\u00d71088 a 60\/50\/30\/25\/24 fps<br \/>\nFormato da foto: insp, DNG Raw (PureShot)<br \/>\nFormato de v\u00eddeo: Lente \u00fanica: MP4, 360: INSV<br \/>\nModos de foto: Padr\u00e3o, HDR, Burst, Intervalo, Starlapse<br \/>\nModos de v\u00eddeo: Padr\u00e3o, HDR ativo, lapso de tempo, mudan\u00e7a de tempo, tempo de bala, grava\u00e7\u00e3o em loop, pr\u00e9-grava\u00e7\u00e3o<br \/>\nPerfis de cores: V\u00edvido, Padr\u00e3o, LOG<br \/>\nPeso: 180g<br \/>\nDimens\u00f5es (C x A x L): 46,0*114,0*33,1 mm<br \/>\nAutonomia: 81 min<br \/>\nTaxa m\u00e1xima de bits de v\u00eddeo: 120 Mbps<br \/>\nGirosc\u00f3pio: girosc\u00f3pio de 6 eixos<br \/>\nTransmiss\u00f5es ao vivo: transmiss\u00f5es ao vivo 360, corte de transmiss\u00e3o ao vivo<br \/>\nValor de exposi\u00e7\u00e3o: \u00b14EV<br \/>\nFaixa ISO: 100\uff5e3200<br \/>\nVelocidade do obturador: Foto: 1\/8000 \u2013 120 s, V\u00eddeo: 1\/8000 \u2013 no limite de quadros por segundo<br \/>\nBalan\u00e7o de branco: 2000K \u2013 10000K<br \/>\nModos de \u00e1udio: redu\u00e7\u00e3o de vento, est\u00e9reo, aprimoramento direcional<br \/>\nFormato de \u00e1udio: 48 kHz, 16 bits, AAC<br \/>\nBluetooth: BLE 5.0<br \/>\nWi-Fi: 2,4 GHz, 5 GHz, 802.11a\/b\/g\/n\/ac<br \/>\nUSB: Tipo C<br \/>\nCart\u00e3o Micro SD: Suportado<br \/>\nCapacidade da bateria: 1800mAh<br \/>\nM\u00e9todo de carregamento: USB tipo C<br \/>\nTempo de carregamento: 90 min (5V\/3A)<br \/>\nTemperatura de opera\u00e7\u00e3o: De -20\u00b0C a 40\u00b0C<\/td>\n<\/tr>\n<tr>\n<td><b>Acess\u00f3rios<\/b><br \/>\n1x Bast\u00e3o de selfie de a\u00e7\u00e3o invis\u00edvel extens\u00edvel at\u00e9 1 m,<br \/>\n1x tampa de lente,<br \/>\n1x Estojo de transporte,<br \/>\n1x MicroSD,<br \/>\n1x Trip\u00e9<\/td>\n<\/tr>\n<\/tbody>\n<\/table>\n<p>&nbsp;<\/p>","protected":false},"excerpt":{"rendered":"<p style=\"text-align: left; font-size: 18px;\"><strong>Apresenta\u00e7\u00e3o:<\/strong><\/p>\n<p>Mergulhe no cora\u00e7\u00e3o de suas escapadas de montanha, caminhadas, acampamentos ou viagens com o Pacote de Aluguel de C\u00e2mera Insta360 X3, projetado especialmente para entusiastas de atividades ao ar livre e aventura. Este pacote inclui a revolucion\u00e1ria C\u00e2mera Insta360 X3, capaz de capturar momentos de tirar o f\u00f4lego com seus v\u00eddeos em 360 graus com resolu\u00e7\u00e3o de 5,7K e fotos de at\u00e9 72 MP, para que cada detalhe de suas escapadas de esqui, caminhadas ou noites sob as estrelas seja imortalizado com a mais alta fidelidade. Gra\u00e7as \u00e0 sua abertura de F1.9 e aos m\u00faltiplos modos de disparo, como HDR Ativo e TimeShift, voc\u00ea est\u00e1 equipado para capturar a beleza da natureza, independentemente da luz ou do movimento.<\/p>\n<p>O kit inclui acess\u00f3rios essenciais para o aventureiro moderno: um bast\u00e3o de selfie invis\u00edvel para capturar \u00e2ngulos din\u00e2micos sem que seu equipamento apare\u00e7a na foto, um kit para neve para garantir fotos perfeitas mesmo nas condi\u00e7\u00f5es de inverno mais rigorosas, uma tampa de lente para proteger seu equipamento das intemp\u00e9ries, um estojo para facilitar o transporte, um cart\u00e3o microSD para armazenar todas as suas mem\u00f3rias e um trip\u00e9 para filmagens est\u00e1veis e com apar\u00eancia profissional. Com um design leve de 180g e bateria com dura\u00e7\u00e3o de 81 minutos, esta c\u00e2mera \u00e9 a companheira perfeita para longos dias de aventura, oferecendo resist\u00eancia e recursos t\u00e9cnicos avan\u00e7ados para um desempenho excepcional em todas as condi\u00e7\u00f5es, da neve fresca \u00e0s trilhas mais acidentadas.<\/p>\n<p>&nbsp;<\/p>\n<hr \/>\n<p style=\"text-align: center;\"><em><strong>Opini\u00e3o de Pierre:<\/strong> \u201cO pacote de c\u00e2mera Insta360 X3 transforma cada momento de esqui, caminhada ou aventura de acampamento em uma mem\u00f3ria \u00e9pica, f\u00e1cil de reviver gra\u00e7as \u00e0 sua qualidade de imagem excepcional e facilidade de uso.<\/em><em>&#8220;<\/em><\/p>\n<hr \/>\n<p>&nbsp;<\/p>\n<p><em><span lang=\"fr\" style=\"font-size: 10pt; font-family: Verdana, sans-serif; color: #000000;\" xml:lang=\"fr\">* Foto n\u00e3o contratual<\/span><\/em><\/p>\n<p><span style=\"font-size: 10pt;\"> ** Com base em um aluguel de 8 dias<\/span><\/p>","protected":false},"featured_media":144513,"template":"","meta":{"_acf_changed":false},"product_brand":[],"product_cat":[3835],"product_tag":[],"class_list":{"0":"post-127027","1":"product","2":"type-product","3":"status-publish","4":"has-post-thumbnail","6":"product_cat-photo-video-voyage","7":"pa_dimension-46-x-114-x-33-mm","8":"pa_marque-insta360","10":"first","11":"instock","12":"taxable","13":"shipping-taxable","14":"purchasable","15":"product-type-simple"},"bundled_by":["129997"],"bundle_stock_status":"instock","bundle_stock_quantity":1,"bundle_virtual":false,"bundle_layout":"","bundle_add_to_cart_form_location":"","bundle_editable_in_cart":false,"bundle_sold_individually_context":"","bundle_item_grouping":"","bundle_min_size":"","bundle_max_size":"","bundled_items":[],"bundle_sell_ids":[],"_links":{"self":[{"href":"https:\/\/www.orentees.com\/pt\/wp-json\/wp\/v2\/product\/127027","targetHints":{"allow":["GET"]}}],"collection":[{"href":"https:\/\/www.orentees.com\/pt\/wp-json\/wp\/v2\/product"}],"about":[{"href":"https:\/\/www.orentees.com\/pt\/wp-json\/wp\/v2\/types\/product"}],"version-history":[{"count":3,"href":"https:\/\/www.orentees.com\/pt\/wp-json\/wp\/v2\/product\/127027\/revisions"}],"predecessor-version":[{"id":146709,"href":"https:\/\/www.orentees.com\/pt\/wp-json\/wp\/v2\/product\/127027\/revisions\/146709"}],"wp:featuredmedia":[{"embeddable":true,"href":"https:\/\/www.orentees.com\/pt\/wp-json\/wp\/v2\/media\/144513"}],"wp:attachment":[{"href":"https:\/\/www.orentees.com\/pt\/wp-json\/wp\/v2\/media?parent=127027"}],"wp:term":[{"taxonomy":"product_brand","embeddable":true,"href":"https:\/\/www.orentees.com\/pt\/wp-json\/wp\/v2\/product_brand?post=127027"},{"taxonomy":"product_cat","embeddable":true,"href":"https:\/\/www.orentees.com\/pt\/wp-json\/wp\/v2\/product_cat?post=127027"},{"taxonomy":"product_tag","embeddable":true,"href":"https:\/\/www.orentees.com\/pt\/wp-json\/wp\/v2\/product_tag?post=127027"}],"curies":[{"name":"wp","href":"https:\/\/api.w.org\/{rel}","templated":true}]}}