{"id":129971,"date":"2024-05-01T15:59:03","date_gmt":"2024-05-01T13:59:03","guid":{"rendered":"https:\/\/www.orentees.com\/?post_type=product&#038;p=129971"},"modified":"2024-09-30T13:51:34","modified_gmt":"2024-09-30T11:51:34","slug":"pack-snow-insta360","status":"publish","type":"product","link":"https:\/\/www.orentees.com\/pt\/product\/pack-snow-insta360\/","title":{"rendered":"Pacote de neve Insta360"},"content":{"rendered":"","protected":false},"excerpt":{"rendered":"<p style=\"text-align: left; font-size: 18px;\"><strong>Apresenta\u00e7\u00e3o:<\/strong><\/p>\n<p>O pacote de neve inclui:<\/p>\n<ul>\n<li>Suporte de fone de ouvido unic\u00f3rnio<\/li>\n<li>Suporte para bast\u00e3o de esqui<\/li>\n<li>1x suporte adesivo flex\u00edvel<\/li>\n<\/ul>\n<p>&nbsp;<\/p>\n<hr \/>\n<p style=\"text-align: center;\"><em><strong>Opini\u00e3o de Pierre:<\/strong> \u201cO pacote de c\u00e2mera Insta360 X3 transforma cada momento de esqui, caminhada ou aventura de acampamento em uma mem\u00f3ria \u00e9pica, f\u00e1cil de reviver gra\u00e7as \u00e0 sua qualidade de imagem excepcional e facilidade de uso.<\/em><em>&#8220;<\/em><\/p>\n<hr \/>\n<p>&nbsp;<\/p>\n<p><em><span lang=\"fr\" style=\"font-size: 10pt; font-family: Verdana, sans-serif; color: #000000;\" xml:lang=\"fr\">* Foto n\u00e3o contratual<\/span><\/em><\/p>\n<p><span style=\"font-size: 10pt;\"> ** Com base em um aluguel de 8 dias<\/span><\/p>","protected":false},"featured_media":144535,"template":"","meta":{"_acf_changed":false},"product_brand":[],"product_cat":[3835],"product_tag":[],"class_list":{"0":"post-129971","1":"product","2":"type-product","3":"status-publish","4":"has-post-thumbnail","6":"product_cat-photo-video-voyage","7":"pa_dimension-46-x-114-x-33-mm","8":"pa_marque-insta360","10":"first","11":"instock","12":"taxable","13":"shipping-taxable","14":"purchasable","15":"product-type-simple"},"bundled_by":["129997"],"bundle_stock_status":"instock","bundle_stock_quantity":1,"bundle_virtual":false,"bundle_layout":"","bundle_add_to_cart_form_location":"","bundle_editable_in_cart":false,"bundle_sold_individually_context":"","bundle_item_grouping":"","bundle_min_size":"","bundle_max_size":"","bundled_items":[],"bundle_sell_ids":[],"_links":{"self":[{"href":"https:\/\/www.orentees.com\/pt\/wp-json\/wp\/v2\/product\/129971","targetHints":{"allow":["GET"]}}],"collection":[{"href":"https:\/\/www.orentees.com\/pt\/wp-json\/wp\/v2\/product"}],"about":[{"href":"https:\/\/www.orentees.com\/pt\/wp-json\/wp\/v2\/types\/product"}],"version-history":[{"count":2,"href":"https:\/\/www.orentees.com\/pt\/wp-json\/wp\/v2\/product\/129971\/revisions"}],"predecessor-version":[{"id":144829,"href":"https:\/\/www.orentees.com\/pt\/wp-json\/wp\/v2\/product\/129971\/revisions\/144829"}],"wp:featuredmedia":[{"embeddable":true,"href":"https:\/\/www.orentees.com\/pt\/wp-json\/wp\/v2\/media\/144535"}],"wp:attachment":[{"href":"https:\/\/www.orentees.com\/pt\/wp-json\/wp\/v2\/media?parent=129971"}],"wp:term":[{"taxonomy":"product_brand","embeddable":true,"href":"https:\/\/www.orentees.com\/pt\/wp-json\/wp\/v2\/product_brand?post=129971"},{"taxonomy":"product_cat","embeddable":true,"href":"https:\/\/www.orentees.com\/pt\/wp-json\/wp\/v2\/product_cat?post=129971"},{"taxonomy":"product_tag","embeddable":true,"href":"https:\/\/www.orentees.com\/pt\/wp-json\/wp\/v2\/product_tag?post=129971"}],"curies":[{"name":"wp","href":"https:\/\/api.w.org\/{rel}","templated":true}]}}