{"id":129997,"date":"2024-05-01T17:33:00","date_gmt":"2024-05-01T15:33:00","guid":{"rendered":"https:\/\/www.orentees.com\/?post_type=product&#038;p=129997"},"modified":"2024-09-30T15:03:21","modified_gmt":"2024-09-30T13:03:21","slug":"location-camera-insta360-x3-et-accessoires","status":"publish","type":"product","link":"https:\/\/www.orentees.com\/pt\/product\/location-camera-insta360-x3-et-accessoires\/","title":{"rendered":"Aluguel de c\u00e2mera e acess\u00f3rios Insta360 X3"},"content":{"rendered":"<h3><strong>Pacote de aluguel: Insta360 X3 e acess\u00f3rios<\/strong><\/h3>\n<p>O pacote Insta360 X3, com seus recursos avan\u00e7ados de captura de v\u00eddeo\/foto de alta resolu\u00e7\u00e3o, durabilidade robusta e acess\u00f3rios pr\u00e1ticos, \u00e9 ideal para esquiadores, viajantes e caminhantes que buscam capturar suas aventuras com precis\u00e3o e criatividade em uma variedade de \u00e2ngulos e condi\u00e7\u00f5es.<\/p>\n<p>&nbsp;<\/p>\n<table border=\"1\">\n<tbody>\n<tr style=\"background-color: #d3d3d3; text-align: center;\">\n<td>Insta360 X3<\/td>\n<\/tr>\n<tr>\n<td><b>Principais Caracter\u00edsticas<\/b><br \/>\nAbertura: F1.9<br \/>\nDist\u00e2ncia focal equivalente a 35 mm: 6,7 mm<br \/>\nResolu\u00e7\u00e3o da foto: 72 MP (11968\u00d75984), 18 MP (5952\u00d72976)<br \/>\nResolu\u00e7\u00e3o de v\u00eddeo:<br \/>\n360:<br \/>\n5,7K: 5760\u00d72880 a 30\/25\/24 fps<br \/>\n4K: 3840\u00d71920 a 60\/50\/30\/25\/24 fps<br \/>\n3K: 3008\u00d71504 a 100 fps<br \/>\nModo de lente \u00fanica:<br \/>\n4K: 3840\u00d72160 a 30\/25\/24 fps<br \/>\n3,6K: 3584\u00d72016 a 60\/50\/30\/25\/24 fps<br \/>\n2,7K: 2720\u00d71530@60\/50\/30\/25\/24<br \/>\n1080P: 1920\u00d71088 a 60\/50\/30\/25\/24 fps<br \/>\nFormato da foto: insp, DNG Raw (PureShot)<br \/>\nFormato de v\u00eddeo: Lente \u00fanica: MP4, 360: INSV<br \/>\nModos de foto: Padr\u00e3o, HDR, Burst, Intervalo, Starlapse<br \/>\nModos de v\u00eddeo: Padr\u00e3o, HDR ativo, lapso de tempo, mudan\u00e7a de tempo, tempo de bala, grava\u00e7\u00e3o em loop, pr\u00e9-grava\u00e7\u00e3o<br \/>\nPerfis de cores: V\u00edvido, Padr\u00e3o, LOG<br \/>\nPeso: 180g<br \/>\nDimens\u00f5es (C x A x L): 46,0*114,0*33,1 mm<br \/>\nAutonomia: 81 min<br \/>\nTaxa m\u00e1xima de bits de v\u00eddeo: 120 Mbps<br \/>\nGirosc\u00f3pio: girosc\u00f3pio de 6 eixos<br \/>\nTransmiss\u00f5es ao vivo: transmiss\u00f5es ao vivo 360, corte de transmiss\u00e3o ao vivo<br \/>\nValor de exposi\u00e7\u00e3o: \u00b14EV<br \/>\nFaixa ISO: 100\uff5e3200<br \/>\nVelocidade do obturador: Foto: 1\/8000 \u2013 120 s, V\u00eddeo: 1\/8000 \u2013 no limite de quadros por segundo<br \/>\nBalan\u00e7o de branco: 2000K \u2013 10000K<br \/>\nModos de \u00e1udio: redu\u00e7\u00e3o de vento, est\u00e9reo, aprimoramento direcional<br \/>\nFormato de \u00e1udio: 48 kHz, 16 bits, AAC<br \/>\nBluetooth: BLE 5.0<br \/>\nWi-Fi: 2,4 GHz, 5 GHz, 802.11a\/b\/g\/n\/ac<br \/>\nUSB: Tipo C<br \/>\nCart\u00e3o Micro SD: Suportado<br \/>\nCapacidade da bateria: 1800mAh<br \/>\nM\u00e9todo de carregamento: USB tipo C<br \/>\nTempo de carregamento: 90 min (5V\/3A)<br \/>\nTemperatura de opera\u00e7\u00e3o: De -20\u00b0C a 40\u00b0C<\/td>\n<\/tr>\n<tr>\n<td><b>Acess\u00f3rios<\/b><br \/>\n1x Bast\u00e3o de selfie de a\u00e7\u00e3o invis\u00edvel extens\u00edvel at\u00e9 1 m,<br \/>\n1x tampa de lente,<br \/>\n1x Estojo de transporte,<br \/>\n1x MicroSD,<br \/>\n1x Trip\u00e9<\/td>\n<\/tr>\n<tr>\n<td><b>Pacotes opcionais dispon\u00edveis<\/b><br \/>\n<strong>\u2013 Pacote de neve:<\/strong> bast\u00e3o de selfie de unic\u00f3rnio, suporte para bast\u00e3o de esqui, acess\u00f3rio flex\u00edvel<br \/>\n<strong>\u2013 Pacote de mergulho:<\/strong> caixa \u00e0 prova d&#039;\u00e1gua invis\u00edvel, al\u00e7a flutuante<br \/>\n<strong>\u2013 Pacote Cinema:<\/strong> O poste invis\u00edvel se estende de 36 cm a 3 metros para vistas a\u00e9reas incr\u00edveis<\/td>\n<\/tr>\n<\/tbody>\n<\/table>\n<p>&nbsp;<\/p>","protected":false},"excerpt":{"rendered":"<p style=\"text-align: left; font-size: 18px;\"><strong>Apresenta\u00e7\u00e3o:<\/strong><\/p>\n<p>Mergulhe no cora\u00e7\u00e3o de suas escapadas de montanha, caminhadas, acampamentos ou viagens com o Pacote de Aluguel de C\u00e2mera Insta360 X3, projetado especialmente para entusiastas de atividades ao ar livre e aventura. Este pacote inclui a revolucion\u00e1ria C\u00e2mera Insta360 X3, capaz de capturar momentos de tirar o f\u00f4lego com seus v\u00eddeos em 360 graus com resolu\u00e7\u00e3o de 5,7K e fotos de at\u00e9 72 MP, para que cada detalhe de suas escapadas de esqui, caminhadas ou noites sob as estrelas seja imortalizado com a mais alta fidelidade. Gra\u00e7as \u00e0 sua abertura de F1.9 e aos m\u00faltiplos modos de disparo, como HDR Ativo e TimeShift, voc\u00ea est\u00e1 equipado para capturar a beleza da natureza, independentemente da luz ou do movimento.<\/p>\n<p>O pacote inclui acess\u00f3rios essenciais para o aventureiro moderno: um bast\u00e3o de selfie invis\u00edvel para capturar \u00e2ngulos din\u00e2micos sem que o equipamento apare\u00e7a no enquadramento, uma tampa de lente para proteger seu equipamento das intemp\u00e9ries, um estojo de transporte para facilitar a viagem, um cart\u00e3o MicroSD para armazenar todas as suas mem\u00f3rias e um trip\u00e9 para imagens est\u00e1veis e profissionais. Com um design leve de 180 g e 81 minutos de dura\u00e7\u00e3o da bateria, esta c\u00e2mera \u00e9 a companheira perfeita para longos dias de aventura, oferecendo resili\u00eancia e recursos t\u00e9cnicos avan\u00e7ados para um desempenho excepcional em todas as condi\u00e7\u00f5es, desde neve fresca at\u00e9 trilhas acidentadas.<\/p>\n<p><span style=\"text-decoration: underline;\"><strong>Voc\u00ea pode personalizar adicionando pacotes opcionais:<\/strong><\/span><\/p>\n<p><strong>Pacote de neve<\/strong>, para garantir fotos perfeitas mesmo nas condi\u00e7\u00f5es mais rigorosas do inverno:<\/p>\n<ul>\n<li>Suporte de fone de ouvido unic\u00f3rnio<\/li>\n<li>Suporte para bast\u00e3o de esqui<\/li>\n<li>1x suporte adesivo flex\u00edvel<\/li>\n<\/ul>\n<p><strong>Pacote de mergulho<\/strong>, para que os seus mergulhos em \u00e1guas paradis\u00edacas ou as suas sess\u00f5es de desportos n\u00e1uticos n\u00e3o fiquem apenas numa mem\u00f3ria distante:<\/p>\n<ul>\n<li>Capa \u00e0 prova d&#039;\u00e1gua invis\u00edvel X3<\/li>\n<li>Al\u00e7a flutuante<\/li>\n<\/ul>\n<p><strong>Pacote de Cinema<\/strong>, para que sua criatividade seja ilimitada, capturando sem esfor\u00e7o perspectivas de terceira pessoa de tirar o f\u00f4lego e vistas a\u00e9reas dignas de um drone:<\/p>\n<ul>\n<li>poste invis\u00edvel extens\u00edvel de 36 cm a 3 metros<\/li>\n<\/ul>\n<hr \/>\n<p style=\"text-align: center;\"><em><strong>Opini\u00e3o de Pierre:<\/strong> \u201cO pacote de c\u00e2mera Insta360 X3 transforma cada momento de esqui, caminhada ou aventura de acampamento em uma mem\u00f3ria \u00e9pica, f\u00e1cil de reviver gra\u00e7as \u00e0 sua qualidade de imagem excepcional e facilidade de uso.<\/em><em>&#8220;<\/em><\/p>\n<hr \/>\n<p>&nbsp;<\/p>\n<p><em><span lang=\"fr\" style=\"font-size: 10pt; font-family: Verdana, sans-serif; color: #000000;\" xml:lang=\"fr\">* Foto n\u00e3o contratual<\/span><\/em><\/p>\n<p><span style=\"font-size: 10pt;\"> ** Com base em um aluguel de 8 dias<\/span><\/p>","protected":false},"featured_media":144833,"template":"","meta":{"_acf_changed":false},"product_brand":[],"product_cat":[3835],"product_tag":[],"class_list":{"0":"post-129997","1":"product","2":"type-product","3":"status-publish","4":"has-post-thumbnail","6":"product_cat-photo-video-voyage","7":"pa_dimension-46-x-114-x-33-mm","8":"pa_marque-insta360","10":"first","11":"instock","12":"virtual","13":"taxable","14":"purchasable","15":"product-type-bundle"},"bundled_by":[],"bundle_stock_status":"instock","bundle_stock_quantity":1,"bundle_virtual":false,"bundle_layout":"default","bundle_add_to_cart_form_location":"default","bundle_editable_in_cart":false,"bundle_sold_individually_context":"product","bundle_item_grouping":"parent","bundle_min_size":"","bundle_max_size":"","bundled_items":[{"bundled_item_id":5327,"product_id":127027,"menu_order":0,"quantity_min":1,"quantity_max":1,"quantity_default":1,"priced_individually":true,"shipped_individually":false,"override_title":true,"title":"","override_description":true,"description":"","optional":false,"hide_thumbnail":true,"discount":"","override_variations":false,"allowed_variations":[],"override_default_variation_attributes":false,"default_variation_attributes":[],"single_product_visibility":"visible","cart_visibility":"visible","order_visibility":"visible","single_product_price_visibility":"hidden","cart_price_visibility":"hidden","order_price_visibility":"hidden","stock_status":"in_stock"},{"bundled_item_id":5329,"product_id":129971,"menu_order":1,"quantity_min":1,"quantity_max":1,"quantity_default":1,"priced_individually":true,"shipped_individually":false,"override_title":true,"title":"+ option \"Pack Snow\"","override_description":true,"description":"+16\u20ac \/ aluguer","optional":true,"hide_thumbnail":false,"discount":"","override_variations":false,"allowed_variations":[],"override_default_variation_attributes":false,"default_variation_attributes":[],"single_product_visibility":"visible","cart_visibility":"visible","order_visibility":"visible","single_product_price_visibility":"hidden","cart_price_visibility":"hidden","order_price_visibility":"hidden","stock_status":"in_stock"},{"bundled_item_id":5331,"product_id":129991,"menu_order":2,"quantity_min":1,"quantity_max":1,"quantity_default":1,"priced_individually":true,"shipped_individually":false,"override_title":true,"title":"+ option \"Pack Plong\u00e9e\"","override_description":true,"description":"+16\u20ac \/ aluguer","optional":true,"hide_thumbnail":false,"discount":"","override_variations":false,"allowed_variations":[],"override_default_variation_attributes":false,"default_variation_attributes":[],"single_product_visibility":"visible","cart_visibility":"visible","order_visibility":"visible","single_product_price_visibility":"hidden","cart_price_visibility":"hidden","order_price_visibility":"hidden","stock_status":"in_stock"},{"bundled_item_id":5333,"product_id":136251,"menu_order":3,"quantity_min":1,"quantity_max":1,"quantity_default":1,"priced_individually":true,"shipped_individually":false,"override_title":true,"title":"+option \"Pack Cinema\"","override_description":true,"description":"+16\u20ac \/ aluguer","optional":true,"hide_thumbnail":false,"discount":"","override_variations":false,"allowed_variations":[],"override_default_variation_attributes":false,"default_variation_attributes":[],"single_product_visibility":"visible","cart_visibility":"visible","order_visibility":"visible","single_product_price_visibility":"hidden","cart_price_visibility":"hidden","order_price_visibility":"hidden","stock_status":"in_stock"}],"bundle_sell_ids":[],"_links":{"self":[{"href":"https:\/\/www.orentees.com\/pt\/wp-json\/wp\/v2\/product\/129997","targetHints":{"allow":["GET"]}}],"collection":[{"href":"https:\/\/www.orentees.com\/pt\/wp-json\/wp\/v2\/product"}],"about":[{"href":"https:\/\/www.orentees.com\/pt\/wp-json\/wp\/v2\/types\/product"}],"version-history":[{"count":12,"href":"https:\/\/www.orentees.com\/pt\/wp-json\/wp\/v2\/product\/129997\/revisions"}],"predecessor-version":[{"id":183513,"href":"https:\/\/www.orentees.com\/pt\/wp-json\/wp\/v2\/product\/129997\/revisions\/183513"}],"wp:featuredmedia":[{"embeddable":true,"href":"https:\/\/www.orentees.com\/pt\/wp-json\/wp\/v2\/media\/144833"}],"wp:attachment":[{"href":"https:\/\/www.orentees.com\/pt\/wp-json\/wp\/v2\/media?parent=129997"}],"wp:term":[{"taxonomy":"product_brand","embeddable":true,"href":"https:\/\/www.orentees.com\/pt\/wp-json\/wp\/v2\/product_brand?post=129997"},{"taxonomy":"product_cat","embeddable":true,"href":"https:\/\/www.orentees.com\/pt\/wp-json\/wp\/v2\/product_cat?post=129997"},{"taxonomy":"product_tag","embeddable":true,"href":"https:\/\/www.orentees.com\/pt\/wp-json\/wp\/v2\/product_tag?post=129997"}],"curies":[{"name":"wp","href":"https:\/\/api.w.org\/{rel}","templated":true}]}}