{"id":144945,"date":"2024-09-30T15:26:29","date_gmt":"2024-09-30T13:26:29","guid":{"rendered":"https:\/\/www.orentees.com\/?post_type=product&#038;p=144945"},"modified":"2025-07-22T14:25:33","modified_gmt":"2025-07-22T12:25:33","slug":"location-paire-batons-de-randonnee","status":"publish","type":"product","link":"https:\/\/www.orentees.com\/pt\/product\/location-paire-batons-de-randonnee\/","title":{"rendered":"Aluguel de um par de bast\u00f5es de caminhada"},"content":{"rendered":"<p><strong>Bast\u00f5es de caminhada KOMPERDELL Explorer Contour Powerlock<\/strong><\/p>\n<p>Bast\u00f5es Komperdell, fabricados em alum\u00ednio anodizado, o que lhes confere grande resist\u00eancia<\/p>\n<p>3 fios, eles ser\u00e3o esquecidos quando presos \u00e0 sua mochila.<\/p>\n<p>Ajust\u00e1veis em tamanho de 105 a 140 cm, adaptam-se a todos os tamanhos.<\/p>","protected":false},"excerpt":{"rendered":"<h3>Aluguel de bast\u00f5es de caminhada da Komperdell.<\/h3>\n<ul>\n<li><span lang=\"fr\" xml:lang=\"fr\"> - Modelo <strong>Explorer Contour Powerlock<\/strong>.<\/span><\/li>\n<li><span lang=\"fr\" xml:lang=\"fr\"> \u2013 3 fios, ajust\u00e1veis.<\/span><\/li>\n<li><span lang=\"fr\" xml:lang=\"fr\"> \u2013 muito leve e robusto.<\/span><\/li>\n<\/ul>\n<hr \/>\n<p style=\"text-align: center;\"><em><strong>Opini\u00e3o de Pierre:<\/strong> &#8220;<span id=\"p8\">Muito pr\u00e1ticos, estes bast\u00f5es de caminhada s\u00e3o ajust\u00e1veis ao mil\u00edmetro e adaptam-se a todos os praticantes de caminhada.<\/span><span id=\"p11\"> Gosto muito do tamanho pequeno e da leveza deles.<\/span>&#8220;<\/em><\/p>\n<hr \/>\n<p>&nbsp;<\/p>\n<p><em><span lang=\"fr\" style=\"font-size: 10pt; font-family: Verdana, sans-serif; color: #000000;\" xml:lang=\"fr\">* Foto n\u00e3o contratual<\/span><\/em><\/p>\n<p><span style=\"font-size: 10pt;\"> ** Com base em um aluguel de 8 dias<\/span><\/p>","protected":false},"featured_media":144953,"template":"","meta":{"_acf_changed":false},"product_brand":[],"product_cat":[3649,3671],"product_tag":[],"class_list":{"0":"post-144945","1":"product","2":"type-product","3":"status-publish","4":"has-post-thumbnail","6":"product_cat-location-materiel-bivouac","7":"product_cat-location-materiel-randonnee","9":"first","10":"instock","11":"taxable","12":"shipping-taxable","13":"purchasable","14":"product-type-bundle"},"bundled_by":[],"bundle_stock_status":"instock","bundle_stock_quantity":27,"bundle_virtual":false,"bundle_layout":"default","bundle_add_to_cart_form_location":"default","bundle_editable_in_cart":false,"bundle_sold_individually_context":"product","bundle_item_grouping":"parent","bundle_min_size":"","bundle_max_size":"","bundled_items":[{"bundled_item_id":7515,"product_id":30192,"menu_order":0,"quantity_min":1,"quantity_max":1,"quantity_default":1,"priced_individually":true,"shipped_individually":false,"override_title":true,"title":"","override_description":true,"description":"","optional":false,"hide_thumbnail":true,"discount":"","override_variations":false,"allowed_variations":[],"override_default_variation_attributes":false,"default_variation_attributes":[],"single_product_visibility":"visible","cart_visibility":"visible","order_visibility":"visible","single_product_price_visibility":"hidden","cart_price_visibility":"hidden","order_price_visibility":"hidden","stock_status":"in_stock"}],"bundle_sell_ids":[],"_links":{"self":[{"href":"https:\/\/www.orentees.com\/pt\/wp-json\/wp\/v2\/product\/144945","targetHints":{"allow":["GET"]}}],"collection":[{"href":"https:\/\/www.orentees.com\/pt\/wp-json\/wp\/v2\/product"}],"about":[{"href":"https:\/\/www.orentees.com\/pt\/wp-json\/wp\/v2\/types\/product"}],"version-history":[{"count":6,"href":"https:\/\/www.orentees.com\/pt\/wp-json\/wp\/v2\/product\/144945\/revisions"}],"predecessor-version":[{"id":186097,"href":"https:\/\/www.orentees.com\/pt\/wp-json\/wp\/v2\/product\/144945\/revisions\/186097"}],"wp:featuredmedia":[{"embeddable":true,"href":"https:\/\/www.orentees.com\/pt\/wp-json\/wp\/v2\/media\/144953"}],"wp:attachment":[{"href":"https:\/\/www.orentees.com\/pt\/wp-json\/wp\/v2\/media?parent=144945"}],"wp:term":[{"taxonomy":"product_brand","embeddable":true,"href":"https:\/\/www.orentees.com\/pt\/wp-json\/wp\/v2\/product_brand?post=144945"},{"taxonomy":"product_cat","embeddable":true,"href":"https:\/\/www.orentees.com\/pt\/wp-json\/wp\/v2\/product_cat?post=144945"},{"taxonomy":"product_tag","embeddable":true,"href":"https:\/\/www.orentees.com\/pt\/wp-json\/wp\/v2\/product_tag?post=144945"}],"curies":[{"name":"wp","href":"https:\/\/api.w.org\/{rel}","templated":true}]}}