{"id":147307,"date":"2024-10-11T12:54:25","date_gmt":"2024-10-11T10:54:25","guid":{"rendered":"https:\/\/www.orentees.com\/?post_type=product&#038;p=147307"},"modified":"2024-11-13T10:15:30","modified_gmt":"2024-11-13T09:15:30","slug":"tenue-de-ski-garcon-legowear-10-ans-4","status":"publish","type":"product","link":"https:\/\/www.orentees.com\/pt\/product\/tenue-de-ski-garcon-legowear-10-ans-4\/","title":{"rendered":"LEGOWEAR ROUPA DE ESQUI PARA MENINO - 10 ANOS -"},"content":{"rendered":"<p>Muito bom estado<\/p>","protected":false},"excerpt":{"rendered":"<p>Marca: Legowear<br \/>\nTamanho: 10 anos<br \/>\nDescri\u00e7\u00e3o da condi\u00e7\u00e3o: Muito bom estado<\/p>","protected":false},"featured_media":29677,"template":"","meta":{"_acf_changed":false},"product_brand":[],"product_cat":[4239],"product_tag":[],"class_list":{"0":"post-147307","1":"product","2":"type-product","3":"status-publish","4":"has-post-thumbnail","6":"product_cat-tenue-ski-seconde-main","7":"product_shipping_class-occasion","8":"pa_genre-garcon","9":"pa_impermeabilite-10000-mm","10":"pa_marque-legowear","11":"pa_respirabilite-10000-gr-m2","12":"pa_taille-10-ans","13":"pa_type-produit-tenue-complete","15":"first","16":"instock","17":"sale","18":"taxable","19":"shipping-taxable","20":"purchasable","21":"product-type-simple"},"bundled_by":[],"bundle_stock_status":"instock","bundle_stock_quantity":1,"bundle_virtual":false,"bundle_layout":"","bundle_add_to_cart_form_location":"","bundle_editable_in_cart":false,"bundle_sold_individually_context":"","bundle_item_grouping":"","bundle_min_size":"","bundle_max_size":"","bundled_items":[],"bundle_sell_ids":[],"_links":{"self":[{"href":"https:\/\/www.orentees.com\/pt\/wp-json\/wp\/v2\/product\/147307","targetHints":{"allow":["GET"]}}],"collection":[{"href":"https:\/\/www.orentees.com\/pt\/wp-json\/wp\/v2\/product"}],"about":[{"href":"https:\/\/www.orentees.com\/pt\/wp-json\/wp\/v2\/types\/product"}],"version-history":[{"count":1,"href":"https:\/\/www.orentees.com\/pt\/wp-json\/wp\/v2\/product\/147307\/revisions"}],"predecessor-version":[{"id":147367,"href":"https:\/\/www.orentees.com\/pt\/wp-json\/wp\/v2\/product\/147307\/revisions\/147367"}],"wp:featuredmedia":[{"embeddable":true,"href":"https:\/\/www.orentees.com\/pt\/wp-json\/wp\/v2\/media\/29677"}],"wp:attachment":[{"href":"https:\/\/www.orentees.com\/pt\/wp-json\/wp\/v2\/media?parent=147307"}],"wp:term":[{"taxonomy":"product_brand","embeddable":true,"href":"https:\/\/www.orentees.com\/pt\/wp-json\/wp\/v2\/product_brand?post=147307"},{"taxonomy":"product_cat","embeddable":true,"href":"https:\/\/www.orentees.com\/pt\/wp-json\/wp\/v2\/product_cat?post=147307"},{"taxonomy":"product_tag","embeddable":true,"href":"https:\/\/www.orentees.com\/pt\/wp-json\/wp\/v2\/product_tag?post=147307"}],"curies":[{"name":"wp","href":"https:\/\/api.w.org\/{rel}","templated":true}]}}