{"id":147433,"date":"2024-10-11T13:00:19","date_gmt":"2024-10-11T11:00:19","guid":{"rendered":"https:\/\/www.orentees.com\/?post_type=product&#038;p=147433"},"modified":"2025-02-12T09:43:26","modified_gmt":"2025-02-12T08:43:26","slug":"tenue-de-ski-fille-burton-16-ans","status":"publish","type":"product","link":"https:\/\/www.orentees.com\/pt\/product\/tenue-de-ski-fille-burton-16-ans\/","title":{"rendered":"Conjunto de esqui Burton para meninas - 16 anos"},"content":{"rendered":"<p>Muito bom estado<\/p>","protected":false},"excerpt":{"rendered":"<p>Marca: Burton<br \/>\nTamanho: 16 anos<br \/>\nDescri\u00e7\u00e3o da condi\u00e7\u00e3o: Muito bom estado<\/p>","protected":false},"featured_media":41565,"template":"","meta":{"_acf_changed":false},"product_brand":[],"product_cat":[4239],"product_tag":[],"class_list":{"0":"post-147433","1":"product","2":"type-product","3":"status-publish","4":"has-post-thumbnail","6":"product_cat-tenue-ski-seconde-main","7":"product_shipping_class-occasion","8":"pa_genre-fille","9":"pa_impermeabilite-10000-mm","10":"pa_marque-burton","11":"pa_respirabilite-10000-gr-m2","12":"pa_taille-16-ans","13":"pa_type-produit-tenue-complete","15":"first","16":"outofstock","17":"sale","18":"taxable","19":"shipping-taxable","20":"purchasable","21":"product-type-simple"},"bundled_by":[],"bundle_stock_status":"outofstock","bundle_stock_quantity":0,"bundle_virtual":false,"bundle_layout":"","bundle_add_to_cart_form_location":"","bundle_editable_in_cart":false,"bundle_sold_individually_context":"","bundle_item_grouping":"","bundle_min_size":"","bundle_max_size":"","bundled_items":[],"bundle_sell_ids":[],"_links":{"self":[{"href":"https:\/\/www.orentees.com\/pt\/wp-json\/wp\/v2\/product\/147433","targetHints":{"allow":["GET"]}}],"collection":[{"href":"https:\/\/www.orentees.com\/pt\/wp-json\/wp\/v2\/product"}],"about":[{"href":"https:\/\/www.orentees.com\/pt\/wp-json\/wp\/v2\/types\/product"}],"version-history":[{"count":1,"href":"https:\/\/www.orentees.com\/pt\/wp-json\/wp\/v2\/product\/147433\/revisions"}],"predecessor-version":[{"id":147455,"href":"https:\/\/www.orentees.com\/pt\/wp-json\/wp\/v2\/product\/147433\/revisions\/147455"}],"wp:featuredmedia":[{"embeddable":true,"href":"https:\/\/www.orentees.com\/pt\/wp-json\/wp\/v2\/media\/41565"}],"wp:attachment":[{"href":"https:\/\/www.orentees.com\/pt\/wp-json\/wp\/v2\/media?parent=147433"}],"wp:term":[{"taxonomy":"product_brand","embeddable":true,"href":"https:\/\/www.orentees.com\/pt\/wp-json\/wp\/v2\/product_brand?post=147433"},{"taxonomy":"product_cat","embeddable":true,"href":"https:\/\/www.orentees.com\/pt\/wp-json\/wp\/v2\/product_cat?post=147433"},{"taxonomy":"product_tag","embeddable":true,"href":"https:\/\/www.orentees.com\/pt\/wp-json\/wp\/v2\/product_tag?post=147433"}],"curies":[{"name":"wp","href":"https:\/\/api.w.org\/{rel}","templated":true}]}}