{"id":147669,"date":"2024-10-11T13:21:07","date_gmt":"2024-10-11T11:21:07","guid":{"rendered":"https:\/\/www.orentees.com\/?post_type=product&#038;p=147669"},"modified":"2025-02-12T09:43:29","modified_gmt":"2025-02-12T08:43:29","slug":"pantalon-ski-homme-dare2be-2xl","status":"publish","type":"product","link":"https:\/\/www.orentees.com\/pt\/product\/pantalon-ski-homme-dare2be-2xl\/","title":{"rendered":"CAL\u00c7AS DE ESQUI MASCULINAS DARE2BE-2XL \u2013"},"content":{"rendered":"<p>Marca: Dare2Be<br \/>\nCinza escuro<br \/>\nCom al\u00e7a<br \/>\nTamanho: 2XL<br \/>\nDescri\u00e7\u00e3o da condi\u00e7\u00e3o: Muito bom estado \u2013 Algumas marcas de desgaste na parte inferior das cal\u00e7as<\/p>","protected":false},"excerpt":{"rendered":"<p>Marca: Dare2Be<br \/>\nCinza escuro<br \/>\nCom al\u00e7a<br \/>\nTamanho: 2XL<br \/>\nDescri\u00e7\u00e3o da condi\u00e7\u00e3o: Muito bom estado \u2013 Algumas marcas de desgaste na parte inferior das cal\u00e7as<\/p>","protected":false},"featured_media":151455,"template":"","meta":{"_acf_changed":false},"product_brand":[],"product_cat":[4239],"product_tag":[],"class_list":{"0":"post-147669","1":"product","2":"type-product","3":"status-publish","4":"has-post-thumbnail","6":"product_cat-tenue-ski-seconde-main","7":"product_shipping_class-occasion","8":"pa_genre-homme","9":"pa_impermeabilite-20000-mm","10":"pa_marque-dare2b","11":"pa_respirabilite-20000-gr-m2","12":"pa_taille-2xl","13":"pa_type-produit-pantalon-de-ski","15":"first","16":"outofstock","17":"sale","18":"taxable","19":"shipping-taxable","20":"purchasable","21":"product-type-simple"},"bundled_by":[],"bundle_stock_status":"outofstock","bundle_stock_quantity":0,"bundle_virtual":false,"bundle_layout":"","bundle_add_to_cart_form_location":"","bundle_editable_in_cart":false,"bundle_sold_individually_context":"","bundle_item_grouping":"","bundle_min_size":"","bundle_max_size":"","bundled_items":[],"bundle_sell_ids":[],"_links":{"self":[{"href":"https:\/\/www.orentees.com\/pt\/wp-json\/wp\/v2\/product\/147669","targetHints":{"allow":["GET"]}}],"collection":[{"href":"https:\/\/www.orentees.com\/pt\/wp-json\/wp\/v2\/product"}],"about":[{"href":"https:\/\/www.orentees.com\/pt\/wp-json\/wp\/v2\/types\/product"}],"version-history":[{"count":5,"href":"https:\/\/www.orentees.com\/pt\/wp-json\/wp\/v2\/product\/147669\/revisions"}],"predecessor-version":[{"id":151607,"href":"https:\/\/www.orentees.com\/pt\/wp-json\/wp\/v2\/product\/147669\/revisions\/151607"}],"wp:featuredmedia":[{"embeddable":true,"href":"https:\/\/www.orentees.com\/pt\/wp-json\/wp\/v2\/media\/151455"}],"wp:attachment":[{"href":"https:\/\/www.orentees.com\/pt\/wp-json\/wp\/v2\/media?parent=147669"}],"wp:term":[{"taxonomy":"product_brand","embeddable":true,"href":"https:\/\/www.orentees.com\/pt\/wp-json\/wp\/v2\/product_brand?post=147669"},{"taxonomy":"product_cat","embeddable":true,"href":"https:\/\/www.orentees.com\/pt\/wp-json\/wp\/v2\/product_cat?post=147669"},{"taxonomy":"product_tag","embeddable":true,"href":"https:\/\/www.orentees.com\/pt\/wp-json\/wp\/v2\/product_tag?post=147669"}],"curies":[{"name":"wp","href":"https:\/\/api.w.org\/{rel}","templated":true}]}}