{"id":147939,"date":"2024-10-11T13:21:40","date_gmt":"2024-10-11T11:21:40","guid":{"rendered":"https:\/\/www.orentees.com\/?post_type=product&#038;p=147939"},"modified":"2024-11-13T10:15:47","modified_gmt":"2024-11-13T09:15:47","slug":"veste-ski-homme-volcom-l","status":"publish","type":"product","link":"https:\/\/www.orentees.com\/pt\/product\/veste-ski-homme-volcom-l\/","title":{"rendered":"JAQUETA DE ESQUI MASCULINA VOLCOM-L \u2013"},"content":{"rendered":"<p>Condi\u00e7\u00e3o razo\u00e1vel \u2013 v\u00e1rios pequenos sinais de desgaste<\/p>","protected":false},"excerpt":{"rendered":"<p>Marca: Volcom<br \/>\nTamanho: L<br \/>\nDescri\u00e7\u00e3o da condi\u00e7\u00e3o: Condi\u00e7\u00e3o razo\u00e1vel - v\u00e1rios pequenos sinais de desgaste<\/p>","protected":false},"featured_media":85079,"template":"","meta":{"_acf_changed":false},"product_brand":[],"product_cat":[4239],"product_tag":[],"class_list":{"0":"post-147939","1":"product","2":"type-product","3":"status-publish","4":"has-post-thumbnail","6":"product_cat-tenue-ski-seconde-main","7":"product_shipping_class-occasion","8":"pa_genre-homme","9":"pa_impermeabilite-10000-mm","10":"pa_marque-volcom","11":"pa_respirabilite-10000-gr-m2","12":"pa_taille-l","13":"pa_type-produit-veste-de-ski","15":"first","16":"instock","17":"sale","18":"taxable","19":"shipping-taxable","20":"purchasable","21":"product-type-simple"},"bundled_by":[],"bundle_stock_status":"instock","bundle_stock_quantity":1,"bundle_virtual":false,"bundle_layout":"","bundle_add_to_cart_form_location":"","bundle_editable_in_cart":false,"bundle_sold_individually_context":"","bundle_item_grouping":"","bundle_min_size":"","bundle_max_size":"","bundled_items":[],"bundle_sell_ids":[],"_links":{"self":[{"href":"https:\/\/www.orentees.com\/pt\/wp-json\/wp\/v2\/product\/147939","targetHints":{"allow":["GET"]}}],"collection":[{"href":"https:\/\/www.orentees.com\/pt\/wp-json\/wp\/v2\/product"}],"about":[{"href":"https:\/\/www.orentees.com\/pt\/wp-json\/wp\/v2\/types\/product"}],"version-history":[{"count":4,"href":"https:\/\/www.orentees.com\/pt\/wp-json\/wp\/v2\/product\/147939\/revisions"}],"predecessor-version":[{"id":151309,"href":"https:\/\/www.orentees.com\/pt\/wp-json\/wp\/v2\/product\/147939\/revisions\/151309"}],"wp:featuredmedia":[{"embeddable":true,"href":"https:\/\/www.orentees.com\/pt\/wp-json\/wp\/v2\/media\/85079"}],"wp:attachment":[{"href":"https:\/\/www.orentees.com\/pt\/wp-json\/wp\/v2\/media?parent=147939"}],"wp:term":[{"taxonomy":"product_brand","embeddable":true,"href":"https:\/\/www.orentees.com\/pt\/wp-json\/wp\/v2\/product_brand?post=147939"},{"taxonomy":"product_cat","embeddable":true,"href":"https:\/\/www.orentees.com\/pt\/wp-json\/wp\/v2\/product_cat?post=147939"},{"taxonomy":"product_tag","embeddable":true,"href":"https:\/\/www.orentees.com\/pt\/wp-json\/wp\/v2\/product_tag?post=147939"}],"curies":[{"name":"wp","href":"https:\/\/api.w.org\/{rel}","templated":true}]}}