{"id":148053,"date":"2024-10-11T13:21:52","date_gmt":"2024-10-11T11:21:52","guid":{"rendered":"https:\/\/www.orentees.com\/?post_type=product&#038;p=148053"},"modified":"2025-02-12T09:43:35","modified_gmt":"2025-02-12T08:43:35","slug":"tenue-de-ski-enfant-reima-14-ans-2","status":"publish","type":"product","link":"https:\/\/www.orentees.com\/pt\/product\/tenue-de-ski-enfant-reima-14-ans-2\/","title":{"rendered":"CONJUNTO DE ESQUI INFANTIL REIMA - 14 ANOS -"},"content":{"rendered":"<p>Em muito bom estado: Algumas manchas residuais na manga + Algumas marcas de desgaste na parte inferior das cal\u00e7as.<\/p>","protected":false},"excerpt":{"rendered":"<p>Marca: Reima<br \/>\nTamanho: 14 anos<br \/>\nDescri\u00e7\u00e3o do estado de conserva\u00e7\u00e3o: Muito bom estado: Algumas manchas residuais na manga + Algumas marcas de desgaste na parte inferior das cal\u00e7as.<\/p>","protected":false},"featured_media":41823,"template":"","meta":{"_acf_changed":false},"product_brand":[],"product_cat":[4239],"product_tag":[],"class_list":{"0":"post-148053","1":"product","2":"type-product","3":"status-publish","4":"has-post-thumbnail","6":"product_cat-tenue-ski-seconde-main","7":"product_shipping_class-occasion","8":"pa_genre-enfant","9":"pa_genre-fille","10":"pa_genre-garcon","11":"pa_impermeabilite-15000-mm","12":"pa_marque-reima","13":"pa_respirabilite-15000-gr-m2","14":"pa_taille-14-ans","15":"pa_type-produit-tenue-complete","17":"first","18":"outofstock","19":"sale","20":"taxable","21":"shipping-taxable","22":"purchasable","23":"product-type-simple"},"bundled_by":[],"bundle_stock_status":"outofstock","bundle_stock_quantity":0,"bundle_virtual":false,"bundle_layout":"","bundle_add_to_cart_form_location":"","bundle_editable_in_cart":false,"bundle_sold_individually_context":"","bundle_item_grouping":"","bundle_min_size":"","bundle_max_size":"","bundled_items":[],"bundle_sell_ids":[],"_links":{"self":[{"href":"https:\/\/www.orentees.com\/pt\/wp-json\/wp\/v2\/product\/148053","targetHints":{"allow":["GET"]}}],"collection":[{"href":"https:\/\/www.orentees.com\/pt\/wp-json\/wp\/v2\/product"}],"about":[{"href":"https:\/\/www.orentees.com\/pt\/wp-json\/wp\/v2\/types\/product"}],"version-history":[{"count":2,"href":"https:\/\/www.orentees.com\/pt\/wp-json\/wp\/v2\/product\/148053\/revisions"}],"predecessor-version":[{"id":155469,"href":"https:\/\/www.orentees.com\/pt\/wp-json\/wp\/v2\/product\/148053\/revisions\/155469"}],"wp:featuredmedia":[{"embeddable":true,"href":"https:\/\/www.orentees.com\/pt\/wp-json\/wp\/v2\/media\/41823"}],"wp:attachment":[{"href":"https:\/\/www.orentees.com\/pt\/wp-json\/wp\/v2\/media?parent=148053"}],"wp:term":[{"taxonomy":"product_brand","embeddable":true,"href":"https:\/\/www.orentees.com\/pt\/wp-json\/wp\/v2\/product_brand?post=148053"},{"taxonomy":"product_cat","embeddable":true,"href":"https:\/\/www.orentees.com\/pt\/wp-json\/wp\/v2\/product_cat?post=148053"},{"taxonomy":"product_tag","embeddable":true,"href":"https:\/\/www.orentees.com\/pt\/wp-json\/wp\/v2\/product_tag?post=148053"}],"curies":[{"name":"wp","href":"https:\/\/api.w.org\/{rel}","templated":true}]}}