{"id":148171,"date":"2024-10-11T13:22:10","date_gmt":"2024-10-11T11:22:10","guid":{"rendered":"https:\/\/www.orentees.com\/?post_type=product&#038;p=148171"},"modified":"2024-11-13T10:15:54","modified_gmt":"2024-11-13T09:15:54","slug":"veste-ski-femme-dare2be-m","status":"publish","type":"product","link":"https:\/\/www.orentees.com\/pt\/product\/veste-ski-femme-dare2be-m\/","title":{"rendered":"JAQUETA DE ESQUI FEMININA DARE2BE-M \u2013"},"content":{"rendered":"<p>Bom estado<\/p>","protected":false},"excerpt":{"rendered":"<p>Marca: Dare2Be<br \/>\nTamanho: M<br \/>\nDescri\u00e7\u00e3o da condi\u00e7\u00e3o: Bom estado<\/p>","protected":false},"featured_media":28953,"template":"","meta":{"_acf_changed":false},"product_brand":[],"product_cat":[4239],"product_tag":[],"class_list":{"0":"post-148171","1":"product","2":"type-product","3":"status-publish","4":"has-post-thumbnail","6":"product_cat-tenue-ski-seconde-main","7":"product_shipping_class-occasion","8":"pa_genre-femme","9":"pa_impermeabilite-20000-mm","10":"pa_marque-dare2b","11":"pa_respirabilite-20000-gr-m2","12":"pa_taille-m","13":"pa_type-produit-veste-de-ski","15":"first","16":"instock","17":"sale","18":"taxable","19":"shipping-taxable","20":"purchasable","21":"product-type-simple"},"bundled_by":[],"bundle_stock_status":"instock","bundle_stock_quantity":1,"bundle_virtual":false,"bundle_layout":"","bundle_add_to_cart_form_location":"","bundle_editable_in_cart":false,"bundle_sold_individually_context":"","bundle_item_grouping":"","bundle_min_size":"","bundle_max_size":"","bundled_items":[],"bundle_sell_ids":[],"_links":{"self":[{"href":"https:\/\/www.orentees.com\/pt\/wp-json\/wp\/v2\/product\/148171","targetHints":{"allow":["GET"]}}],"collection":[{"href":"https:\/\/www.orentees.com\/pt\/wp-json\/wp\/v2\/product"}],"about":[{"href":"https:\/\/www.orentees.com\/pt\/wp-json\/wp\/v2\/types\/product"}],"version-history":[{"count":1,"href":"https:\/\/www.orentees.com\/pt\/wp-json\/wp\/v2\/product\/148171\/revisions"}],"predecessor-version":[{"id":148231,"href":"https:\/\/www.orentees.com\/pt\/wp-json\/wp\/v2\/product\/148171\/revisions\/148231"}],"wp:featuredmedia":[{"embeddable":true,"href":"https:\/\/www.orentees.com\/pt\/wp-json\/wp\/v2\/media\/28953"}],"wp:attachment":[{"href":"https:\/\/www.orentees.com\/pt\/wp-json\/wp\/v2\/media?parent=148171"}],"wp:term":[{"taxonomy":"product_brand","embeddable":true,"href":"https:\/\/www.orentees.com\/pt\/wp-json\/wp\/v2\/product_brand?post=148171"},{"taxonomy":"product_cat","embeddable":true,"href":"https:\/\/www.orentees.com\/pt\/wp-json\/wp\/v2\/product_cat?post=148171"},{"taxonomy":"product_tag","embeddable":true,"href":"https:\/\/www.orentees.com\/pt\/wp-json\/wp\/v2\/product_tag?post=148171"}],"curies":[{"name":"wp","href":"https:\/\/api.w.org\/{rel}","templated":true}]}}