{"id":148729,"date":"2024-10-11T13:27:18","date_gmt":"2024-10-11T11:27:18","guid":{"rendered":"https:\/\/www.orentees.com\/?post_type=product&#038;p=148729"},"modified":"2025-10-29T16:32:14","modified_gmt":"2025-10-29T15:32:14","slug":"tenue-de-ski-enfant-haglofs-12-ans-2","status":"publish","type":"product","link":"https:\/\/www.orentees.com\/pt\/product\/tenue-de-ski-enfant-haglofs-12-ans-2\/","title":{"rendered":"CONJUNTO DE ESQUI INFANTIL HAGLOFS - 12 ANOS -"},"content":{"rendered":"<p>Nova condi\u00e7\u00e3o<\/p>","protected":false},"excerpt":{"rendered":"<p>Marca: Haglofs<br \/>\nTamanho: 12 anos<br \/>\nDescri\u00e7\u00e3o da condi\u00e7\u00e3o: Condi\u00e7\u00e3o de hortel\u00e3<\/p>","protected":false},"featured_media":41585,"template":"","meta":{"_acf_changed":false},"product_brand":[],"product_cat":[4239],"product_tag":[],"class_list":{"0":"post-148729","1":"product","2":"type-product","3":"status-publish","4":"has-post-thumbnail","6":"product_cat-tenue-ski-seconde-main","7":"product_shipping_class-occasion","8":"pa_genre-enfant","9":"pa_genre-fille","10":"pa_genre-garcon","11":"pa_impermeabilite-10000-mm","12":"pa_marque-haglofs","13":"pa_respirabilite-10000-gr-m2","14":"pa_taille-12-ans","15":"pa_type-produit-tenue-complete","17":"first","18":"outofstock","19":"sale","20":"taxable","21":"shipping-taxable","22":"purchasable","23":"product-type-simple"},"bundled_by":[],"bundle_stock_status":"outofstock","bundle_stock_quantity":0,"bundle_virtual":false,"bundle_layout":"","bundle_add_to_cart_form_location":"","bundle_editable_in_cart":false,"bundle_sold_individually_context":"","bundle_item_grouping":"","bundle_min_size":"","bundle_max_size":"","bundled_items":[],"bundle_sell_ids":[],"_links":{"self":[{"href":"https:\/\/www.orentees.com\/pt\/wp-json\/wp\/v2\/product\/148729","targetHints":{"allow":["GET"]}}],"collection":[{"href":"https:\/\/www.orentees.com\/pt\/wp-json\/wp\/v2\/product"}],"about":[{"href":"https:\/\/www.orentees.com\/pt\/wp-json\/wp\/v2\/types\/product"}],"version-history":[{"count":1,"href":"https:\/\/www.orentees.com\/pt\/wp-json\/wp\/v2\/product\/148729\/revisions"}],"predecessor-version":[{"id":148733,"href":"https:\/\/www.orentees.com\/pt\/wp-json\/wp\/v2\/product\/148729\/revisions\/148733"}],"wp:featuredmedia":[{"embeddable":true,"href":"https:\/\/www.orentees.com\/pt\/wp-json\/wp\/v2\/media\/41585"}],"wp:attachment":[{"href":"https:\/\/www.orentees.com\/pt\/wp-json\/wp\/v2\/media?parent=148729"}],"wp:term":[{"taxonomy":"product_brand","embeddable":true,"href":"https:\/\/www.orentees.com\/pt\/wp-json\/wp\/v2\/product_brand?post=148729"},{"taxonomy":"product_cat","embeddable":true,"href":"https:\/\/www.orentees.com\/pt\/wp-json\/wp\/v2\/product_cat?post=148729"},{"taxonomy":"product_tag","embeddable":true,"href":"https:\/\/www.orentees.com\/pt\/wp-json\/wp\/v2\/product_tag?post=148729"}],"curies":[{"name":"wp","href":"https:\/\/api.w.org\/{rel}","templated":true}]}}