{"id":157279,"date":"2024-11-26T13:26:12","date_gmt":"2024-11-26T12:26:12","guid":{"rendered":"https:\/\/www.orentees.com\/?post_type=product&#038;p=157279"},"modified":"2024-11-26T17:08:17","modified_gmt":"2024-11-26T16:08:17","slug":"reparation-pantalon-legging","status":"publish","type":"product","link":"https:\/\/www.orentees.com\/pt\/product\/reparation-pantalon-legging\/","title":{"rendered":"Cal\u00e7as \/ Leggings de Reparo"},"content":{"rendered":"","protected":false},"excerpt":{"rendered":"<div class=\"flex max-w-full flex-col flex-grow\">\n<div class=\"min-h-8 text-message flex w-full flex-col items-end gap-2 whitespace-normal break-words [.text-message+&amp;]:mt-5\" dir=\"auto\" data-message-author-role=\"assistant\" data-message-id=\"6a1c2d3d-2322-4e97-86c0-7deba26dfd35\" data-message-model-slug=\"gpt-4o\">\n<div class=\"flex w-full flex-col gap-1 empty:hidden first:pt-[3px]\">\n<div class=\"markdown prose w-full break-words dark:prose-invert light\">\n<h3>Consertar cal\u00e7as, leggings ou shorts \u2013 Preserve seu equipamento de atividades ao ar livre<\/h3>\n<p>D\u00ea uma nova vida \u00e0s suas cal\u00e7as e shorts t\u00e9cnicos (de caminhada, escalada, ciclismo, corrida, etc.) com o nosso servi\u00e7o de reparo ecol\u00f3gico e baseado em upcycling. Cada reparo \u00e9 realizado meticulosamente para manter o desempenho original da sua pe\u00e7a (resist\u00eancia, flexibilidade, respirabilidade), respeitando o seu design original.<\/p>\n<p>Realizamos uma variedade de reparos: conserto de costuras soltas, reparo de furos ou rasgos e substitui\u00e7\u00e3o de z\u00edperes (z\u00edper, cursor ou tira \u00e0 prova d&#039;\u00e1gua), bot\u00f5es, velcro, clipes ou el\u00e1sticos danificados. Quando necess\u00e1rio, utilizamos materiais reaproveitados, sempre em harmonia com a apar\u00eancia e as caracter\u00edsticas do seu equipamento.<\/p>\n<p>Com o nosso servi\u00e7o, combine durabilidade, desempenho e redu\u00e7\u00e3o do impacto ambiental. Prepare suas cal\u00e7as, leggings ou shorts para novas aventuras e contribua para um consumo mais respons\u00e1vel.<\/p>\n<\/div>\n<\/div>\n<\/div>\n<\/div>","protected":false},"featured_media":157167,"template":"","meta":{"_acf_changed":false},"product_brand":[],"product_cat":[4413],"product_tag":[],"class_list":{"0":"post-157279","1":"product","2":"type-product","3":"status-publish","4":"has-post-thumbnail","6":"product_cat-entretien-reparation","8":"first","9":"instock","10":"virtual","11":"taxable","12":"purchasable","13":"product-type-simple"},"bundled_by":[],"bundle_stock_status":"instock","bundle_stock_quantity":null,"bundle_virtual":false,"bundle_layout":"","bundle_add_to_cart_form_location":"","bundle_editable_in_cart":false,"bundle_sold_individually_context":"","bundle_item_grouping":"","bundle_min_size":"","bundle_max_size":"","bundled_items":[],"bundle_sell_ids":[],"_links":{"self":[{"href":"https:\/\/www.orentees.com\/pt\/wp-json\/wp\/v2\/product\/157279","targetHints":{"allow":["GET"]}}],"collection":[{"href":"https:\/\/www.orentees.com\/pt\/wp-json\/wp\/v2\/product"}],"about":[{"href":"https:\/\/www.orentees.com\/pt\/wp-json\/wp\/v2\/types\/product"}],"version-history":[{"count":2,"href":"https:\/\/www.orentees.com\/pt\/wp-json\/wp\/v2\/product\/157279\/revisions"}],"predecessor-version":[{"id":157337,"href":"https:\/\/www.orentees.com\/pt\/wp-json\/wp\/v2\/product\/157279\/revisions\/157337"}],"wp:featuredmedia":[{"embeddable":true,"href":"https:\/\/www.orentees.com\/pt\/wp-json\/wp\/v2\/media\/157167"}],"wp:attachment":[{"href":"https:\/\/www.orentees.com\/pt\/wp-json\/wp\/v2\/media?parent=157279"}],"wp:term":[{"taxonomy":"product_brand","embeddable":true,"href":"https:\/\/www.orentees.com\/pt\/wp-json\/wp\/v2\/product_brand?post=157279"},{"taxonomy":"product_cat","embeddable":true,"href":"https:\/\/www.orentees.com\/pt\/wp-json\/wp\/v2\/product_cat?post=157279"},{"taxonomy":"product_tag","embeddable":true,"href":"https:\/\/www.orentees.com\/pt\/wp-json\/wp\/v2\/product_tag?post=157279"}],"curies":[{"name":"wp","href":"https:\/\/api.w.org\/{rel}","templated":true}]}}