{"id":157287,"date":"2024-11-26T13:33:04","date_gmt":"2024-11-26T12:33:04","guid":{"rendered":"https:\/\/www.orentees.com\/?post_type=product&#038;p=157287"},"modified":"2024-11-26T17:08:08","modified_gmt":"2024-11-26T16:08:08","slug":"reparation-sac-a-dos","status":"publish","type":"product","link":"https:\/\/www.orentees.com\/pt\/product\/reparation-sac-a-dos\/","title":{"rendered":"Reparo de mochilas"},"content":{"rendered":"","protected":false},"excerpt":{"rendered":"<h3>Conserto de mochilas \u2013 D\u00ea vida ao seu companheiro de aventura<\/h3>\n<p>D\u00ea uma nova vida \u00e0 sua mochila, seja ela uma mochila de caminhada, uma mochila de hidrata\u00e7\u00e3o ou um canguru, com nosso servi\u00e7o especializado e ecologicamente correto de reparo. Nos orgulhamos de restaurar as caracter\u00edsticas originais do seu equipamento (conforto, durabilidade e praticidade), mantendo-o o mais pr\u00f3ximo poss\u00edvel do seu design original.<\/p>\n<p>Nossos servi\u00e7os incluem limpeza intensiva e desinfec\u00e7\u00e3o completa para garantir higiene impec\u00e1vel. Tamb\u00e9m substitu\u00edmos al\u00e7as, fivelas, fechos, mosquet\u00f5es e ganchos defeituosos. Cada reparo \u00e9 realizado com cuidado, incorporando materiais reciclados sempre que poss\u00edvel, por meio de uma abordagem de upcycling.<\/p>\n<p>Escolha uma alternativa respons\u00e1vel: d\u00ea vida nova \u00e0 sua mochila e reduza seu impacto ambiental. Prepare seus equipamentos para as pr\u00f3ximas aventuras com reparos adequados e duradouros.<\/p>","protected":false},"featured_media":157173,"template":"","meta":{"_acf_changed":false},"product_brand":[],"product_cat":[4413],"product_tag":[],"class_list":{"0":"post-157287","1":"product","2":"type-product","3":"status-publish","4":"has-post-thumbnail","6":"product_cat-entretien-reparation","8":"first","9":"instock","10":"virtual","11":"taxable","12":"purchasable","13":"product-type-simple"},"bundled_by":[],"bundle_stock_status":"instock","bundle_stock_quantity":null,"bundle_virtual":false,"bundle_layout":"","bundle_add_to_cart_form_location":"","bundle_editable_in_cart":false,"bundle_sold_individually_context":"","bundle_item_grouping":"","bundle_min_size":"","bundle_max_size":"","bundled_items":[],"bundle_sell_ids":[],"_links":{"self":[{"href":"https:\/\/www.orentees.com\/pt\/wp-json\/wp\/v2\/product\/157287","targetHints":{"allow":["GET"]}}],"collection":[{"href":"https:\/\/www.orentees.com\/pt\/wp-json\/wp\/v2\/product"}],"about":[{"href":"https:\/\/www.orentees.com\/pt\/wp-json\/wp\/v2\/types\/product"}],"version-history":[{"count":4,"href":"https:\/\/www.orentees.com\/pt\/wp-json\/wp\/v2\/product\/157287\/revisions"}],"predecessor-version":[{"id":157335,"href":"https:\/\/www.orentees.com\/pt\/wp-json\/wp\/v2\/product\/157287\/revisions\/157335"}],"wp:featuredmedia":[{"embeddable":true,"href":"https:\/\/www.orentees.com\/pt\/wp-json\/wp\/v2\/media\/157173"}],"wp:attachment":[{"href":"https:\/\/www.orentees.com\/pt\/wp-json\/wp\/v2\/media?parent=157287"}],"wp:term":[{"taxonomy":"product_brand","embeddable":true,"href":"https:\/\/www.orentees.com\/pt\/wp-json\/wp\/v2\/product_brand?post=157287"},{"taxonomy":"product_cat","embeddable":true,"href":"https:\/\/www.orentees.com\/pt\/wp-json\/wp\/v2\/product_cat?post=157287"},{"taxonomy":"product_tag","embeddable":true,"href":"https:\/\/www.orentees.com\/pt\/wp-json\/wp\/v2\/product_tag?post=157287"}],"curies":[{"name":"wp","href":"https:\/\/api.w.org\/{rel}","templated":true}]}}