{"id":157295,"date":"2024-11-26T13:39:38","date_gmt":"2024-11-26T12:39:38","guid":{"rendered":"https:\/\/www.orentees.com\/?post_type=product&#038;p=157295"},"modified":"2024-11-26T17:08:32","modified_gmt":"2024-11-26T16:08:32","slug":"reparation-tente-bivouac-camping","status":"publish","type":"product","link":"https:\/\/www.orentees.com\/pt\/product\/reparation-tente-bivouac-camping\/","title":{"rendered":"Reparo de Tendas Bivouac \u2013 Camping"},"content":{"rendered":"","protected":false},"excerpt":{"rendered":"<h3>Reparo de barracas \u2013 Preserve suas aventuras por meio da reciclagem<\/h3>\n<p>Prolongue a vida \u00fatil da sua tenda de bivaque para 3 ou 4 esta\u00e7\u00f5es, respeitando o meio ambiente, com o nosso servi\u00e7o especializado de repara\u00e7\u00e3o, baseado na reciclagem. Cada interven\u00e7\u00e3o \u00e9 realizada com cuidado para manter as caracter\u00edsticas originais da sua tenda (impermeabilidade, resist\u00eancia, estabilidade), mantendo-se fiel ao seu design original.<\/p>\n<p>Nossos servi\u00e7os incluem a impermeabiliza\u00e7\u00e3o de sobretetos, o reparo ou a substitui\u00e7\u00e3o de varais danificados, o reparo de furos, rasgos e costuras soltas, al\u00e9m da substitui\u00e7\u00e3o de z\u00edperes, velcro, tiras e clipes. Utilizamos materiais reciclados sempre que poss\u00edvel, garantindo a resist\u00eancia e o desempenho essenciais para suas aventuras ao ar livre.<\/p>\n<p>Opte por uma abordagem sustent\u00e1vel e respons\u00e1vel. Com a nossa expertise, sua barraca estar\u00e1 pronta para atingir novos patamares, reduzindo o impacto ambiental.<\/p>","protected":false},"featured_media":157175,"template":"","meta":{"_acf_changed":false},"product_brand":[],"product_cat":[4413],"product_tag":[],"class_list":{"0":"post-157295","1":"product","2":"type-product","3":"status-publish","4":"has-post-thumbnail","6":"product_cat-entretien-reparation","8":"first","9":"instock","10":"virtual","11":"taxable","12":"purchasable","13":"product-type-simple"},"bundled_by":[],"bundle_stock_status":"instock","bundle_stock_quantity":null,"bundle_virtual":false,"bundle_layout":"","bundle_add_to_cart_form_location":"","bundle_editable_in_cart":false,"bundle_sold_individually_context":"","bundle_item_grouping":"","bundle_min_size":"","bundle_max_size":"","bundled_items":[],"bundle_sell_ids":[],"_links":{"self":[{"href":"https:\/\/www.orentees.com\/pt\/wp-json\/wp\/v2\/product\/157295","targetHints":{"allow":["GET"]}}],"collection":[{"href":"https:\/\/www.orentees.com\/pt\/wp-json\/wp\/v2\/product"}],"about":[{"href":"https:\/\/www.orentees.com\/pt\/wp-json\/wp\/v2\/types\/product"}],"version-history":[{"count":2,"href":"https:\/\/www.orentees.com\/pt\/wp-json\/wp\/v2\/product\/157295\/revisions"}],"predecessor-version":[{"id":157341,"href":"https:\/\/www.orentees.com\/pt\/wp-json\/wp\/v2\/product\/157295\/revisions\/157341"}],"wp:featuredmedia":[{"embeddable":true,"href":"https:\/\/www.orentees.com\/pt\/wp-json\/wp\/v2\/media\/157175"}],"wp:attachment":[{"href":"https:\/\/www.orentees.com\/pt\/wp-json\/wp\/v2\/media?parent=157295"}],"wp:term":[{"taxonomy":"product_brand","embeddable":true,"href":"https:\/\/www.orentees.com\/pt\/wp-json\/wp\/v2\/product_brand?post=157295"},{"taxonomy":"product_cat","embeddable":true,"href":"https:\/\/www.orentees.com\/pt\/wp-json\/wp\/v2\/product_cat?post=157295"},{"taxonomy":"product_tag","embeddable":true,"href":"https:\/\/www.orentees.com\/pt\/wp-json\/wp\/v2\/product_tag?post=157295"}],"curies":[{"name":"wp","href":"https:\/\/api.w.org\/{rel}","templated":true}]}}