{"id":178841,"date":"2025-03-12T08:20:48","date_gmt":"2025-03-12T07:20:48","guid":{"rendered":"https:\/\/www.orentees.com\/?post_type=product&#038;p=178841"},"modified":"2025-03-13T18:44:41","modified_gmt":"2025-03-13T17:44:41","slug":"location-tente-msr-hubba-hubba-bikepack-2-p","status":"publish","type":"product","link":"https:\/\/www.orentees.com\/pt\/product\/location-tente-msr-hubba-hubba-bikepack-2-p\/","title":{"rendered":"Aluguel de barraca MSR HUBBA Hubba Bikepack 2 p"},"content":{"rendered":"<h1 data-start=\"111\" data-end=\"208\"><strong data-start=\"113\" data-end=\"206\">Tenda MSR Hubba Hubba\u2122 Bikepack para 2 pessoas \u2013 Conforto leve para bikepacking de duas pessoas<\/strong><\/h1>\n<p data-start=\"210\" data-end=\"604\">Perfeito para entusiastas de <strong data-start=\"242\" data-end=\"257\">bikepacking<\/strong>, l\u00e1 <strong data-start=\"262\" data-end=\"300\">Pacote de bicicletas MSR Hubba Hubba\u2122 para 2 pessoas<\/strong> \u00e9 uma barraca ultraleve e compacta, projetada para ciclistas que desejam viajar a dois sem abrir m\u00e3o do conforto. Gra\u00e7as ao seu formato otimizado e \u00e0 sua <strong data-start=\"459\" data-end=\"493\">bolsa de armazenamento dedicada para bicicletas<\/strong>, \u00e9 facilmente fixado ao <strong data-start=\"526\" data-end=\"536\">guid\u00e3o<\/strong> ou o <strong data-start=\"543\" data-end=\"552\">quadro<\/strong>, tornando cada passo da sua aventura mais f\u00e1cil.<\/p>\n<p data-start=\"606\" data-end=\"858\">Feito com <strong data-start=\"625\" data-end=\"661\">materiais fortes e dur\u00e1veis<\/strong>, esta tenda garante <strong data-start=\"684\" data-end=\"736\">excelente prote\u00e7\u00e3o contra intemp\u00e9ries<\/strong>, garantindo ao mesmo tempo uma <strong data-start=\"759\" data-end=\"783\">ventila\u00e7\u00e3o ideal<\/strong> para noites agrad\u00e1veis, mesmo durante as expedi\u00e7\u00f5es mais exigentes.<\/p>\n<hr data-start=\"860\" data-end=\"863\" \/>\n<h2 data-start=\"865\" data-end=\"942\"><strong data-start=\"868\" data-end=\"940\">Caracter\u00edsticas t\u00e9cnicas da barraca MSR Hubba Hubba\u2122 Bikepack 2P<\/strong><\/h2>\n<ul data-start=\"943\" data-end=\"1380\">\n<li data-start=\"943\" data-end=\"973\"><strong data-start=\"945\" data-end=\"957\">Habilidade<\/strong> : 2 pessoas<\/li>\n<li data-start=\"974\" data-end=\"1017\"><strong data-start=\"976\" data-end=\"993\">Peso m\u00ednimo<\/strong> : 1,40 kg (3 lb 1 oz)<\/li>\n<li data-start=\"1018\" data-end=\"1062\"><strong data-start=\"1020\" data-end=\"1037\">Peso embalado<\/strong> : 1,71 kg (3 lb 12 oz)<\/li>\n<li data-start=\"1063\" data-end=\"1110\"><strong data-start=\"1065\" data-end=\"1087\">Superf\u00edcie interna<\/strong> : 2,7 m\u00b2 (29 p\u00e9s quadrados)<\/li>\n<li data-start=\"1111\" data-end=\"1160\"><strong data-start=\"1113\" data-end=\"1134\">Superf\u00edcie do vest\u00edbulo<\/strong> : 1,62 m\u00b2 (17,5 p\u00e9s quadrados)<\/li>\n<li data-start=\"1161\" data-end=\"1204\"><strong data-start=\"1163\" data-end=\"1185\">Altura interna<\/strong> : 100 cm (39 pol.)<\/li>\n<li data-start=\"1205\" data-end=\"1233\"><strong data-start=\"1207\" data-end=\"1227\">N\u00famero de portas<\/strong> : 2<\/li>\n<li data-start=\"1234\" data-end=\"1260\"><strong data-start=\"1236\" data-end=\"1254\">N\u00famero de mastros<\/strong> : 2<\/li>\n<li data-start=\"1261\" data-end=\"1293\"><strong data-start=\"1263\" data-end=\"1285\">Tenda independente<\/strong> : Sim<\/li>\n<li data-start=\"1294\" data-end=\"1357\"><strong data-start=\"1296\" data-end=\"1317\">Dimens\u00f5es dobradas<\/strong> : 39 x 17 x 13 cm (15,5 x 6,5 x 5 pol.)<\/li>\n<li data-start=\"1358\" data-end=\"1380\"><strong data-start=\"1360\" data-end=\"1371\">Cor<\/strong> : Verde<\/li>\n<\/ul>\n<hr data-start=\"1382\" data-end=\"1385\" \/>\n<h2 data-start=\"1387\" data-end=\"1453\"><strong data-start=\"1390\" data-end=\"1451\">Um design robusto e de alto desempenho para bikepacking<\/strong><\/h2>\n<p data-start=\"1455\" data-end=\"2091\">\u2714 <strong data-start=\"1457\" data-end=\"1472\">Telhado duplo<\/strong> : Nylon ripstop 20D com revestimento de poli\u00e9ter uretano e silicone (1200 mm) \u2013 livre de retardantes de chamas, proporcionando prote\u00e7\u00e3o eficaz \u00e0 prova d&#039;\u00e1gua.<br data-start=\"1623\" data-end=\"1626\" \/>\u2714 <strong data-start=\"1628\" data-end=\"1639\">Quarto<\/strong> : Nylon ripstop 20D com tratamento repelente de \u00e1gua C0 DWR e <strong data-start=\"1696\" data-end=\"1734\">Malha de poli\u00e9ster micro-mesh 10D<\/strong> para ventila\u00e7\u00e3o ideal e prote\u00e7\u00e3o contra insetos.<br data-start=\"1803\" data-end=\"1806\" \/>\u2714 <strong data-start=\"1808\" data-end=\"1815\">Ch\u00e3o<\/strong> : Nylon ripstop 20D com revestimento de poli\u00e9ter uretano (1200 mm) e tratamento repelente de \u00e1gua C0 DWR, garantindo excelente isolamento contra umidade.<br data-start=\"1964\" data-end=\"1967\" \/>\u2714 <strong data-start=\"1969\" data-end=\"1990\">Malha ultrafina<\/strong> : Protege contra insetos enquanto <strong data-start=\"2022\" data-end=\"2060\">maximizando a circula\u00e7\u00e3o de ar<\/strong> para evitar condensa\u00e7\u00e3o.<\/p>\n<hr data-start=\"2093\" data-end=\"2096\" \/>\n<h2 data-start=\"2098\" data-end=\"2154\"><strong data-start=\"2101\" data-end=\"2152\">Equipamento completo para suas aventuras de ciclismo<\/strong><\/h2>\n<ul data-start=\"2156\" data-end=\"2448\">\n<li data-start=\"2156\" data-end=\"2202\"><strong data-start=\"2158\" data-end=\"2200\">Tenda completa (quarto + sobreteto)<\/strong><\/li>\n<li data-start=\"2203\" data-end=\"2263\"><strong data-start=\"2205\" data-end=\"2261\">Bolsa de armazenamento ultracompacta adequada para bikepacking<\/strong><\/li>\n<li data-start=\"2264\" data-end=\"2335\"><strong data-start=\"2266\" data-end=\"2333\">Bast\u00f5es de alum\u00ednio DAC Featherlite NFL e bolsa de transporte dedicada<\/strong><\/li>\n<li data-start=\"2336\" data-end=\"2397\"><strong data-start=\"2338\" data-end=\"2395\">8 sardinhas leves + cordas de sustenta\u00e7\u00e3o para uma fixa\u00e7\u00e3o s\u00f3lida<\/strong><\/li>\n<li data-start=\"2398\" data-end=\"2448\"><strong data-start=\"2400\" data-end=\"2446\">Saco para estacas de barraca e instru\u00e7\u00f5es de instala\u00e7\u00e3o<\/strong><\/li>\n<\/ul>\n<hr data-start=\"2450\" data-end=\"2453\" \/>\n<h2 data-start=\"2455\" data-end=\"2541\"><strong data-start=\"2458\" data-end=\"2539\">Por que escolher alugar a barraca MSR Hubba Hubba\u2122 Bikepack para 2 pessoas?<\/strong><\/h2>\n<p data-start=\"2543\" data-end=\"3111\">\u2714 <strong data-start=\"2545\" data-end=\"2567\">Leve e compacto<\/strong> : Peso otimizado e um <strong data-start=\"2594\" data-end=\"2619\">formato adaptado \u00e0 bicicleta<\/strong>, ideal para bikepacking.<br data-start=\"2647\" data-end=\"2650\" \/>\u2714 <strong data-start=\"2652\" data-end=\"2670\">Montagem r\u00e1pida<\/strong> : Sistema intuitivo com <strong data-start=\"2695\" data-end=\"2724\">aros codificados por cores<\/strong>, permitindo uma <strong data-start=\"2740\" data-end=\"2762\">assembleia expressa<\/strong>.<br data-start=\"2763\" data-end=\"2766\" \/>\u2714 <strong data-start=\"2768\" data-end=\"2787\">M\u00e1ximo conforto<\/strong> : 2 grandes portas e absides oferecendo <strong data-start=\"2826\" data-end=\"2879\">f\u00e1cil acesso e amplo espa\u00e7o de armazenamento<\/strong>.<br data-start=\"2880\" data-end=\"2883\" \/>\u2714 <strong data-start=\"2885\" data-end=\"2915\">Resist\u00eancia \u00e0s intemp\u00e9ries<\/strong> : Materiais de alta qualidade projetados para <strong data-start=\"2954\" data-end=\"2987\">enfrentar a chuva e o vento<\/strong>.<br data-start=\"2988\" data-end=\"2991\" \/>\u2714 <strong data-start=\"2993\" data-end=\"3027\">Solu\u00e7\u00e3o sustent\u00e1vel e econ\u00f4mica<\/strong> : <strong data-start=\"3030\" data-end=\"3057\">Alugar em vez de comprar<\/strong> para testar equipamentos de alto desempenho sem compromisso.<\/p>\n<hr data-start=\"3113\" data-end=\"3116\" \/>\n<p data-start=\"3118\" data-end=\"3223\"><strong data-start=\"3118\" data-end=\"3221\">Escolha alugar a barraca MSR Hubba Hubba\u2122 Bikepack para 2 pessoas e parta com total tranquilidade!<\/strong><\/p>\n<p data-start=\"3225\" data-end=\"3442\" data-is-last-node=\"\" data-is-only-node=\"\">Se voc\u00ea est\u00e1 planejando uma <strong data-start=\"3248\" data-end=\"3276\">viagem de bicicleta<\/strong>, um <strong data-start=\"3282\" data-end=\"3315\">envio em v\u00e1rios dias<\/strong> ou um <strong data-start=\"3322\" data-end=\"3345\">fim de semana de aventura<\/strong>, esta barraca leve, robusta e pr\u00e1tica \u00e9 a companhia ideal para suas noites ao ar livre.<\/p>","protected":false},"excerpt":{"rendered":"<p style=\"text-align: left; font-size: 18px;\"><strong>Apresenta\u00e7\u00e3o:<\/strong><\/p>\n<p data-start=\"115\" data-end=\"481\">Descubra o <strong data-start=\"128\" data-end=\"180\">Aluguel de barraca MSR Hubba Hubba Bikepack 2P<\/strong>, o equipamento ideal para suas aventuras em <strong data-start=\"223\" data-end=\"245\">bikepacking para dois<\/strong> ! Projetado especificamente para ciclistas que procuram <strong data-start=\"299\" data-end=\"343\">leveza, compacidade e desempenho<\/strong>, esta tenda ultraleve \u00e9 perfeita para uma <strong data-start=\"391\" data-end=\"408\">viagem em dupla<\/strong>, seja para uma expedi\u00e7\u00e3o curta ou uma viagem de longa dist\u00e2ncia.<\/p>\n<p data-start=\"483\" data-end=\"935\">Com um <strong data-start=\"491\" data-end=\"519\">peso m\u00ednimo de 1,40 kg <\/strong>(1,71 kg como padr\u00e3o), \u00e9 facilmente transportado na <strong data-start=\"558\" data-end=\"594\">guid\u00e3o, quadro ou alforjes<\/strong>, gra\u00e7as ao seu <strong data-start=\"608\" data-end=\"644\">bolsa de compress\u00e3o ultracompacta<\/strong>. Dela <strong data-start=\"650\" data-end=\"680\">montagem r\u00e1pida e intuitiva<\/strong> torna-o um aliado valioso ap\u00f3s um longo dia de ciclismo: seu <strong data-start=\"749\" data-end=\"772\">sistema autossustent\u00e1vel<\/strong> e seu <strong data-start=\"780\" data-end=\"824\">Cestas de basquete de alum\u00ednio DAC Featherlite NFL<\/strong> garantir uma <strong data-start=\"838\" data-end=\"879\">estabilidade e resist\u00eancia ideais<\/strong>, mesmo diante de condi\u00e7\u00f5es clim\u00e1ticas adversas.<\/p>\n<p data-start=\"937\" data-end=\"1408\">Ideal para o <strong data-start=\"952\" data-end=\"974\">bikepacking em dupla<\/strong>, esta tenda <strong data-start=\"988\" data-end=\"1001\">3 temporadas<\/strong> protege voc\u00ea eficazmente do vento e da chuva, garantindo uma <strong data-start=\"1072\" data-end=\"1096\">ventila\u00e7\u00e3o ideal<\/strong> gra\u00e7as aos seus pain\u00e9is de malha e ao seu <strong data-start=\"1133\" data-end=\"1161\">duas portas com absides<\/strong>, que proporcionam f\u00e1cil acesso e espa\u00e7o de armazenamento adicional para o seu equipamento. <strong data-start=\"1262\" data-end=\"1288\">tecido de nylon ripstop<\/strong> com <strong data-start=\"1294\" data-end=\"1319\">Revestimento Xtreme Shield\u2122<\/strong> garante uma <strong data-start=\"1333\" data-end=\"1359\">impermeabilidade duradoura<\/strong>, para noites confort\u00e1veis ao ar livre.<\/p>\n<p>Verdadeiramente 3 esta\u00e7\u00f5es, ele ir\u00e1 proteg\u00ea-lo eficazmente.<\/p>\n<p>Tamb\u00e9m dispon\u00edvel em pacote<\/p>\n<p>Observa\u00e7\u00e3o: todas as nossas barracas s\u00e3o fornecidas com uma lona de prote\u00e7\u00e3o (fossa) para prote\u00e7\u00e3o contra desgaste e para melhorar sua impermeabiliza\u00e7\u00e3o e conforto.<\/p>\n<hr \/>\n<p style=\"text-align: center;\"><em><strong>Opini\u00e3o de Pierre:<\/strong> Alugar a Hubba Hubba Bikepack 2P \u00e9 a garantia de um equipamento confi\u00e1vel para uma expedi\u00e7\u00e3o de bikepacking bem-sucedida a dois! Seu tamanho compacto e robustez a tornam uma barraca ideal para viajar com pouca bagagem sem abrir m\u00e3o do conforto.<\/em><em>&#8220;<\/em><\/p>\n<hr \/>\n<p>&nbsp;<\/p>\n<p>&nbsp;<\/p>\n<p style=\"text-align: left; font-size: 12px; font family: Acier;\"><strong><a href=\"https:\/\/www.orentees.com\/pt\/faq\/#retourtente\">INFORMA\u00c7\u00d5ES IMPORTANTES SOBRE A DEVOLU\u00c7\u00c3O DE TENDAS E ITENS: <span style=\"text-decoration: underline; font-size: 16px;\"> LEIA AQUI<\/span><\/a><\/strong><\/p>\n<p>&nbsp;<\/p>\n<p><em><span lang=\"fr\" style=\"font-size: 10pt; font-family: Verdana, sans-serif; color: #000000;\" xml:lang=\"fr\">* Foto n\u00e3o contratual<\/span><\/em><\/p>\n<p><span style=\"font-size: 10pt;\"> ** Com base em um aluguel de 8 dias<\/span><\/p>","protected":false},"featured_media":178821,"template":"","meta":{"_acf_changed":false},"product_brand":[],"product_cat":[3763,3673],"product_tag":[],"class_list":{"0":"post-178841","1":"product","2":"type-product","3":"status-publish","4":"has-post-thumbnail","6":"product_cat-tente-bikepacking","7":"product_cat-location-bikepacking","9":"first","10":"instock","11":"taxable","12":"shipping-taxable","13":"purchasable","14":"product-type-simple"},"bundled_by":["178917"],"bundle_stock_status":"instock","bundle_stock_quantity":2,"bundle_virtual":false,"bundle_layout":"","bundle_add_to_cart_form_location":"","bundle_editable_in_cart":false,"bundle_sold_individually_context":"","bundle_item_grouping":"","bundle_min_size":"","bundle_max_size":"","bundled_items":[],"bundle_sell_ids":[],"_links":{"self":[{"href":"https:\/\/www.orentees.com\/pt\/wp-json\/wp\/v2\/product\/178841","targetHints":{"allow":["GET"]}}],"collection":[{"href":"https:\/\/www.orentees.com\/pt\/wp-json\/wp\/v2\/product"}],"about":[{"href":"https:\/\/www.orentees.com\/pt\/wp-json\/wp\/v2\/types\/product"}],"version-history":[{"count":4,"href":"https:\/\/www.orentees.com\/pt\/wp-json\/wp\/v2\/product\/178841\/revisions"}],"predecessor-version":[{"id":179189,"href":"https:\/\/www.orentees.com\/pt\/wp-json\/wp\/v2\/product\/178841\/revisions\/179189"}],"wp:featuredmedia":[{"embeddable":true,"href":"https:\/\/www.orentees.com\/pt\/wp-json\/wp\/v2\/media\/178821"}],"wp:attachment":[{"href":"https:\/\/www.orentees.com\/pt\/wp-json\/wp\/v2\/media?parent=178841"}],"wp:term":[{"taxonomy":"product_brand","embeddable":true,"href":"https:\/\/www.orentees.com\/pt\/wp-json\/wp\/v2\/product_brand?post=178841"},{"taxonomy":"product_cat","embeddable":true,"href":"https:\/\/www.orentees.com\/pt\/wp-json\/wp\/v2\/product_cat?post=178841"},{"taxonomy":"product_tag","embeddable":true,"href":"https:\/\/www.orentees.com\/pt\/wp-json\/wp\/v2\/product_tag?post=178841"}],"curies":[{"name":"wp","href":"https:\/\/api.w.org\/{rel}","templated":true}]}}